{"id":3357,"date":"2017-03-09T15:24:00","date_gmt":"2017-03-09T20:24:00","guid":{"rendered":"http:\/\/caph-02.eproofs.ca\/coordonateurs-dexamen-2\/"},"modified":"2025-02-27T15:58:02","modified_gmt":"2025-02-27T20:58:02","slug":"coordonateurs-dexamen-2","status":"publish","type":"page","link":"https:\/\/cap.ca\/fr\/activites\/programme-de-distinctions\/high-school-students\/prix-secondaire-ou-collegial\/prix-de-lacp-lexamen-du-secondaire-et-du-collegiale\/coordonateurs-dexamen-2\/","title":{"rendered":"Coordonnateurs pour l&#8217;examen du secondaire ou coll\u00e9gial"},"content":{"rendered":"<p>L\u2019\u00e9cole secondaire ou coll\u00e9giale voulant participer devrait contacter le coordinateur de leur r\u00e9gion pour garantir que leur \u00e9cole est incluse sur la liste pour recevoir l&#8217;examen. Cette demande doit \u00eatre soumise par l&#8217;enseignant(e) de physique et inclure leur nom et l&#8217;adresse de courrier \u00e9lectronique aussi bien que le nom et adresse complet de l\u2019\u00e9cole.<\/p>\n<table cellspacing=\"1\" cellpadding=\"1\">\n<tbody>\n<tr>\n<td>S\u00e9cretaires de l&#8217;examen<br \/>\nau niveau national:<\/td>\n<td><a href=\"mailto:kotlicki%40phas.ubc.ca\">Andrzej Kotlicki<\/a>, University of British Columbia<\/td>\n<\/tr>\n<tr>\n<td>Liaison du bureau de l&#8217;ACP :<\/td>\n<td><a href=\"mailto: programs@cap.ca\">Gestionnaire des programmes<\/a><\/td>\n<\/tr>\n<tr>\n<td>Terre-Neuve :<\/td>\n<td><a href=\"mailto:swallin@mun.ca\">Stefan Wallin<\/a>, Universit\u00e9 Memorial de la Terre Neuve<\/td>\n<\/tr>\n<tr>\n<td>Ile-du-Prince-\u00c9douard :<\/td>\n<td><a href=\"mailto:dlawther%40upei.ca\">Derek Lawther<\/a>, Universit\u00e9 de l&#8217;IPE<\/td>\n<\/tr>\n<tr>\n<td>Nouvelle-\u00c9cosse :<\/td>\n<td><a href=\"mailto:kamacleod%40stfx.ca\">Katarin MacLeod<\/a>, Universit\u00e9 St. Francis Xavier University<\/td>\n<\/tr>\n<tr>\n<td>Nouveau-Brunswick :<\/td>\n<td><a href=\"mailto:alexandre.melanson%40UMoncton.ca\">Alexandre Melanson<\/a>, Universit\u00e9 de Moncton<\/td>\n<\/tr>\n<tr>\n<td>Qu\u00e9bec :<\/td>\n<td><a href=\"mailto:ahmad.hamdan%40umontreal.ca\">Ahmad Hamdan<\/a>, Universit\u00e9 de Montr\u00e9al<\/td>\n<\/tr>\n<tr>\n<td>Ontario et Nunavut :<\/td>\n<td><a href=\"mailto:Jean-Marc.Noel%40rmc.ca\">Jean-Marc Noel<\/a>, Coll\u00e8ge militaire royal<\/td>\n<\/tr>\n<tr>\n<td>Saskatchewan :<\/td>\n<td><a href=\"http:\/\/mailtomark.boland%40usask.ca\">Mark Boland<\/a>, Universit\u00e9 de Saskatchewan<\/td>\n<\/tr>\n<tr>\n<td>Manitoba :<\/td>\n<td><a href=\"mailto:jacob.burgess@umanitoba.ca\">Jacob Burgess<\/a>, Universit\u00e9 de Manitoba<\/td>\n<\/tr>\n<tr>\n<td>Alberta et Territoires du Nord-Ouest :<\/td>\n<td><a href=\"mailto:sean.stotyn@ucalgary.ca\">Sean Stotyn<\/a>, Universit\u00e9 de Calgary<\/td>\n<\/tr>\n<tr>\n<td>Colombie-Britannique et Yukon :<\/td>\n<td><a href=\"mailto:jean-francois_caron@sfu.ca\">Jean-Francois Caron<\/a>, Universit\u00e9 Simon Fraser<\/td>\n<\/tr>\n<\/tbody>\n<\/table>\n","protected":false},"excerpt":{"rendered":"<p>L\u2019\u00e9cole secondaire ou coll\u00e9giale voulant participer devrait contacter le coordinateur de leur r\u00e9gion pour garantir que leur \u00e9cole est incluse sur la liste pour recevoir l&#8217;examen. Cette demande doit \u00eatre soumise par l&#8217;enseignant(e) de physique et inclure leur nom et l&#8217;adresse de courrier \u00e9lectronique aussi bien que le nom et adresse complet de l\u2019\u00e9cole. S\u00e9cretaires&#8230;  <a class=\"excerpt-read-more\" href=\"https:\/\/cap.ca\/fr\/activites\/programme-de-distinctions\/high-school-students\/prix-secondaire-ou-collegial\/prix-de-lacp-lexamen-du-secondaire-et-du-collegiale\/coordonateurs-dexamen-2\/\" title=\"LireCoordonnateurs pour l&#8217;examen du secondaire ou coll\u00e9gial\">Lire la suite &raquo;<\/a><\/p>\n","protected":false},"author":10,"featured_media":0,"parent":22195,"menu_order":85558,"comment_status":"closed","ping_status":"closed","template":"","meta":{"footnotes":""},"class_list":["post-3357","page","type-page","status-publish","hentry"],"_links":{"self":[{"href":"https:\/\/cap.ca\/fr\/wp-json\/wp\/v2\/pages\/3357","targetHints":{"allow":["GET"]}}],"collection":[{"href":"https:\/\/cap.ca\/fr\/wp-json\/wp\/v2\/pages"}],"about":[{"href":"https:\/\/cap.ca\/fr\/wp-json\/wp\/v2\/types\/page"}],"author":[{"embeddable":true,"href":"https:\/\/cap.ca\/fr\/wp-json\/wp\/v2\/users\/10"}],"replies":[{"embeddable":true,"href":"https:\/\/cap.ca\/fr\/wp-json\/wp\/v2\/comments?post=3357"}],"version-history":[{"count":23,"href":"https:\/\/cap.ca\/fr\/wp-json\/wp\/v2\/pages\/3357\/revisions"}],"predecessor-version":[{"id":26566,"href":"https:\/\/cap.ca\/fr\/wp-json\/wp\/v2\/pages\/3357\/revisions\/26566"}],"up":[{"embeddable":true,"href":"https:\/\/cap.ca\/fr\/wp-json\/wp\/v2\/pages\/22195"}],"wp:attachment":[{"href":"https:\/\/cap.ca\/fr\/wp-json\/wp\/v2\/media?parent=3357"}],"curies":[{"name":"wp","href":"https:\/\/api.w.org\/{rel}","templated":true}]}}