{"id":3356,"date":"2017-03-09T15:23:57","date_gmt":"2017-03-09T20:23:57","guid":{"rendered":"http:\/\/caph-02.eproofs.ca\/historique-examen-du-secondaire-ou-collegial\/"},"modified":"2023-03-22T10:01:40","modified_gmt":"2023-03-22T14:01:40","slug":"historique-examen-du-secondaire-ou-collegial","status":"publish","type":"page","link":"https:\/\/cap.ca\/fr\/activites\/programme-de-distinctions\/high-school-students\/prix-secondaire-ou-collegial\/prix-de-lacp-lexamen-du-secondaire-et-du-collegiale\/historique-examen-du-secondaire-ou-collegial\/","title":{"rendered":"Historique du Prix de l&#8217;ACP &#8211; Examen du secondaire ou coll\u00e9gial"},"content":{"rendered":"<p>L&#8217;Examen du secondaire et du coll\u00e9gial de l&#8217;ACP existe depuis plusieurs ann\u00e9es et a \u00e9t\u00e9 pass\u00e9 par quelques milliers d&#8217;\u00e9l\u00e8ves \u00e0 la fin de leurs \u00e9tudes secondaires en physique. Bien que les prix en argent aient toujours \u00e9t\u00e9 offerts par le bureau de l&#8217;ACP, situ\u00e9 \u00e0 Ottawa, il existait au tout d\u00e9but dix examens distincts cr\u00e9\u00e9s et corrig\u00e9s \u00e0 l&#8217;\u00e9chelle provinciale. Pour la premi\u00e8re fois en 1995, un seul examen fut cr\u00e9\u00e9 par un comit\u00e9 pr\u00e9sid\u00e9 par J. Wylie de <a href=\"http:\/\/www.ccpo-occp.ca\/\" target=\"_blank\" rel=\"noopener\">l&#8217;Olympiade canadienne de chimie et de physique (OCCP)<\/a> et pass\u00e9 par des \u00e9l\u00e8ves au travers du pays. Ce comit\u00e9 est maintenant pr\u00e9sid\u00e9 par Prof. Nigel Edwards and Dr. Catherine Robin de l&#8217;Universit\u00e9 de Toronto.<\/p>\n<p>Les prix nationaux ont \u00e9t\u00e9 commandit\u00e9s par Inco jusqu&#8217;en 1997. Depuis 1998, les prix des trois meilleurs participants \u00e0 l&#8217;\u00e9chelle nationale sont commandit\u00e9s par l&#8217;Olympiade canadienne de chimie et de physique et l&#8217;ACP offre les prix aux meilleurs participants \u00e0 l&#8217;\u00e9chelle provinciale. Des certificats de m\u00e9rite sont \u00e9galement offerts \u00e0 l&#8217;\u00e9chelle provinciale. Dans certains cas, un suppl\u00e9ment aux prix provinciaux est offert par les d\u00e9partements de physique des universit\u00e9s de la province. Plusieurs comit\u00e9s charg\u00e9s des bourses d&#8217;\u00e9tudes universitaires et des admissions ont pris les r\u00e9sultats de cet examen en consid\u00e9ration lors de leurs d\u00e9cisions.<\/p>\n<p>En 2010, l&#8217;OCCP a \u00e9t\u00e9 divis\u00e9 en Olympiades canadiennes de chimie et Olympiades canadiennes de physique (OCP). OCP a \u00e9t\u00e9 associ\u00e9 au d\u00e9partement de physique et d&#8217;astronomie de l&#8217;Universit\u00e9 de la Colombie-Britannique et est pr\u00e9sid\u00e9 par le Dr Andrzej Kotlicki. CPO est responsable de la pr\u00e9paration, de l&#8217;administration et de la notation de l&#8217;examen ACP, de l&#8217;organisation du camp final OCP, de la s\u00e9lection de l&#8217;\u00e9quipe canadienne pour les Olympiades internationales de physique et de la s\u00e9lection des leaders qui accompagneront l&#8217;\u00e9quipe aux IPhO, ainsi que de l&#8217;orientation acad\u00e9mique.<\/p>\n<p>Le financement de la participation des \u00e9tudiants au camp national et \u00e0 l&#8217;IPhO provient de dons. Certaines ann\u00e9es, le manque de fonds nous a oblig\u00e9s \u00e0 demander aux \u00e9tudiants de couvrir les frais de voyage \u00e0 l&#8217;IPhO.<\/p>\n<p>De nombreux comit\u00e9s d&#8217;admission et d&#8217;attribution de bourses universitaires ont utilis\u00e9 et utilisent encore les r\u00e9sultats de l&#8217;examen du secondaire et du coll\u00e9gial de l&#8217;ACP et des finales nationales dans leurs d\u00e9cisions.<\/p>\n","protected":false},"excerpt":{"rendered":"<p>L&#8217;Examen du secondaire et du coll\u00e9gial de l&#8217;ACP existe depuis plusieurs ann\u00e9es et a \u00e9t\u00e9 pass\u00e9 par quelques milliers d&#8217;\u00e9l\u00e8ves \u00e0 la fin de leurs \u00e9tudes secondaires en physique. Bien que les prix en argent aient toujours \u00e9t\u00e9 offerts par le bureau de l&#8217;ACP, situ\u00e9 \u00e0 Ottawa, il existait au tout d\u00e9but dix examens distincts&#8230;  <a class=\"excerpt-read-more\" href=\"https:\/\/cap.ca\/fr\/activites\/programme-de-distinctions\/high-school-students\/prix-secondaire-ou-collegial\/prix-de-lacp-lexamen-du-secondaire-et-du-collegiale\/historique-examen-du-secondaire-ou-collegial\/\" title=\"LireHistorique du Prix de l&#8217;ACP &#8211; Examen du secondaire ou coll\u00e9gial\">Lire la suite &raquo;<\/a><\/p>\n","protected":false},"author":10,"featured_media":0,"parent":22195,"menu_order":85557,"comment_status":"closed","ping_status":"closed","template":"","meta":{"footnotes":""},"class_list":["post-3356","page","type-page","status-publish","hentry"],"_links":{"self":[{"href":"https:\/\/cap.ca\/fr\/wp-json\/wp\/v2\/pages\/3356","targetHints":{"allow":["GET"]}}],"collection":[{"href":"https:\/\/cap.ca\/fr\/wp-json\/wp\/v2\/pages"}],"about":[{"href":"https:\/\/cap.ca\/fr\/wp-json\/wp\/v2\/types\/page"}],"author":[{"embeddable":true,"href":"https:\/\/cap.ca\/fr\/wp-json\/wp\/v2\/users\/10"}],"replies":[{"embeddable":true,"href":"https:\/\/cap.ca\/fr\/wp-json\/wp\/v2\/comments?post=3356"}],"version-history":[{"count":3,"href":"https:\/\/cap.ca\/fr\/wp-json\/wp\/v2\/pages\/3356\/revisions"}],"predecessor-version":[{"id":22888,"href":"https:\/\/cap.ca\/fr\/wp-json\/wp\/v2\/pages\/3356\/revisions\/22888"}],"up":[{"embeddable":true,"href":"https:\/\/cap.ca\/fr\/wp-json\/wp\/v2\/pages\/22195"}],"wp:attachment":[{"href":"https:\/\/cap.ca\/fr\/wp-json\/wp\/v2\/media?parent=3356"}],"curies":[{"name":"wp","href":"https:\/\/api.w.org\/{rel}","templated":true}]}}