{"id":3353,"date":"2017-03-09T15:23:48","date_gmt":"2017-03-09T20:23:48","guid":{"rendered":"http:\/\/caph-02.eproofs.ca\/bourse-stoicheff-recipiendaires\/"},"modified":"2025-05-07T23:45:11","modified_gmt":"2025-05-08T03:45:11","slug":"bourse-stoicheff-recipiendaires","status":"publish","type":"page","link":"https:\/\/cap.ca\/fr\/facp\/bourses\/stoicheff\/bourse-stoicheff-recipiendaires\/","title":{"rendered":"Bourse Stoicheff &#8211; R\u00e9cipiendaires"},"content":{"rendered":"<h2>2024<\/h2>\n<p>La Bourse comm\u00e9morative pour \u00e9tudiants de cycles sup\u00e9rieurs Boris P. Stoicheff 2024 a \u00e9t\u00e9 attribu\u00e9e par la Fondation de l&#8217;ACP \u00e0 <strong>Everett Patterson de l&#8217;Universit\u00e9 de Waterloo<\/strong> en reconnaissance des aper\u00e7us cr\u00e9atifs sur l&#8217;application de l&#8217;information quantique relativiste pour d\u00e9terminer la temp\u00e9rature des trous noirs.<\/p>\n<h2>2023<\/h2>\n<p>La Bourse comm\u00e9morative pour \u00e9tudiants de cycles sup\u00e9rieurs Boris P. Stoicheff 2023 a \u00e9t\u00e9 attribu\u00e9e \u00e0 <strong>Lin Lin of Washington University in St. Louis, USA<\/strong> par la Optica Foundation.<\/p>\n<h2>2022<\/h2>\n<p>La Bourse comm\u00e9morative pour \u00e9tudiants de cycles sup\u00e9rieurs Boris P. Stoicheff 2022 a \u00e9t\u00e9 attribu\u00e9e par la Fondation de l&#8217;ACP \u00e0 <strong>Kate Fenwick de l&#8217;Universit\u00e9 d&#8217;Ottawa\/CNRC<\/strong> en reconnaissance un haut niveau acad\u00e9mique, une r\u00e9ussite dans les publications de recherche, ainsi qu&#8217;un leadership et un engagement en faveur de la diversit\u00e9 des genres dans les STEM.<\/p>\n<h2>2021<\/h2>\n<p>La Bourse comm\u00e9morative pour \u00e9tudiants de cycles sup\u00e9rieurs Boris P. Stoicheff 2021 a \u00e9t\u00e9 attribu\u00e9e \u00e0 <strong>Murat Yessenov de CREOL, University of Central Florida, USA<\/strong> par la Optica Foundation.<\/p>\n<h2>2020<\/h2>\n<p>La Bourse comm\u00e9morative pour \u00e9tudiants de cycles sup\u00e9rieurs Boris P. Stoicheff 2020 a \u00e9t\u00e9 attribu\u00e9e par la Fondation de l&#8217;ACP \u00e0 <strong>Matthew Robbins de l&#8217;Universit\u00e9 de Waterloo<\/strong> en reconnaissance de son r\u00f4le de premier plan dans le d\u00e9veloppement de la th\u00e9orie des condensats de Bose-Einstein en tant que nouveau d\u00e9tecteur d&#8217;ondes gravitationnelles qui ouvrirait une nouvelle fen\u00eatre sur l&#8217;univers pour les observations astronomiques.<\/p>\n<h2>2019<\/h2>\n<p>La Bourse comm\u00e9morative pour \u00e9tudiants de cycles sup\u00e9rieurs Boris P. Stoicheff 2019 a \u00e9t\u00e9 attribu\u00e9e \u00e0 <strong>An Pan, Institut d&#8217;optique et de m\u00e9canique de pr\u00e9cision de Xi&#8217;an (XIOPM), Chine<\/strong> par la Optica Foundation.<\/p>\n<h2>2018<\/h2>\n<p>La Bourse comm\u00e9morative pour \u00e9tudiants de cycles sup\u00e9rieurs Boris P. Stoicheff 2018 a \u00e9t\u00e9 attribu\u00e9e par la Fondation de l&#8217;ACP \u00e0 <strong>Aimee K. Gunther\u00a0de l&#8217;Universit\u00e9 de Waterloo<\/strong> pour son initiative exceptionnelle dans les nouvelles applications de la spectroscopie \u00e0 deux photons intriqu\u00e9s \u00e0 l&#8217;imagerie biologique, et pour son r\u00f4le de leader dans l&#8217;organisation et la collecte de fonds pour une exposition sur l&#8217;optique au Mus\u00e9e Kitchener afin de comm\u00e9morer l&#8217;Ann\u00e9e internationale de la lumi\u00e8re de l&#8217;UNESCO en 2015.<\/p>\n<p>Un deuxi\u00e8me Bourse comm\u00e9morative pour \u00e9tudiants de cycles sup\u00e9rieurs Boris P. Stoicheff 2018 a \u00e9t\u00e9 attribu\u00e9e\u00a0 \u00e0 <strong>Robin Puchert de Universit\u00e4t Regensburg<\/strong> par la Optica Foundation.<\/p>\n<h2>2017<\/h2>\n<p>La Bourse comm\u00e9morative pour \u00e9tudiants de cycles sup\u00e9rieurs Boris P. Stoicheff 2017 a \u00e9t\u00e9 attribu\u00e9e \u00e0\u00a0<strong>Ali Kazemi Jahromi de l&#8217;University of Central Florida<\/strong> par la Optica Foundation.<\/p>\n<h2>2016<\/h2>\n<p>La Bourse comm\u00e9morative pour \u00e9tudiants de cycles sup\u00e9rieurs Boris P. Stoicheff 2016 a \u00e9t\u00e9 attribu\u00e9e par la Fondation de l&#8217;ACP \u00e0 <strong>Christopher Pugh de l&#8217;Universit\u00e9 de Waterloo<\/strong> pour ses recherches et ses nouveaux d\u00e9veloppements technologiques li\u00e9s \u00e0 la transmission \u00e0 longue distance de photons intriqu\u00e9s et aux tests fondamentaux de l&#8217;intrication \u00e0 trois photons, ainsi que pour ses contributions \u00e0 la fois \u00e0 la physique et \u00e0 la communaut\u00e9 au sens large. Christopher a fait participer l&#8217;industrie \u00e0 ses recherches et a contribu\u00e9 \u00e0 la diffusion de la physique dans les \u00e9coles. En tant qu&#8217;\u00e9tudiant de premier et de deuxi\u00e8me cycle, il a dirig\u00e9 et organis\u00e9 des associations et des conf\u00e9rences d&#8217;\u00e9tudiants en physique. Christopher Pugh a \u00e9galement particip\u00e9 \u00e0 des organisations caritatives et \u00e0 des collectes de fonds au profit des communaut\u00e9s locales de Brandon (Manitoba) et de la r\u00e9gion de Kitchener-Waterloo, dont il a \u00e9t\u00e9 l&#8217;un des chefs de file.<\/p>\n<h2>2015<\/h2>\n<p>La Bourse comm\u00e9morative pour \u00e9tudiants de cycles sup\u00e9rieurs Boris P. Stoicheff 2015 a \u00e9t\u00e9 attribu\u00e9e \u00e0 <strong>Itai Epstein de Tel-Aviv University<\/strong> par la Optica Foundation.<\/p>\n<h2>2014<\/h2>\n<p>La Bourse comm\u00e9morative pour \u00e9tudiants de cycles sup\u00e9rieurs Boris P. Stoicheff 2014 a \u00e9t\u00e9 attribu\u00e9e par la Fondation de l&#8217;ACP \u00e0 <strong>Juan Nicolas Quesada de l&#8217;Universit\u00e9 de Toronto<\/strong> pour son travail novateur en tomographie quantique et optique quantique, et pour son service \u00e0 la communaut\u00e9 de la physique dans l&#8217;encadrement des \u00e9l\u00e8ves du secondaire en optique et pour son travail de sensibilisation \u00e0 la science dans la communaut\u00e9 en g\u00e9n\u00e9rall. Nicolas a d\u00e9montr\u00e9 qul&#8217;il est un jeune scientifique polyvalent avec la passion de communiquer la science aux personnes de tout \u00e2ge.<\/p>\n<h2>2013<\/h2>\n<p>La Bourse comm\u00e9morative pour \u00e9tudiants de cycles sup\u00e9rieurs Boris P. Stoicheff 2013 a \u00e9t\u00e9 attribu\u00e9e \u00e0 <strong>Yanhui Zhao de Penn State University<\/strong> par la Optica Foundation.<\/p>\n<h2>2012<\/h2>\n<p>La premi\u00e8re bourse comm\u00e9morative Stoicheff pour \u00e9tudiants de cycles sup\u00e9rieurs est d\u00e9cern\u00e9e \u00e0 <strong>Wilson Brenna de l&#8217;Universit\u00e9 de Waterloo<\/strong>. Autant au premier cycle qu&#8217;aux cycles sup\u00e9rieurs, Wilson a excell\u00e9 dans ses \u00e9tudes et montr\u00e9 beaucoup d&#8217;initiative en participant \u00e0 l&#8217;organisation de conf\u00e9rences et en si\u00e9geant \u00e0 l&#8217;ex\u00e9cutif de comit\u00e9s au b\u00e9n\u00e9fice de ses confr\u00e8res. Le prix de 3000 $ CAN a \u00e9t\u00e9 pr\u00e9sent\u00e9 \u00e0 Wilson lors du congr\u00e8s de l&#8217;ACP 2012 \u00e0 Calgary.<\/p>\n","protected":false},"excerpt":{"rendered":"<p>2024 La Bourse comm\u00e9morative pour \u00e9tudiants de cycles sup\u00e9rieurs Boris P. Stoicheff 2024 a \u00e9t\u00e9 attribu\u00e9e par la Fondation de l&#8217;ACP \u00e0 Everett Patterson de l&#8217;Universit\u00e9 de Waterloo en reconnaissance des aper\u00e7us cr\u00e9atifs sur l&#8217;application de l&#8217;information quantique relativiste pour d\u00e9terminer la temp\u00e9rature des trous noirs. 2023 La Bourse comm\u00e9morative pour \u00e9tudiants de cycles sup\u00e9rieurs&#8230;  <a class=\"excerpt-read-more\" href=\"https:\/\/cap.ca\/fr\/facp\/bourses\/stoicheff\/bourse-stoicheff-recipiendaires\/\" title=\"LireBourse Stoicheff &#8211; R\u00e9cipiendaires\">Lire la suite &raquo;<\/a><\/p>\n","protected":false},"author":10,"featured_media":0,"parent":3349,"menu_order":8680,"comment_status":"closed","ping_status":"closed","template":"","meta":{"footnotes":""},"class_list":["post-3353","page","type-page","status-publish","hentry"],"_links":{"self":[{"href":"https:\/\/cap.ca\/fr\/wp-json\/wp\/v2\/pages\/3353","targetHints":{"allow":["GET"]}}],"collection":[{"href":"https:\/\/cap.ca\/fr\/wp-json\/wp\/v2\/pages"}],"about":[{"href":"https:\/\/cap.ca\/fr\/wp-json\/wp\/v2\/types\/page"}],"author":[{"embeddable":true,"href":"https:\/\/cap.ca\/fr\/wp-json\/wp\/v2\/users\/10"}],"replies":[{"embeddable":true,"href":"https:\/\/cap.ca\/fr\/wp-json\/wp\/v2\/comments?post=3353"}],"version-history":[{"count":13,"href":"https:\/\/cap.ca\/fr\/wp-json\/wp\/v2\/pages\/3353\/revisions"}],"predecessor-version":[{"id":26922,"href":"https:\/\/cap.ca\/fr\/wp-json\/wp\/v2\/pages\/3353\/revisions\/26922"}],"up":[{"embeddable":true,"href":"https:\/\/cap.ca\/fr\/wp-json\/wp\/v2\/pages\/3349"}],"wp:attachment":[{"href":"https:\/\/cap.ca\/fr\/wp-json\/wp\/v2\/media?parent=3353"}],"curies":[{"name":"wp","href":"https:\/\/api.w.org\/{rel}","templated":true}]}}