{"id":3352,"date":"2017-03-09T15:23:45","date_gmt":"2017-03-09T20:23:45","guid":{"rendered":"http:\/\/caph-02.eproofs.ca\/contributeurs-au-fonds-stoicheff\/"},"modified":"2017-03-23T13:35:20","modified_gmt":"2017-03-23T17:35:20","slug":"contributeurs-au-fonds-stoicheff","status":"publish","type":"page","link":"https:\/\/cap.ca\/fr\/facp\/bourses\/stoicheff\/contributeurs-au-fonds-stoicheff\/","title":{"rendered":"Merci \u00e0 nos g\u00e9n\u00e9reux donateurs"},"content":{"rendered":"<div class=\"wpb-content-wrapper\"><p>[vc_row][vc_column][vc_column_text]Le Fonds d&#8217;\u00e9ducation de l&#8217;Association canadienne des physiciens et physiciennes d\u00e9sire souligner la g\u00e9n\u00e9rosit\u00e9 des personnes suivantes qui ont rendu possible la mise sur pied de la bourse comm\u00e9morative Boris P. Stoicheff de l&#8217;ACP-ETF\/OSAF:[\/vc_column_text][\/vc_column][\/vc_row][vc_row][vc_column width=&#8221;1\/2&#8243;][vc_column_text]John Alcock<\/p>\n<p>Robin Armstrong<\/p>\n<p>Dorothy and George Arnold<\/p>\n<p>M.P. Bachynski<\/p>\n<p>Laurent Caron<\/p>\n<p>Allan Carswell<\/p>\n<p>Michael E. Charles<\/p>\n<p>Professor Christine Clement<\/p>\n<p>Wallace R.L. Clements<\/p>\n<p>Fraser Code<\/p>\n<p>Allan R. Crawford<\/p>\n<p>Walter F. Davidson<\/p>\n<p>Prof. Rashmikant C. Desai<\/p>\n<p>Pierre Dub\u00e9<\/p>\n<p>Gary D. Enright<\/p>\n<p>Thomas Efthimiopoulos<\/p>\n<p>Robert Fedosejevs<\/p>\n<p>Ursula M. Franklin C.C FRSC<\/p>\n<p>John Fraser (Massey College)<\/p>\n<p>Professor Martin Friedland<\/p>\n<p>M Cynthia Goh<\/p>\n<p>William Gornall<\/p>\n<p>Kohzo Hakuta<\/p>\n<p>Manfred Hubert<\/p>\n<p>Patterson Hume<\/p>\n<p>Julio Iribarne<\/p>\n<p>Donald G. Ivey<\/p>\n<p>Beverley and David James<\/p>\n<p>Gabriel Karl<\/p>\n<p>Yoshiaki Kato<\/p>\n<p>Tony Key<\/p>\n<p>Lucjan Krause<\/p>\n<p>Paul &amp; Grace LaRocque<\/p>\n<p>Ronald M. Lees<\/p>\n<p>Robert Lipson[\/vc_column_text][\/vc_column][vc_column width=&#8221;1\/2&#8243;][vc_column_text]Hoi-Kwong Lo<\/p>\n<p>David Lockwood<\/p>\n<p>Michael Luke<\/p>\n<p>Alan Madej<\/p>\n<p>Andreas Mandelis<\/p>\n<p>Robert Mann<\/p>\n<p>Louis Marchildon<\/p>\n<p>Robin Marjoribanks<\/p>\n<p>Louis Marmet<\/p>\n<p>A.D. May<\/p>\n<p>W John McDonald<\/p>\n<p>Terry J. McKee<\/p>\n<p>R.J. Dwayne Miller<\/p>\n<p>J.C. Douglas Milton<\/p>\n<p>Michael Morrow<\/p>\n<p>Dr. John A. Nilson<\/p>\n<p>Allan Offenberger<\/p>\n<p>Shelley Page<\/p>\n<p>W Richard Peltier<\/p>\n<p>Professor John Perz<\/p>\n<p>David W O Rogers<\/p>\n<p>Harold O. Seigel<\/p>\n<p>Fujio Shimizu<\/p>\n<p>John Sipe and Margaret Grisdale<\/p>\n<p>Michael Steinitz<\/p>\n<p>Margaret Stoicheff<\/p>\n<p>Peter Stoicheff<\/p>\n<p>Donna Strickland<\/p>\n<p>Alex Szabo<\/p>\n<p>Michael and Jenifer Thewalt<\/p>\n<p>Joseph H. Thywissen<\/p>\n<p>Henry van Driel<\/p>\n<p>Jan van Kranendonk<\/p>\n<p>Charles A. Ward<\/p>\n<p>plus 2 anonymous donors[\/vc_column_text][\/vc_column][\/vc_row]<\/p>\n<\/div>","protected":false},"excerpt":{"rendered":"<p>[vc_row][vc_column][vc_column_text]Le Fonds d&#8217;\u00e9ducation de l&#8217;Association canadienne des physiciens et physiciennes d\u00e9sire souligner la g\u00e9n\u00e9rosit\u00e9 des personnes suivantes qui ont rendu possible la mise sur pied de la bourse comm\u00e9morative Boris P. Stoicheff de l&#8217;ACP-ETF\/OSAF:[\/vc_column_text][\/vc_column][\/vc_row][vc_row][vc_column width=&#8221;1\/2&#8243;][vc_column_text]John Alcock Robin Armstrong Dorothy and George Arnold M.P. Bachynski Laurent Caron Allan Carswell Michael E. Charles Professor Christine Clement Wallace&#8230;  <a class=\"excerpt-read-more\" href=\"https:\/\/cap.ca\/fr\/facp\/bourses\/stoicheff\/contributeurs-au-fonds-stoicheff\/\" title=\"LireMerci \u00e0 nos g\u00e9n\u00e9reux donateurs\">Lire la suite &raquo;<\/a><\/p>\n","protected":false},"author":10,"featured_media":0,"parent":3349,"menu_order":8679,"comment_status":"closed","ping_status":"closed","template":"","meta":{"footnotes":""},"class_list":["post-3352","page","type-page","status-publish","hentry"],"_links":{"self":[{"href":"https:\/\/cap.ca\/fr\/wp-json\/wp\/v2\/pages\/3352","targetHints":{"allow":["GET"]}}],"collection":[{"href":"https:\/\/cap.ca\/fr\/wp-json\/wp\/v2\/pages"}],"about":[{"href":"https:\/\/cap.ca\/fr\/wp-json\/wp\/v2\/types\/page"}],"author":[{"embeddable":true,"href":"https:\/\/cap.ca\/fr\/wp-json\/wp\/v2\/users\/10"}],"replies":[{"embeddable":true,"href":"https:\/\/cap.ca\/fr\/wp-json\/wp\/v2\/comments?post=3352"}],"version-history":[{"count":2,"href":"https:\/\/cap.ca\/fr\/wp-json\/wp\/v2\/pages\/3352\/revisions"}],"predecessor-version":[{"id":6070,"href":"https:\/\/cap.ca\/fr\/wp-json\/wp\/v2\/pages\/3352\/revisions\/6070"}],"up":[{"embeddable":true,"href":"https:\/\/cap.ca\/fr\/wp-json\/wp\/v2\/pages\/3349"}],"wp:attachment":[{"href":"https:\/\/cap.ca\/fr\/wp-json\/wp\/v2\/media?parent=3352"}],"curies":[{"name":"wp","href":"https:\/\/api.w.org\/{rel}","templated":true}]}}