{"id":3351,"date":"2017-03-09T15:23:42","date_gmt":"2017-03-09T20:23:42","guid":{"rendered":"http:\/\/caph-02.eproofs.ca\/au-sujet-dr-stoicheff\/"},"modified":"2017-03-09T17:53:36","modified_gmt":"2017-03-09T22:53:36","slug":"au-sujet-dr-stoicheff","status":"publish","type":"page","link":"https:\/\/cap.ca\/fr\/facp\/bourses\/stoicheff\/au-sujet-dr-stoicheff\/","title":{"rendered":"Au sujet de Boris Stoicheff"},"content":{"rendered":"<p><a style=\"background-color: #ffffff; font-family: 'Droid Serif', 'Helvetica Neue', Helvetica, Arial, sans-serif; font-size: 16px;\" href=\"https:\/\/cap.ca\/wp-content\/uploads\/2017\/03\/stoicheff75thbirthdaytribute-1.pdf\"><img loading=\"lazy\" decoding=\"async\" class=\"alignright size-full wp-image-3423\" src=\"https:\/\/cap.ca\/wp-content\/uploads\/2017\/03\/borisstoicheff.jpg\" alt=\"\" width=\"114\" height=\"142\" \/>Article soulignant le 75e anniversaire de naissance du Dr Stoicheff, publi\u00e9 dans la Revue canadienne de physique<\/a> (en anglais)<\/p>\n<p><strong>\u00c9tudes<\/strong><\/p>\n<ul class=\"content-list\">\n<li>B.S B.A.Sc. en g\u00e9nie physique de l\u2019Univ. de Toronto en 1947<\/li>\n<li>Ph.D. de l\u2019Univ. de Toronto en 1950<\/li>\n<\/ul>\n<p><strong>Carri\u00e8re<\/strong><\/p>\n<ul class=\"content-list\">\n<li>Bourse de recherche Gilchrist (1951)<\/li>\n<li>Conseil national de recherches (CNRC), Ottawa (1951-1964)<\/li>\n<li>Professeur de physique, Univ. de Toronto (1964 &#8211; 1989)<\/li>\n<\/ul>\n<p><strong>R\u00e9alisations\/service<\/strong><\/p>\n<ul class=\"content-list\">\n<li>A construit le premier laser \u00e0 rubis au Canada<\/li>\n<li>R\u00e9put\u00e9 pour ses apports innovateurs \u00e0 la spectrom\u00e9trie Raman et \u00e0 l\u2019optique non lin\u00e9aire<\/li>\n<li>Professeur honoraire de physique, Univ. de Toronto<\/li>\n<li>Pr\u00e9sident de l\u2019Association canadienne des physiciens et physiciennes (ACP)<\/li>\n<li>M\u00e9daille de l\u2019ACP pour contributions exceptionnelles<\/li>\n<li>Comit\u00e9 des prix et distinctions de l\u2019ACP<\/li>\n<li>Chercheur \u00e9m\u00e9rite de l\u2019Optical Society of America (OSA)<\/li>\n<li>Premier pr\u00e9sident de l\u2019OSA de l\u2019ext\u00e9rieur des \u00c9tats-Unis<\/li>\n<li>Comit\u00e9 de r\u00e9daction de l\u2019OSA<\/li>\n<li>Conseil de publication de l\u2019OSA<\/li>\n<li>Comit\u00e9 consultatif de l\u2019OSA aupr\u00e8s du Pr\u00e9sident<\/li>\n<li>Prix William F. Meggers de l\u2019OSA<\/li>\n<li>M\u00e9daille Frederic Ives de l\u2019OSA\/Prix Jarus W. Quinn<\/li>\n<li>Membre de la Royal Society of London, de la Soci\u00e9t\u00e9 royale du Canada, de l\u2019American Physical Society, Geoffrey Frew Fellow de l\u2019Australian Academy of Science, membre honoraire \u00e9tranger de l\u2019American Academy of Arts and Sciences, de la Macedonian Academy of Sciences and Arts, et de l\u2019Indian Academy of Sciences<\/li>\n<li>Officier de l\u2019Ordre du Canada<\/li>\n<li>M\u00e9daille du Centenaire du Canada<\/li>\n<li>M\u00e9daille Henry Marshall Tory de la Soci\u00e9t\u00e9 royale du Canada<\/li>\n<li>Prix de reconnaissance de l\u2019OSA pour services exceptionnels<\/li>\n<li>Conseil d\u2019administration du CNRC<\/li>\n<li>Conseil d\u2019administration de Quantum Electronics<\/li>\n<li>Conseil de l\u2019Ordre des ing\u00e9nieurs de l\u2019Ontario<\/li>\n<li>Ontario Nuclear Safety Review Committee<\/li>\n<li>Union internationale de physique pure et appliqu\u00e9e<\/li>\n<li>Institut canadien de recherches avanc\u00e9es<\/li>\n<\/ul>\n","protected":false},"excerpt":{"rendered":"<p>Article soulignant le 75e anniversaire de naissance du Dr Stoicheff, publi\u00e9 dans la Revue canadienne de physique (en anglais) \u00c9tudes B.S B.A.Sc. en g\u00e9nie physique de l\u2019Univ. de Toronto en 1947 Ph.D. de l\u2019Univ. de Toronto en 1950 Carri\u00e8re Bourse de recherche Gilchrist (1951) Conseil national de recherches (CNRC), Ottawa (1951-1964) Professeur de physique, Univ&#8230;.  <a class=\"excerpt-read-more\" href=\"https:\/\/cap.ca\/fr\/facp\/bourses\/stoicheff\/au-sujet-dr-stoicheff\/\" title=\"LireAu sujet de Boris Stoicheff\">Lire la suite &raquo;<\/a><\/p>\n","protected":false},"author":10,"featured_media":0,"parent":3349,"menu_order":8678,"comment_status":"closed","ping_status":"closed","template":"","meta":{"footnotes":""},"class_list":["post-3351","page","type-page","status-publish","hentry"],"_links":{"self":[{"href":"https:\/\/cap.ca\/fr\/wp-json\/wp\/v2\/pages\/3351","targetHints":{"allow":["GET"]}}],"collection":[{"href":"https:\/\/cap.ca\/fr\/wp-json\/wp\/v2\/pages"}],"about":[{"href":"https:\/\/cap.ca\/fr\/wp-json\/wp\/v2\/types\/page"}],"author":[{"embeddable":true,"href":"https:\/\/cap.ca\/fr\/wp-json\/wp\/v2\/users\/10"}],"replies":[{"embeddable":true,"href":"https:\/\/cap.ca\/fr\/wp-json\/wp\/v2\/comments?post=3351"}],"version-history":[{"count":4,"href":"https:\/\/cap.ca\/fr\/wp-json\/wp\/v2\/pages\/3351\/revisions"}],"predecessor-version":[{"id":3861,"href":"https:\/\/cap.ca\/fr\/wp-json\/wp\/v2\/pages\/3351\/revisions\/3861"}],"up":[{"embeddable":true,"href":"https:\/\/cap.ca\/fr\/wp-json\/wp\/v2\/pages\/3349"}],"wp:attachment":[{"href":"https:\/\/cap.ca\/fr\/wp-json\/wp\/v2\/media?parent=3351"}],"curies":[{"name":"wp","href":"https:\/\/api.w.org\/{rel}","templated":true}]}}