{"id":3349,"date":"2017-03-09T15:23:36","date_gmt":"2017-03-09T20:23:36","guid":{"rendered":"http:\/\/caph-02.eproofs.ca\/stoicheff-f\/"},"modified":"2024-10-04T13:30:52","modified_gmt":"2024-10-04T17:30:52","slug":"stoicheff","status":"publish","type":"page","link":"https:\/\/cap.ca\/fr\/facp\/bourses\/stoicheff\/","title":{"rendered":"Bourse comm\u00e9morative Boris P. Stoicheff de l&#8217;ACP-OPTICA pour \u00e9tudiants de cycles sup\u00e9rieurs"},"content":{"rendered":"<div class=\"wpb-content-wrapper\"><h2>Description<\/h2>\n<p>La bourse Boris P. Stoicheff Memorial Graduate Scholarship est attribu\u00e9e \u00e0 un \u00e9tudiant de troisi\u00e8me cycle qui a fait preuve d&#8217;excellence en mati\u00e8re de recherche et qui a rendu d&#8217;importants services \u00e0 la communaut\u00e9 de l&#8217;optique (Optica) ou \u00e0 la communaut\u00e9 de la physique (ACP). La bourse est attribu\u00e9e conjointement par la FACP et la Fondation Optica, l&#8217;administration et la pr\u00e9sentation de la bourse \u00e9tant assur\u00e9es \u00e0 tour de r\u00f4le par les deux soci\u00e9t\u00e9s. Une bourse de 3 000 $ est attribu\u00e9e chaque ann\u00e9e dans la devise de la soci\u00e9t\u00e9 qui attribue la bourse. La bourse est attribu\u00e9e par l&#8217;ACP les ann\u00e9es paires.<\/p>\n<p><a href=\"#Back\">Contexte<\/a><br \/>\n<a href=\"#Eval\">Crit\u00e8res d&#8217;\u00e9valuation<\/a><br \/>\n<a href=\"#Nom\">Proc\u00e9dures de candidature<\/a><br \/>\n<a href=\"#Prev\">Anciens b\u00e9n\u00e9ficiaires de bourses d&#8217;\u00e9tudes<\/a><\/p>\n<p>Toute question concernant la proc\u00e9dure de candidature doit \u00eatre envoy\u00e9e \u00e0 l&#8217;ACP, \u00e0 l&#8217;adresse suivante : programs@cap.ca.<\/p>\n<p style=\"text-align: center;\"><a href=\"https:\/\/cap.ca\/fr\/facp\/bourses\/\"><strong>Retour \u00e0 la page principale des bourses d&#8217;\u00e9tudes ACP<\/strong><\/a><\/p>\n<h2 id=\"Back\">Contexte<\/h2>\n<p>En 2011, la Fondation ACP (FACP) et la Fondation Optica (alors la Fondation OSA) se sont associ\u00e9es pour cr\u00e9er la bourse d&#8217;\u00e9tudes sup\u00e9rieures comm\u00e9morative Boris P. Stoicheff en m\u00e9moire de Boris P. Stoicheff, un \u00e9minent spectroscopiste laser de renomm\u00e9e internationale qui a \u00e9galement \u00e9t\u00e9 pr\u00e9sident de l&#8217;Association canadienne des physiciens (1983-1984) et de l&#8217;Optical Society of America (1976).<\/p>\n<p>La bourse conjointe de la FACP et de la Fondation Optica sera attribu\u00e9e \u00e0 un \u00e9tudiant dipl\u00f4m\u00e9 qui a fait preuve \u00e0 la fois d&#8217;excellence en recherche et de services significatifs \u00e0 la communaut\u00e9 de l&#8217;optique (lorsqu&#8217;elle est administr\u00e9e par la Fondation Optica) ou \u00e0 la communaut\u00e9 de la physique, pas seulement de l&#8217;optique (lorsqu&#8217;elle est administr\u00e9e par l&#8217;ACP). La bourse est attribu\u00e9e conjointement par la FACP et la Fondation Optica, l&#8217;administration et la pr\u00e9sentation de la bourse tournant entre les deux soci\u00e9t\u00e9s. La premi\u00e8re bourse a \u00e9t\u00e9 remise en 2012 par la FACP.<\/p>\n<h3>\u00c0 propos du Fonds Stoicheff<\/h3>\n<p>L&#8217;objectif de la campagne 2011 \u00e9tait que la FACP et la Fondation Optica collectent ensemble au moins 40 000 USD pour \u00e9tablir la bourse comm\u00e9morative Boris P. Stoicheff en l&#8217;honneur de l&#8217;h\u00e9ritage du Dr Stoicheff. Un tel hommage est d&#8217;autant plus appropri\u00e9 que, de toutes ses r\u00e9alisations, M. Stoicheff \u00e9tait le plus fier des quelque 25 \u00e9tudiants dipl\u00f4m\u00e9s qui ont eu le privil\u00e8ge de travailler avec lui. Le volet canadien de la campagne a \u00e9t\u00e9 coordonn\u00e9 par Henry van Driel, alors pr\u00e9sident de l&#8217;ACP. Gr\u00e2ce \u00e0 la g\u00e9n\u00e9rosit\u00e9 des <a href=\"https:\/\/cap.ca\/programs\/medals-and-awards\/prizes-students\/stoicheff\/stoicheff-fund-donors\/\">membres de l&#8217;ACP et des amis du Dr Stoicheff<\/a>, l&#8217;objectif a \u00e9t\u00e9 d\u00e9pass\u00e9, ce qui a permis la cr\u00e9ation d&#8217;une bourse annuelle de 3 000 $, attribu\u00e9e alternativement par la FACP* et la Fondation Optica. Le prix est d\u00e9cern\u00e9 dans la devise de la soci\u00e9t\u00e9 administratrice.<\/p>\n<p>* (organisme de bienfaisance canadien enregistr\u00e9 sous le num\u00e9ro 83562 7134 RR0001).<\/p>\n<h3>Faire un don<\/h3>\n<p>Remplir le formulaire de don en ligne (dons par carte de cr\u00e9dit uniquement, pas de promesses de dons)<\/p>\n<p><a class=\"green-btn\" href=\"https:\/\/forms.cap.ca\/stoicheff\" target=\"_blank\" rel=\"noopener noreferrer\">Dons en ligne<\/a><\/p>\n<p><em><strong>-Or-<\/strong><\/em><\/p>\n<p>Imprimez et remplissez le formulaire pdf<\/p>\n<p><a class=\"green-btn\" href=\"https:\/\/cap.ca\/wp-content\/uploads\/2017\/03\/stoicheff_scholarship_pledge_form.pdf\">Formulaire imprimable de don\/engagement<\/a><\/p>\n<p>&nbsp;<\/p>\n<h2 id=\"Eval\">Crit\u00e8res d&#8217;\u00e9valuation<\/h2>\n<p>Cette bourse r\u00e9compense un \u00e9tudiant dipl\u00f4m\u00e9 qui a fait preuve d&#8217;excellence en mati\u00e8re de recherche et qui a rendu d&#8217;importants services \u00e0 la communaut\u00e9 de l&#8217;optique. L&#8217;\u00e9valuation de chaque candidature sera bas\u00e9e sur la documentation soumise dans le dossier de candidature et les domaines d&#8217;int\u00e9r\u00eat comprendront, mais sans s&#8217;y limiter, les \u00e9l\u00e9ments suivants :<\/p>\n<ul class=\"content-list\">\n<li>les r\u00e9alisations et l&#8217;excellence du candidat dans les domaines de l&#8217;enseignement et de la recherche<\/li>\n<li>les services rendus par le candidat \u00e0 la communaut\u00e9 des physiciens<\/li>\n<li>la qualit\u00e9 de son plan de recherche actuel<\/li>\n<li>Les distinctions, les citations et les prix, ainsi que d&#8217;autres reconnaissances de leurs progr\u00e8s.<\/li>\n<li>(Les ann\u00e9es o\u00f9 le prix Optica est d\u00e9cern\u00e9) la qualit\u00e9 de la proposition accept\u00e9e lors de la r\u00e9union annuelle d&#8217;Optica.<\/li>\n<\/ul>\n<h2 id=\"Nom\">Proc\u00e9dures de candidature<\/h2>\n<h3>Conditions d&#8217;\u00e9ligibilit\u00e9<\/h3>\n<p>Chaque candidat doit<\/p>\n<ul class=\"content-list\">\n<li>\u00eatre membre \u00e9tudiant en r\u00e8gle de la soci\u00e9t\u00e9 qui d\u00e9cerne le prix (ann\u00e9es paires : ACP ; ann\u00e9es impaires : Optica).<\/li>\n<li>\u00eatre un \u00e9tudiant dipl\u00f4m\u00e9 accept\u00e9, inscrit ou inscrit \u00e0 plein temps en astronomie, g\u00e9nie \u00e9lectrique, physique m\u00e9dicale, optique, photonique ou physique (dans l&#8217;ann\u00e9e d&#8217;attribution d&#8217;Optica, la chimie sera ajout\u00e9e aux crit\u00e8res). (NOTE &#8211; le candidat ne peut pas avoir d\u00e9j\u00e0 soumis sa th\u00e8se, c&#8217;est-\u00e0-dire avoir entam\u00e9 le processus de soutenance de la th\u00e8se)<\/li>\n<li>Avoir au moins une publication dans une revue \u00e0 comit\u00e9 de lecture reconnue par l&#8217;ACP (NOTE &#8211; le candidat n&#8217;a pas besoin d&#8217;\u00eatre cit\u00e9 comme auteur principal) OU avoir fait au moins une pr\u00e9sentation lors d&#8217;une r\u00e9union scientifique reconnue par l&#8217;ACP (voir la liste de l&#8217;ACP ci-dessous).<\/li>\n<li>(Dans les ann\u00e9es o\u00f9 le prix est d\u00e9cern\u00e9 par Optica) Avoir une soumission accept\u00e9e, dans l&#8217;ann\u00e9e du prix, \u00e0 la r\u00e9union annuelle d&#8217;Optica.<\/li>\n<li>Faire preuve de service \u00e0 la communaut\u00e9, ce qui peut inclure, sans s&#8217;y limiter, le leadership au sein d&#8217;une association \u00e9tudiante ou d&#8217;une autre organisation \u00e9tudiante au niveau du premier ou du deuxi\u00e8me cycle.<\/li>\n<\/ul>\n<h3>Composantes de la candidature<\/h3>\n<p>Chaque candidat doit fournir<\/p>\n<ul class=\"content-list\">\n<li>(pour les ann\u00e9es o\u00f9 Optica a d\u00e9cern\u00e9 des prix) Une copie du r\u00e9sum\u00e9 ou de l&#8217;article soumis \u00e0 la r\u00e9union annuelle d&#8217;Optica.<br \/>\nUne description des activit\u00e9s de service \u00e0 la communaut\u00e9 (r\u00e9dig\u00e9e par le candidat).<\/li>\n<li>Une d\u00e9claration expliquant le domaine de recherche (r\u00e9dig\u00e9e par le candidat).<\/li>\n<li>Curriculum Vitae (CV).<\/li>\n<li>La citation d&#8217;une publication dans une revue \u00e0 comit\u00e9 de lecture (voir la d\u00e9claration d&#8217;\u00e9ligibilit\u00e9 ci-dessus) OU le nom\/la date et le r\u00e9sum\u00e9 relatifs \u00e0 une pr\u00e9sentation lors d&#8217;une r\u00e9union scientifique reconnue par la soci\u00e9t\u00e9 qui d\u00e9cerne le prix (voir la liste des ACP ci-dessous).<br \/>\nREMARQUE : Le syst\u00e8me de candidature est en cours de mise \u00e0 jour afin d&#8217;inclure une zone pour soumettre ces informations ; si vous soumettez votre candidature avant que cette zone ne soit disponible, veuillez inclure les informations dans la bo\u00eete de commentaires et envoyer par e-mail le pdf de votre r\u00e9sum\u00e9 de conf\u00e9rence \u00e0 programs@cap.ca pour qu&#8217;il soit t\u00e9l\u00e9charg\u00e9 en votre nom.<\/li>\n<li>Les derniers relev\u00e9s de notes de l&#8217;universit\u00e9.<\/li>\n<li>Deux lettres de recommandation. Au moins une des lettres doit \u00e9maner du directeur de recherche du candidat et inclure une d\u00e9claration confirmant le statut du candidat en tant qu&#8217;\u00e9tudiant dipl\u00f4m\u00e9 accept\u00e9, enregistr\u00e9 ou inscrit \u00e0 temps plein, la date pr\u00e9vue de soutenance du candidat, ainsi qu&#8217;une br\u00e8ve description du programme de recherche du candidat. Au moins une r\u00e9f\u00e9rence doit parler des r\u00e9sultats acad\u00e9miques du candidat. Les deux lettres de recommandation doivent mentionner le potentiel de leadership du candidat et\/ou sa capacit\u00e9 \u00e0 apporter une contribution significative \u00e0 l&#8217;optique ou \u00e0 la physique. REMARQUE : Les lettres de recommandation doivent \u00eatre envoy\u00e9es directement au gestionnaire du programme ACP (programs@cap.ca) avant la date limite de d\u00e9p\u00f4t des candidatures.<\/li>\n<\/ul>\n<h3>Processus de candidature\/s\u00e9lection<\/h3>\n<ul class=\"content-list\">\n<li>Les candidatures sont sollicit\u00e9es et collect\u00e9es par la soci\u00e9t\u00e9 organisatrice et ne sont valables que pour l&#8217;ann\u00e9e de concours pour laquelle elles ont \u00e9t\u00e9 soumises.<\/li>\n<li>Un comit\u00e9 de s\u00e9lection compos\u00e9 de 3 \u00e0 5 membres, mis en place par la soci\u00e9t\u00e9 qui attribue la bourse, examine toutes les candidatures admissibles et s\u00e9lectionne le laur\u00e9at. Ce comit\u00e9 doit comprendre un repr\u00e9sentant de la soci\u00e9t\u00e9 non laur\u00e9ate, qui pr\u00e9sidera le comit\u00e9 de s\u00e9lection l&#8217;ann\u00e9e suivante.<\/li>\n<li>La bourse est remise au laur\u00e9at lors de la r\u00e9union annuelle de la soci\u00e9t\u00e9 attributaire (ann\u00e9es paires : congr\u00e8s annuel de l&#8217;ACP ; ann\u00e9es impaires : r\u00e9union annuelle de l&#8217;Optica) si le laur\u00e9at est pr\u00e9sent ; dans le cas contraire, la bourse lui est envoy\u00e9e par la poste. Les laur\u00e9ats recevront un certificat conjoint FACP\/Optica et un ch\u00e8que de bourse ou un virement \u00e9lectronique de fonds \u00e9mis par la soci\u00e9t\u00e9 qui attribue la bourse dans la devise de cette soci\u00e9t\u00e9.<\/li>\n<\/ul>\n<h4>Soci\u00e9t\u00e9s scientifiques professionnelles canadiennes approuv\u00e9es par le Conseil<\/h4>\n<p>Voici les soci\u00e9t\u00e9s admissibles o\u00f9 un candidat peut avoir fait une pr\u00e9sentation pour poser sa candidature \u00e0 la bourse Stoicheff de l&#8217;ACP :<\/p>\n<ul class=\"content-list\">\n<li>Soci\u00e9t\u00e9 de biophysique du Canada<\/li>\n<li>Association canadienne des physiciens et physiciennes<\/li>\n<li>Soci\u00e9t\u00e9 canadienne d&#8217;astronomie<\/li>\n<li>Union g\u00e9ophysique canadienne<\/li>\n<li>Soci\u00e9t\u00e9 canadienne de m\u00e9t\u00e9orologie et d&#8217;oc\u00e9anographie<\/li>\n<li>Organisation canadienne des physiciens m\u00e9dicaux<\/li>\n<li>Soci\u00e9t\u00e9 canadienne de chimie<\/li>\n<\/ul>\n<p>Le processus de candidature en ligne de l&#8217;ACP est accessible en se connectant aux Services aux membres<a href=\"https:\/\/crm.cap.ca\">(https:\/\/crm.cap.ca<\/a>) et en s\u00e9lectionnant \u00ab Syst\u00e8me de distinction \u00bb sous \u00ab Services de l&#8217;ACP \u00bb.<\/p>\n<blockquote><p>Bien que le syst\u00e8me de candidature de l&#8217;ACP dispose actuellement d&#8217;une interface en anglais uniquement, les candidatures peuvent \u00eatre soumises en anglais ou en fran\u00e7ais. L&#8217;ACP s&#8217;engage \u00e0 ce que les candidatures soumises dans l&#8217;une ou l&#8217;autre des langues officielles soient trait\u00e9es de mani\u00e8re \u00e9quitable. En outre, l&#8217;ACP s&#8217;engage \u00e0 faire en sorte que les personnes charg\u00e9es d&#8217;\u00e9valuer les prix aient une compr\u00e9hension approfondie de l&#8217;impact des pr\u00e9jug\u00e9s afin d&#8217;en tenir compte lors de l&#8217;examen des candidatures.<\/p><\/blockquote>\n<h2 id=\"Prev\">Anciens b\u00e9n\u00e9ficiaires de bourses d&#8217;\u00e9tudes<\/h2>\n<p><a href=\"https:\/\/services.cap.ca\/medal\/publicity\/recipients.php?medal=15&amp;type=sc&amp;lang=en\">Cliquez ici pour consulter la liste des boursiers des ann\u00e9es pr\u00e9c\u00e9dentes.<\/a><\/p>\n<p>Toute question relative \u00e0 la bourse doit \u00eatre adress\u00e9e \u00e0 l&#8217;ACP \u00e0 l&#8217;adresse suivante <a href=\"mailto:programs@cap.ca\">: programs@cap.ca <\/a><\/p>\n<h2 style=\"text-align: center;\"><a href=\"https:\/\/cap.ca\/fr\/facp\/bourses\/\">Retour \u00e0 la page principale des bourses d&#8217;\u00e9tudes de l&#8217;ACP<\/a><\/h2>\n<h2><\/h2>\n<p>[vc_row][vc_column][vc_single_image image=&#8221;21572&#8243; img_size=&#8221;full&#8221; onclick=&#8221;custom_link&#8221; img_link_target=&#8221;_blank&#8221; link=&#8221;http:\/\/https:\/\/cap.ca\/fr\/edi\/&#8221;][\/vc_column][\/vc_row]<\/p>\n<\/div>","protected":false},"excerpt":{"rendered":"<p>Description La bourse Boris P. Stoicheff Memorial Graduate Scholarship est attribu\u00e9e \u00e0 un \u00e9tudiant de troisi\u00e8me cycle qui a fait preuve d&#8217;excellence en mati\u00e8re de recherche et qui a rendu d&#8217;importants services \u00e0 la communaut\u00e9 de l&#8217;optique (Optica) ou \u00e0 la communaut\u00e9 de la physique (ACP). La bourse est attribu\u00e9e conjointement par la FACP et&#8230;  <a class=\"excerpt-read-more\" href=\"https:\/\/cap.ca\/fr\/facp\/bourses\/stoicheff\/\" title=\"LireBourse comm\u00e9morative Boris P. Stoicheff de l&#8217;ACP-OPTICA pour \u00e9tudiants de cycles sup\u00e9rieurs\">Lire la suite &raquo;<\/a><\/p>\n","protected":false},"author":10,"featured_media":0,"parent":15039,"menu_order":14,"comment_status":"closed","ping_status":"closed","template":"","meta":{"footnotes":""},"class_list":["post-3349","page","type-page","status-publish","hentry"],"_links":{"self":[{"href":"https:\/\/cap.ca\/fr\/wp-json\/wp\/v2\/pages\/3349","targetHints":{"allow":["GET"]}}],"collection":[{"href":"https:\/\/cap.ca\/fr\/wp-json\/wp\/v2\/pages"}],"about":[{"href":"https:\/\/cap.ca\/fr\/wp-json\/wp\/v2\/types\/page"}],"author":[{"embeddable":true,"href":"https:\/\/cap.ca\/fr\/wp-json\/wp\/v2\/users\/10"}],"replies":[{"embeddable":true,"href":"https:\/\/cap.ca\/fr\/wp-json\/wp\/v2\/comments?post=3349"}],"version-history":[{"count":41,"href":"https:\/\/cap.ca\/fr\/wp-json\/wp\/v2\/pages\/3349\/revisions"}],"predecessor-version":[{"id":25846,"href":"https:\/\/cap.ca\/fr\/wp-json\/wp\/v2\/pages\/3349\/revisions\/25846"}],"up":[{"embeddable":true,"href":"https:\/\/cap.ca\/fr\/wp-json\/wp\/v2\/pages\/15039"}],"wp:attachment":[{"href":"https:\/\/cap.ca\/fr\/wp-json\/wp\/v2\/media?parent=3349"}],"curies":[{"name":"wp","href":"https:\/\/api.w.org\/{rel}","templated":true}]}}