{"id":3348,"date":"2017-03-09T15:23:33","date_gmt":"2017-03-09T20:23:33","guid":{"rendered":"http:\/\/caph-02.eproofs.ca\/resultats-2014\/"},"modified":"2017-03-09T15:23:33","modified_gmt":"2017-03-09T20:23:33","slug":"resultats-2014","status":"publish","type":"page","link":"https:\/\/cap.ca\/fr\/activites\/programme-de-distinctions\/university-physics-students\/prix-lloyd-g-elliott-examen-universitaire\/anciens-examens\/resultats-2014\/","title":{"rendered":"R\u00e9sultats de l&#8217;examen universitaire 2014"},"content":{"rendered":"<p>Le concours universitaire 2014 de l&#8217;ACP a eu lieu le 4 f\u00e9vrier 2014. Cet examen fut administr\u00e9 par l&#8217;Universit\u00e9 Western Ontario. L&#8217;examen a \u00e9t\u00e9 pris par 77 \u00e9tudiant(e)s de 19 universit\u00e9s.<\/p>\n<p><strong>LES TROIS MEILLEURS R\u00c9SULTATS :<\/strong><\/p>\n<p><strong>1er &#8211; Shouzhen Gu, University of Waterloo (prix en argent + voyage au congr\u00e8s 2014)<\/strong><\/p>\n<p><strong>2e &#8211; Brian Bi, University of Toronto (<\/strong><strong>prix en argent<\/strong><strong>)<\/strong><\/p>\n<p><strong>3e &#8211; Chao Wang, University of Toronto (<\/strong><strong>prix en argent<\/strong><strong>)<\/strong><\/p>\n<p>Les meilleurs r\u00e9sultats du quatri\u00e8me au dixi\u00e8me rang sont :<\/p>\n<p>4e &#8211; Baptiste Royer, Universit\u00e9 de Sherbrooke<\/p>\n<p>5e &#8211; Oguzhan Can, University of Toronto<\/p>\n<p>6e &#8211; Sean Ridout, McMaster University<\/p>\n<p>7e &#8211; Tyler Dauphinee, University of Alberta<\/p>\n<p>8e &#8211; Ross Manson, Queen&#8217;s University<\/p>\n<p>9e &#8211; Jennifer Erskine, Queen&#8217;s University<\/p>\n<p>10e &#8211; Maximilian Krogius, McGill University<\/p>\n<p>L&#8217;\u00e9tudiant ayant obtenu la meilleure note par universit\u00e9 pour l&#8217;ann\u00e9e 2014 :<\/p>\n<ul class=\"content-list\">\n<li>McGill University, Maximilian Krogius\n    <\/li>\n<li>McMaster University, Sean Ridout\n    <\/li>\n<li>Memorial University of Newfoundland, Michael Grudich\n    <\/li>\n<li>Queen&#8217;s University, Ross Manson\n    <\/li>\n<li>Simon Fraser University, Matthew Quenneville\n    <\/li>\n<li>Trent University, Duncan Macdonald\n    <\/li>\n<li>Universit\u00e9 de Montr\u00e9al, \u00c9tienne Lantagne-Hurtubise\n    <\/li>\n<li>Universit\u00e9 de Sherbrooke, Baptiste Royer\n    <\/li>\n<li>Universit\u00e9 Laval, Maxime Tr\u00e9panier\n    <\/li>\n<li>University of Alberta, Tyler Dauphinee\n    <\/li>\n<li>University of British Columbia, Deshin Finlay\n    <\/li>\n<li>University of Calgary, Alex Cameron\n    <\/li>\n<li>University of Ottawa, Brock Doiron\n    <\/li>\n<li>University of Saskatchewan, Kale Colville\n    <\/li>\n<li>University of the Fraser Valley, Etienne Dreyer\n    <\/li>\n<li>University of Toronto, Brian Bi\n    <\/li>\n<li>University of Waterloo, Shouzhen Gu\n    <\/li>\n<li>University of Western Ontario, Jongho Jung\n    <\/li>\n<li>University of Windsor, Tomi Nano\n    <\/li>\n<\/ul>\n","protected":false},"excerpt":{"rendered":"<p>Le concours universitaire 2014 de l&#8217;ACP a eu lieu le 4 f\u00e9vrier 2014. Cet examen fut administr\u00e9 par l&#8217;Universit\u00e9 Western Ontario. L&#8217;examen a \u00e9t\u00e9 pris par 77 \u00e9tudiant(e)s de 19 universit\u00e9s. LES TROIS MEILLEURS R\u00c9SULTATS : 1er &#8211; Shouzhen Gu, University of Waterloo (prix en argent + voyage au congr\u00e8s 2014) 2e &#8211; Brian Bi,&#8230;  <a class=\"excerpt-read-more\" href=\"https:\/\/cap.ca\/fr\/activites\/programme-de-distinctions\/university-physics-students\/prix-lloyd-g-elliott-examen-universitaire\/anciens-examens\/resultats-2014\/\" title=\"LireR\u00e9sultats de l&#8217;examen universitaire 2014\">Lire la suite &raquo;<\/a><\/p>\n","protected":false},"author":10,"featured_media":0,"parent":3345,"menu_order":8673,"comment_status":"closed","ping_status":"closed","template":"","meta":{"footnotes":""},"class_list":["post-3348","page","type-page","status-publish","hentry"],"_links":{"self":[{"href":"https:\/\/cap.ca\/fr\/wp-json\/wp\/v2\/pages\/3348","targetHints":{"allow":["GET"]}}],"collection":[{"href":"https:\/\/cap.ca\/fr\/wp-json\/wp\/v2\/pages"}],"about":[{"href":"https:\/\/cap.ca\/fr\/wp-json\/wp\/v2\/types\/page"}],"author":[{"embeddable":true,"href":"https:\/\/cap.ca\/fr\/wp-json\/wp\/v2\/users\/10"}],"replies":[{"embeddable":true,"href":"https:\/\/cap.ca\/fr\/wp-json\/wp\/v2\/comments?post=3348"}],"version-history":[{"count":1,"href":"https:\/\/cap.ca\/fr\/wp-json\/wp\/v2\/pages\/3348\/revisions"}],"predecessor-version":[{"id":3675,"href":"https:\/\/cap.ca\/fr\/wp-json\/wp\/v2\/pages\/3348\/revisions\/3675"}],"up":[{"embeddable":true,"href":"https:\/\/cap.ca\/fr\/wp-json\/wp\/v2\/pages\/3345"}],"wp:attachment":[{"href":"https:\/\/cap.ca\/fr\/wp-json\/wp\/v2\/media?parent=3348"}],"curies":[{"name":"wp","href":"https:\/\/api.w.org\/{rel}","templated":true}]}}