{"id":3347,"date":"2017-03-09T15:23:30","date_gmt":"2017-03-09T20:23:30","guid":{"rendered":"http:\/\/caph-02.eproofs.ca\/resultats-2015\/"},"modified":"2017-03-09T15:23:30","modified_gmt":"2017-03-09T20:23:30","slug":"resultats-2015","status":"publish","type":"page","link":"https:\/\/cap.ca\/fr\/activites\/programme-de-distinctions\/university-physics-students\/prix-lloyd-g-elliott-examen-universitaire\/anciens-examens\/resultats-2015\/","title":{"rendered":"R\u00e9sultats de l&#8217;examen universitaire 2015"},"content":{"rendered":"<p>Le concours universitaire 2015 de l&#8217;ACP a eu lieu le 3 f\u00e9vrier 2015. Cet examen fut administr\u00e9 par l&#8217;Universit\u00e9 du Manitoba. L&#8217;examen a \u00e9t\u00e9 pris par 65 \u00e9tudiant(e)s de 17 universit\u00e9s.<\/p>\n<p><strong>Les 10 meilleurs r\u00e9sultats<\/strong><\/p>\n<p>Rang- Nomn, Universit\u00e9<\/p>\n<p><strong>1er &#8211; Chao Wang, University of Toronto (prix en argent + voyage au congr\u00e8s de l&#8217;ACP 2015)<br \/>2e &#8211; Sean Ridout, McMaster University (prix en argent)<br \/>2e &#8211; \u00c9tienne Lantagne-Hurtubise, Universit\u00e9 de Montr\u00e9al (prix en argent)<br \/>2e &#8211; Simon Blouin, Universit\u00e9 de Montr\u00e9al (prix en argent)<\/strong><br \/>5e &#8211; Matthew Quenneville, Simon Fraser University<br \/>6e &#8211; Alan Morningstar, McMaster University<br \/>7e &#8211; Ramanjit Sohal, University of Toronto<br \/>8e &#8211; Oguzhan Can, University of Toronto<br \/>9e &#8211; Jeremy Li, University of Toronto<br \/>10e &#8211; Alexander Grindal, Queen&#8217;s University<\/p>\n<p><strong>L&#8217;\u00e9tudiant ayant obtenu la meilleure note par universit\u00e9<\/strong><\/p>\n<p>Universit\u00e9, Nom<\/p>\n<p>University of Toronto, Chao Wang<br \/>McMaster University, Sean Ridout<br \/>Universit\u00e9 de Montr\u00e9al, \u00c9tienne Lantagne-Hurtubise et Simon Blouin (\u00e9galit\u00e9)<br \/>Simon Fraser University, Matthew Quenneville<br \/>Queen&#8217;s University, Alexander Grindal<br \/>Universit\u00e9 Laval, Maxime Tr\u00e9panier<br \/>McGill University, Maximilian Krogius<br \/>University of British Columbia, Hon Ka Hui<br \/>University of Waterloo, Shouzhen Gu<br \/>Trent University, Eamonn Corrigan<br \/>University of Calgary, Rashad Bayramov<br \/>University of Ottawa, Curtis Toupin<br \/>University of Victoria, Matthew Griffiths<br \/>University of British Columbia Okanagan, Matthew Basso<br \/>Universit\u00e9 de Sherbrooke, Charles-David H\u00e9bert<br \/>University of Winnipeg, Allison Kolly<br \/>Memorial University of Newfoundland, Tyler Downey<\/p>\n","protected":false},"excerpt":{"rendered":"<p>Le concours universitaire 2015 de l&#8217;ACP a eu lieu le 3 f\u00e9vrier 2015. Cet examen fut administr\u00e9 par l&#8217;Universit\u00e9 du Manitoba. L&#8217;examen a \u00e9t\u00e9 pris par 65 \u00e9tudiant(e)s de 17 universit\u00e9s. Les 10 meilleurs r\u00e9sultats Rang- Nomn, Universit\u00e9 1er &#8211; Chao Wang, University of Toronto (prix en argent + voyage au congr\u00e8s de l&#8217;ACP 2015)2e&#8230;  <a class=\"excerpt-read-more\" href=\"https:\/\/cap.ca\/fr\/activites\/programme-de-distinctions\/university-physics-students\/prix-lloyd-g-elliott-examen-universitaire\/anciens-examens\/resultats-2015\/\" title=\"LireR\u00e9sultats de l&#8217;examen universitaire 2015\">Lire la suite &raquo;<\/a><\/p>\n","protected":false},"author":10,"featured_media":0,"parent":3345,"menu_order":8672,"comment_status":"closed","ping_status":"closed","template":"","meta":{"footnotes":""},"class_list":["post-3347","page","type-page","status-publish","hentry"],"_links":{"self":[{"href":"https:\/\/cap.ca\/fr\/wp-json\/wp\/v2\/pages\/3347","targetHints":{"allow":["GET"]}}],"collection":[{"href":"https:\/\/cap.ca\/fr\/wp-json\/wp\/v2\/pages"}],"about":[{"href":"https:\/\/cap.ca\/fr\/wp-json\/wp\/v2\/types\/page"}],"author":[{"embeddable":true,"href":"https:\/\/cap.ca\/fr\/wp-json\/wp\/v2\/users\/10"}],"replies":[{"embeddable":true,"href":"https:\/\/cap.ca\/fr\/wp-json\/wp\/v2\/comments?post=3347"}],"version-history":[{"count":1,"href":"https:\/\/cap.ca\/fr\/wp-json\/wp\/v2\/pages\/3347\/revisions"}],"predecessor-version":[{"id":3674,"href":"https:\/\/cap.ca\/fr\/wp-json\/wp\/v2\/pages\/3347\/revisions\/3674"}],"up":[{"embeddable":true,"href":"https:\/\/cap.ca\/fr\/wp-json\/wp\/v2\/pages\/3345"}],"wp:attachment":[{"href":"https:\/\/cap.ca\/fr\/wp-json\/wp\/v2\/media?parent=3347"}],"curies":[{"name":"wp","href":"https:\/\/api.w.org\/{rel}","templated":true}]}}