{"id":3346,"date":"2017-03-09T15:23:27","date_gmt":"2017-03-09T20:23:27","guid":{"rendered":"http:\/\/caph-02.eproofs.ca\/resultats-2016\/"},"modified":"2017-03-09T15:23:27","modified_gmt":"2017-03-09T20:23:27","slug":"resultats-2016","status":"publish","type":"page","link":"https:\/\/cap.ca\/fr\/activites\/programme-de-distinctions\/university-physics-students\/prix-lloyd-g-elliott-examen-universitaire\/anciens-examens\/resultats-2016\/","title":{"rendered":"R\u00e9sultats du concours universitaire 2016"},"content":{"rendered":"<p>Le concours universitaire 2016 de l&#8217;ACP a eu lieu le 2 f\u00e9vrier 2016. Cet examen fut administr\u00e9 par l&#8217;Universit\u00e9 de Waterloo. L&#8217;examen a \u00e9t\u00e9 compl\u00e9t\u00e9 par 77 \u00e9tudiant(e)s provenant de 14 universit\u00e9s et coll\u00e8ges.<\/p>\n<p><strong>Les 10 meilleurs r\u00e9sultats<\/strong><\/p>\n<p><u>Rang &#8211; Nom, Universit\u00e9<\/u><\/p>\n<p><strong>1re &#8211; Simon Axelrod, Queen&#8217;s University (prix en argent + voyage au Congr\u00e8s de l&#8217;ACP de 2016)<\/strong><\/p>\n<p><strong>2e &#8211; Chris Ni, University of Toronto (<\/strong><strong>prix en argent<\/strong><strong>)<\/strong><\/p>\n<p><strong>3e &#8211; Sam Leutheusser, University of British Columbia (<\/strong><strong>prix en argent<\/strong><strong>)<\/strong><\/p>\n<p>4e &#8211; Theodore Tomalty, McGill University<\/p>\n<p>5e &#8211; Chris Prosko, University of Alberta<\/p>\n<p>5e &#8211; Aaron Goldberg, McMaster University<\/p>\n<p>7e &#8211; Oguzhan Can, Universit\u00e9 de Toronto<\/p>\n<p>8e &#8211; Alan Morningstar, McMaster University<\/p>\n<p>9e &#8211; Matthew Quenneville, Simon Fraser University<\/p>\n<p>10e &#8211; Ramanjit Sohal, Universit\u00e9 de Toronto<\/p>\n<p><strong>L&#8217;\u00e9tudiant ayant obtenu la meilleure note par universit\u00e9<\/strong><\/p>\n<p><u>Universit\u00e9, Nom<\/u><\/p>\n<p>Langara College, Walter Lau<\/p>\n<p>Universit\u00e9 McGill, Theodore Tomalty<\/p>\n<p>McMaster University, Aaron Goldberg<\/p>\n<p>Queen&#8217;s University, Simon Axelrod<\/p>\n<p>Simon Fraser University, Matthew Quenneville<\/p>\n<p>Trent University, Jeet Trivedi<\/p>\n<p>Universit\u00e9 de Montr\u00e9al, Julien Gaboriaud<\/p>\n<p>Universit\u00e9 de Sherbrooke, Laurent Bergeron<\/p>\n<p>Universit\u00e9 du Qu\u00e9bec \u00e0 Trois-Rivi\u00e8res, Samuel Lemay<\/p>\n<p>University of Alberta, Chris Prosko<\/p>\n<p>University of British Columbia, Sam Leutheusser<\/p>\n<p>University of British Columbia Okanagan, Matthew Basso<\/p>\n<p>Universit\u00e9 d&#8217;Ottawa, Samy Abidib<\/p>\n<p>Universit\u00e9 de Toronto, Chris Ni<\/p>\n","protected":false},"excerpt":{"rendered":"<p>Le concours universitaire 2016 de l&#8217;ACP a eu lieu le 2 f\u00e9vrier 2016. Cet examen fut administr\u00e9 par l&#8217;Universit\u00e9 de Waterloo. L&#8217;examen a \u00e9t\u00e9 compl\u00e9t\u00e9 par 77 \u00e9tudiant(e)s provenant de 14 universit\u00e9s et coll\u00e8ges. Les 10 meilleurs r\u00e9sultats Rang &#8211; Nom, Universit\u00e9 1re &#8211; Simon Axelrod, Queen&#8217;s University (prix en argent + voyage au Congr\u00e8s&#8230;  <a class=\"excerpt-read-more\" href=\"https:\/\/cap.ca\/fr\/activites\/programme-de-distinctions\/university-physics-students\/prix-lloyd-g-elliott-examen-universitaire\/anciens-examens\/resultats-2016\/\" title=\"LireR\u00e9sultats du concours universitaire 2016\">Lire la suite &raquo;<\/a><\/p>\n","protected":false},"author":10,"featured_media":0,"parent":3345,"menu_order":8671,"comment_status":"closed","ping_status":"closed","template":"","meta":{"footnotes":""},"class_list":["post-3346","page","type-page","status-publish","hentry"],"_links":{"self":[{"href":"https:\/\/cap.ca\/fr\/wp-json\/wp\/v2\/pages\/3346","targetHints":{"allow":["GET"]}}],"collection":[{"href":"https:\/\/cap.ca\/fr\/wp-json\/wp\/v2\/pages"}],"about":[{"href":"https:\/\/cap.ca\/fr\/wp-json\/wp\/v2\/types\/page"}],"author":[{"embeddable":true,"href":"https:\/\/cap.ca\/fr\/wp-json\/wp\/v2\/users\/10"}],"replies":[{"embeddable":true,"href":"https:\/\/cap.ca\/fr\/wp-json\/wp\/v2\/comments?post=3346"}],"version-history":[{"count":1,"href":"https:\/\/cap.ca\/fr\/wp-json\/wp\/v2\/pages\/3346\/revisions"}],"predecessor-version":[{"id":3673,"href":"https:\/\/cap.ca\/fr\/wp-json\/wp\/v2\/pages\/3346\/revisions\/3673"}],"up":[{"embeddable":true,"href":"https:\/\/cap.ca\/fr\/wp-json\/wp\/v2\/pages\/3345"}],"wp:attachment":[{"href":"https:\/\/cap.ca\/fr\/wp-json\/wp\/v2\/media?parent=3346"}],"curies":[{"name":"wp","href":"https:\/\/api.w.org\/{rel}","templated":true}]}}