{"id":3345,"date":"2017-03-09T15:23:25","date_gmt":"2017-03-09T20:23:25","guid":{"rendered":"http:\/\/caph-02.eproofs.ca\/anciens-examens\/"},"modified":"2025-02-24T10:54:01","modified_gmt":"2025-02-24T15:54:01","slug":"anciens-examens","status":"publish","type":"page","link":"https:\/\/cap.ca\/fr\/activites\/programme-de-distinctions\/university-physics-students\/prix-lloyd-g-elliott-examen-universitaire\/anciens-examens\/","title":{"rendered":"Anciens examens et r\u00e9sultats du prix universitaire de l&#8217;ACP"},"content":{"rendered":"<p>Au-dessous sont \u00e9num\u00e9r\u00e9s les examens des ann\u00e9es pr\u00e9c\u00e9dentes (courantes \u00e0 1975 ; ceux sans liens ne sont pas encore disponibles). Malheureusement les dossiers de solution ne sont pas disponibles ; cependant, nous vous encourageons \u00e0 travailler sur les probl\u00e8mes et \u00e0 consulter votre professeur de physique pour discuter les solutions.<\/p>\n<p>Les r\u00e9sultats des examens de prix de l&#8217;ann\u00e9e en cours \u00e0 2014 sont \u00e9galement affich\u00e9s ici. Les r\u00e9sultats ant\u00e9rieurs seront ajout\u00e9s en temps voulu.<\/p>\n<table style=\"border-collapse: collapse; width: 100%;\">\n<tbody>\n<tr>\n<td style=\"width: 50%;\"><strong>Anciens examens<\/strong><\/td>\n<td style=\"width: 50%;\"><strong>R\u00e9sultats des examens<\/strong><\/td>\n<\/tr>\n<tr>\n<td style=\"width: 50%;\">\n<ul class=\"content-list\">\n<li>2024 et 2025 (examens non tenus)<\/li>\n<li>2023 (\u00e0 venir)<\/li>\n<li>2022 (\u00e0 venir)<\/li>\n<li>2021 (\u00e0 venir)<\/li>\n<li>2020 (\u00e0 venir)<\/li>\n<li>2019\u00a0 (\u00e0 venir)<\/li>\n<li><a href=\"https:\/\/cap.ca\/wp-content\/uploads\/2018\/11\/Confidential-2018-UPrize-Exam.pdf\" target=\"_blank\" rel=\"noopener noreferrer\">2018 (disponible en anglais seulement)<\/a><\/li>\n<li><a href=\"https:\/\/cap.ca\/wp-content\/uploads\/2017\/12\/Confidential-UPrize-Exam-20171.pdf\">2017 (disponible en anglais seulement)<\/a><\/li>\n<li><a href=\"https:\/\/cap.ca\/wp-content\/uploads\/2018\/11\/Confidential-UPrize-Exam-2016-EN-1.pdf\">2016 (disponible en anglais seulement)<\/a><\/li>\n<li><a href=\"https:\/\/cap.ca\/wp-content\/uploads\/2017\/03\/cap_2015_f.pdf\" target=\"_blank\" rel=\"noopener noreferrer\">2015<\/a><\/li>\n<li><a href=\"https:\/\/cap.ca\/wp-content\/uploads\/2017\/03\/cap_2014_f.pdf\" target=\"_blank\" rel=\"noopener noreferrer\">2014<\/a><\/li>\n<li><a href=\"https:\/\/cap.ca\/wp-content\/uploads\/2017\/03\/cap_2013_f.pdf\" target=\"_blank\" rel=\"noopener noreferrer\">2013<\/a><\/li>\n<li><a href=\"https:\/\/cap.ca\/wp-content\/uploads\/2017\/03\/cap_2012_f.pdf\" target=\"_blank\" rel=\"noopener noreferrer\">2012<\/a><\/li>\n<li><a href=\"https:\/\/cap.ca\/wp-content\/uploads\/2017\/03\/cap_2011_f.pdf\" target=\"_blank\" rel=\"noopener noreferrer\">2011<\/a><\/li>\n<li>2010<\/li>\n<li><a href=\"https:\/\/cap.ca\/wp-content\/uploads\/2017\/03\/cap_2009_f.pdf\" target=\"_blank\" rel=\"noopener noreferrer\">2009<\/a><\/li>\n<li><a href=\"https:\/\/cap.ca\/wp-content\/uploads\/2017\/03\/cap_2008_f.pdf\" target=\"_blank\" rel=\"noopener noreferrer\">2008<\/a><\/li>\n<li><a href=\"https:\/\/cap.ca\/wp-content\/uploads\/2017\/03\/cap_2007_f.pdf\" target=\"_blank\" rel=\"noopener noreferrer\">2007<\/a><\/li>\n<li><a href=\"https:\/\/cap.ca\/wp-content\/uploads\/2017\/03\/cap_2006_f.pdf\" target=\"_blank\" rel=\"noopener noreferrer\">2006<\/a><\/li>\n<li><a href=\"https:\/\/cap.ca\/wp-content\/uploads\/2017\/03\/cap_2005_f.pdf\" target=\"_blank\" rel=\"noopener noreferrer\">2005<\/a><\/li>\n<li><a href=\"https:\/\/cap.ca\/wp-content\/uploads\/2017\/03\/cap_2004.pdf\" target=\"_blank\" rel=\"noopener noreferrer\">2004<\/a> (disponible en anglais seulement)<\/li>\n<li><a href=\"https:\/\/cap.ca\/wp-content\/uploads\/2017\/03\/cap_2003.pdf\" target=\"_blank\" rel=\"noopener noreferrer\">2003<\/a> (disponible en anglais seulement)<\/li>\n<li><a href=\"https:\/\/cap.ca\/wp-content\/uploads\/2017\/03\/cap_2002.pdf\" target=\"_blank\" rel=\"noopener noreferrer\">2002<\/a> (disponible en anglais seulement)<\/li>\n<li><a href=\"https:\/\/cap.ca\/wp-content\/uploads\/2017\/03\/cap_2001.pdf\" target=\"_blank\" rel=\"noopener noreferrer\">2001<\/a> (disponible en anglais seulement)<\/li>\n<li><a href=\"https:\/\/cap.ca\/wp-content\/uploads\/2017\/03\/cap_2000.pdf\" target=\"_blank\" rel=\"noopener noreferrer\">2000<\/a> (disponible en anglais seulement)<\/li>\n<li><a href=\"https:\/\/cap.ca\/wp-content\/uploads\/2017\/03\/cap_1999.pdf\" target=\"_blank\" rel=\"noopener noreferrer\">1999<\/a> (disponible en anglais seulement)<\/li>\n<li><a href=\"https:\/\/cap.ca\/wp-content\/uploads\/2017\/03\/cap_1998.pdf\" target=\"_blank\" rel=\"noopener noreferrer\">1998<\/a> (disponible en anglais seulement)<\/li>\n<li><a href=\"https:\/\/cap.ca\/wp-content\/uploads\/2017\/03\/cap_1997.pdf\" target=\"_blank\" rel=\"noopener noreferrer\">1997<\/a> (disponible en anglais seulement)<\/li>\n<li><a href=\"https:\/\/cap.ca\/wp-content\/uploads\/2017\/03\/cap_1996.pdf\" target=\"_blank\" rel=\"noopener noreferrer\">1996<\/a> (disponible en anglais seulement)<\/li>\n<li><a href=\"https:\/\/cap.ca\/wp-content\/uploads\/2017\/03\/cap_1995.pdf\" target=\"_blank\" rel=\"noopener noreferrer\">1995<\/a> (disponible en anglais seulement)<\/li>\n<li>1994<\/li>\n<li>1993<\/li>\n<li><a href=\"https:\/\/cap.ca\/wp-content\/uploads\/2017\/03\/cap_1992.pdf\" target=\"_blank\" rel=\"noopener noreferrer\">1992<\/a> (disponible en anglais seulement)<\/li>\n<li>1991<\/li>\n<li><a href=\"https:\/\/cap.ca\/wp-content\/uploads\/2017\/03\/cap_1990.pdf\" target=\"_blank\" rel=\"noopener noreferrer\">1990<\/a> (disponible en anglais seulement)<\/li>\n<li><a href=\"https:\/\/cap.ca\/wp-content\/uploads\/2017\/03\/cap_1989.pdf\" target=\"_blank\" rel=\"noopener noreferrer\">1989<\/a> (disponible en anglais seulement)<\/li>\n<li><a href=\"https:\/\/cap.ca\/wp-content\/uploads\/2017\/03\/cap_1988.pdf\" target=\"_blank\" rel=\"noopener noreferrer\">1988<\/a> (disponible en anglais seulement)<\/li>\n<li>1987<\/li>\n<li><a href=\"https:\/\/cap.ca\/wp-content\/uploads\/2017\/03\/cap_1986.pdf\" target=\"_blank\" rel=\"noopener noreferrer\">1986<\/a> (disponible en anglais seulement)<\/li>\n<li>1985<\/li>\n<li>1984<\/li>\n<li>1983<\/li>\n<li><a href=\"https:\/\/cap.ca\/wp-content\/uploads\/2017\/03\/cap_1982.pdf\" target=\"_blank\" rel=\"noopener noreferrer\">1982<\/a> (disponible en anglais seulement)<\/li>\n<li>1981<\/li>\n<li><a href=\"https:\/\/cap.ca\/wp-content\/uploads\/2017\/03\/cap_1980.pdf\" target=\"_blank\" rel=\"noopener noreferrer\">1980<\/a> (disponible en anglais seulement)<\/li>\n<li><a href=\"https:\/\/cap.ca\/wp-content\/uploads\/2017\/03\/cap_1979.pdf\" target=\"_blank\" rel=\"noopener noreferrer\">1979<\/a> (disponible en anglais seulement)<\/li>\n<li><a href=\"https:\/\/cap.ca\/wp-content\/uploads\/2017\/03\/cap_1978.pdf\" target=\"_blank\" rel=\"noopener noreferrer\">1978<\/a> (disponible en anglais seulement)<\/li>\n<li><a href=\"https:\/\/cap.ca\/wp-content\/uploads\/2017\/03\/cap_1977.pdf\" target=\"_blank\" rel=\"noopener noreferrer\">1977<\/a> (disponible en anglais seulement)<\/li>\n<li><a href=\"https:\/\/cap.ca\/wp-content\/uploads\/2017\/03\/cap_1976.pdf\" target=\"_blank\" rel=\"noopener noreferrer\">1976<\/a> (disponible en anglais seulement)<\/li>\n<li><a href=\"https:\/\/cap.ca\/wp-content\/uploads\/2017\/03\/cap_1975.pdf\" target=\"_blank\" rel=\"noopener noreferrer\">1975<\/a> (disponible en anglais seulement)<\/li>\n<\/ul>\n<\/td>\n<td style=\"width: 50%;\">\n<ul class=\"content-list\">\n<li>2024 et 2025 (examens non tenus)<\/li>\n<li>2023 R\u00e9sultats (non disponibles)<\/li>\n<li><a href=\"https:\/\/cap.ca\/fr\/activites\/programme-de-distinctions\/university-physics-students\/prix-lloyd-g-elliott-examen-universitaire\/resultats-du-concours-2022-de-lacp\/\" target=\"_blank\" rel=\"noopener\">2022 R\u00e9sultats<\/a><\/li>\n<li><a href=\"https:\/\/cap.ca\/programs\/medals-and-awards\/prizes-students\/university-prize-exam\/2021-cap-university-prize-exam-results\/\" target=\"_blank\" rel=\"noopener noreferrer\">2021 R\u00e9sultats<\/a><\/li>\n<li><a href=\"https:\/\/cap.ca\/programs\/medals-and-awards\/prizes-students\/university-prize-exam\/2020-cap-upe-results\/\" target=\"_blank\" rel=\"noopener noreferrer\">2020 <\/a><a href=\"https:\/\/cap.ca\/programs\/medals-and-awards\/prizes-students\/university-prize-exam\/2021-cap-university-prize-exam-results\/\" target=\"_blank\" rel=\"noopener noreferrer\">R\u00e9sultats<\/a><\/li>\n<li><a href=\"https:\/\/cap.ca\/programs\/medals-and-awards\/prizes-students\/university-prize-exam\/2019-cap-university-prize-exam-results\/\" target=\"_blank\" rel=\"noopener noreferrer\">2019 <\/a><a href=\"https:\/\/cap.ca\/programs\/medals-and-awards\/prizes-students\/university-prize-exam\/2021-cap-university-prize-exam-results\/\" target=\"_blank\" rel=\"noopener noreferrer\">R\u00e9sultats<\/a><\/li>\n<li><a href=\"https:\/\/cap.ca\/programs\/medals-and-awards\/prizes-students\/university-prize-exam\/2018-cap-university-prize-exam-results\/\" target=\"_blank\" rel=\"noopener noreferrer\">2018 <\/a><a href=\"https:\/\/cap.ca\/programs\/medals-and-awards\/prizes-students\/university-prize-exam\/2021-cap-university-prize-exam-results\/\" target=\"_blank\" rel=\"noopener noreferrer\">R\u00e9sultats<\/a><\/li>\n<li><a href=\"https:\/\/cap.ca\/programs\/medals-and-awards\/prizes-students\/university-prize-exam\/2017-results\/\" target=\"_blank\" rel=\"noopener noreferrer\">2017 <\/a><a href=\"https:\/\/cap.ca\/programs\/medals-and-awards\/prizes-students\/university-prize-exam\/2021-cap-university-prize-exam-results\/\" target=\"_blank\" rel=\"noopener noreferrer\">R\u00e9sultats<\/a><\/li>\n<li><a href=\"https:\/\/cap.ca\/programs\/medals-and-awards\/prizes-students\/university-prize-exam\/2016-results\/\" target=\"_blank\" rel=\"noopener noreferrer\">2016 <\/a><a href=\"https:\/\/cap.ca\/programs\/medals-and-awards\/prizes-students\/university-prize-exam\/2021-cap-university-prize-exam-results\/\" target=\"_blank\" rel=\"noopener noreferrer\">R\u00e9sultats<\/a><\/li>\n<li><a href=\"https:\/\/cap.ca\/programs\/medals-and-awards\/prizes-students\/university-prize-exam\/2015-results\/\" target=\"_blank\" rel=\"noopener noreferrer\">2015 <\/a>R\u00e9sultats<\/li>\n<li><a href=\"https:\/\/cap.ca\/programs\/medals-and-awards\/prizes-students\/university-prize-exam\/2014-results\/\" target=\"_blank\" rel=\"noopener noreferrer\">2014 <\/a>R\u00e9sultats<\/li>\n<li>2013 R\u00e9sultats<\/li>\n<li>2012 R\u00e9sultats<\/li>\n<li>2011 R\u00e9sultats<\/li>\n<li>2010 R\u00e9sultats<\/li>\n<li>2009 R\u00e9sultats<\/li>\n<li>2008 R\u00e9sultats<\/li>\n<li>2007 R\u00e9sultats<\/li>\n<li>2006 R\u00e9sultats<\/li>\n<li>2005 R\u00e9sultats<\/li>\n<li>2004 R\u00e9sultats<\/li>\n<li>2003 R\u00e9sultats<\/li>\n<li>2002 R\u00e9sultats<\/li>\n<li>2001 R\u00e9sultats<\/li>\n<li>2000 R\u00e9sultats<\/li>\n<li>1999 R\u00e9sultats<\/li>\n<li>1998 R\u00e9sultats<\/li>\n<li>1997 R\u00e9sultats<\/li>\n<li>1996 R\u00e9sultats<\/li>\n<li>1995 R\u00e9sultats<\/li>\n<li>1994 R\u00e9sultats<\/li>\n<li>1993 R\u00e9sultats<\/li>\n<li>1992 R\u00e9sultats<\/li>\n<li>1991 R\u00e9sultats<\/li>\n<li>1990 R\u00e9sultats<\/li>\n<li>1989 R\u00e9sultats<\/li>\n<li>1988 R\u00e9sultats<\/li>\n<li>1987 R\u00e9sultats<\/li>\n<li>1986 R\u00e9sultats<\/li>\n<li>1985 R\u00e9sultats<\/li>\n<li>1984 R\u00e9sultats<\/li>\n<li>1983 R\u00e9sultats<\/li>\n<li>1982 R\u00e9sultats<\/li>\n<li>1981 R\u00e9sultats<\/li>\n<li>1980 R\u00e9sultats<\/li>\n<li>1979 R\u00e9sultats<\/li>\n<li>1978 R\u00e9sultats<\/li>\n<li>1977 R\u00e9sultats<\/li>\n<li>1976 R\u00e9sultats<\/li>\n<li>1975 R\u00e9sultats<\/li>\n<\/ul>\n<\/td>\n<\/tr>\n<\/tbody>\n<\/table>\n","protected":false},"excerpt":{"rendered":"<p>Au-dessous sont \u00e9num\u00e9r\u00e9s les examens des ann\u00e9es pr\u00e9c\u00e9dentes (courantes \u00e0 1975 ; ceux sans liens ne sont pas encore disponibles). Malheureusement les dossiers de solution ne sont pas disponibles ; cependant, nous vous encourageons \u00e0 travailler sur les probl\u00e8mes et \u00e0 consulter votre professeur de physique pour discuter les solutions. Les r\u00e9sultats des examens de&#8230;  <a class=\"excerpt-read-more\" href=\"https:\/\/cap.ca\/fr\/activites\/programme-de-distinctions\/university-physics-students\/prix-lloyd-g-elliott-examen-universitaire\/anciens-examens\/\" title=\"LireAnciens examens et r\u00e9sultats du prix universitaire de l&#8217;ACP\">Lire la suite &raquo;<\/a><\/p>\n","protected":false},"author":10,"featured_media":0,"parent":3344,"menu_order":8672,"comment_status":"closed","ping_status":"closed","template":"","meta":{"footnotes":""},"class_list":["post-3345","page","type-page","status-publish","hentry"],"_links":{"self":[{"href":"https:\/\/cap.ca\/fr\/wp-json\/wp\/v2\/pages\/3345","targetHints":{"allow":["GET"]}}],"collection":[{"href":"https:\/\/cap.ca\/fr\/wp-json\/wp\/v2\/pages"}],"about":[{"href":"https:\/\/cap.ca\/fr\/wp-json\/wp\/v2\/types\/page"}],"author":[{"embeddable":true,"href":"https:\/\/cap.ca\/fr\/wp-json\/wp\/v2\/users\/10"}],"replies":[{"embeddable":true,"href":"https:\/\/cap.ca\/fr\/wp-json\/wp\/v2\/comments?post=3345"}],"version-history":[{"count":10,"href":"https:\/\/cap.ca\/fr\/wp-json\/wp\/v2\/pages\/3345\/revisions"}],"predecessor-version":[{"id":26550,"href":"https:\/\/cap.ca\/fr\/wp-json\/wp\/v2\/pages\/3345\/revisions\/26550"}],"up":[{"embeddable":true,"href":"https:\/\/cap.ca\/fr\/wp-json\/wp\/v2\/pages\/3344"}],"wp:attachment":[{"href":"https:\/\/cap.ca\/fr\/wp-json\/wp\/v2\/media?parent=3345"}],"curies":[{"name":"wp","href":"https:\/\/api.w.org\/{rel}","templated":true}]}}