{"id":3344,"date":"2017-03-09T15:23:22","date_gmt":"2017-03-09T20:23:22","guid":{"rendered":"http:\/\/caph-02.eproofs.ca\/prix-lloyd-g-elliott-examen-universitaire\/"},"modified":"2026-03-20T14:57:12","modified_gmt":"2026-03-20T18:57:12","slug":"prix-lloyd-g-elliott-examen-universitaire","status":"publish","type":"page","link":"https:\/\/cap.ca\/fr\/activites\/programme-de-distinctions\/university-physics-students\/prix-lloyd-g-elliott-examen-universitaire\/","title":{"rendered":"Prix Lloyd G. Elliott, Examen universitaire"},"content":{"rendered":"<blockquote><p><strong>L&#8217;examen du Prix universitaire ne sera pas propos\u00e9 en 2026. Il sera organis\u00e9 \u00e0 nouveau en mars 2028 avec un examen pour les \u00e9tudiants de premi\u00e8re cycle et un examen pour les \u00e9tudiants de deuxi\u00e8me cycle ou plus. Des plans sont en cours de d\u00e9veloppement pour offrir des sessions de formation en ligne ou hybrides une fois par mois \u00e0 partir de septembre 2027. Tout membre int\u00e9ress\u00e9 \u00e0 faire partie du Comit\u00e9 national des examens peut envoyer un message \u00e0 <a href=\"mailto:programs@cap.ca\">programs@cap.ca<\/a>.<\/strong><\/p>\n<p>L&#8217;examen 2023 a eu lieu le samedi 18 mars (heure de l&#8217;Est). Les \u00e9tudiants ont pu commencer l&#8217;examen \u00e0 livre ouvert \u00e0 n&#8217;importe quel moment de la journ\u00e9e, jusqu&#8217;\u00e0 23h30 (heure de l&#8217;Est) ; une fois l&#8217;examen commenc\u00e9, ils disposaient de 3 heures pour le terminer. Les r\u00e9sultats ne sont pas encore disponibles pour des raisons ind\u00e9pendantes de la volont\u00e9 du bureau de l&#8217;ACP. D\u00e8s qu&#8217;ils seront disponibles, cette page web sera mise \u00e0 jour.<\/p><\/blockquote>\n<p>L&#8217;examen du Prix universitaire de l&#8217;ACP, qui se tient normalement en f\u00e9vrier ou mars de chaque ann\u00e9e, est un concours national ouvert aux \u00e9tudiants de tout le pays qui \u00e9tudient la physique et sont inscrits \u00e0 un programme de premier cycle au moment de l&#8217;examen. Tous les \u00e9tudiants admissibles sont encourag\u00e9s \u00e0 y participer.<\/p>\n<p><strong>Cet examen est financ\u00e9 uniquement par les dons charitables des membres, amis et supporteurs de l&#8217;ACP.\u00a0 <\/strong>En 2022, la <a href=\"https:\/\/cap.ca\/fr\/facp\/\" target=\"_blank\" rel=\"noopener noreferrer\">Fondation de l&#8217;ACP<\/a> a offrir les prix* suivants:<\/p>\n<ul class=\"content-list\">\n<li>Premier prix, le prix Lloyd G. Elliott &#8211; 500 $<\/li>\n<li>Deuxi\u00e8me prix &#8211; 300 $<\/li>\n<li>Troisi\u00e8me prix &#8211; 200 $<\/li>\n<\/ul>\n<p><a href=\"https:\/\/cap.ca\/fr\/facp\/don\/\" target=\"_blank\" rel=\"noopener noreferrer\"><strong>Les dons soutenant le travail de la Fondation de l&#8217;ACP<\/strong><\/a> sont toujours les bienvenus et des re\u00e7us pour fin d&#8217;imp\u00f4t sont \u00e9mis.<\/p>\n<p>*Les prix doivent \u00eatre r\u00e9clam\u00e9s dans un d\u00e9lai de deux (2) ans suivant la date de leur \u00e9mission.<\/p>\n<h2><span style=\"font-size: 14pt;\">Cliquer <span style=\"text-decoration: underline;\"><strong><a href=\"https:\/\/cap.ca\/fr\/activites\/medailles-bourses\/prix-etudiants\/prix-lloyd-g-elliott-examen-universitaire\/anciens-examens\/\" target=\"_blank\" rel=\"noopener noreferrer\">ici<\/a><\/strong><\/span> pour acc\u00e9der aux r\u00e9sultats pr\u00e9c\u00e9dents des examens des concours\u00a0 de l\u2019ACP<\/span><\/h2>\n","protected":false},"excerpt":{"rendered":"<p>L&#8217;examen du Prix universitaire ne sera pas propos\u00e9 en 2026. Il sera organis\u00e9 \u00e0 nouveau en mars 2028 avec un examen pour les \u00e9tudiants de premi\u00e8re cycle et un examen pour les \u00e9tudiants de deuxi\u00e8me cycle ou plus. Des plans sont en cours de d\u00e9veloppement pour offrir des sessions de formation en ligne ou hybrides&#8230;  <a class=\"excerpt-read-more\" href=\"https:\/\/cap.ca\/fr\/activites\/programme-de-distinctions\/university-physics-students\/prix-lloyd-g-elliott-examen-universitaire\/\" title=\"LirePrix Lloyd G. Elliott, Examen universitaire\">Lire la suite &raquo;<\/a><\/p>\n","protected":false},"author":10,"featured_media":0,"parent":25818,"menu_order":7,"comment_status":"closed","ping_status":"closed","template":"","meta":{"footnotes":""},"class_list":["post-3344","page","type-page","status-publish","hentry"],"_links":{"self":[{"href":"https:\/\/cap.ca\/fr\/wp-json\/wp\/v2\/pages\/3344","targetHints":{"allow":["GET"]}}],"collection":[{"href":"https:\/\/cap.ca\/fr\/wp-json\/wp\/v2\/pages"}],"about":[{"href":"https:\/\/cap.ca\/fr\/wp-json\/wp\/v2\/types\/page"}],"author":[{"embeddable":true,"href":"https:\/\/cap.ca\/fr\/wp-json\/wp\/v2\/users\/10"}],"replies":[{"embeddable":true,"href":"https:\/\/cap.ca\/fr\/wp-json\/wp\/v2\/comments?post=3344"}],"version-history":[{"count":48,"href":"https:\/\/cap.ca\/fr\/wp-json\/wp\/v2\/pages\/3344\/revisions"}],"predecessor-version":[{"id":28938,"href":"https:\/\/cap.ca\/fr\/wp-json\/wp\/v2\/pages\/3344\/revisions\/28938"}],"up":[{"embeddable":true,"href":"https:\/\/cap.ca\/fr\/wp-json\/wp\/v2\/pages\/25818"}],"wp:attachment":[{"href":"https:\/\/cap.ca\/fr\/wp-json\/wp\/v2\/media?parent=3344"}],"curies":[{"name":"wp","href":"https:\/\/api.w.org\/{rel}","templated":true}]}}