{"id":3343,"date":"2017-03-09T15:23:20","date_gmt":"2017-03-09T20:23:20","guid":{"rendered":"http:\/\/caph-02.eproofs.ca\/acp-prix-manuscrit-eleves\/"},"modified":"2017-03-09T15:23:20","modified_gmt":"2017-03-09T20:23:20","slug":"acp-prix-manuscrit-eleves","status":"publish","type":"page","link":"https:\/\/cap.ca\/fr\/activites\/programme-de-distinctions\/university-physics-students\/acp-prix-manuscrit-eleves\/","title":{"rendered":"Prix de l&#8217;ACP pour la meilleure communication \u00e9tudiante"},"content":{"rendered":"<p>Chaque ann\u00e9e, le congr\u00e8s de l&#8217;ACP offre aux \u00e9tudiants la possibilit\u00e9 de pr\u00e9senter une affiche ou de faire une pr\u00e9sentation orale bas\u00e9 sur les r\u00e9sultats r\u00e9cents de leurs recherches. L&#8217;ACP r\u00e9compense les meilleures pr\u00e9sentations orales et les meilleures affiches \u00e9tudiantes pr\u00e9sent\u00e9es au congr\u00e8s.<\/p>\n","protected":false},"excerpt":{"rendered":"<p>Chaque ann\u00e9e, le congr\u00e8s de l&#8217;ACP offre aux \u00e9tudiants la possibilit\u00e9 de pr\u00e9senter une affiche ou de faire une pr\u00e9sentation orale bas\u00e9 sur les r\u00e9sultats r\u00e9cents de leurs recherches. L&#8217;ACP r\u00e9compense les meilleures pr\u00e9sentations orales et les meilleures affiches \u00e9tudiantes pr\u00e9sent\u00e9es au congr\u00e8s.<\/p>\n","protected":false},"author":10,"featured_media":0,"parent":25818,"menu_order":995,"comment_status":"closed","ping_status":"closed","template":"","meta":{"footnotes":""},"class_list":["post-3343","page","type-page","status-publish","hentry"],"_links":{"self":[{"href":"https:\/\/cap.ca\/fr\/wp-json\/wp\/v2\/pages\/3343","targetHints":{"allow":["GET"]}}],"collection":[{"href":"https:\/\/cap.ca\/fr\/wp-json\/wp\/v2\/pages"}],"about":[{"href":"https:\/\/cap.ca\/fr\/wp-json\/wp\/v2\/types\/page"}],"author":[{"embeddable":true,"href":"https:\/\/cap.ca\/fr\/wp-json\/wp\/v2\/users\/10"}],"replies":[{"embeddable":true,"href":"https:\/\/cap.ca\/fr\/wp-json\/wp\/v2\/comments?post=3343"}],"version-history":[{"count":1,"href":"https:\/\/cap.ca\/fr\/wp-json\/wp\/v2\/pages\/3343\/revisions"}],"predecessor-version":[{"id":3670,"href":"https:\/\/cap.ca\/fr\/wp-json\/wp\/v2\/pages\/3343\/revisions\/3670"}],"up":[{"embeddable":true,"href":"https:\/\/cap.ca\/fr\/wp-json\/wp\/v2\/pages\/25818"}],"wp:attachment":[{"href":"https:\/\/cap.ca\/fr\/wp-json\/wp\/v2\/media?parent=3343"}],"curies":[{"name":"wp","href":"https:\/\/api.w.org\/{rel}","templated":true}]}}