{"id":3342,"date":"2017-03-09T15:23:17","date_gmt":"2017-03-09T20:23:17","guid":{"rendered":"http:\/\/caph-02.eproofs.ca\/prix-etudiants\/"},"modified":"2022-08-12T10:47:39","modified_gmt":"2022-08-12T14:47:39","slug":"prix-etudiants","status":"publish","type":"page","link":"https:\/\/cap.ca\/fr\/activites\/programme-de-distinctions\/prix-etudiants\/","title":{"rendered":"Prix\/bourses pour les \u00e9tudiant(e)s"},"content":{"rendered":"<blockquote><p>Connaissez-vous un candidat ou une candidate m\u00e9ritant \u00e0 proposer pour l&#8217;un des prix d&#8217;enseignement du secondaire ou Cegep ou pour la m\u00e9daille d&#8217;enseignement de premier cycle ?\u00a0 Vous souhaitez faire une demande pour l&#8217;une de nos bourses d&#8217;\u00e9tudes sup\u00e9rieures ? C<a href=\"https:\/\/services.cap.ca\/medal\/login.php\" target=\"_blank\" rel=\"noopener noreferrer\">liquez sur les liens ci-dessous pour les crit\u00e8res et proc\u00e9dures de nomination ou de demande respectifs.<\/a><\/p>\n<p>Pr\u00eat \u00e0 proposer une nomination ou \u00e0 faire une demande ? <a href=\"https:\/\/services.cap.ca\/medal\/login.php\">Cliquez ici pour acc\u00e9der \u00e0 notre page de nominations et des applications<\/a>.<\/p>\n<p>Toute question concernant le processus de nomination ou de demande doit \u00eatre envoy\u00e9e \u00e0 <a href=\"mailto:programs@cap.ca\">programs@cap.ca<\/a>.<\/p><\/blockquote>\n<h4>\u00c9TUDIANT(E)S EN PHYSIQUE DE NIVEAU SECONDAIRE\/CEGEP<\/h4>\n<p>L&#8217;ACP offre les prix suivants qui reconnaissent les <a href=\"https:\/\/cap.ca\/fr\/activites\/medailles-bourses\/prix-etudiants\/prix-secondaire-ou-collegial\/\" target=\"_blank\" rel=\"noopener noreferrer\">r\u00e9alisations en physique au niveau secondaire\/CEGEP<\/a> :<\/p>\n<ul class=\"content-list\">\n<li><a href=\"https:\/\/cap.ca\/fr\/activites\/medailles-bourses\/prix-etudiants\/prix-secondaire-du-collrgial\/examen-du-secondaire-ou-collegial\" target=\"_blank\" rel=\"noopener noreferrer\">Prix pour l&#8217;examen du secondaire et du coll\u00e9gial de l&#8217;ACP<\/a> (les meilleurs \u00e9l\u00e8ves peuvent \u00eatre invit\u00e9s \u00e0 concourir pour repr\u00e9senter le Canada aux Olympiades internationales de physique)<\/li>\n<li><a href=\"https:\/\/cap.ca\/fr\/facp\/expo-sciences-pancanadienne\/\" target=\"_blank\" rel=\"noopener noreferrer\">Prix de l&#8217;ACP \u00e0 l&#8217;Expo-sciences pancanadienne annuelle<\/a><\/li>\n<li><a href=\"https:\/\/cap.ca\/fr\/activites\/lart-de-physique\"><u>L\u2019Art de la physique<\/u><\/a><\/li>\n<\/ul>\n<p><strong>Nous aimerions reconna\u00eetre les enseignants de physique des \u00e9coles secondaires\/c\u00e9geps qui inspirent leurs \u00e9l\u00e8ves dans l&#8217;\u00e9tude de la physique.<\/strong>\u00a0 Les \u00e9l\u00e8ves du secondaire\/c\u00e9gep et leurs parents sont \u00e9galement encourag\u00e9s \u00e0 proposer la candidature de leurs enseignants de physique m\u00e9ritants pour le <a href=\"https:\/\/cap.ca\/fr\/activites\/medailles-bourses\/medailles-enseignement\/hscta-f\/\" target=\"_blank\" rel=\"noopener noreferrer\">Prix d&#8217;excellence en enseignement de la physique au secondaire\/c\u00e9gep de l&#8217;ACP<\/a>.<\/p>\n<h4>\u00c9TUDIANTS DE PREMIER CYCLE\/DE TROISI\u00c8ME CYCLE EN PHYSIQUE<\/h4>\n<p>L&#8217;ACP offre plusieurs prix qui soulignent l&#8217;excellence dans la connaissance et la recherche en physique pour les \u00e9tudiant(e)s universitaires de premier et de deuxi\u00e8me cycle. Cliquez sur les liens ci-dessous pour en savoir plus.<\/p>\n<ul class=\"content-list\">\n<li><a href=\"https:\/\/cap.ca\/fr\/activites\/medailles-bourses\/prix-etudiants\/acp-prix-manuscrit-eleves\/\">Prix de l&#8217;ACP pour la meilleure communication \u00e9tudiante<\/a><\/li>\n<li><a href=\"https:\/\/cap.ca\/fr\/activites\/medailles-bourses\/prix-etudiants\/prix-lloyd-g-elliott-examen-universitaire\/\">Prix Lloyd G. Elliot, Examen universitaire<\/a><\/li>\n<li><a href=\"https:\/\/cap.ca\/fr\/facp\/bourses\/carswell\/\" target=\"_blank\" rel=\"noopener noreferrer\">Bourse Allan Carswell de professeur de physique<\/a><\/li>\n<li><a href=\"https:\/\/cap.ca\/fr\/activites\/medailles-bourses\/prix-etudiants\/stoicheff-f\/\">Bourse comm\u00e9morative pour \u00e9tudiants de cycles sup\u00e9rieurs Boris P. Stoicheff<\/a><\/li>\n<li><a href=\"https:\/\/cap.ca\/fr\/activites\/medailles-bourses\/prix-etudiants\/svensson\/\" target=\"_blank\" rel=\"noopener noreferrer\">Bourse comm\u00e9morative pour \u00e9tudiants de cycles sup\u00e9rieurs\u00a0Eric C. Svensson<\/a><\/li>\n<li><a href=\"https:\/\/cap.ca\/fr\/divisions\/dpampc\/dpampc-prix\/\">Prix de th\u00e8se de doctorat\u00a0DPAMPC <\/a><\/li>\n<li><a href=\"https:\/\/cap.ca\/fr\/divisions\/dpmcm\/dpmcm-prix\/\">Prix de th\u00e8se de doctorat\u00a0DCMMP <\/a><\/li>\n<li><a href=\"https:\/\/cap.ca\/fr\/divisions\/dpn\/dpn-prix\">Prix de th\u00e8se de doctorat\u00a0DPN <\/a><\/li>\n<li><a href=\"https:\/\/cap.ca\/fr\/divisions\/dppf\/dpp-prix\">Prix Plasmionique de la DPP<\/a><\/li>\n<li><a href=\"https:\/\/cap.ca\/fr\/divisions\/dpt\/dpt-prix\/\">Prix de th\u00e8se de doctorat\u00a0DPT\/WITP <\/a><\/li>\n<li><a href=\"https:\/\/cap.ca\/fr\/divisions\/ppd-f\/ppd-f-prix\">Prix de th\u00e8se de doctorat\u00a0PPD <\/a><\/li>\n<\/ul>\n<p><strong>Nous aimerions reconna\u00eetre les enseignant(e)s HS\/C\u00e9gep m\u00e9ritants et les professeur(e)s de physique universitaires qui inspirent leurs \u00e9tudiant(e)s dans l&#8217;\u00e9tude de la physique.\u00a0<\/strong> Les \u00e9tudiant(e)s universitaires de premier et deuxi\u00e8me cycles sont \u00e9galement encourag\u00e9s \u00e0 proposer la candidature d&#8217;enseignant(e)s au niveau secondaire\/C\u00e9gep et de professeur(e)s au premier cycle universitaire m\u00e9ritants pour les prix d&#8217;enseignement annuels de l&#8217;ACP :<\/p>\n<ul class=\"content-list\">\n<li><a href=\"https:\/\/cap.ca\/fr\/activites\/medailles-bourses\/medailles-enseignement\/excellence-enseignement-premier-cycle\/\" target=\"_blank\" rel=\"noopener noreferrer\">M\u00e9daille d&#8217;excellence pour l&#8217;enseignement de la physique au premier cycle universitaire<\/a><\/li>\n<li><a href=\"https:\/\/cap.ca\/fr\/activites\/medailles-bourses\/medailles-enseignement\/hscta-f\/\" target=\"_blank\" rel=\"noopener noreferrer\">Prix d&#8217;excellence pour l&#8217;enseignement de la physique au niveau secondaire\/C\u00e9gep<\/a><\/li>\n<\/ul>\n<p style=\"text-align: center;\"><a class=\"green-btn\" href=\"https:\/\/services.cap.ca\/medal\/login.php\">SYST\u00c8ME DE MISE EN CANDIDATURE POUR M\u00c9DAILLES ET PRIX<\/a><\/p>\n","protected":false},"excerpt":{"rendered":"<p>Connaissez-vous un candidat ou une candidate m\u00e9ritant \u00e0 proposer pour l&#8217;un des prix d&#8217;enseignement du secondaire ou Cegep ou pour la m\u00e9daille d&#8217;enseignement de premier cycle ?\u00a0 Vous souhaitez faire une demande pour l&#8217;une de nos bourses d&#8217;\u00e9tudes sup\u00e9rieures ? Cliquez sur les liens ci-dessous pour les crit\u00e8res et proc\u00e9dures de nomination ou de demande&#8230;  <a class=\"excerpt-read-more\" href=\"https:\/\/cap.ca\/fr\/activites\/programme-de-distinctions\/prix-etudiants\/\" title=\"LirePrix\/bourses pour les \u00e9tudiant(e)s\">Lire la suite &raquo;<\/a><\/p>\n","protected":false},"author":10,"featured_media":0,"parent":3308,"menu_order":241,"comment_status":"closed","ping_status":"closed","template":"","meta":{"footnotes":""},"class_list":["post-3342","page","type-page","status-publish","hentry"],"_links":{"self":[{"href":"https:\/\/cap.ca\/fr\/wp-json\/wp\/v2\/pages\/3342","targetHints":{"allow":["GET"]}}],"collection":[{"href":"https:\/\/cap.ca\/fr\/wp-json\/wp\/v2\/pages"}],"about":[{"href":"https:\/\/cap.ca\/fr\/wp-json\/wp\/v2\/types\/page"}],"author":[{"embeddable":true,"href":"https:\/\/cap.ca\/fr\/wp-json\/wp\/v2\/users\/10"}],"replies":[{"embeddable":true,"href":"https:\/\/cap.ca\/fr\/wp-json\/wp\/v2\/comments?post=3342"}],"version-history":[{"count":14,"href":"https:\/\/cap.ca\/fr\/wp-json\/wp\/v2\/pages\/3342\/revisions"}],"predecessor-version":[{"id":21612,"href":"https:\/\/cap.ca\/fr\/wp-json\/wp\/v2\/pages\/3342\/revisions\/21612"}],"up":[{"embeddable":true,"href":"https:\/\/cap.ca\/fr\/wp-json\/wp\/v2\/pages\/3308"}],"wp:attachment":[{"href":"https:\/\/cap.ca\/fr\/wp-json\/wp\/v2\/media?parent=3342"}],"curies":[{"name":"wp","href":"https:\/\/api.w.org\/{rel}","templated":true}]}}