{"id":3341,"date":"2017-03-09T15:23:14","date_gmt":"2017-03-09T20:23:14","guid":{"rendered":"http:\/\/caph-02.eproofs.ca\/anciens\/"},"modified":"2023-07-18T11:41:47","modified_gmt":"2023-07-18T15:41:47","slug":"anciens","status":"publish","type":"page","link":"https:\/\/cap.ca\/fr\/activites\/programme-de-distinctions\/post-graduate-physicists\/excellence-enseignement-premier-cycle\/anciens\/","title":{"rendered":"La M\u00e9daille de l&#8217;ACP pour l&#8217;excellence en enseignement de la physique au premier cycle &#8211; Anciens r\u00e9cipiendaires"},"content":{"rendered":"<div class=\"wpb-content-wrapper\"><p>[vc_row][vc_column][vc_column_text]Les laur\u00e9ats de cette m\u00e9daille depuis 2008 figurent dans l&#8217;encadr\u00e9 ci-dessous.\u00a0 <a href=\"#pre2008\">Cliquez ici pour acc\u00e9der \u00e0 la liste des laur\u00e9ats depuis l&#8217;attribution inaugurale en 1995 jusqu&#8217;\u00e0 aujourd&#8217;hui<\/a>.[\/vc_column_text][\/vc_column][\/vc_row][vc_row][vc_column][vc_raw_html]JTNDaWZyYW1lJTIwaWQlM0QlMjJpZnJhbWUtbWVkYWxzJTIyJTIwY2xhc3MlM0QlMjIlMjBpZnJhbWUtZGVsdGEtMCUyMiUyMHNyYyUzRCUyMmh0dHBzJTNBJTJGJTJGc2VydmljZXMuY2FwLmNhJTJGbWVkYWwlMkZwdWJsaWNpdHklMkZyZWNpcGllbnRzLnBocCUzRm1lZGFsJTNEMSUyNmxhbmclM0RmciUyMiUyMG5hbWUlM0QlMjJpZnJhbWUtMCUyMiUyMHdpZHRoJTNEJTIyMTAwJTI1JTIyJTIwaGVpZ2h0JTNEJTIyOTAwJTIyJTIwZnJhbWVib3JkZXIlM0QlMjIwJTIyJTIwc2Nyb2xsaW5nJTNEJTIyYXV0byUyMiUzRVlvdXIlMjBicm93c2VyJTIwZG9lcyUyMG5vdCUyMHN1cHBvcnQlMjBpZnJhbWVzLiUyMEJ1dCUyMFlvdSUyMGNhbiUyMHVzZSUyMHRoZSUyMGZvbGxvd2luZyUyMGxpbmslM0ElMjBodHRwcyUzQSUyRiUyRnNlcnZpY2VzLmNhcC5jYSUyRm1lZGFsJTJGcHVibGljaXR5JTJGcmVjaXBpZW50cy5waHAlM0ZtZWRhbCUzRDElMjZsYW5nJTNEZnIlM0MlMkZpZnJhbWUlM0U=[\/vc_raw_html][vc_column_text]<span style=\"font-size: medium;\"><strong><a id=\"pre2008\"><\/a>Les laur\u00e9ats de la m\u00e9daille, depuis la premi\u00e8re remise en 1995 jusqu&#8217;\u00e0 aujourd&#8217;hui.<\/strong><br \/>\n<\/span><span style=\"font-size: 10pt;\"><a href=\"#top\">Retour au d\u00e9but de la page.<\/a><\/span><\/p>\n<ul class=\"content-list\">\n<li>2007 &#8211; <a href=\"https:\/\/services.cap.ca\/awards\/press\/2007-Thompson-f.html\">Robert I. Thompson<\/a>, Universit\u00e9 de Calgary<\/li>\n<li>2006 &#8211; <a href=\"https:\/\/services.cap.ca\/awards\/press\/2006-Williams-f.html\">Peter Williams<\/a>, Universit\u00e9 Acadia<\/li>\n<li>2005 &#8211; <a href=\"https:\/\/services.cap.ca\/awards\/press\/2005-Marziali-f.html\">Andr\u00e9 Marziali<\/a>, Universit\u00e9 de la Colombie-Britannique<\/li>\n<li>2004 &#8211; <a href=\"https:\/\/services.cap.ca\/awards\/press\/2004-Sherif-f.html\">Helmy S. Sherif<\/a>, Universit\u00e9 de l&#8217;Alberta<\/li>\n<li>2003 &#8211; <a href=\"https:\/\/services.cap.ca\/awards\/press\/2003-Key-f.html\">Anthony Key<\/a>, Universit\u00e9 de Toronto<\/li>\n<li>2002 &#8211; <a href=\"https:\/\/services.cap.ca\/awards\/press\/2002-Matthews-f.html\">Jaymie Matthews<\/a>, Universit\u00e9 de la Colombie-Britannique<\/li>\n<li>2001 &#8211; <a href=\"https:\/\/services.cap.ca\/awards\/press\/2001-Gauthier-f.html\">Napoleon Gauthier<\/a>, Coll\u00e8ge militaire royal du Canada<\/li>\n<li>2000 &#8211; <a href=\"https:\/\/services.cap.ca\/awards\/press\/2000-Hawkes-f.html\">Robert Hawkes<\/a>, Universit\u00e9 Mount Allison<\/li>\n<li>1999 &#8211; <a href=\"https:\/\/services.cap.ca\/awards\/press\/1999-kalman-f.html\">Calvin Kalman<\/a>, Universit\u00e9 Concordia<\/li>\n<li>1998 &#8211; <a href=\"https:\/\/services.cap.ca\/awards\/press\/1998-goldman-f.html\">Samuel Pedro Goldman<\/a>, Universit\u00e9 de l&#8217;Ontario Ouest<\/li>\n<li>1997 &#8211; Ernest L. McFarland, Universit\u00e9 de Guelph<\/li>\n<li>1996 &#8211; <a href=\"https:\/\/services.cap.ca\/awards\/press\/1996-Slavin.html\">Alan J. Slavin<\/a>, Universit\u00e9 Trent <span style=\"font-size: small;\">(disponible en anglais seulement)<\/span><\/li>\n<li>1995 &#8211; John Pitre, Universit\u00e9 de Toronto <span style=\"font-size: small;\">(gagnant inaugural)<\/span><\/li>\n<\/ul>\n<p><span style=\"font-size: 10pt;\"><a href=\"#top\">Retour au d\u00e9but de la page.<\/a><\/span>[\/vc_column_text][\/vc_column][\/vc_row]<\/p>\n<\/div>","protected":false},"excerpt":{"rendered":"<p>[vc_row][vc_column][vc_column_text]Les laur\u00e9ats de cette m\u00e9daille depuis 2008 figurent dans l&#8217;encadr\u00e9 ci-dessous.\u00a0 Cliquez ici pour acc\u00e9der \u00e0 la liste des laur\u00e9ats depuis l&#8217;attribution inaugurale en 1995 jusqu&#8217;\u00e0 aujourd&#8217;hui.[\/vc_column_text][\/vc_column][\/vc_row][vc_row][vc_column][vc_raw_html]JTNDaWZyYW1lJTIwaWQlM0QlMjJpZnJhbWUtbWVkYWxzJTIyJTIwY2xhc3MlM0QlMjIlMjBpZnJhbWUtZGVsdGEtMCUyMiUyMHNyYyUzRCUyMmh0dHBzJTNBJTJGJTJGc2VydmljZXMuY2FwLmNhJTJGbWVkYWwlMkZwdWJsaWNpdHklMkZyZWNpcGllbnRzLnBocCUzRm1lZGFsJTNEMSUyNmxhbmclM0RmciUyMiUyMG5hbWUlM0QlMjJpZnJhbWUtMCUyMiUyMHdpZHRoJTNEJTIyMTAwJTI1JTIyJTIwaGVpZ2h0JTNEJTIyOTAwJTIyJTIwZnJhbWVib3JkZXIlM0QlMjIwJTIyJTIwc2Nyb2xsaW5nJTNEJTIyYXV0byUyMiUzRVlvdXIlMjBicm93c2VyJTIwZG9lcyUyMG5vdCUyMHN1cHBvcnQlMjBpZnJhbWVzLiUyMEJ1dCUyMFlvdSUyMGNhbiUyMHVzZSUyMHRoZSUyMGZvbGxvd2luZyUyMGxpbmslM0ElMjBodHRwcyUzQSUyRiUyRnNlcnZpY2VzLmNhcC5jYSUyRm1lZGFsJTJGcHVibGljaXR5JTJGcmVjaXBpZW50cy5waHAlM0ZtZWRhbCUzRDElMjZsYW5nJTNEZnIlM0MlMkZpZnJhbWUlM0U=[\/vc_raw_html][vc_column_text]Les laur\u00e9ats de la m\u00e9daille, depuis la premi\u00e8re remise en 1995 jusqu&#8217;\u00e0 aujourd&#8217;hui. Retour au d\u00e9but de la page. 2007 &#8211; Robert I. Thompson, Universit\u00e9 de Calgary 2006 &#8211;&#8230;  <a class=\"excerpt-read-more\" href=\"https:\/\/cap.ca\/fr\/activites\/programme-de-distinctions\/post-graduate-physicists\/excellence-enseignement-premier-cycle\/anciens\/\" title=\"LireLa M\u00e9daille de l&#8217;ACP pour l&#8217;excellence en enseignement de la physique au premier cycle &#8211; Anciens r\u00e9cipiendaires\">Lire la suite &raquo;<\/a><\/p>\n","protected":false},"author":10,"featured_media":0,"parent":3339,"menu_order":8567,"comment_status":"closed","ping_status":"closed","template":"","meta":{"footnotes":""},"class_list":["post-3341","page","type-page","status-publish","hentry"],"_links":{"self":[{"href":"https:\/\/cap.ca\/fr\/wp-json\/wp\/v2\/pages\/3341","targetHints":{"allow":["GET"]}}],"collection":[{"href":"https:\/\/cap.ca\/fr\/wp-json\/wp\/v2\/pages"}],"about":[{"href":"https:\/\/cap.ca\/fr\/wp-json\/wp\/v2\/types\/page"}],"author":[{"embeddable":true,"href":"https:\/\/cap.ca\/fr\/wp-json\/wp\/v2\/users\/10"}],"replies":[{"embeddable":true,"href":"https:\/\/cap.ca\/fr\/wp-json\/wp\/v2\/comments?post=3341"}],"version-history":[{"count":14,"href":"https:\/\/cap.ca\/fr\/wp-json\/wp\/v2\/pages\/3341\/revisions"}],"predecessor-version":[{"id":23353,"href":"https:\/\/cap.ca\/fr\/wp-json\/wp\/v2\/pages\/3341\/revisions\/23353"}],"up":[{"embeddable":true,"href":"https:\/\/cap.ca\/fr\/wp-json\/wp\/v2\/pages\/3339"}],"wp:attachment":[{"href":"https:\/\/cap.ca\/fr\/wp-json\/wp\/v2\/media?parent=3341"}],"curies":[{"name":"wp","href":"https:\/\/api.w.org\/{rel}","templated":true}]}}