{"id":3340,"date":"2017-03-09T15:23:11","date_gmt":"2017-03-09T20:23:11","guid":{"rendered":"http:\/\/caph-02.eproofs.ca\/procedu\/"},"modified":"2021-03-08T02:38:33","modified_gmt":"2021-03-08T07:38:33","slug":"procedu","status":"publish","type":"page","link":"https:\/\/cap.ca\/fr\/procedu\/","title":{"rendered":"La M\u00e9daille de l&#8217;ACP pour l&#8217;excellence en enseignement de la physique au premier cycle &#8211; Proc\u00e9dures de nomination"},"content":{"rendered":"<p>La candidature doit \u00eatre soumise en utilisant le processus de soumission de candidature en ligne de l\u2019ACP. Les membres peuvent soumettre les dossiers en se connectant aux services aux membres sur <a href=\"https:\/\/cap.ca\">www.cap.ca<\/a> ou au <a href=\"https:\/\/crm.cap.ca\">crm.cap.ca<\/a> et en s\u00e9lectionnant &#8220;Medal\/Scholarship System&#8221; sous la rubrique &#8220;CAP Services&#8221;.<strong> Les documents \u00e0 l\u2019appui doivent \u00eatre pr\u00e9sent\u00e9s en fichiers PDF.<\/strong><\/p>\n<p>Voici ce que doit contenir une demande de mise en candidature pour \u00eatre compl\u00e8te :<\/p>\n<ol class=\"content-list\">\n<li>Le formulaire de mise en candidature et une lettre d&#8217;appui du pr\u00e9sentateur de la candidature.\n<\/li>\n<li>Un curriculum vitae d&#8217;au plus 20 pages, incluant une liste des prix, subventions et autres preuves de r\u00e9alisations exceptionnelles du candidat en enseignement. Le curriculum ne doit pas comprendre d&#8217;information courante sur les services rendus \u00e0 des comit\u00e9s universitaires et sur d&#8217;autres engagements semblables, sauf s&#8217;ils ont trait \u00e0 l&#8217;enseignement.\n<\/li>\n<li>Un bref r\u00e9sum\u00e9 des contributions significatives du candidat \u00e0 l&#8217;enseignement de la physique ou \u00e0 des disciplines qui y sont \u00e9troitement li\u00e9es, comme l&#8217;astronomie ou la biophysique.\n<\/li>\n<li>Trois lettres d&#8217;appui d&#8217;\u00e9tudiants, de coll\u00e8gues ou d&#8217;autres personnes qui connaissent bien les contributions du candidat \u00e0 l&#8217;enseignement. Les lettres doivent notamment faire \u00e9tat de la qualit\u00e9, de l&#8217;originalit\u00e9 et de l&#8217;importance des r\u00e9alisations du candidat dans l&#8217;enseignement.\n<\/li>\n<li>Une citation de 300 mots ou moins pouvant \u00eatre publi\u00e9e si la personne est s\u00e9lectionn\u00e9e comme laur\u00e9ate de la m\u00e9daille, commen\u00e7ant par un paragraphe de 25-50 mots expliquant la raison de la s\u00e9lection, qui peut \u00eatre utilis\u00e9 dans l&#8217;annonce des laur\u00e9ats de l\u2019ACP. REMARQUE : La citation doit \u00eatre soumise en format de texte simple en utilisant le copier-coller dans le formulaire de nomination en ligne.<\/li>\n<li>Une photographie de la personne mise en candidature (ce peut \u00eatre une photo \u00e0 faible r\u00e9solution, tir\u00e9e par exemple du site web de l&#8217;institution o\u00f9 la personne travaille; on lui demandera une meilleure photo si la m\u00e9daille lui est attribu\u00e9e). Veuillez noter que cette photo n&#8217;est pas requise pour que le dossier soit complet, mais cela acc\u00e9l\u00e8re l&#8217;annonce des r\u00e9cipiendaires de m\u00e9dailles. Si elle est fournie, la photographie ne sera PAS incluse dans le dossier de candidature envoy\u00e9 au comit\u00e9 de s\u00e9lection des m\u00e9dailles pour examen.<\/li>\n<\/ol>\n<p><strong>Les mises en candidature sont valides pour seulement trois (3) cycles de mise en candidature.<\/strong><\/p>\n<p>La s\u00e9lection du laur\u00e9at de la M\u00e9daille de l&#8217;ACP pour l&#8217;excellence en enseignement de la physique au premier cycle sera faite par un comit\u00e9 form\u00e9 par l&#8217;ACP. Le laur\u00e9at sera invit\u00e9 \u00e0 prononcer une allocution lors d&#8217;une s\u00e9ance pl\u00e9ni\u00e8re du prochain congr\u00e8s annuel que l&#8217;ACP tient normalement en m\u00eame temps que l&#8217;atelier annuel ACP-enseignants du secondaire, au congr\u00e8s.<\/p>\n<p>La M\u00e9daille de l&#8217;ACP pour l&#8217;excellence en enseignement de la physique au premier cycle sera pr\u00e9sent\u00e9e par le pr\u00e9sident de l&#8217;ACP dans le cadre de son congr\u00e8s annuel.<\/p>\n","protected":false},"excerpt":{"rendered":"<p>La candidature doit \u00eatre soumise en utilisant le processus de soumission de candidature en ligne de l\u2019ACP. Les membres peuvent soumettre les dossiers en se connectant aux services aux membres sur www.cap.ca ou au crm.cap.ca et en s\u00e9lectionnant &#8220;Medal\/Scholarship System&#8221; sous la rubrique &#8220;CAP Services&#8221;. Les documents \u00e0 l\u2019appui doivent \u00eatre pr\u00e9sent\u00e9s en fichiers PDF&#8230;.  <a class=\"excerpt-read-more\" href=\"https:\/\/cap.ca\/fr\/procedu\/\" title=\"LireLa M\u00e9daille de l&#8217;ACP pour l&#8217;excellence en enseignement de la physique au premier cycle &#8211; Proc\u00e9dures de nomination\">Lire la suite &raquo;<\/a><\/p>\n","protected":false},"author":10,"featured_media":0,"parent":0,"menu_order":8566,"comment_status":"closed","ping_status":"closed","template":"","meta":{"footnotes":""},"class_list":["post-3340","page","type-page","status-publish","hentry"],"_links":{"self":[{"href":"https:\/\/cap.ca\/fr\/wp-json\/wp\/v2\/pages\/3340","targetHints":{"allow":["GET"]}}],"collection":[{"href":"https:\/\/cap.ca\/fr\/wp-json\/wp\/v2\/pages"}],"about":[{"href":"https:\/\/cap.ca\/fr\/wp-json\/wp\/v2\/types\/page"}],"author":[{"embeddable":true,"href":"https:\/\/cap.ca\/fr\/wp-json\/wp\/v2\/users\/10"}],"replies":[{"embeddable":true,"href":"https:\/\/cap.ca\/fr\/wp-json\/wp\/v2\/comments?post=3340"}],"version-history":[{"count":4,"href":"https:\/\/cap.ca\/fr\/wp-json\/wp\/v2\/pages\/3340\/revisions"}],"predecessor-version":[{"id":17692,"href":"https:\/\/cap.ca\/fr\/wp-json\/wp\/v2\/pages\/3340\/revisions\/17692"}],"wp:attachment":[{"href":"https:\/\/cap.ca\/fr\/wp-json\/wp\/v2\/media?parent=3340"}],"curies":[{"name":"wp","href":"https:\/\/api.w.org\/{rel}","templated":true}]}}