{"id":3339,"date":"2017-03-09T15:23:08","date_gmt":"2017-03-09T20:23:08","guid":{"rendered":"http:\/\/caph-02.eproofs.ca\/excellence-enseignement-premier-cycle\/"},"modified":"2024-10-04T11:05:33","modified_gmt":"2024-10-04T15:05:33","slug":"excellence-enseignement-premier-cycle","status":"publish","type":"page","link":"https:\/\/cap.ca\/fr\/activites\/programme-de-distinctions\/post-graduate-physicists\/excellence-enseignement-premier-cycle\/","title":{"rendered":"La M\u00e9daille de l&#8217;ACP pour l&#8217;excellence en enseignement de la physique au premier cycle"},"content":{"rendered":"<div class=\"wpb-content-wrapper\"><p>Les instructeurs sp\u00e9cialis\u00e9s qui d\u00e9montrent une capacit\u00e9 \u00e0 communiquer leurs connaissances et leur compr\u00e9hension de mani\u00e8re \u00e0 conduire leurs \u00e9tudiants \u00e0 un haut niveau de r\u00e9ussite acad\u00e9mique dans le domaine de la physique.<\/p>\n<p><a href=\"#Back\">Description et contexte<\/a><br \/>\n<a href=\"#Eval\">Crit\u00e8res d&#8217;\u00e9valuation<\/a><br \/>\n<a href=\"https:\/\/cap.ca\/fr\/activites\/programme-de-distinctions\/post-graduate-physicists\/procedures-de-nomination-medailles\/\">Proc\u00e9dures de candidature \u00e0 la m\u00e9daille ACP<\/a> (lien dans un nouvel onglet)<\/p>\n<hr \/>\n<table style=\"border-collapse: collapse; width: 100%;\">\n<tbody>\n<tr>\n<td style=\"width: 50%; text-align: center;\">\n<p style=\"text-align: center;\"><strong>Vous connaissez un candidat digne de ce prix ?<\/strong><\/p>\n<p style=\"text-align: center;\"><a class=\"green-btn\" href=\"https:\/\/services.cap.ca\/medal\/login.php\">Visitez le syst\u00e8me de candidature \u00e0 la distinction ACP<\/a><\/p>\n<p>Toute question concernant la proc\u00e9dure de candidature doit \u00eatre adress\u00e9e \u00e0 l\u2019ACP, \u00e0 l\u2019adresse suivante\u00a0<a href=\"mailto:programs@cap.ca\">: programs@cap.ca.<\/a><\/td>\n<td style=\"width: 50%;\"><img loading=\"lazy\" decoding=\"async\" class=\"aligncenter size-50% wp-image-12249\" src=\"https:\/\/cap.ca\/wp-content\/uploads\/2019\/02\/capaward.jpg\" alt=\"\" width=\"125\" height=\"125\" \/><\/p>\n<h3 class=\"p1\" style=\"text-align: center;\"><b>2024 <\/b>Laur\u00e9at<\/h3>\n<p class=\"p2\" style=\"text-align: center;\"><b>Nikolas Provatas | <\/b>McGill University<\/p>\n<p style=\"text-align: center;\"><a href=\"https:\/\/cap.ca\/programs\/recognitions\/post-graduate-physicists\/herzberg-medal\/previous-winners-hm\/\"><em>Voir les laur\u00e9ats pr\u00e9c\u00e9dents<\/em><\/a><\/p>\n<\/td>\n<\/tr>\n<\/tbody>\n<\/table>\n<hr \/>\n<h2 id=\"Back\">Description et contexte<\/h2>\n<p>La m\u00e9daille ACP pour l&#8217;excellence de l&#8217;enseignement au premier cycle est d\u00e9cern\u00e9e aux enseignants qui d\u00e9montrent une capacit\u00e9 \u00e0 communiquer leurs connaissances et leur compr\u00e9hension de mani\u00e8re \u00e0 conduire leurs \u00e9tudiants \u00e0 un haut niveau de r\u00e9ussite acad\u00e9mique dans le domaine de la physique.<\/p>\n<h2 id=\"Eval\">Crit\u00e8res d&#8217;\u00e9valuation<\/h2>\n<p>Les candidats seront \u00e9valu\u00e9s sur leur participation \u00e0 des activit\u00e9s d&#8217;enseignement et \u00e0 d&#8217;autres activit\u00e9s \u00e9ducatives qui les distinguent de leurs pairs. L&#8217;\u00e9valuation portera essentiellement, mais pas exclusivement, sur les documents et les r\u00e9f\u00e9rences figurant dans le dossier de candidature, notamment :<\/p>\n<ul class=\"content-list\">\n<li>Une lettre de soutien de la part de l&#8217;auteur de la candidature (les candidatures spontan\u00e9es sont autoris\u00e9es). Cette lettre doit d\u00e9crire les contributions du candidat \u00e0 l&#8217;enseignement et \u00e0 l&#8217;apprentissage et l&#8217;efficacit\u00e9 de ces efforts et\/ou l&#8217;impact sur la mission d&#8217;enseignement de l&#8217;\u00e9tablissement qui distingue le candidat de ses pairs.<\/li>\n<li>Jusqu&#8217;\u00e0 trois lettres d&#8217;\u00e9tudiants, de stagiaires ou de coll\u00e8gues connaissant bien le travail du candidat.<\/li>\n<li>Un dossier d&#8217;enseignement comprenant la philosophie d&#8217;enseignement du candidat et d\u00e9crivant ses contributions \u00e0 l&#8217;enseignement et \u00e0 l&#8217;apprentissage.<\/li>\n<li>D&#8217;autres documents sp\u00e9cifi\u00e9s dans les \u00e9l\u00e9ments de la candidature.<\/li>\n<\/ul>\n<p>Le comit\u00e9 fondera son \u00e9valuation sur des aspects du dossier du candidat, notamment :<\/p>\n<ul class=\"content-list\">\n<li>Efficacit\u00e9 et efforts d\u00e9montr\u00e9s en mati\u00e8re d&#8217;enseignement.<\/li>\n<li>Leadership en mati\u00e8re d&#8217;\u00e9laboration de programmes d&#8217;\u00e9tudes ou d&#8217;innovation p\u00e9dagogique.<\/li>\n<li>Int\u00e9gration av\u00e9r\u00e9e des principes d&#8217;\u00e9quit\u00e9, de diversit\u00e9 et d&#8217;inclusion dans leur pratique d&#8217;enseignement.<\/li>\n<li>Encadrement et mentorat d&#8217;\u00e9tudiants de premier cycle, en particulier les r\u00e9ussites et les r\u00e9sultats des \u00e9tudiants.<\/li>\n<li>Honneurs, citations, certificats, prix et autres distinctions pour leur enseignement.<\/li>\n<li>Participation \u00e0 la recherche sur l&#8217;enseignement et l&#8217;apprentissage (SoTL).<\/li>\n<\/ul>\n<p>Compte tenu de l&#8217;importance de l&#8217;\u00e9quit\u00e9, de la diversit\u00e9 et de l&#8217;inclusion pour inspirer une nouvelle g\u00e9n\u00e9ration de physiciens, le comit\u00e9 de s\u00e9lection peut souhaiter donner la priorit\u00e9 aux candidats issus de groupes sous-repr\u00e9sent\u00e9s lorsque les niveaux de r\u00e9alisations des candidats sont tr\u00e8s proches.<\/p>\n<p>&nbsp;<\/p>\n<p>[vc_row][vc_column][vc_single_image image=&#8221;21572&#8243; img_size=&#8221;full&#8221; onclick=&#8221;custom_link&#8221; img_link_target=&#8221;_blank&#8221; link=&#8221;http:\/\/https:\/\/cap.ca\/fr\/edi\/&#8221;][\/vc_column][\/vc_row]<\/p>\n<\/div>","protected":false},"excerpt":{"rendered":"<p>Les instructeurs sp\u00e9cialis\u00e9s qui d\u00e9montrent une capacit\u00e9 \u00e0 communiquer leurs connaissances et leur compr\u00e9hension de mani\u00e8re \u00e0 conduire leurs \u00e9tudiants \u00e0 un haut niveau de r\u00e9ussite acad\u00e9mique dans le domaine de la physique. Description et contexte Crit\u00e8res d&#8217;\u00e9valuation Proc\u00e9dures de candidature \u00e0 la m\u00e9daille ACP (lien dans un nouvel onglet) Vous connaissez un candidat digne&#8230;  <a class=\"excerpt-read-more\" href=\"https:\/\/cap.ca\/fr\/activites\/programme-de-distinctions\/post-graduate-physicists\/excellence-enseignement-premier-cycle\/\" title=\"LireLa M\u00e9daille de l&#8217;ACP pour l&#8217;excellence en enseignement de la physique au premier cycle\">Lire la suite &raquo;<\/a><\/p>\n","protected":false},"author":10,"featured_media":0,"parent":23649,"menu_order":44,"comment_status":"closed","ping_status":"closed","template":"","meta":{"footnotes":""},"class_list":["post-3339","page","type-page","status-publish","hentry"],"_links":{"self":[{"href":"https:\/\/cap.ca\/fr\/wp-json\/wp\/v2\/pages\/3339","targetHints":{"allow":["GET"]}}],"collection":[{"href":"https:\/\/cap.ca\/fr\/wp-json\/wp\/v2\/pages"}],"about":[{"href":"https:\/\/cap.ca\/fr\/wp-json\/wp\/v2\/types\/page"}],"author":[{"embeddable":true,"href":"https:\/\/cap.ca\/fr\/wp-json\/wp\/v2\/users\/10"}],"replies":[{"embeddable":true,"href":"https:\/\/cap.ca\/fr\/wp-json\/wp\/v2\/comments?post=3339"}],"version-history":[{"count":38,"href":"https:\/\/cap.ca\/fr\/wp-json\/wp\/v2\/pages\/3339\/revisions"}],"predecessor-version":[{"id":25838,"href":"https:\/\/cap.ca\/fr\/wp-json\/wp\/v2\/pages\/3339\/revisions\/25838"}],"up":[{"embeddable":true,"href":"https:\/\/cap.ca\/fr\/wp-json\/wp\/v2\/pages\/23649"}],"wp:attachment":[{"href":"https:\/\/cap.ca\/fr\/wp-json\/wp\/v2\/media?parent=3339"}],"curies":[{"name":"wp","href":"https:\/\/api.w.org\/{rel}","templated":true}]}}