{"id":3336,"date":"2017-03-09T15:22:58","date_gmt":"2017-03-09T20:22:58","guid":{"rendered":"http:\/\/caph-02.eproofs.ca\/medailles-enseignement\/"},"modified":"2022-08-12T09:53:03","modified_gmt":"2022-08-12T13:53:03","slug":"medailles-enseignement","status":"publish","type":"page","link":"https:\/\/cap.ca\/fr\/activites\/programme-de-distinctions\/medailles-enseignement\/","title":{"rendered":"M\u00e9dailles\/prix pour l&#8217;enseignement"},"content":{"rendered":"<p>L&#8217;ACP souligne l&#8217;importance de l&#8217;enseignement de la physique en offrant plusieurs reconnaissances pour les enseignants exceptionnels au niveau secondaire, coll\u00e9gial et universitaire.<\/p>\n<ul class=\"content-list\">\n<li><a href=\"\/fr\/activites\/medailles-bourses\/medailles-enseignement\/hscta-f\">Prix d&#8217;excellence en enseignement de la physique au secondaire et au coll\u00e9gial<\/a><\/li>\n<li><a href=\"\/fr\/activites\/medailles-bourses\/medailles-enseignement\/excellence-enseignement-premier-cycle\">La M\u00e9daille de l&#8217;ACP pour l&#8217;excellence en enseignement de la physique au premier cycle<\/a><\/li>\n<\/ul>\n<p>&nbsp;<\/p>\n<p class=\"p3\" style=\"text-align: center;\"><strong>NOTE : L&#8217;appel \u00e0 candidatures sera publi\u00e9 en ao\u00fbt 2022 et la date limite est le 1er octobre 2022.<\/strong><\/p>\n<p class=\"p3\" style=\"text-align: center;\">Pour en savoir plus sur l&#8217;appel \u00e0 candidatures 2022, <a href=\"https:\/\/cap.ca\/fr\/activites\/medailles-bourses\/annonce-de-lappel-a-candidatures-2021\/\"><span class=\"s3\">cliquez ici.\u00a0<\/span><\/a><\/p>\n<p style=\"text-align: center;\"><a class=\"green-btn\" href=\"https:\/\/services.cap.ca\/medal\/login.php\">SYST\u00c8ME DE MISE EN CANDIDATURE POUR M\u00c9DAILLES ET PRIX<\/a><\/p>\n","protected":false},"excerpt":{"rendered":"<p>L&#8217;ACP souligne l&#8217;importance de l&#8217;enseignement de la physique en offrant plusieurs reconnaissances pour les enseignants exceptionnels au niveau secondaire, coll\u00e9gial et universitaire. Prix d&#8217;excellence en enseignement de la physique au secondaire et au coll\u00e9gial La M\u00e9daille de l&#8217;ACP pour l&#8217;excellence en enseignement de la physique au premier cycle &nbsp; NOTE : L&#8217;appel \u00e0 candidatures sera&#8230;  <a class=\"excerpt-read-more\" href=\"https:\/\/cap.ca\/fr\/activites\/programme-de-distinctions\/medailles-enseignement\/\" title=\"LireM\u00e9dailles\/prix pour l&#8217;enseignement\">Lire la suite &raquo;<\/a><\/p>\n","protected":false},"author":10,"featured_media":0,"parent":3308,"menu_order":240,"comment_status":"closed","ping_status":"closed","template":"","meta":{"footnotes":""},"class_list":["post-3336","page","type-page","status-publish","hentry"],"_links":{"self":[{"href":"https:\/\/cap.ca\/fr\/wp-json\/wp\/v2\/pages\/3336","targetHints":{"allow":["GET"]}}],"collection":[{"href":"https:\/\/cap.ca\/fr\/wp-json\/wp\/v2\/pages"}],"about":[{"href":"https:\/\/cap.ca\/fr\/wp-json\/wp\/v2\/types\/page"}],"author":[{"embeddable":true,"href":"https:\/\/cap.ca\/fr\/wp-json\/wp\/v2\/users\/10"}],"replies":[{"embeddable":true,"href":"https:\/\/cap.ca\/fr\/wp-json\/wp\/v2\/comments?post=3336"}],"version-history":[{"count":13,"href":"https:\/\/cap.ca\/fr\/wp-json\/wp\/v2\/pages\/3336\/revisions"}],"predecessor-version":[{"id":21606,"href":"https:\/\/cap.ca\/fr\/wp-json\/wp\/v2\/pages\/3336\/revisions\/21606"}],"up":[{"embeddable":true,"href":"https:\/\/cap.ca\/fr\/wp-json\/wp\/v2\/pages\/3308"}],"wp:attachment":[{"href":"https:\/\/cap.ca\/fr\/wp-json\/wp\/v2\/media?parent=3336"}],"curies":[{"name":"wp","href":"https:\/\/api.w.org\/{rel}","templated":true}]}}