{"id":3335,"date":"2017-03-09T15:22:55","date_gmt":"2017-03-09T20:22:55","guid":{"rendered":"http:\/\/caph-02.eproofs.ca\/anciens-recipiendaires-mos\/"},"modified":"2019-02-25T10:41:36","modified_gmt":"2019-02-25T15:41:36","slug":"anciens-recipiendaires-mos","status":"publish","type":"page","link":"https:\/\/cap.ca\/fr\/activites\/programme-de-distinctions\/post-graduate-physicists\/services-significative\/anciens-recipiendaires-mos\/","title":{"rendered":"La m\u00e9daille comm\u00e9morative Peter Kirkby pour services exceptionnels \u00e0 la physique au Canada &#8211; Anciens r\u00e9cipiendaires"},"content":{"rendered":"<div class=\"wpb-content-wrapper\"><p>[vc_row][vc_column][vc_raw_html]JTNDaWZyYW1lJTIwaWQlM0QlMjJpZnJhbWUtbWVkYWxzJTIyJTIwY2xhc3MlM0QlMjIlMjBpZnJhbWUtZGVsdGEtMCUyMiUyMHNyYyUzRCUyMmh0dHBzJTNBJTJGJTJGc2VydmljZXMuY2FwLmNhJTJGbWVkYWwlMkZwdWJsaWNpdHklMkZyZWNpcGllbnRzLnBocCUzRm1lZGFsJTNEOCUyNmxhbmclM0RmciUyMiUyMG5hbWUlM0QlMjJpZnJhbWUtMCUyMiUyMHdpZHRoJTNEJTIyMTAwJTI1JTIyJTIwaGVpZ2h0JTNEJTIyNzAwJTIyJTIwZnJhbWVib3JkZXIlM0QlMjIwJTIyJTIwc2Nyb2xsaW5nJTNEJTIyYXV0byUyMiUzRVlvdXIlMjBicm93c2VyJTIwZG9lcyUyMG5vdCUyMHN1cHBvcnQlMjBpZnJhbWVzLiUyMEJ1dCUyMFlvdSUyMGNhbiUyMHVzZSUyMHRoZSUyMGZvbGxvd2luZyUyMGxpbmslM0ElMjBodHRwcyUzQSUyRiUyRnNlcnZpY2VzLmNhcC5jYSUyRm1lZGFsJTJGcHVibGljaXR5JTJGcmVjaXBpZW50cy5waHAlM0ZtZWRhbCUzRDglMjZsYW5nJTNEZnIlM0MlMkZpZnJhbWUlM0U=[\/vc_raw_html][vc_column_text]<\/p>\n<ul class=\"content-list\">\n<li>2006 &#8211; <a href=\"https:\/\/services.cap.ca\/awards\/press\/2006-Steinitz-f.html\">Michael Steinitz<\/a>, Universit\u00e9 St. Francis Xavier<\/li>\n<li>2004 &#8211; <a href=\"https:\/\/services.cap.ca\/awards\/press\/2004-Barber-f.html\">Robert Barber<\/a>, Universit\u00e9 de Manitoba<\/li>\n<li>2002 &#8211; <a href=\"https:\/\/services.cap.ca\/awards\/press\/2002-Cunningham-f.html\">John R. (Jack) Cunningham<\/a>, Camrose, Alberta<\/li>\n<li>2000 &#8211; <a href=\"https:\/\/services.cap.ca\/awards\/press\/2000-vincett-f.html\">Paul S. Vincett<\/a>, FairCopy Services Inc.<\/li>\n<li>1998 &#8211; <a href=\"https:\/\/services.cap.ca\/awards\/press\/1998-mckee-f.html\">J.S.C. (Jasper) McKee<\/a>, Universit\u00e9 de Manitoba<\/li>\n<li>1996 &#8211; Donald D. Betts, Universit\u00e9 Dalhousie (gagnant inaugural)<\/li>\n<\/ul>\n<p>[\/vc_column_text][\/vc_column][\/vc_row]<\/p>\n<\/div>","protected":false},"excerpt":{"rendered":"<p>[vc_row][vc_column][vc_raw_html]JTNDaWZyYW1lJTIwaWQlM0QlMjJpZnJhbWUtbWVkYWxzJTIyJTIwY2xhc3MlM0QlMjIlMjBpZnJhbWUtZGVsdGEtMCUyMiUyMHNyYyUzRCUyMmh0dHBzJTNBJTJGJTJGc2VydmljZXMuY2FwLmNhJTJGbWVkYWwlMkZwdWJsaWNpdHklMkZyZWNpcGllbnRzLnBocCUzRm1lZGFsJTNEOCUyNmxhbmclM0RmciUyMiUyMG5hbWUlM0QlMjJpZnJhbWUtMCUyMiUyMHdpZHRoJTNEJTIyMTAwJTI1JTIyJTIwaGVpZ2h0JTNEJTIyNzAwJTIyJTIwZnJhbWVib3JkZXIlM0QlMjIwJTIyJTIwc2Nyb2xsaW5nJTNEJTIyYXV0byUyMiUzRVlvdXIlMjBicm93c2VyJTIwZG9lcyUyMG5vdCUyMHN1cHBvcnQlMjBpZnJhbWVzLiUyMEJ1dCUyMFlvdSUyMGNhbiUyMHVzZSUyMHRoZSUyMGZvbGxvd2luZyUyMGxpbmslM0ElMjBodHRwcyUzQSUyRiUyRnNlcnZpY2VzLmNhcC5jYSUyRm1lZGFsJTJGcHVibGljaXR5JTJGcmVjaXBpZW50cy5waHAlM0ZtZWRhbCUzRDglMjZsYW5nJTNEZnIlM0MlMkZpZnJhbWUlM0U=[\/vc_raw_html][vc_column_text] 2006 &#8211; Michael Steinitz, Universit\u00e9 St. Francis Xavier 2004 &#8211; Robert Barber, Universit\u00e9 de Manitoba 2002 &#8211; John R. (Jack) Cunningham, Camrose, Alberta 2000 &#8211; Paul S. Vincett, FairCopy Services Inc. 1998 &#8211; J.S.C. (Jasper) McKee, Universit\u00e9 de Manitoba 1996 &#8211; Donald D. Betts, Universit\u00e9 Dalhousie (gagnant inaugural) [\/vc_column_text][\/vc_column][\/vc_row]<\/p>\n","protected":false},"author":10,"featured_media":0,"parent":3333,"menu_order":8457,"comment_status":"closed","ping_status":"closed","template":"","meta":{"footnotes":""},"class_list":["post-3335","page","type-page","status-publish","hentry"],"_links":{"self":[{"href":"https:\/\/cap.ca\/fr\/wp-json\/wp\/v2\/pages\/3335","targetHints":{"allow":["GET"]}}],"collection":[{"href":"https:\/\/cap.ca\/fr\/wp-json\/wp\/v2\/pages"}],"about":[{"href":"https:\/\/cap.ca\/fr\/wp-json\/wp\/v2\/types\/page"}],"author":[{"embeddable":true,"href":"https:\/\/cap.ca\/fr\/wp-json\/wp\/v2\/users\/10"}],"replies":[{"embeddable":true,"href":"https:\/\/cap.ca\/fr\/wp-json\/wp\/v2\/comments?post=3335"}],"version-history":[{"count":8,"href":"https:\/\/cap.ca\/fr\/wp-json\/wp\/v2\/pages\/3335\/revisions"}],"predecessor-version":[{"id":12158,"href":"https:\/\/cap.ca\/fr\/wp-json\/wp\/v2\/pages\/3335\/revisions\/12158"}],"up":[{"embeddable":true,"href":"https:\/\/cap.ca\/fr\/wp-json\/wp\/v2\/pages\/3333"}],"wp:attachment":[{"href":"https:\/\/cap.ca\/fr\/wp-json\/wp\/v2\/media?parent=3335"}],"curies":[{"name":"wp","href":"https:\/\/api.w.org\/{rel}","templated":true}]}}