{"id":3333,"date":"2017-03-09T15:22:50","date_gmt":"2017-03-09T20:22:50","guid":{"rendered":"http:\/\/caph-02.eproofs.ca\/services-exceptionnels\/"},"modified":"2024-10-04T10:51:34","modified_gmt":"2024-10-04T14:51:34","slug":"services-significative","status":"publish","type":"page","link":"https:\/\/cap.ca\/fr\/activites\/programme-de-distinctions\/post-graduate-physicists\/services-significative\/","title":{"rendered":"La m\u00e9daille comm\u00e9morative Peter Kirkby pour services significatifs \u00e0 la physique au Canada"},"content":{"rendered":"<div class=\"wpb-content-wrapper\"><p>Reconna\u00eet les services rendus \u00e0 la communaut\u00e9 des physiciens.<\/p>\n<p><a href=\"#Back\">Description et contexte<\/a><br \/>\n<a href=\"#Eval\">Crit\u00e8res d&#8217;\u00e9valuation<\/a><br \/>\n<a href=\"https:\/\/cap.ca\/fr\/activites\/programme-de-distinctions\/post-graduate-physicists\/procedures-de-nomination-medailles\/\">Proc\u00e9dures de candidature \u00e0 la m\u00e9daille ACP<\/a> (lien dans un nouvel onglet)<\/p>\n<hr \/>\n<table style=\"border-collapse: collapse; width: 100%;\">\n<tbody>\n<tr>\n<td style=\"width: 50%;\">\n<p style=\"text-align: center;\"><strong>Vous connaissez un candidat digne de ce prix ?<\/strong><\/p>\n<p style=\"text-align: center;\"><a class=\"green-btn\" href=\"https:\/\/services.cap.ca\/medal\/login.php\">Visitez le syst\u00e8me de candidature \u00e0 la distinction ACP<\/a><\/p>\n<p>Toute question concernant la proc\u00e9dure de candidature doit \u00eatre adress\u00e9e \u00e0 l\u2019ACP, \u00e0 l\u2019adresse suivante\u00a0<a href=\"mailto:programs@cap.ca\">: programs@cap.ca.<\/a><\/td>\n<td style=\"width: 50%;\"><img loading=\"lazy\" decoding=\"async\" class=\"aligncenter size-50% wp-image-12249\" src=\"https:\/\/cap.ca\/wp-content\/uploads\/2019\/02\/capaward.jpg\" alt=\"\" width=\"125\" height=\"125\" \/><\/p>\n<h3 style=\"text-align: center;\">2023 Laur\u00e9at<\/h3>\n<p style=\"text-align: center;\"><strong>Laura Pankratz | <\/strong>Government of Alberta<\/p>\n<p style=\"text-align: center;\">(Attribu\u00e9 tous les deux ans &#8211; Non attribu\u00e9 en 2024)<\/p>\n<p style=\"text-align: center;\"><a href=\"https:\/\/cap.ca\/programs\/recognitions\/post-graduate-physicists\/herzberg-medal\/previous-winners-hm\/\"><em>Voir les laur\u00e9ats pr\u00e9c\u00e9dents<\/em><\/a><\/p>\n<\/td>\n<\/tr>\n<\/tbody>\n<\/table>\n<hr \/>\n<h2 id=\"Back\">Description et contexte<\/h2>\n<p>La m\u00e9daille comm\u00e9morative Peter Kirkby de l&#8217;ACP r\u00e9compense les services exceptionnels rendus \u00e0 la physique canadienne. La m\u00e9daille est destin\u00e9e \u00e0 reconna\u00eetre les services rendus \u00e0 la communaut\u00e9 des physiciens en renfor\u00e7ant la communaut\u00e9 canadienne des physiciens, en am\u00e9liorant la profession des physiciens, en communiquant efficacement la physique \u00e0 la communaut\u00e9 non scientifique ou en rendant la physique plus attrayante en tant que carri\u00e8re. Ce prix est destin\u00e9 \u00e0 perp\u00e9tuer le souvenir de Peter Kirkby et \u00e0 reconna\u00eetre chez d&#8217;autres les qualit\u00e9s dont il se souvient le mieux : la vision d&#8217;une communaut\u00e9 canadienne de physique forte, des efforts d\u00e9vou\u00e9s pour soutenir cette vision et, en toutes choses, l&#8217;\u00e9quit\u00e9 et l&#8217;honn\u00eatet\u00e9.<\/p>\n<p>Peter Kirkby \u00e9tait un grand d\u00e9fenseur des physiciens et de la profession. Ce prix r\u00e9compense les contributions de ceux qui ont contribu\u00e9 de mani\u00e8re \u00e0 refl\u00e9ter son h\u00e9ritage. Une partie de cet h\u00e9ritage consistait \u00e0 d\u00e9fendre le professionnalisme dans le domaine de la physique.<\/p>\n<p>La capacit\u00e9 des physiciens \u00e0 poursuivre leurs travaux \u00e9tait souvent attaqu\u00e9e par les associations provinciales d&#8217;ing\u00e9nieurs professionnels qui r\u00e9glementent la pratique de l&#8217;ing\u00e9nierie. En particulier, des propositions ont souvent \u00e9t\u00e9 pr\u00e9sent\u00e9es aux assembl\u00e9es l\u00e9gislatives provinciales pour soumettre la pratique des sciences naturelles \u00e0 la r\u00e9glementation de l&#8217;association locale d&#8217;ing\u00e9nieurs, en exigeant qu&#8217;une personne soit titulaire d&#8217;un titre d&#8217;ing\u00e9nieur pour pouvoir pratiquer la science. Gr\u00e2ce au leadership et \u00e0 l&#8217;h\u00e9ritage de Peter, l&#8217;ACP s&#8217;est oppos\u00e9e avec succ\u00e8s \u00e0 ces propositions pendant de nombreuses ann\u00e9es.<\/p>\n<p>Le plaidoyer de Peter a \u00e9galement abouti \u00e0 l&#8217;adoption de la d\u00e9signation P.Phys., afin d&#8217;indiquer clairement aux employeurs industriels, en particulier, qu&#8217;il s&#8217;agissait d&#8217;une profession qui fixait ses propres normes et d\u00e9signait les personnes qui r\u00e9pondaient \u00e0 ces normes.<\/p>\n<h2 id=\"Eval\">Crit\u00e8res d\u2019\u00e9valuation<\/h2>\n<p>Les candidats seront \u00e9valu\u00e9s en fonction de leur participation au service de l&#8217;ACP, du COMP ou de la communaut\u00e9 canadienne de la physique, qui les distingue de leurs pairs. Les contributions comprendront, sans s&#8217;y limiter, des r\u00f4les et des activit\u00e9s tels que :<\/p>\n<ul class=\"content-list\">\n<li>Participation et direction d&#8217;activit\u00e9s visant \u00e0 promouvoir l&#8217;\u00e9quit\u00e9, la diversit\u00e9 et l&#8217;inclusion en physique, y compris, mais sans s&#8217;y limiter, le d\u00e9veloppement d&#8217;activit\u00e9s de renforcement de la communaut\u00e9.<\/li>\n<li>Contribution importante \u00e0 l&#8217;ACP, \u00e0 la Fondation de l&#8217;ACP ou au COMP, par exemple en tant que membre de l&#8217;ex\u00e9cutif ou du conseil d&#8217;administration, ou pr\u00e9sident d&#8217;une division, ou service \u00e9quivalent aupr\u00e8s d&#8217;une soci\u00e9t\u00e9 canadienne de physique apparent\u00e9e.<\/li>\n<li>Participation importante \u00e0 la planification ou \u00e0 l&#8217;ex\u00e9cution du congr\u00e8s de l&#8217;ACP, par exemple en tant que pr\u00e9sident ou copr\u00e9sident du comit\u00e9 scientifique ou du comit\u00e9 local d&#8217;organisation, ou service \u00e9quivalent au sein d&#8217;une soci\u00e9t\u00e9 canadienne de physique apparent\u00e9e.<\/li>\n<li>Leadership en mati\u00e8re de communication scientifique, par exemple en tant que r\u00e9dacteur en chef, r\u00e9dacteur en chef adjoint ou r\u00e9dacteur en chef invit\u00e9 de La Physique au Canada ou d&#8217;une autre revue dans laquelle des physiciens canadiens publient r\u00e9guli\u00e8rement.<\/li>\n<li>Participation significative \u00e0 la politique scientifique et\/ou \u00e0 la protection de la profession.<\/li>\n<li>Participation importante \u00e0 des activit\u00e9s de sensibilisation et\/ou de mentorat.<\/li>\n<li>Repr\u00e9sentation de l&#8217;ACP ou du COMP au niveau national et\/ou international.<\/li>\n<\/ul>\n<p>[vc_row][vc_column][vc_single_image image=&#8221;21572&#8243; img_size=&#8221;full&#8221; onclick=&#8221;custom_link&#8221; img_link_target=&#8221;_blank&#8221; link=&#8221;http:\/\/https:\/\/cap.ca\/fr\/edi\/&#8221;][\/vc_column][\/vc_row]<\/p>\n<p>&nbsp;<\/p>\n<\/div>","protected":false},"excerpt":{"rendered":"<p>Reconna\u00eet les services rendus \u00e0 la communaut\u00e9 des physiciens. Description et contexte Crit\u00e8res d&#8217;\u00e9valuation Proc\u00e9dures de candidature \u00e0 la m\u00e9daille ACP (lien dans un nouvel onglet) Vous connaissez un candidat digne de ce prix ? Visitez le syst\u00e8me de candidature \u00e0 la distinction ACP Toute question concernant la proc\u00e9dure de candidature doit \u00eatre adress\u00e9e \u00e0&#8230;  <a class=\"excerpt-read-more\" href=\"https:\/\/cap.ca\/fr\/activites\/programme-de-distinctions\/post-graduate-physicists\/services-significative\/\" title=\"LireLa m\u00e9daille comm\u00e9morative Peter Kirkby pour services significatifs \u00e0 la physique au Canada\">Lire la suite &raquo;<\/a><\/p>\n","protected":false},"author":10,"featured_media":0,"parent":23649,"menu_order":43,"comment_status":"closed","ping_status":"closed","template":"","meta":{"footnotes":""},"class_list":["post-3333","page","type-page","status-publish","hentry"],"_links":{"self":[{"href":"https:\/\/cap.ca\/fr\/wp-json\/wp\/v2\/pages\/3333","targetHints":{"allow":["GET"]}}],"collection":[{"href":"https:\/\/cap.ca\/fr\/wp-json\/wp\/v2\/pages"}],"about":[{"href":"https:\/\/cap.ca\/fr\/wp-json\/wp\/v2\/types\/page"}],"author":[{"embeddable":true,"href":"https:\/\/cap.ca\/fr\/wp-json\/wp\/v2\/users\/10"}],"replies":[{"embeddable":true,"href":"https:\/\/cap.ca\/fr\/wp-json\/wp\/v2\/comments?post=3333"}],"version-history":[{"count":32,"href":"https:\/\/cap.ca\/fr\/wp-json\/wp\/v2\/pages\/3333\/revisions"}],"predecessor-version":[{"id":25835,"href":"https:\/\/cap.ca\/fr\/wp-json\/wp\/v2\/pages\/3333\/revisions\/25835"}],"up":[{"embeddable":true,"href":"https:\/\/cap.ca\/fr\/wp-json\/wp\/v2\/pages\/23649"}],"wp:attachment":[{"href":"https:\/\/cap.ca\/fr\/wp-json\/wp\/v2\/media?parent=3333"}],"curies":[{"name":"wp","href":"https:\/\/api.w.org\/{rel}","templated":true}]}}