{"id":3332,"date":"2017-03-09T15:22:48","date_gmt":"2017-03-09T20:22:48","guid":{"rendered":"http:\/\/caph-02.eproofs.ca\/medailles-service\/"},"modified":"2022-08-11T11:29:01","modified_gmt":"2022-08-11T15:29:01","slug":"medailles-service","status":"publish","type":"page","link":"https:\/\/cap.ca\/fr\/activites\/programme-de-distinctions\/medailles-service\/","title":{"rendered":"M\u00e9dailles pour le service"},"content":{"rendered":"<p><strong>L&#8217;appel \u00e0 candidatures sera publi\u00e9 en ao\u00fbt 2022 et la date limite est le 1er octobre 2022.<\/strong><\/p>\n<ul class=\"content-list\">\n<li><a href=\"\/fr\/activites\/medailles-bourses\/medailles-service\/services-exceptionnels\">La m\u00e9daille comm\u00e9morative Peter Kirkby pour services exceptionnels \u00e0 la physique au Canada<\/a><\/li>\n<\/ul>\n<p style=\"text-align: center;\"><a class=\"green-btn\" href=\"https:\/\/services.cap.ca\/medal\/login.php\">SYST\u00c8ME DE MISE EN CANDIDATURE POUR M\u00c9DAILLES ET PRIX<\/a><\/p>\n","protected":false},"excerpt":{"rendered":"<p>L&#8217;appel \u00e0 candidatures sera publi\u00e9 en ao\u00fbt 2022 et la date limite est le 1er octobre 2022. La m\u00e9daille comm\u00e9morative Peter Kirkby pour services exceptionnels \u00e0 la physique au Canada SYST\u00c8ME DE MISE EN CANDIDATURE POUR M\u00c9DAILLES ET PRIX<\/p>\n","protected":false},"author":10,"featured_media":0,"parent":3308,"menu_order":239,"comment_status":"closed","ping_status":"closed","template":"","meta":{"footnotes":""},"class_list":["post-3332","page","type-page","status-publish","hentry"],"_links":{"self":[{"href":"https:\/\/cap.ca\/fr\/wp-json\/wp\/v2\/pages\/3332","targetHints":{"allow":["GET"]}}],"collection":[{"href":"https:\/\/cap.ca\/fr\/wp-json\/wp\/v2\/pages"}],"about":[{"href":"https:\/\/cap.ca\/fr\/wp-json\/wp\/v2\/types\/page"}],"author":[{"embeddable":true,"href":"https:\/\/cap.ca\/fr\/wp-json\/wp\/v2\/users\/10"}],"replies":[{"embeddable":true,"href":"https:\/\/cap.ca\/fr\/wp-json\/wp\/v2\/comments?post=3332"}],"version-history":[{"count":12,"href":"https:\/\/cap.ca\/fr\/wp-json\/wp\/v2\/pages\/3332\/revisions"}],"predecessor-version":[{"id":21598,"href":"https:\/\/cap.ca\/fr\/wp-json\/wp\/v2\/pages\/3332\/revisions\/21598"}],"up":[{"embeddable":true,"href":"https:\/\/cap.ca\/fr\/wp-json\/wp\/v2\/pages\/3308"}],"wp:attachment":[{"href":"https:\/\/cap.ca\/fr\/wp-json\/wp\/v2\/media?parent=3332"}],"curies":[{"name":"wp","href":"https:\/\/api.w.org\/{rel}","templated":true}]}}