{"id":3331,"date":"2017-03-09T15:22:45","date_gmt":"2017-03-09T20:22:45","guid":{"rendered":"http:\/\/caph-02.eproofs.ca\/anciens-recipiendaires-iap\/"},"modified":"2023-07-17T21:01:28","modified_gmt":"2023-07-18T01:01:28","slug":"anciens-recipiendaires-iap","status":"publish","type":"page","link":"https:\/\/cap.ca\/fr\/activites\/programme-de-distinctions\/post-graduate-physicists\/physique-industrielle-appliquee\/anciens-recipiendaires-iap\/","title":{"rendered":"M\u00e9daille de l&#8217;ACP pour des r\u00e9alisations exceptionnelles en physique industrielle et appliqu\u00e9e &#8211; Anciens r\u00e9cipiendaires"},"content":{"rendered":"<div class=\"wpb-content-wrapper\"><p>[vc_row 0=&#8221;&#8221;][vc_column 0=&#8221;&#8221;][vc_column_text]Les laur\u00e9ats de cette m\u00e9daille depuis 2008 figurent dans l&#8217;encadr\u00e9 ci-dessous.\u00a0 <a href=\"https:\/\/cap.ca\/fr\/activites\/medailles-bourses\/physique-appliquee-et-la-recherche\/physique-industrielle-appliquee\/anciens-recipiendaires-iap\/#pre2008\">Cliquez ici pour acc\u00e9der \u00e0 la liste des laur\u00e9ats depuis l&#8217;attribution inaugurale en 1991 jusqu&#8217;\u00e0 aujourd&#8217;hui<\/a>.[\/vc_column_text][vc_raw_html 0=&#8221;&#8221;]JTNDaWZyYW1lJTIwaWQlM0QlMjJpZnJhbWUtbWVkYWxzJTIyJTIwY2xhc3MlM0QlMjIlMjBpZnJhbWUtZGVsdGEtMCUyMiUyMHNyYyUzRCUyMmh0dHBzJTNBJTJGJTJGc2VydmljZXMuY2FwLmNhJTJGbWVkYWwlMkZwdWJsaWNpdHklMkZyZWNpcGllbnRzLnBocCUzRm1lZGFsJTNEMiUyNmxhbmclM0RmciUyMiUyMG5hbWUlM0QlMjJpZnJhbWUtMCUyMiUyMHdpZHRoJTNEJTIyMTAwJTI1JTIyJTIwaGVpZ2h0JTNEJTIyNzAwJTIyJTIwZnJhbWVib3JkZXIlM0QlMjIwJTIyJTIwc2Nyb2xsaW5nJTNEJTIyYXV0byUyMiUzRVlvdXIlMjBicm93c2VyJTIwZG9lcyUyMG5vdCUyMHN1cHBvcnQlMjBpZnJhbWVzLiUyMEJ1dCUyMFlvdSUyMGNhbiUyMHVzZSUyMHRoZSUyMGZvbGxvd2luZyUyMGxpbmslM0ElMjBodHRwcyUzQSUyRiUyRnNlcnZpY2VzLmNhcC5jYSUyRm1lZGFsJTJGcHVibGljaXR5JTJGcmVjaXBpZW50cy5waHAlM0ZtZWRhbCUzRDIlMjZsYW5nJTNEZnIlM0MlMkZpZnJhbWUlM0U=[\/vc_raw_html][vc_column_text 0=&#8221;&#8221;]<span style=\"font-size: medium;\"><strong><a id=\"pre2008\"><\/a>Les laur\u00e9ats de la m\u00e9daille, depuis la premi\u00e8re remise en 1999 jusqu&#8217;\u00e0 aujourd&#8217;hui.<\/strong><br \/>\n<\/span><span style=\"font-size: 10pt;\"><a href=\"#top\">Retour au d\u00e9but de la page.<\/a><\/span><\/p>\n<ul class=\"content-list\">\n<li>2023 &#8211; Michel L. Trudeau, Hydro-Qu\u00e9bec<\/li>\n<li>2021 &#8211; Vincent Tabard-Cossa, Universit\u00e9 d&#8217;Ottawa<\/li>\n<li>2019 &#8211; not awarded<\/li>\n<li>2017 &#8211; Simon Fafard, Universit\u00e9 de Sherbrooke<\/li>\n<li>2015 &#8211; not awarded<\/li>\n<li>2013 &#8211; Xiaoyi Bao, Universit\u00e9 d&#8217;Ottawa<\/li>\n<li>2011 &#8211; Wayne Hocking, University of Western Ontario<\/li>\n<li>2009 &#8211; Andreas Mandelis, University of Toronto<\/li>\n<li>2007 &#8211; <a href=\"https:\/\/services.cap.ca\/awards\/press\/2007-Maev-f.html\">Roman Maev<\/a>, Universit\u00e9 de Windsor<\/li>\n<li>2005 &#8211; <a href=\"https:\/\/services.cap.ca\/awards\/press\/2005-SpringThorpe-f.html\">Anthony SpringThorpe<\/a>, Conseil national de recherches<\/li>\n<li>2003 &#8211; <a href=\"https:\/\/services.cap.ca\/awards\/press\/2003-standing-f.html\">Kenneth G. Standing<\/a>, Universit\u00e9 de Manitoba<\/li>\n<li>2001 &#8211; <a href=\"https:\/\/services.cap.ca\/awards\/press\/2001-Krouse-f.html\">H. Roy Krouse<\/a>, Universit\u00e9 de Calgary<\/li>\n<li>1999 &#8211; <a href=\"https:\/\/services.cap.ca\/awards\/press\/1999-Whitehead-f.html\">Lorne Whitehead<\/a>, Universit\u00e9 de la Colombie-britannique<\/li>\n<li>1997 &#8211; Jerzy A. Dobrowlski, Conseil national de recherches Canada<\/li>\n<li>1995 &#8211; Morrel Bachynski, MPB Technologies Inc.<\/li>\n<li>1993 &#8211; Jacques J.A. Beaulieu, retrait\u00e9 de DREV<\/li>\n<li>1991 &#8211; Paul Webb, GE Canada Inc.<\/li>\n<\/ul>\n<p><span style=\"font-size: 10pt;\"><a href=\"#top\">Retour au d\u00e9but de la page.<\/a><\/span>[\/vc_column_text][\/vc_column][\/vc_row]<\/p>\n<\/div>","protected":false},"excerpt":{"rendered":"<p>[vc_row 0=&#8221;&#8221;][vc_column 0=&#8221;&#8221;][vc_column_text]Les laur\u00e9ats de cette m\u00e9daille depuis 2008 figurent dans l&#8217;encadr\u00e9 ci-dessous.\u00a0 Cliquez ici pour acc\u00e9der \u00e0 la liste des laur\u00e9ats depuis l&#8217;attribution inaugurale en 1991 jusqu&#8217;\u00e0 aujourd&#8217;hui.[\/vc_column_text][vc_raw_html 0=&#8221;&#8221;]JTNDaWZyYW1lJTIwaWQlM0QlMjJpZnJhbWUtbWVkYWxzJTIyJTIwY2xhc3MlM0QlMjIlMjBpZnJhbWUtZGVsdGEtMCUyMiUyMHNyYyUzRCUyMmh0dHBzJTNBJTJGJTJGc2VydmljZXMuY2FwLmNhJTJGbWVkYWwlMkZwdWJsaWNpdHklMkZyZWNpcGllbnRzLnBocCUzRm1lZGFsJTNEMiUyNmxhbmclM0RmciUyMiUyMG5hbWUlM0QlMjJpZnJhbWUtMCUyMiUyMHdpZHRoJTNEJTIyMTAwJTI1JTIyJTIwaGVpZ2h0JTNEJTIyNzAwJTIyJTIwZnJhbWVib3JkZXIlM0QlMjIwJTIyJTIwc2Nyb2xsaW5nJTNEJTIyYXV0byUyMiUzRVlvdXIlMjBicm93c2VyJTIwZG9lcyUyMG5vdCUyMHN1cHBvcnQlMjBpZnJhbWVzLiUyMEJ1dCUyMFlvdSUyMGNhbiUyMHVzZSUyMHRoZSUyMGZvbGxvd2luZyUyMGxpbmslM0ElMjBodHRwcyUzQSUyRiUyRnNlcnZpY2VzLmNhcC5jYSUyRm1lZGFsJTJGcHVibGljaXR5JTJGcmVjaXBpZW50cy5waHAlM0ZtZWRhbCUzRDIlMjZsYW5nJTNEZnIlM0MlMkZpZnJhbWUlM0U=[\/vc_raw_html][vc_column_text 0=&#8221;&#8221;]Les laur\u00e9ats de la m\u00e9daille, depuis la premi\u00e8re remise en 1999 jusqu&#8217;\u00e0 aujourd&#8217;hui. Retour au d\u00e9but de la page. 2023 &#8211; Michel L. Trudeau, Hydro-Qu\u00e9bec&#8230;  <a class=\"excerpt-read-more\" href=\"https:\/\/cap.ca\/fr\/activites\/programme-de-distinctions\/post-graduate-physicists\/physique-industrielle-appliquee\/anciens-recipiendaires-iap\/\" title=\"LireM\u00e9daille de l&#8217;ACP pour des r\u00e9alisations exceptionnelles en physique industrielle et appliqu\u00e9e &#8211; Anciens r\u00e9cipiendaires\">Lire la suite &raquo;<\/a><\/p>\n","protected":false},"author":10,"featured_media":0,"parent":3329,"menu_order":8367,"comment_status":"closed","ping_status":"closed","template":"","meta":{"footnotes":""},"class_list":["post-3331","page","type-page","status-publish","hentry"],"_links":{"self":[{"href":"https:\/\/cap.ca\/fr\/wp-json\/wp\/v2\/pages\/3331","targetHints":{"allow":["GET"]}}],"collection":[{"href":"https:\/\/cap.ca\/fr\/wp-json\/wp\/v2\/pages"}],"about":[{"href":"https:\/\/cap.ca\/fr\/wp-json\/wp\/v2\/types\/page"}],"author":[{"embeddable":true,"href":"https:\/\/cap.ca\/fr\/wp-json\/wp\/v2\/users\/10"}],"replies":[{"embeddable":true,"href":"https:\/\/cap.ca\/fr\/wp-json\/wp\/v2\/comments?post=3331"}],"version-history":[{"count":12,"href":"https:\/\/cap.ca\/fr\/wp-json\/wp\/v2\/pages\/3331\/revisions"}],"predecessor-version":[{"id":23340,"href":"https:\/\/cap.ca\/fr\/wp-json\/wp\/v2\/pages\/3331\/revisions\/23340"}],"up":[{"embeddable":true,"href":"https:\/\/cap.ca\/fr\/wp-json\/wp\/v2\/pages\/3329"}],"wp:attachment":[{"href":"https:\/\/cap.ca\/fr\/wp-json\/wp\/v2\/media?parent=3331"}],"curies":[{"name":"wp","href":"https:\/\/api.w.org\/{rel}","templated":true}]}}