{"id":3329,"date":"2017-03-09T15:22:39","date_gmt":"2017-03-09T20:22:39","guid":{"rendered":"http:\/\/caph-02.eproofs.ca\/physique-industrielle-appliquee\/"},"modified":"2024-10-04T10:26:11","modified_gmt":"2024-10-04T14:26:11","slug":"physique-industrielle-appliquee","status":"publish","type":"page","link":"https:\/\/cap.ca\/fr\/activites\/programme-de-distinctions\/post-graduate-physicists\/physique-industrielle-appliquee\/","title":{"rendered":"M\u00e9daille de l&#8217;ACP pour des r\u00e9alisations significatives en physique industrielle et appliqu\u00e9e"},"content":{"rendered":"<div class=\"wpb-content-wrapper\"><p>Reconna\u00eetre et promouvoir la cr\u00e9ativit\u00e9 des scientifiques travaillant au Canada dans le domaine de la physique industrielle et appliqu\u00e9e.<\/p>\n<p><a href=\"#Back\">Description et contexte<\/a><br \/>\n<a href=\"#Eval\">Crit\u00e8res d&#8217;\u00e9valuation<\/a><br \/>\n<a href=\"https:\/\/cap.ca\/programs\/recognitions\/post-graduate-physicists\/cap-medal-nomination-procedures\/\">Proc\u00e9dures de candidature \u00e0 la m\u00e9daille ACP<\/a> (lien dans un nouvel onglet)<\/p>\n<hr \/>\n<table style=\"border-collapse: collapse; width: 100%;\">\n<tbody>\n<tr><!-- First column with text and button --><\/p>\n<td style=\"width: 50%; text-align: center;\">\n<p style=\"text-align: center;\"><strong>Vous connaissez un candidat digne de ce prix ?<\/strong><\/p>\n<p><a class=\"green-btn\" href=\"https:\/\/services.cap.ca\/medal\/login.php\">Visitez le syst\u00e8me de candidature \u00e0 la distinction ACP<\/a><\/p>\n<p>Toute question concernant la proc\u00e9dure de candidature doit \u00eatre adress\u00e9e \u00e0 l\u2019ACP, \u00e0 l\u2019adresse suivante\u00a0<a href=\"mailto:programs@cap.ca\">: programs@cap.ca.<\/a><\/td>\n<p><!-- Second column with image and winner details --><\/p>\n<td style=\"width: 50%; text-align: center;\"><img loading=\"lazy\" decoding=\"async\" class=\"aligncenter size-50% wp-image-12249\" src=\"https:\/\/cap.ca\/wp-content\/uploads\/2019\/02\/capaward.jpg\" alt=\"\" width=\"125\" height=\"125\" \/><\/p>\n<h3 style=\"text-align: center;\">2023 Laur\u00e9at<\/h3>\n<p style=\"text-align: center;\"><strong>Michel L. Trudeau | <\/strong>Hydro-Quebec<\/p>\n<p style=\"text-align: center;\">(Attribu\u00e9 tous les deux ans &#8211; Non attribu\u00e9 en 2024)<\/p>\n<p style=\"text-align: center;\"><a href=\"https:\/\/cap.ca\/programs\/recognitions\/post-graduate-physicists\/herzberg-medal\/previous-winners-hm\/\"><em>Voir les laur\u00e9ats pr\u00e9c\u00e9dents<\/em><\/a><\/p>\n<\/td>\n<\/tr>\n<\/tbody>\n<\/table>\n<hr \/>\n<h2 id=\"Back\">Description et contexte<\/h2>\n<p>Cette m\u00e9daille a pour but de reconna\u00eetre et de promouvoir la cr\u00e9ativit\u00e9 des scientifiques travaillant au Canada dans le domaine de la physique industrielle et appliqu\u00e9e, et de reconna\u00eetre en particulier l&#8217;application r\u00e9ussie de principes physiques \u00e0 la cr\u00e9ation d&#8217;innovations pratiques, comme en t\u00e9moigne (par exemple) la contribution du titulaire de la m\u00e9daille \u00e0 la soci\u00e9t\u00e9.<\/p>\n<p>Le prix est ouvert \u00e0 tous les physiciens, qu&#8217;ils travaillent dans l&#8217;industrie, les instituts de recherche, les universit\u00e9s, le gouvernement ou ailleurs. Le mandat de ce prix ne doit pas d\u00e9courager la candidature de physiciens appliqu\u00e9s \u00e0 d&#8217;autres m\u00e9dailles de l&#8217;ACP.<\/p>\n<h2 id=\"eval\">Crit\u00e8res d\u2019\u00e9valuation<\/h2>\n<p>Les candidats seront \u00e9valu\u00e9s sur leurs contributions \u00e0 la physique industrielle et appliqu\u00e9e qui les distinguent de leurs pairs. Cette \u00e9valuation se fondera sur les contributions du candidat, y compris, mais sans s&#8217;y limiter, les \u00e9l\u00e9ments suivants :<\/p>\n<ul class=\"content-list\">\n<li>Qualit\u00e9 de la recherche et du d\u00e9veloppement<\/li>\n<li>Impact des travaux du candidat sur le d\u00e9veloppement de son domaine ou de son secteur d&#8217;activit\u00e9<\/li>\n<li>Impact des contributions du candidat sur la soci\u00e9t\u00e9<\/li>\n<li>Solutions innovantes \u00e0 des probl\u00e8mes pratiques<\/li>\n<li>Commercialisation et retomb\u00e9es \u00e9conomiques<\/li>\n<li>Contributions \u00e0 la formation de personnel hautement qualifi\u00e9, en particulier les r\u00e9alisations et les r\u00e9sultats en mati\u00e8re de PHQ<\/li>\n<\/ul>\n<p>&nbsp;<\/p>\n<p>[vc_row][vc_column][vc_single_image image=&#8221;21572&#8243; img_size=&#8221;full&#8221; onclick=&#8221;custom_link&#8221; img_link_target=&#8221;_blank&#8221; link=&#8221;http:\/\/https:\/\/cap.ca\/fr\/edi\/&#8221;][\/vc_column][\/vc_row]<\/p>\n<p>&nbsp;<\/p>\n<\/div>","protected":false},"excerpt":{"rendered":"<p>Reconna\u00eetre et promouvoir la cr\u00e9ativit\u00e9 des scientifiques travaillant au Canada dans le domaine de la physique industrielle et appliqu\u00e9e. Description et contexte Crit\u00e8res d&#8217;\u00e9valuation Proc\u00e9dures de candidature \u00e0 la m\u00e9daille ACP (lien dans un nouvel onglet) Vous connaissez un candidat digne de ce prix ? Visitez le syst\u00e8me de candidature \u00e0 la distinction ACP Toute&#8230;  <a class=\"excerpt-read-more\" href=\"https:\/\/cap.ca\/fr\/activites\/programme-de-distinctions\/post-graduate-physicists\/physique-industrielle-appliquee\/\" title=\"LireM\u00e9daille de l&#8217;ACP pour des r\u00e9alisations significatives en physique industrielle et appliqu\u00e9e\">Lire la suite &raquo;<\/a><\/p>\n","protected":false},"author":10,"featured_media":0,"parent":23649,"menu_order":42,"comment_status":"closed","ping_status":"closed","template":"","meta":{"footnotes":""},"class_list":["post-3329","page","type-page","status-publish","hentry"],"_links":{"self":[{"href":"https:\/\/cap.ca\/fr\/wp-json\/wp\/v2\/pages\/3329","targetHints":{"allow":["GET"]}}],"collection":[{"href":"https:\/\/cap.ca\/fr\/wp-json\/wp\/v2\/pages"}],"about":[{"href":"https:\/\/cap.ca\/fr\/wp-json\/wp\/v2\/types\/page"}],"author":[{"embeddable":true,"href":"https:\/\/cap.ca\/fr\/wp-json\/wp\/v2\/users\/10"}],"replies":[{"embeddable":true,"href":"https:\/\/cap.ca\/fr\/wp-json\/wp\/v2\/comments?post=3329"}],"version-history":[{"count":34,"href":"https:\/\/cap.ca\/fr\/wp-json\/wp\/v2\/pages\/3329\/revisions"}],"predecessor-version":[{"id":25834,"href":"https:\/\/cap.ca\/fr\/wp-json\/wp\/v2\/pages\/3329\/revisions\/25834"}],"up":[{"embeddable":true,"href":"https:\/\/cap.ca\/fr\/wp-json\/wp\/v2\/pages\/23649"}],"wp:attachment":[{"href":"https:\/\/cap.ca\/fr\/wp-json\/wp\/v2\/media?parent=3329"}],"curies":[{"name":"wp","href":"https:\/\/api.w.org\/{rel}","templated":true}]}}