{"id":3328,"date":"2017-03-09T15:22:36","date_gmt":"2017-03-09T20:22:36","guid":{"rendered":"http:\/\/caph-02.eproofs.ca\/anciens-recipiendaires-ap\/"},"modified":"2023-07-17T21:16:51","modified_gmt":"2023-07-18T01:16:51","slug":"anciens-recipiendaires-ap","status":"publish","type":"page","link":"https:\/\/cap.ca\/fr\/photonique-appliquee\/anciens-recipiendaires-ap\/","title":{"rendered":"M\u00e9daille de l&#8217;ACP-INO pour contributions exceptionnelles en photonique appliqu\u00e9e &#8211; Anciens r\u00e9cipiendaires"},"content":{"rendered":"<div class=\"wpb-content-wrapper\"><p>[vc_row 0=&#8221;&#8221;][vc_column 0=&#8221;&#8221;][vc_column_text]Les laur\u00e9ats de cette m\u00e9daille depuis 2008 figurent dans l&#8217;encadr\u00e9 ci-dessous.\u00a0 <a href=\"https:\/\/cap.ca\/fr\/activites\/medailles-bourses\/physique-appliquee-et-la-recherche\/photonique-appliquee\/anciens-recipiendaires-ap\/#pre2008\">Cliquez ici pour acc\u00e9der \u00e0 la liste des laur\u00e9ats depuis l&#8217;attribution inaugurale en 1999 jusqu&#8217;\u00e0 aujourd&#8217;hui<\/a>.[\/vc_column_text][vc_raw_html 0=&#8221;&#8221;]JTNDaWZyYW1lJTIwaWQlM0QlMjJpZnJhbWUtbWVkYWxzJTIyJTIwY2xhc3MlM0QlMjIlMjBpZnJhbWUtZGVsdGEtMCUyMiUyMHNyYyUzRCUyMmh0dHBzJTNBJTJGJTJGc2VydmljZXMuY2FwLmNhJTJGbWVkYWwlMkZwdWJsaWNpdHklMkZyZWNpcGllbnRzLnBocCUzRm1lZGFsJTNENyUyNmxhbmclM0RmciUyMiUyMG5hbWUlM0QlMjJpZnJhbWUtMCUyMiUyMHdpZHRoJTNEJTIyMTAwJTI1JTIyJTIwaGVpZ2h0JTNEJTIyNzAwJTIyJTIwZnJhbWVib3JkZXIlM0QlMjIwJTIyJTIwc2Nyb2xsaW5nJTNEJTIyYXV0byUyMiUzRVlvdXIlMjBicm93c2VyJTIwZG9lcyUyMG5vdCUyMHN1cHBvcnQlMjBpZnJhbWVzLiUyMEJ1dCUyMFlvdSUyMGNhbiUyMHVzZSUyMHRoZSUyMGZvbGxvd2luZyUyMGxpbmslM0ElMjBodHRwcyUzQSUyRiUyRnNlcnZpY2VzLmNhcC5jYSUyRm1lZGFsJTJGcHVibGljaXR5JTJGcmVjaXBpZW50cy5waHAlM0ZtZWRhbCUzRDclMjZsYW5nJTNEZnIlM0MlMkZpZnJhbWUlM0U=[\/vc_raw_html][vc_column_text 0=&#8221;&#8221;]<span style=\"font-size: medium;\"><strong><a id=\"pre2008\"><\/a>Les laur\u00e9ats de la m\u00e9daille, depuis la premi\u00e8re remise en 1998 jusqu&#8217;\u00e0 2006.<\/strong><br \/>\n<\/span><span style=\"font-size: 10pt;\"><a href=\"#top\">Retour au d\u00e9but de la page.<\/a><\/span><\/p>\n<ul class=\"content-list\">\n<li>2006 &#8211; <a href=\"https:\/\/services.cap.ca\/awards\/press\/2006-Dixon-f.html\">A.E. (Ted) Dixon<\/a>, Biomedical Photometrics Inc.<\/li>\n<li>2004 &#8211; <a href=\"https:\/\/services.cap.ca\/awards\/press\/2004-Jaeger-f.html\">Nicholas Jaeger<\/a>, Universit\u00e9 de la Colombie-Britannique<\/li>\n<li>2002 &#8211; <a href=\"https:\/\/services.cap.ca\/awards\/press\/2002-Carswell-f.html\">Allan Carswell<\/a>, Optech Inc.<\/li>\n<li>2000 &#8211; <a href=\"https:\/\/services.cap.ca\/awards\/press\/2000-Normandin-f.html\">Richard Normandin<\/a>, IMS, Conseil national de recherches<\/li>\n<li>1998 &#8211; <a href=\"https:\/\/services.cap.ca\/awards\/press\/1998-hill-f.html\">Kenneth O. Hill<\/a>, Centre de recherches sur les communications (gagnant inaugural<\/li>\n<\/ul>\n<p><span style=\"font-size: 10pt;\"><a href=\"#top\">Retour au d\u00e9but de la page.<\/a><\/span>[\/vc_column_text][\/vc_column][\/vc_row]<\/p>\n<\/div>","protected":false},"excerpt":{"rendered":"<p>[vc_row 0=&#8221;&#8221;][vc_column 0=&#8221;&#8221;][vc_column_text]Les laur\u00e9ats de cette m\u00e9daille depuis 2008 figurent dans l&#8217;encadr\u00e9 ci-dessous.\u00a0 Cliquez ici pour acc\u00e9der \u00e0 la liste des laur\u00e9ats depuis l&#8217;attribution inaugurale en 1999 jusqu&#8217;\u00e0 aujourd&#8217;hui.[\/vc_column_text][vc_raw_html 0=&#8221;&#8221;]JTNDaWZyYW1lJTIwaWQlM0QlMjJpZnJhbWUtbWVkYWxzJTIyJTIwY2xhc3MlM0QlMjIlMjBpZnJhbWUtZGVsdGEtMCUyMiUyMHNyYyUzRCUyMmh0dHBzJTNBJTJGJTJGc2VydmljZXMuY2FwLmNhJTJGbWVkYWwlMkZwdWJsaWNpdHklMkZyZWNpcGllbnRzLnBocCUzRm1lZGFsJTNENyUyNmxhbmclM0RmciUyMiUyMG5hbWUlM0QlMjJpZnJhbWUtMCUyMiUyMHdpZHRoJTNEJTIyMTAwJTI1JTIyJTIwaGVpZ2h0JTNEJTIyNzAwJTIyJTIwZnJhbWVib3JkZXIlM0QlMjIwJTIyJTIwc2Nyb2xsaW5nJTNEJTIyYXV0byUyMiUzRVlvdXIlMjBicm93c2VyJTIwZG9lcyUyMG5vdCUyMHN1cHBvcnQlMjBpZnJhbWVzLiUyMEJ1dCUyMFlvdSUyMGNhbiUyMHVzZSUyMHRoZSUyMGZvbGxvd2luZyUyMGxpbmslM0ElMjBodHRwcyUzQSUyRiUyRnNlcnZpY2VzLmNhcC5jYSUyRm1lZGFsJTJGcHVibGljaXR5JTJGcmVjaXBpZW50cy5waHAlM0ZtZWRhbCUzRDclMjZsYW5nJTNEZnIlM0MlMkZpZnJhbWUlM0U=[\/vc_raw_html][vc_column_text 0=&#8221;&#8221;]Les laur\u00e9ats de la m\u00e9daille, depuis la premi\u00e8re remise en 1998 jusqu&#8217;\u00e0 2006. Retour au d\u00e9but de la page. 2006 &#8211; A.E. (Ted) Dixon, Biomedical&#8230;  <a class=\"excerpt-read-more\" href=\"https:\/\/cap.ca\/fr\/photonique-appliquee\/anciens-recipiendaires-ap\/\" title=\"LireM\u00e9daille de l&#8217;ACP-INO pour contributions exceptionnelles en photonique appliqu\u00e9e &#8211; Anciens r\u00e9cipiendaires\">Lire la suite &raquo;<\/a><\/p>\n","protected":false},"author":10,"featured_media":0,"parent":3326,"menu_order":8357,"comment_status":"closed","ping_status":"closed","template":"","meta":{"footnotes":""},"class_list":["post-3328","page","type-page","status-publish","hentry"],"_links":{"self":[{"href":"https:\/\/cap.ca\/fr\/wp-json\/wp\/v2\/pages\/3328","targetHints":{"allow":["GET"]}}],"collection":[{"href":"https:\/\/cap.ca\/fr\/wp-json\/wp\/v2\/pages"}],"about":[{"href":"https:\/\/cap.ca\/fr\/wp-json\/wp\/v2\/types\/page"}],"author":[{"embeddable":true,"href":"https:\/\/cap.ca\/fr\/wp-json\/wp\/v2\/users\/10"}],"replies":[{"embeddable":true,"href":"https:\/\/cap.ca\/fr\/wp-json\/wp\/v2\/comments?post=3328"}],"version-history":[{"count":11,"href":"https:\/\/cap.ca\/fr\/wp-json\/wp\/v2\/pages\/3328\/revisions"}],"predecessor-version":[{"id":23344,"href":"https:\/\/cap.ca\/fr\/wp-json\/wp\/v2\/pages\/3328\/revisions\/23344"}],"up":[{"embeddable":true,"href":"https:\/\/cap.ca\/fr\/wp-json\/wp\/v2\/pages\/3326"}],"wp:attachment":[{"href":"https:\/\/cap.ca\/fr\/wp-json\/wp\/v2\/media?parent=3328"}],"curies":[{"name":"wp","href":"https:\/\/api.w.org\/{rel}","templated":true}]}}