{"id":3325,"date":"2017-03-09T15:22:27","date_gmt":"2017-03-09T20:22:27","guid":{"rendered":"http:\/\/caph-02.eproofs.ca\/physique-appliquee-et-la-recherche\/"},"modified":"2022-02-15T15:10:00","modified_gmt":"2022-02-15T20:10:00","slug":"physique-appliquee-et-la-recherche","status":"publish","type":"page","link":"https:\/\/cap.ca\/fr\/activites\/programme-de-distinctions\/physique-appliquee-et-la-recherche\/","title":{"rendered":"M\u00e9dailles pour la physique appliqu\u00e9e et la recherche"},"content":{"rendered":"<div class=\"wpb-content-wrapper\"><p>[vc_row 0=&#8221;&#8221;][vc_column][vc_column_text 0=&#8221;&#8221;]L&#8217;ACP reconna\u00eet les contributions dans les nombreuses branches de la physique appliqu\u00e9e et industrielle. Veuillez cliquer sur les liens qui suivent pour en savoir plus sur ces prix :<\/p>\n<ul class=\"content-list\">\n<li><a href=\"https:\/\/cap.ca\/fr\/activites\/medailles-bourses\/physique-appliquee-et-la-recherche\/photonique-appliquee\/\">M\u00e9daille de l&#8217;ACP-INO pour contributions exceptionnelles en photonique appliqu\u00e9e<\/a>\u00a0(d\u00e9cern\u00e9e les ann\u00e9es paires)<\/li>\n<li><a href=\"https:\/\/cap.ca\/fr\/activites\/medailles-bourses\/physique-appliquee-et-la-recherche\/physique-industrielle-appliquee\/\">M\u00e9daille de l&#8217;ACP pour r\u00e9alisations exceptionnelles en physique industrielle et appliqu\u00e9e <\/a>(d\u00e9cern\u00e9e les ann\u00e9es impaires)<\/li>\n<li>La M\u00e9daille CAP-INO pour r\u00e9alisation exceptionnelle en photonique appliqu\u00e9e sera d\u00e9cern\u00e9e en 2022. L&#8217;appel \u00e0 candidatures sera lanc\u00e9 au printemps 2022.<\/li>\n<li>La m\u00e9daille CAP pour r\u00e9alisation exceptionnelle en physique industrielle et appliqu\u00e9e sera d\u00e9cern\u00e9e en 2023.<\/li>\n<\/ul>\n<p style=\"text-align: center;\"><a class=\"green-btn\" href=\"https:\/\/services.cap.ca\/medal\/login.php\">SYST\u00c8ME DE MISE EN CANDIDATURE POUR M\u00c9DAILLES ET PRIX<\/a><\/p>\n<p>[\/vc_column_text][\/vc_column][\/vc_row]<\/p>\n<\/div>","protected":false},"excerpt":{"rendered":"<p>[vc_row 0=&#8221;&#8221;][vc_column][vc_column_text 0=&#8221;&#8221;]L&#8217;ACP reconna\u00eet les contributions dans les nombreuses branches de la physique appliqu\u00e9e et industrielle. Veuillez cliquer sur les liens qui suivent pour en savoir plus sur ces prix : M\u00e9daille de l&#8217;ACP-INO pour contributions exceptionnelles en photonique appliqu\u00e9e\u00a0(d\u00e9cern\u00e9e les ann\u00e9es paires) M\u00e9daille de l&#8217;ACP pour r\u00e9alisations exceptionnelles en physique industrielle et appliqu\u00e9e (d\u00e9cern\u00e9e&#8230;  <a class=\"excerpt-read-more\" href=\"https:\/\/cap.ca\/fr\/activites\/programme-de-distinctions\/physique-appliquee-et-la-recherche\/\" title=\"LireM\u00e9dailles pour la physique appliqu\u00e9e et la recherche\">Lire la suite &raquo;<\/a><\/p>\n","protected":false},"author":10,"featured_media":0,"parent":3308,"menu_order":238,"comment_status":"closed","ping_status":"closed","template":"","meta":{"footnotes":""},"class_list":["post-3325","page","type-page","status-publish","hentry"],"_links":{"self":[{"href":"https:\/\/cap.ca\/fr\/wp-json\/wp\/v2\/pages\/3325","targetHints":{"allow":["GET"]}}],"collection":[{"href":"https:\/\/cap.ca\/fr\/wp-json\/wp\/v2\/pages"}],"about":[{"href":"https:\/\/cap.ca\/fr\/wp-json\/wp\/v2\/types\/page"}],"author":[{"embeddable":true,"href":"https:\/\/cap.ca\/fr\/wp-json\/wp\/v2\/users\/10"}],"replies":[{"embeddable":true,"href":"https:\/\/cap.ca\/fr\/wp-json\/wp\/v2\/comments?post=3325"}],"version-history":[{"count":13,"href":"https:\/\/cap.ca\/fr\/wp-json\/wp\/v2\/pages\/3325\/revisions"}],"predecessor-version":[{"id":19828,"href":"https:\/\/cap.ca\/fr\/wp-json\/wp\/v2\/pages\/3325\/revisions\/19828"}],"up":[{"embeddable":true,"href":"https:\/\/cap.ca\/fr\/wp-json\/wp\/v2\/pages\/3308"}],"wp:attachment":[{"href":"https:\/\/cap.ca\/fr\/wp-json\/wp\/v2\/media?parent=3325"}],"curies":[{"name":"wp","href":"https:\/\/api.w.org\/{rel}","templated":true}]}}