{"id":3324,"date":"2017-03-09T15:22:24","date_gmt":"2017-03-09T20:22:24","guid":{"rendered":"http:\/\/caph-02.eproofs.ca\/anciens-recipiendaires-vsp\/"},"modified":"2022-02-15T15:03:50","modified_gmt":"2022-02-15T20:03:50","slug":"anciens-recipiendaires-vsp","status":"publish","type":"page","link":"https:\/\/cap.ca\/fr\/activites\/programme-de-distinctions\/post-graduate-physicists\/vogt-physique-subatomique\/anciens-recipiendaires-vsp\/","title":{"rendered":"M\u00e9daille Vogt de l&#8217;ACP-TRIUMF pour l&#8217;excellence dans le domaine de la recherche th\u00e9orique ou exp\u00e9rimentale en physique subatomique &#8211; Anciens r\u00e9cipiendaires"},"content":{"rendered":"<div class=\"wpb-content-wrapper\"><p>[vc_row 0=&#8221;&#8221;][vc_column 0=&#8221;&#8221;][vc_column_text]Les r\u00e9cipiendaires de cette m\u00e9daille depuis 2011 se trouvent dans l&#8217;encadr\u00e9 ci-dessous.[\/vc_column_text][vc_raw_html 0=&#8221;&#8221;]JTNDaWZyYW1lJTIwaWQlM0QlMjJpZnJhbWUtbWVkYWxzJTIyJTIwY2xhc3MlM0QlMjIlMjBpZnJhbWUtZGVsdGEtMCUyMiUyMHNyYyUzRCUyMmh0dHBzJTNBJTJGJTJGc2VydmljZXMuY2FwLmNhJTJGbWVkYWwlMkZwdWJsaWNpdHklMkZyZWNpcGllbnRzLnBocCUzRm1lZGFsJTNEMTQlMjZsYW5nJTNEZnIlMjIlMjBuYW1lJTNEJTIyaWZyYW1lLTAlMjIlMjB3aWR0aCUzRCUyMjEwMCUyNSUyMiUyMGhlaWdodCUzRCUyMjcwMCUyMiUyMGZyYW1lYm9yZGVyJTNEJTIyMCUyMiUyMHNjcm9sbGluZyUzRCUyMmF1dG8lMjIlM0VZb3VyJTIwYnJvd3NlciUyMGRvZXMlMjBub3QlMjBzdXBwb3J0JTIwaWZyYW1lcy4lMjBCdXQlMjBZb3UlMjBjYW4lMjB1c2UlMjB0aGUlMjBmb2xsb3dpbmclMjBsaW5rJTNBJTIwaHR0cHMlM0ElMkYlMkZzZXJ2aWNlcy5jYXAuY2ElMkZtZWRhbCUyRnB1YmxpY2l0eSUyRnJlY2lwaWVudHMucGhwJTNGbWVkYWwlM0QxNCUyNmxhbmclM0RmciUzQyUyRmlmcmFtZSUzRQ==[\/vc_raw_html][vc_column_text 0=&#8221;&#8221;][\/vc_column_text][\/vc_column][\/vc_row]<\/p>\n<\/div>","protected":false},"excerpt":{"rendered":"<p>[vc_row 0=&#8221;&#8221;][vc_column 0=&#8221;&#8221;][vc_column_text]Les r\u00e9cipiendaires de cette m\u00e9daille depuis 2011 se trouvent dans l&#8217;encadr\u00e9 ci-dessous.[\/vc_column_text][vc_raw_html 0=&#8221;&#8221;]JTNDaWZyYW1lJTIwaWQlM0QlMjJpZnJhbWUtbWVkYWxzJTIyJTIwY2xhc3MlM0QlMjIlMjBpZnJhbWUtZGVsdGEtMCUyMiUyMHNyYyUzRCUyMmh0dHBzJTNBJTJGJTJGc2VydmljZXMuY2FwLmNhJTJGbWVkYWwlMkZwdWJsaWNpdHklMkZyZWNpcGllbnRzLnBocCUzRm1lZGFsJTNEMTQlMjZsYW5nJTNEZnIlMjIlMjBuYW1lJTNEJTIyaWZyYW1lLTAlMjIlMjB3aWR0aCUzRCUyMjEwMCUyNSUyMiUyMGhlaWdodCUzRCUyMjcwMCUyMiUyMGZyYW1lYm9yZGVyJTNEJTIyMCUyMiUyMHNjcm9sbGluZyUzRCUyMmF1dG8lMjIlM0VZb3VyJTIwYnJvd3NlciUyMGRvZXMlMjBub3QlMjBzdXBwb3J0JTIwaWZyYW1lcy4lMjBCdXQlMjBZb3UlMjBjYW4lMjB1c2UlMjB0aGUlMjBmb2xsb3dpbmclMjBsaW5rJTNBJTIwaHR0cHMlM0ElMkYlMkZzZXJ2aWNlcy5jYXAuY2ElMkZtZWRhbCUyRnB1YmxpY2l0eSUyRnJlY2lwaWVudHMucGhwJTNGbWVkYWwlM0QxNCUyNmxhbmclM0RmciUzQyUyRmlmcmFtZSUzRQ==[\/vc_raw_html][vc_column_text 0=&#8221;&#8221;][\/vc_column_text][\/vc_column][\/vc_row]<\/p>\n","protected":false},"author":10,"featured_media":0,"parent":3322,"menu_order":8297,"comment_status":"closed","ping_status":"closed","template":"","meta":{"footnotes":""},"class_list":["post-3324","page","type-page","status-publish","hentry"],"_links":{"self":[{"href":"https:\/\/cap.ca\/fr\/wp-json\/wp\/v2\/pages\/3324","targetHints":{"allow":["GET"]}}],"collection":[{"href":"https:\/\/cap.ca\/fr\/wp-json\/wp\/v2\/pages"}],"about":[{"href":"https:\/\/cap.ca\/fr\/wp-json\/wp\/v2\/types\/page"}],"author":[{"embeddable":true,"href":"https:\/\/cap.ca\/fr\/wp-json\/wp\/v2\/users\/10"}],"replies":[{"embeddable":true,"href":"https:\/\/cap.ca\/fr\/wp-json\/wp\/v2\/comments?post=3324"}],"version-history":[{"count":8,"href":"https:\/\/cap.ca\/fr\/wp-json\/wp\/v2\/pages\/3324\/revisions"}],"predecessor-version":[{"id":19827,"href":"https:\/\/cap.ca\/fr\/wp-json\/wp\/v2\/pages\/3324\/revisions\/19827"}],"up":[{"embeddable":true,"href":"https:\/\/cap.ca\/fr\/wp-json\/wp\/v2\/pages\/3322"}],"wp:attachment":[{"href":"https:\/\/cap.ca\/fr\/wp-json\/wp\/v2\/media?parent=3324"}],"curies":[{"name":"wp","href":"https:\/\/api.w.org\/{rel}","templated":true}]}}