{"id":3322,"date":"2017-03-09T15:22:18","date_gmt":"2017-03-09T20:22:18","guid":{"rendered":"http:\/\/caph-02.eproofs.ca\/vogt-physique-subatomique\/"},"modified":"2025-12-05T12:50:10","modified_gmt":"2025-12-05T17:50:10","slug":"vogt-physique-subatomique","status":"publish","type":"page","link":"https:\/\/cap.ca\/fr\/activites\/programme-de-distinctions\/post-graduate-physicists\/vogt-physique-subatomique\/","title":{"rendered":"M\u00e9daille Vogt de l&#8217;ACP-TRIUMF"},"content":{"rendered":"<div class=\"wpb-content-wrapper\"><p>Reconna\u00eet et encourage les contributions exp\u00e9rimentales ou th\u00e9oriques exceptionnelles \u00e0 la physique subatomique.<\/p>\n<p><a href=\"#Back\">Description et contexte<\/a><br \/>\n<a href=\"#Eval\">Crit\u00e8res d&#8217;\u00e9valuation<\/a><br \/>\n<a href=\"https:\/\/cap.ca\/fr\/activites\/programme-de-distinctions\/post-graduate-physicists\/procedures-de-nomination-medailles\/\">Proc\u00e9dures de candidature \u00e0 la m\u00e9daille ACP<\/a> (lien dans un nouvel onglet)<\/p>\n<hr \/>\n<table style=\"border-collapse: collapse; width: 100%;\">\n<tbody>\n<tr>\n<td style=\"width: 50%;\">\n<p style=\"text-align: center;\"><strong>Vous connaissez un candidat digne de ce prix ?<\/strong><\/p>\n<p style=\"text-align: center;\"><a class=\"green-btn\" href=\"https:\/\/services.cap.ca\/medal\/login.php\">Visitez le syst\u00e8me de candidature \u00e0 la distinction ACP<\/a><\/p>\n<p style=\"text-align: center;\"><a href=\"mailto:programs@cap.ca\">Visitez le syst\u00e8me de candidature \u00e0 la distinction ACPprograms@cap.ca<\/a><\/p>\n<\/td>\n<td style=\"width: 50%;\"><img loading=\"lazy\" decoding=\"async\" class=\"aligncenter size-50% wp-image-12249\" src=\"https:\/\/cap.ca\/wp-content\/uploads\/2019\/02\/capaward.jpg\" alt=\"\" width=\"125\" height=\"125\" \/><\/p>\n<h3 style=\"text-align: center;\">2025 Laur\u00e9at<\/h3>\n<p class=\"p2\" style=\"text-align: center;\"><b>Mark Boulay | <\/b>Carleton University<\/p>\n<p style=\"text-align: center;\"><a href=\"https:\/\/cap.ca\/programs\/medals-and-awards\/medals-research\/vogt-subatomic-physics\/previous-winners-vsp\/\"><em>Voir le pr\u00e9c\u00e9dent laur\u00e9at<\/em><\/a><\/p>\n<\/td>\n<\/tr>\n<\/tbody>\n<\/table>\n<hr \/>\n<h2 id=\"Back\">Description et contexte<\/h2>\n<p>L&#8217;objectif de cette r\u00e9compense est de reconna\u00eetre et d&#8217;encourager les contributions exp\u00e9rimentales ou th\u00e9oriques exceptionnelles \u00e0 la physique subatomique. Bien que le principal crit\u00e8re d&#8217;attribution de la m\u00e9daille Vogt soit l&#8217;excellence des travaux de recherche du candidat, la pr\u00e9f\u00e9rence sera donn\u00e9e \u00e0 une avanc\u00e9e r\u00e9cente et importante en physique subatomique et \u00e0 des chercheurs encore actifs. Les recherches du candidat doivent avoir \u00e9t\u00e9 men\u00e9es principalement au Canada ou en affiliation avec une universit\u00e9, une industrie ou un laboratoire gouvernemental canadien.<\/p>\n<p>La m\u00e9daille sera d\u00e9cern\u00e9e par l&#8217;Association canadienne des physiciens et physiciennes sur recommandation d&#8217;un comit\u00e9 de s\u00e9lection \u00e9tabli par l&#8217;Association canadienne des physiciens et physiciennes et TRIUMF. En plus de la m\u00e9daille, le laur\u00e9at recevra un certificat mentionnant les contributions reconnues par le prix et une petite somme d&#8217;argent. Le laur\u00e9at sera \u00e9galement invit\u00e9 \u00e0 faire un expos\u00e9 lors du congr\u00e8s de l&#8217;ACP au cours duquel la m\u00e9daille lui sera remise.<\/p>\n<h2 id=\"eval\">Crit\u00e8res d\u2019\u00e9valuation<\/h2>\n<p>Les candidats seront \u00e9valu\u00e9s sur la base de leurs contributions scientifiques et techniques en physique subatomique exp\u00e9rimentale ou th\u00e9orique qui les distinguent de leurs pairs. La pr\u00e9f\u00e9rence sera donn\u00e9e \u00e0 une avanc\u00e9e r\u00e9cente et importante en physique subatomique et aux chercheurs encore actifs. L&#8217;\u00e9valuation portera sur les documents et les r\u00e9f\u00e9rences inclus dans le dossier de candidature, sans toutefois s&#8217;y limiter. Les candidats seront \u00e9valu\u00e9s sur la base de la grille d&#8217;\u00e9valuation suivante :<\/p>\n<ul class=\"content-list\">\n<li><strong>35 % en fonction de la qualit\u00e9 des contributions du candidat.<\/strong><br \/>\nLa qualit\u00e9 des contributions sera jug\u00e9e sur la base du travail original lui-m\u00eame et comprendra le degr\u00e9 d&#8217;innovation et de comp\u00e9tence technique d\u00e9montr\u00e9 ainsi que le degr\u00e9 d&#8217;avancement du domaine. Ces contributions \u00e0 la physique subatomique peuvent inclure, sans s&#8217;y limiter, la recherche fondamentale et le d\u00e9veloppement de nouveaux outils de recherche, de logiciels et d&#8217;ensembles de donn\u00e9es.<\/li>\n<li><strong>35 % en fonction de l&#8217;impact des contributions du candidat.<\/strong><br \/>\nL&#8217;impact total sera \u00e9valu\u00e9 sur la base d&#8217;un large \u00e9ventail d&#8217;indicateurs. Il peut s&#8217;agir de publications originales, de citations, de pr\u00e9sentations invit\u00e9es, de prix, de financement de la recherche et d&#8217;une large influence sur les politiques et les pratiques.<\/li>\n<li><strong>30% bas\u00e9 sur la force des lettres de recommandation et de candidature d&#8217;experts qui connaissent bien le travail du candidat.<\/strong><br \/>\nLes lettres de recommandation doivent d\u00e9crire les r\u00e9alisations du candidat, ses contributions techniques et son impact sur le domaine de la physique subatomique, qui le distinguent de ses pairs.<\/li>\n<\/ul>\n<p>&nbsp;<\/p>\n<p>[vc_row][vc_column][vc_single_image image=&#8221;21572&#8243; img_size=&#8221;full&#8221; onclick=&#8221;custom_link&#8221; img_link_target=&#8221;_blank&#8221; link=&#8221;http:\/\/https:\/\/cap.ca\/fr\/edi\/&#8221;][\/vc_column][\/vc_row]<\/p>\n<\/div>","protected":false},"excerpt":{"rendered":"<p>Reconna\u00eet et encourage les contributions exp\u00e9rimentales ou th\u00e9oriques exceptionnelles \u00e0 la physique subatomique. Description et contexte Crit\u00e8res d&#8217;\u00e9valuation Proc\u00e9dures de candidature \u00e0 la m\u00e9daille ACP (lien dans un nouvel onglet) Vous connaissez un candidat digne de ce prix ? Visitez le syst\u00e8me de candidature \u00e0 la distinction ACP Visitez le syst\u00e8me de candidature \u00e0 la&#8230;  <a class=\"excerpt-read-more\" href=\"https:\/\/cap.ca\/fr\/activites\/programme-de-distinctions\/post-graduate-physicists\/vogt-physique-subatomique\/\" title=\"LireM\u00e9daille Vogt de l&#8217;ACP-TRIUMF\">Lire la suite &raquo;<\/a><\/p>\n","protected":false},"author":10,"featured_media":0,"parent":23649,"menu_order":40,"comment_status":"closed","ping_status":"closed","template":"template-winner.php","meta":{"footnotes":""},"class_list":["post-3322","page","type-page","status-publish","hentry"],"_links":{"self":[{"href":"https:\/\/cap.ca\/fr\/wp-json\/wp\/v2\/pages\/3322","targetHints":{"allow":["GET"]}}],"collection":[{"href":"https:\/\/cap.ca\/fr\/wp-json\/wp\/v2\/pages"}],"about":[{"href":"https:\/\/cap.ca\/fr\/wp-json\/wp\/v2\/types\/page"}],"author":[{"embeddable":true,"href":"https:\/\/cap.ca\/fr\/wp-json\/wp\/v2\/users\/10"}],"replies":[{"embeddable":true,"href":"https:\/\/cap.ca\/fr\/wp-json\/wp\/v2\/comments?post=3322"}],"version-history":[{"count":35,"href":"https:\/\/cap.ca\/fr\/wp-json\/wp\/v2\/pages\/3322\/revisions"}],"predecessor-version":[{"id":28336,"href":"https:\/\/cap.ca\/fr\/wp-json\/wp\/v2\/pages\/3322\/revisions\/28336"}],"up":[{"embeddable":true,"href":"https:\/\/cap.ca\/fr\/wp-json\/wp\/v2\/pages\/23649"}],"wp:attachment":[{"href":"https:\/\/cap.ca\/fr\/wp-json\/wp\/v2\/media?parent=3322"}],"curies":[{"name":"wp","href":"https:\/\/api.w.org\/{rel}","templated":true}]}}