{"id":3321,"date":"2017-03-09T15:22:15","date_gmt":"2017-03-09T20:22:15","guid":{"rendered":"http:\/\/caph-02.eproofs.ca\/anciens-recipiendaires-tm\/"},"modified":"2022-02-15T15:02:04","modified_gmt":"2022-02-15T20:02:04","slug":"anciens-recipiendaires-tm","status":"publish","type":"page","link":"https:\/\/cap.ca\/fr\/activites\/programme-de-distinctions\/post-graduate-physicists\/theorique-mathematique\/anciens-recipiendaires-tm\/","title":{"rendered":"Prix ACP-CRM de physique th\u00e9orique et math\u00e9matique &#8211; Anciens r\u00e9cipiendaires"},"content":{"rendered":"<div class=\"wpb-content-wrapper\"><p>[vc_row 0=&#8221;&#8221;][vc_column 0=&#8221;&#8221;][vc_column_text]Les laur\u00e9ats de cette m\u00e9daille depuis 2008 figurent dans l&#8217;encadr\u00e9 ci-dessous.\u00a0 Cliquez ici pour acc\u00e9der \u00e0 la liste des laur\u00e9ats depuis l&#8217;attribution inaugurale en 1999 jusqu&#8217;en 2020.[\/vc_column_text][vc_raw_html 0=&#8221;&#8221;]JTNDaWZyYW1lJTIwaWQlM0QlMjJpZnJhbWUtbWVkYWxzJTIyJTIwY2xhc3MlM0QlMjIlMjBpZnJhbWUtZGVsdGEtMCUyMiUyMHNyYyUzRCUyMmh0dHBzJTNBJTJGJTJGc2VydmljZXMuY2FwLmNhJTJGbWVkYWwlMkZwdWJsaWNpdHklMkZyZWNpcGllbnRzLnBocCUzRm1lZGFsJTNENiUyNmxhbmclM0RmciUyMiUyMG5hbWUlM0QlMjJpZnJhbWUtMCUyMiUyMHdpZHRoJTNEJTIyMTAwJTI1JTIyJTIwaGVpZ2h0JTNEJTIyNzAwJTIyJTIwZnJhbWVib3JkZXIlM0QlMjIwJTIyJTIwc2Nyb2xsaW5nJTNEJTIyYXV0byUyMiUzRVlvdXIlMjBicm93c2VyJTIwZG9lcyUyMG5vdCUyMHN1cHBvcnQlMjBpZnJhbWVzLiUyMEJ1dCUyMFlvdSUyMGNhbiUyMHVzZSUyMHRoZSUyMGZvbGxvd2luZyUyMGxpbmslM0ElMjBodHRwcyUzQSUyRiUyRnNlcnZpY2VzLmNhcC5jYSUyRm1lZGFsJTJGcHVibGljaXR5JTJGcmVjaXBpZW50cy5waHAlM0ZtZWRhbCUzRDYlMjZsYW5nJTNEZnIlM0MlMkZpZnJhbWUlM0U=[\/vc_raw_html][vc_column_text 0=&#8221;&#8221;]<\/p>\n<ul class=\"content-list\">\n<li>2007 &#8211; <a href=\"https:\/\/services.cap.ca\/awards\/press\/2007-Feldman-f.html\">Joel Feldman<\/a>, Universit\u00e9 de la Colombie-Britannique<\/li>\n<li>2006 &#8211; <a href=\"https:\/\/services.cap.ca\/awards\/press\/2006-Harnad-f.html\">John Harnad<\/a>, Universit\u00e9 Concordia<\/li>\n<li>2005 &#8211; <a href=\"https:\/\/services.cap.ca\/awards\/press\/2005-Myers-f.html\">Robert Myers<\/a>, Institut perimeter pour la physique th\u00e9orique<\/li>\n<li>2004 &#8211; <a href=\"https:\/\/services.cap.ca\/awards\/press\/2004-Patera-f.html\">Jiri Patera<\/a>, Universit\u00e9 de Montr\u00e9al<\/li>\n<li>2003 &#8211; <a href=\"https:\/\/services.cap.ca\/awards\/press\/2003-choptuik-f.html\">Matthew Choptuik<\/a>, Universit\u00e9 de la Colombie-Britannique<\/li>\n<li>2002 &#8211; <a href=\"https:\/\/services.cap.ca\/awards\/press\/2002-winternitz-f.html\">Pavel Winternitz<\/a>, Centre de recherches math\u00e9matiques\/Universit\u00e9 de Montr\u00e9al<\/li>\n<li>2001 &#8211; <a href=\"https:\/\/services.cap.ca\/awards\/press\/2001-tremblay-f.html\">Andr\u00e9-Marie Tremblay<\/a>, Universit\u00e9 de Sherbrooke<\/li>\n<li>2000 &#8211; <a href=\"https:\/\/services.cap.ca\/awards\/press\/2000-semenoff-f.html\">Gordon Semenoff<\/a>, Universit\u00e9 de la Colombie-britannique<\/li>\n<li>1999 &#8211; <a href=\"https:\/\/services.cap.ca\/awards\/press\/1999-rowe-f.html\">David J. Rowe<\/a>, Universit\u00e9 de Toronto<\/li>\n<li>1998 &#8211; <a href=\"https:\/\/services.cap.ca\/awards\/press\/1998-bond-f.html\">J. Richard Bond<\/a>, Institut canadien des recherches avanc\u00e9es (ICRA)<\/li>\n<li>1997 &#8211; Ian Affleck, Univ. de la Colombie Britannique<\/li>\n<li>1996 &#8211; William G. Unruh, Univ. de la Colombie Britannique<\/li>\n<li>1995 &#8211; Werner Israel, Univ. de l&#8217;Alberta (gagnant inaugural)<\/li>\n<\/ul>\n<p>[\/vc_column_text][\/vc_column][\/vc_row]<\/p>\n<\/div>","protected":false},"excerpt":{"rendered":"<p>[vc_row 0=&#8221;&#8221;][vc_column 0=&#8221;&#8221;][vc_column_text]Les laur\u00e9ats de cette m\u00e9daille depuis 2008 figurent dans l&#8217;encadr\u00e9 ci-dessous.\u00a0 Cliquez ici pour acc\u00e9der \u00e0 la liste des laur\u00e9ats depuis l&#8217;attribution inaugurale en 1999 jusqu&#8217;en 2020.[\/vc_column_text][vc_raw_html 0=&#8221;&#8221;]JTNDaWZyYW1lJTIwaWQlM0QlMjJpZnJhbWUtbWVkYWxzJTIyJTIwY2xhc3MlM0QlMjIlMjBpZnJhbWUtZGVsdGEtMCUyMiUyMHNyYyUzRCUyMmh0dHBzJTNBJTJGJTJGc2VydmljZXMuY2FwLmNhJTJGbWVkYWwlMkZwdWJsaWNpdHklMkZyZWNpcGllbnRzLnBocCUzRm1lZGFsJTNENiUyNmxhbmclM0RmciUyMiUyMG5hbWUlM0QlMjJpZnJhbWUtMCUyMiUyMHdpZHRoJTNEJTIyMTAwJTI1JTIyJTIwaGVpZ2h0JTNEJTIyNzAwJTIyJTIwZnJhbWVib3JkZXIlM0QlMjIwJTIyJTIwc2Nyb2xsaW5nJTNEJTIyYXV0byUyMiUzRVlvdXIlMjBicm93c2VyJTIwZG9lcyUyMG5vdCUyMHN1cHBvcnQlMjBpZnJhbWVzLiUyMEJ1dCUyMFlvdSUyMGNhbiUyMHVzZSUyMHRoZSUyMGZvbGxvd2luZyUyMGxpbmslM0ElMjBodHRwcyUzQSUyRiUyRnNlcnZpY2VzLmNhcC5jYSUyRm1lZGFsJTJGcHVibGljaXR5JTJGcmVjaXBpZW50cy5waHAlM0ZtZWRhbCUzRDYlMjZsYW5nJTNEZnIlM0MlMkZpZnJhbWUlM0U=[\/vc_raw_html][vc_column_text 0=&#8221;&#8221;] 2007 &#8211; Joel Feldman, Universit\u00e9 de la Colombie-Britannique 2006 &#8211; John Harnad, Universit\u00e9 Concordia 2005 &#8211; Robert Myers, Institut perimeter pour la physique th\u00e9orique&#8230;  <a class=\"excerpt-read-more\" href=\"https:\/\/cap.ca\/fr\/activites\/programme-de-distinctions\/post-graduate-physicists\/theorique-mathematique\/anciens-recipiendaires-tm\/\" title=\"LirePrix ACP-CRM de physique th\u00e9orique et math\u00e9matique &#8211; Anciens r\u00e9cipiendaires\">Lire la suite &raquo;<\/a><\/p>\n","protected":false},"author":10,"featured_media":0,"parent":3319,"menu_order":8287,"comment_status":"closed","ping_status":"closed","template":"","meta":{"footnotes":""},"class_list":["post-3321","page","type-page","status-publish","hentry"],"_links":{"self":[{"href":"https:\/\/cap.ca\/fr\/wp-json\/wp\/v2\/pages\/3321","targetHints":{"allow":["GET"]}}],"collection":[{"href":"https:\/\/cap.ca\/fr\/wp-json\/wp\/v2\/pages"}],"about":[{"href":"https:\/\/cap.ca\/fr\/wp-json\/wp\/v2\/types\/page"}],"author":[{"embeddable":true,"href":"https:\/\/cap.ca\/fr\/wp-json\/wp\/v2\/users\/10"}],"replies":[{"embeddable":true,"href":"https:\/\/cap.ca\/fr\/wp-json\/wp\/v2\/comments?post=3321"}],"version-history":[{"count":10,"href":"https:\/\/cap.ca\/fr\/wp-json\/wp\/v2\/pages\/3321\/revisions"}],"predecessor-version":[{"id":19826,"href":"https:\/\/cap.ca\/fr\/wp-json\/wp\/v2\/pages\/3321\/revisions\/19826"}],"up":[{"embeddable":true,"href":"https:\/\/cap.ca\/fr\/wp-json\/wp\/v2\/pages\/3319"}],"wp:attachment":[{"href":"https:\/\/cap.ca\/fr\/wp-json\/wp\/v2\/media?parent=3321"}],"curies":[{"name":"wp","href":"https:\/\/api.w.org\/{rel}","templated":true}]}}