{"id":3319,"date":"2017-03-09T15:22:09","date_gmt":"2017-03-09T20:22:09","guid":{"rendered":"http:\/\/caph-02.eproofs.ca\/theorique-mathematique\/"},"modified":"2024-10-03T14:00:58","modified_gmt":"2024-10-03T18:00:58","slug":"theorique-mathematique","status":"publish","type":"page","link":"https:\/\/cap.ca\/fr\/activites\/programme-de-distinctions\/post-graduate-physicists\/theorique-mathematique\/","title":{"rendered":"Prix ACP-CRM de physique th\u00e9orique et math\u00e9matique"},"content":{"rendered":"<div class=\"wpb-content-wrapper\"><p>Reconna\u00eet l&#8217;excellence de la recherche dans les domaines de la physique th\u00e9orique et math\u00e9matique.<\/p>\n<p><a href=\"#Back\">Description et contexte<\/a><br \/>\n<a href=\"#Eval\">Crit\u00e8res d&#8217;\u00e9valuation<\/a><br \/>\n<a href=\"https:\/\/cap.ca\/fr\/activites\/programme-de-distinctions\/post-graduate-physicists\/procedures-de-nomination-medailles\/\">Proc\u00e9dures de candidature \u00e0 la m\u00e9daille ACP<\/a> (lien dans un nouvel onglet)<\/p>\n<hr \/>\n<p>&nbsp;<\/p>\n<table style=\"border-collapse: collapse; width: 100%;\">\n<tbody>\n<tr>\n<td style=\"width: 50%;\">\n<p style=\"text-align: center;\"><strong>Vous connaissez un candidat digne de ce prix ?<\/strong><\/p>\n<p style=\"text-align: center;\"><a class=\"green-btn\" href=\"https:\/\/services.cap.ca\/medal\/login.php\">Visitez le syst\u00e8me de candidature \u00e0 la distinction ACP<\/a><\/p>\n<p style=\"text-align: center;\">Toute question concernant la proc\u00e9dure de candidature doit \u00eatre adress\u00e9e \u00e0 l\u2019ACP, \u00e0 l\u2019adresse suivante\u00a0<a href=\"mailto:programs@cap.ca\">: programs@cap.ca.<\/a><\/p>\n<\/td>\n<td style=\"width: 50%;\"><img loading=\"lazy\" decoding=\"async\" class=\"aligncenter size-50% wp-image-12249\" src=\"https:\/\/cap.ca\/wp-content\/uploads\/2019\/02\/capaward.jpg\" alt=\"\" width=\"125\" height=\"125\" \/><\/p>\n<h3 style=\"text-align: center;\">2024 Laur\u00e9at<\/h3>\n<p class=\"p2\" style=\"text-align: center;\"><b>Bianca Dittrich | <\/b>Perimeter Institute for Theoretical Physics<\/p>\n<p style=\"text-align: center;\"><a href=\"https:\/\/cap.ca\/programs\/recognitions\/post-graduate-physicists\/herzberg-medal\/previous-winners-hm\/\"><em>Voir les laur\u00e9ats pr\u00e9c\u00e9dents<\/em><\/a><\/p>\n<\/td>\n<\/tr>\n<\/tbody>\n<\/table>\n<hr \/>\n<h2><\/h2>\n<h2 id=\"back\">Description et contexte<\/h2>\n<p>L&#8217;objectif de ce prix est de reconna\u00eetre l&#8217;excellence de la recherche dans les domaines de la physique th\u00e9orique et math\u00e9matique. En 1995, le Centre de recherches math\u00e9matiques (CRM) et l&#8217;Association canadienne des physiciens et physiciennes (ACP) ont cr\u00e9\u00e9, \u00e0 l&#8217;occasion du 50e anniversaire de l&#8217;ACP, un prix annuel conjoint en distinction de r\u00e9alisations exceptionnelles dans les domaines de la physique th\u00e9orique et math\u00e9matique.<\/p>\n<p>Le prix n&#8217;est pas r\u00e9serv\u00e9 aux membres de l&#8217;ACP, mais les recherches des candidats doivent avoir \u00e9t\u00e9 effectu\u00e9es au Canada ou en affiliation avec une organisation canadienne.<\/p>\n<h2 id=\"eval\">Crit\u00e8res d&#8217;\u00e9valuation<\/h2>\n<p>Les candidats seront \u00e9valu\u00e9s sur leurs contributions scientifiques et techniques en physique th\u00e9orique ou math\u00e9matique qui les distinguent de leurs pairs. Cette \u00e9valuation se fondera sur les contributions du candidat, y compris, mais sans s&#8217;y limiter, les \u00e9l\u00e9ments suivants :<\/p>\n<ul class=\"content-list\">\n<li>Preuve de r\u00e9alisations scientifiques et techniques significatives dans le domaine de la recherche et du d\u00e9veloppement.<\/li>\n<li>Des lettres d&#8217;experts connaissant bien leurs travaux. Ces lettres doivent d\u00e9crire les r\u00e9alisations, les contributions techniques et l&#8217;impact sur la physique th\u00e9orique ou math\u00e9matique du candidat qui le distinguent de ses pairs.<\/li>\n<li>La valeur et l&#8217;impact de tous les r\u00e9sultats de la recherche (y compris les ensembles de donn\u00e9es et les logiciels) en plus des publications de recherche ; il sera tenu compte d&#8217;un large \u00e9ventail de mesures d&#8217;impact, y compris d&#8217;indicateurs qualitatifs de l&#8217;impact de la recherche, tels que l&#8217;influence sur la politique et la pratique.<\/li>\n<li>Pr\u00e9sentations \u00e0 des conf\u00e9rences, colloques et s\u00e9minaires sur invitation.<\/li>\n<li>Honneurs, citations, certificats, prix et autres distinctions pour leurs recherches.<\/li>\n<li>Contributions \u00e0 la formation de personnel hautement qualifi\u00e9, en tenant compte en particulier des r\u00e9alisations et des r\u00e9sultats du PHQ.<\/li>\n<li>Favoriser la diversit\u00e9 et l&#8217;inclusion par la distinction des r\u00e9alisations exceptionnelles est \u00e9galement un aspect important dans la s\u00e9lection des candidats retenus. Les comit\u00e9s de s\u00e9lection doivent en tenir compte, par exemple lorsque les niveaux de r\u00e9alisations des candidats sont tr\u00e8s proches.<\/li>\n<\/ul>\n<p>[vc_row][vc_column][vc_single_image image=&#8221;21572&#8243; img_size=&#8221;full&#8221; onclick=&#8221;custom_link&#8221; img_link_target=&#8221;_blank&#8221; link=&#8221;http:\/\/https:\/\/cap.ca\/fr\/edi\/&#8221;][\/vc_column][\/vc_row]<\/p>\n<p>&nbsp;<\/p>\n<\/div>","protected":false},"excerpt":{"rendered":"<p>Reconna\u00eet l&#8217;excellence de la recherche dans les domaines de la physique th\u00e9orique et math\u00e9matique. Description et contexte Crit\u00e8res d&#8217;\u00e9valuation Proc\u00e9dures de candidature \u00e0 la m\u00e9daille ACP (lien dans un nouvel onglet) &nbsp; Vous connaissez un candidat digne de ce prix ? Visitez le syst\u00e8me de candidature \u00e0 la distinction ACP Toute question concernant la proc\u00e9dure&#8230;  <a class=\"excerpt-read-more\" href=\"https:\/\/cap.ca\/fr\/activites\/programme-de-distinctions\/post-graduate-physicists\/theorique-mathematique\/\" title=\"LirePrix ACP-CRM de physique th\u00e9orique et math\u00e9matique\">Lire la suite &raquo;<\/a><\/p>\n","protected":false},"author":10,"featured_media":0,"parent":23649,"menu_order":37,"comment_status":"closed","ping_status":"closed","template":"","meta":{"footnotes":""},"class_list":["post-3319","page","type-page","status-publish","hentry"],"_links":{"self":[{"href":"https:\/\/cap.ca\/fr\/wp-json\/wp\/v2\/pages\/3319","targetHints":{"allow":["GET"]}}],"collection":[{"href":"https:\/\/cap.ca\/fr\/wp-json\/wp\/v2\/pages"}],"about":[{"href":"https:\/\/cap.ca\/fr\/wp-json\/wp\/v2\/types\/page"}],"author":[{"embeddable":true,"href":"https:\/\/cap.ca\/fr\/wp-json\/wp\/v2\/users\/10"}],"replies":[{"embeddable":true,"href":"https:\/\/cap.ca\/fr\/wp-json\/wp\/v2\/comments?post=3319"}],"version-history":[{"count":40,"href":"https:\/\/cap.ca\/fr\/wp-json\/wp\/v2\/pages\/3319\/revisions"}],"predecessor-version":[{"id":25825,"href":"https:\/\/cap.ca\/fr\/wp-json\/wp\/v2\/pages\/3319\/revisions\/25825"}],"up":[{"embeddable":true,"href":"https:\/\/cap.ca\/fr\/wp-json\/wp\/v2\/pages\/23649"}],"wp:attachment":[{"href":"https:\/\/cap.ca\/fr\/wp-json\/wp\/v2\/media?parent=3319"}],"curies":[{"name":"wp","href":"https:\/\/api.w.org\/{rel}","templated":true}]}}