{"id":3318,"date":"2017-03-09T15:22:07","date_gmt":"2017-03-09T20:22:07","guid":{"rendered":"http:\/\/caph-02.eproofs.ca\/anciens-recipiendaires-hm\/"},"modified":"2021-12-18T22:34:15","modified_gmt":"2021-12-19T03:34:15","slug":"anciens-recipiendaires-hm","status":"publish","type":"page","link":"https:\/\/cap.ca\/fr\/activites\/programme-de-distinctions\/post-graduate-physicists\/medaille-herzberg\/anciens-recipiendaires-hm\/","title":{"rendered":"M\u00e9daille Herzberg de l&#8217;ACP &#8211; R\u00e9cipiendaires actuels et anciennes"},"content":{"rendered":"<div class=\"wpb-content-wrapper\"><p>[vc_row][vc_column][vc_column_text]<a id=\"Top\"><\/a>Les r\u00e9cipiendaires de cette m\u00e9daille depuis 2008 se trouvent dans la bo\u00eete ci-dessous.\u00a0 <a href=\"#pre2008\">Cliquez ici pour acc\u00e9der \u00e0 la liste des laur\u00e9ats depuis le prix inaugural jusqu&#8217;en 2007.<\/a>[\/vc_column_text][vc_raw_html]JTNDaWZyYW1lJTIwaWQlM0QlMjJpZnJhbWUtbWVkYWxzJTIyJTIwY2xhc3MlM0QlMjIlMjBpZnJhbWUtZGVsdGEtMCUyMiUyMHNyYyUzRCUyMmh0dHBzJTNBJTJGJTJGc2VydmljZXMuY2FwLmNhJTJGbWVkYWwlMkZwdWJsaWNpdHklMkZyZWNpcGllbnRzLnBocCUzRm1lZGFsJTNENCUyNmxhbmclM0RmciUyMiUyMG5hbWUlM0QlMjJpZnJhbWUtMCUyMiUyMHdpZHRoJTNEJTIyMTAwJTI1JTIyJTIwaGVpZ2h0JTNEJTIyNzAwJTIyJTIwZnJhbWVib3JkZXIlM0QlMjIwJTIyJTIwc2Nyb2xsaW5nJTNEJTIyYXV0byUyMiUzRVlvdXIlMjBicm93c2VyJTIwZG9lcyUyMG5vdCUyMHN1cHBvcnQlMjBpZnJhbWVzLiUyMEJ1dCUyMFlvdSUyMGNhbiUyMHVzZSUyMHRoZSUyMGZvbGxvd2luZyUyMGxpbmslM0ElMjBodHRwcyUzQSUyRiUyRnNlcnZpY2VzLmNhcC5jYSUyRm1lZGFsJTJGcHVibGljaXR5JTJGcmVjaXBpZW50cy5waHAlM0ZtZWRhbCUzRDQlM0ZsYW5nJTNEZnIlM0MlMkZpZnJhbWUlM0U=[\/vc_raw_html][vc_column_text]<a id=\"pre2008\"><\/a><br \/>\n<strong><span style=\"font-size: medium;\">R\u00e9cipiendaires de cette m\u00e9daille depuis la premi\u00e8re attribution jusqu&#8217;en 2007.\u00a0<\/span><\/strong><br \/>\n<a href=\"#top\"><span style=\"font-size: small;\">Retour au d\u00e9but de la page.<\/span><\/a><\/p>\n<ul class=\"content-list\">\n<li>2007 &#8211; <a href=\"https:\/\/services.cap.ca\/awards\/press\/2007-Netterfield-f.html\">C. Barth Netterfield<\/a>, Universit\u00e9 de Toronto\/CITA<\/li>\n<li>2006 &#8211; <a href=\"https:\/\/services.cap.ca\/awards\/press\/2006-Steinberg-f.html\">Aephraim Steinberg<\/a>, Universit\u00e9 de Toronto<\/li>\n<li>2005 &#8211; <a href=\"https:\/\/services.cap.ca\/awards\/press\/2005-poisson-f.html\">Eric Poisson<\/a>, Universit\u00e9 de Guelph<\/li>\n<li>2004 &#8211; <a href=\"https:\/\/services.cap.ca\/awards\/press\/2004-Kaspi-f.html\">Victoria Kaspi<\/a>, Universit\u00e9 McGill<\/li>\n<li>2003 &#8211; <a href=\"https:\/\/services.cap.ca\/awards\/press\/2003-luke-f.html\">Mike Luke<\/a>, Universit\u00e9 de Toronto<\/li>\n<li>2002 &#8211; <a href=\"https:\/\/services.cap.ca\/awards\/press\/2002-hessels-f.html\">Eric Hessels<\/a>, Universit\u00e9 York<\/li>\n<li>2001 &#8211; <a href=\"https:\/\/services.cap.ca\/awards\/press\/2001-Gingras-f.html\">Michel Gingras<\/a>, Universit\u00e9 de Waterloo<\/li>\n<li>2000 &#8211; <a href=\"https:\/\/services.cap.ca\/awards\/press\/2000-Liu-f.html\">Hui C. Liu<\/a>, IMS, Conseil national de recherches<\/li>\n<li>1999 &#8211; <a href=\"https:\/\/services.cap.ca\/awards\/press\/1999-Myers-f.html\">Robert C. Myers<\/a>, Universit\u00e9 McGill<\/li>\n<li>1998 &#8211; <a href=\"https:\/\/services.cap.ca\/awards\/press\/1998-taillefer-f.html\">Louis Taillefer<\/a>, Universit\u00e9 McGill<\/li>\n<li>1997 &#8211; Douglas A. Bonn, Universit\u00e9 de la Colombie-Britannique<\/li>\n<li>1996 &#8211; Jeff Dahn, Universit\u00e9 Simon Fraser<\/li>\n<li>1995 &#8211; Sajeev John, Universit\u00e9 de Toronto<\/li>\n<li>1994 &#8211; Jeff F. Young, Universit\u00e9 de la Colombie-Britannique<\/li>\n<li>1993 &#8211; Nicholas Kaiser, Universit\u00e9 de Toronto<\/li>\n<li>1992 &#8211; Robert F. Kiefl, Universit\u00e9 de la Colombie-Britannique<\/li>\n<li>1991 &#8211; David B. MacFarlane, Universit\u00e9 McGill<\/li>\n<li>1990 &#8211; Ian Affleck, Universit\u00e9 de la Colombie-Britannique<\/li>\n<li>1989 &#8211; Tom Tiedje, Universit\u00e9 de la Colombie-Britannique<\/li>\n<li>1988 &#8211; Fran\u00e7ois Wesemael, Universit\u00e9 de Montr\u00e9al<\/li>\n<li>1987 &#8211; Allan H. MacDonald, Conseil national de recherches<\/li>\n<li>1986 &#8211; Andr\u00e9-Marie Tremblay, Universit\u00e9 de Sherbrooke<\/li>\n<li>1985 &#8211; Serge Rudaz, Universit\u00e9 du Minnesota<\/li>\n<li>1984 &#8211; Nathan Isgur, Universit\u00e9 de Toronto<\/li>\n<li>1983 &#8211; William G. Unruh, Universit\u00e9 de la Colombie-Britannique<\/li>\n<li>1982 &#8211; A.R.W. (Bob) McKellar, Conseil national de recherches<\/li>\n<li>1981 &#8211; Bernie Nickel, Universit\u00e9 Guelph<\/li>\n<li>1980 &#8211; George I. Stegeman, Universit\u00e9 de Toronto<\/li>\n<li>1979 &#8211; Gordon W.F. Drake, Universit\u00e9 de Windsor<\/li>\n<li>1978 &#8211; Walter N. Hardy, Universit\u00e9 de la Colombie-Britannique<\/li>\n<li>1977 &#8211; Michael B. Walker, Universit\u00e9 de Toronto<\/li>\n<li>1976 &#8211; John C. Hardy, l&#8217;\u00c9nergie atomique du Canada Lt\u00e9e<\/li>\n<li>1975 &#8211; A. John Alcock, Conseil national de recherches<\/li>\n<li>1974 &#8211; Jules P. Carbotte, Universit\u00e9 McMaster<\/li>\n<li>1973 &#8211; Robin L. Armstrong, Universit\u00e9 de Toronto<\/li>\n<li>1972 &#8211; Donald W.L. Sprung, Universit\u00e9 McMaster<\/li>\n<li>1971 &#8211; Paul Marmet, Universit\u00e9 Laval<\/li>\n<li>1970 &#8211; Rudolph Roland Haering, Universit\u00e9 Simon Fraser (gagnant inaugural)<\/li>\n<\/ul>\n<p><a href=\"#top\">Retour au d\u00e9but de la page.<\/a>[\/vc_column_text][\/vc_column][\/vc_row]<\/p>\n<\/div>","protected":false},"excerpt":{"rendered":"<p>[vc_row][vc_column][vc_column_text]Les r\u00e9cipiendaires de cette m\u00e9daille depuis 2008 se trouvent dans la bo\u00eete ci-dessous.\u00a0 Cliquez ici pour acc\u00e9der \u00e0 la liste des laur\u00e9ats depuis le prix inaugural jusqu&#8217;en 2007.[\/vc_column_text][vc_raw_html]JTNDaWZyYW1lJTIwaWQlM0QlMjJpZnJhbWUtbWVkYWxzJTIyJTIwY2xhc3MlM0QlMjIlMjBpZnJhbWUtZGVsdGEtMCUyMiUyMHNyYyUzRCUyMmh0dHBzJTNBJTJGJTJGc2VydmljZXMuY2FwLmNhJTJGbWVkYWwlMkZwdWJsaWNpdHklMkZyZWNpcGllbnRzLnBocCUzRm1lZGFsJTNENCUyNmxhbmclM0RmciUyMiUyMG5hbWUlM0QlMjJpZnJhbWUtMCUyMiUyMHdpZHRoJTNEJTIyMTAwJTI1JTIyJTIwaGVpZ2h0JTNEJTIyNzAwJTIyJTIwZnJhbWVib3JkZXIlM0QlMjIwJTIyJTIwc2Nyb2xsaW5nJTNEJTIyYXV0byUyMiUzRVlvdXIlMjBicm93c2VyJTIwZG9lcyUyMG5vdCUyMHN1cHBvcnQlMjBpZnJhbWVzLiUyMEJ1dCUyMFlvdSUyMGNhbiUyMHVzZSUyMHRoZSUyMGZvbGxvd2luZyUyMGxpbmslM0ElMjBodHRwcyUzQSUyRiUyRnNlcnZpY2VzLmNhcC5jYSUyRm1lZGFsJTJGcHVibGljaXR5JTJGcmVjaXBpZW50cy5waHAlM0ZtZWRhbCUzRDQlM0ZsYW5nJTNEZnIlM0MlMkZpZnJhbWUlM0U=[\/vc_raw_html][vc_column_text] R\u00e9cipiendaires de cette m\u00e9daille depuis la premi\u00e8re attribution jusqu&#8217;en 2007.\u00a0 Retour au d\u00e9but de la page. 2007 &#8211; C. Barth Netterfield, Universit\u00e9 de Toronto\/CITA 2006 &#8211; Aephraim&#8230;  <a class=\"excerpt-read-more\" href=\"https:\/\/cap.ca\/fr\/activites\/programme-de-distinctions\/post-graduate-physicists\/medaille-herzberg\/anciens-recipiendaires-hm\/\" title=\"LireM\u00e9daille Herzberg de l&#8217;ACP &#8211; R\u00e9cipiendaires actuels et anciennes\">Lire la suite &raquo;<\/a><\/p>\n","protected":false},"author":10,"featured_media":0,"parent":3316,"menu_order":8277,"comment_status":"closed","ping_status":"closed","template":"","meta":{"footnotes":""},"class_list":["post-3318","page","type-page","status-publish","hentry"],"_links":{"self":[{"href":"https:\/\/cap.ca\/fr\/wp-json\/wp\/v2\/pages\/3318","targetHints":{"allow":["GET"]}}],"collection":[{"href":"https:\/\/cap.ca\/fr\/wp-json\/wp\/v2\/pages"}],"about":[{"href":"https:\/\/cap.ca\/fr\/wp-json\/wp\/v2\/types\/page"}],"author":[{"embeddable":true,"href":"https:\/\/cap.ca\/fr\/wp-json\/wp\/v2\/users\/10"}],"replies":[{"embeddable":true,"href":"https:\/\/cap.ca\/fr\/wp-json\/wp\/v2\/comments?post=3318"}],"version-history":[{"count":19,"href":"https:\/\/cap.ca\/fr\/wp-json\/wp\/v2\/pages\/3318\/revisions"}],"predecessor-version":[{"id":23437,"href":"https:\/\/cap.ca\/fr\/wp-json\/wp\/v2\/pages\/3318\/revisions\/23437"}],"up":[{"embeddable":true,"href":"https:\/\/cap.ca\/fr\/wp-json\/wp\/v2\/pages\/3316"}],"wp:attachment":[{"href":"https:\/\/cap.ca\/fr\/wp-json\/wp\/v2\/media?parent=3318"}],"curies":[{"name":"wp","href":"https:\/\/api.w.org\/{rel}","templated":true}]}}