{"id":3316,"date":"2017-03-09T15:22:00","date_gmt":"2017-03-09T20:22:00","guid":{"rendered":"http:\/\/caph-02.eproofs.ca\/medaille-herzberg\/"},"modified":"2024-10-09T13:07:54","modified_gmt":"2024-10-09T17:07:54","slug":"medaille-herzberg","status":"publish","type":"page","link":"https:\/\/cap.ca\/fr\/activites\/programme-de-distinctions\/post-graduate-physicists\/medaille-herzberg\/","title":{"rendered":"M\u00e9daille Herzberg de l&#8217;ACP"},"content":{"rendered":"<div class=\"wpb-content-wrapper\"><p>Reconna\u00eet les contributions significatives dans n&#8217;importe quel domaine de recherche en physique effectu\u00e9es au Canada par un physicien qui a soutenu avec succ\u00e8s sa th\u00e8se de doctorat au cours des 12 derni\u00e8res ann\u00e9es et qui a pass\u00e9 la majeure partie de sa carri\u00e8re professionnelle au Canada. La p\u00e9riode peut \u00eatre \u00e9tendue \u00e0 plus de 12 ans pour tenir compte de circonstances particuli\u00e8res, par exemple un cong\u00e9 parental ou m\u00e9dical.<\/p>\n<p><a href=\"#Eval\">Crit\u00e8res d&#8217;\u00e9valuation<\/a><br \/>\n<a href=\"#eligibility\">P\u00e9riode d&#8217;\u00e9ligibilit\u00e9<\/a><br \/>\n<a href=\"https:\/\/cap.ca\/fr\/activites\/programme-de-distinctions\/post-graduate-physicists\/procedures-de-nomination-medailles\/\">Proc\u00e9dures de candidature \u00e0 la m\u00e9daille ACP<\/a> (lien dans un nouvel onglet)<\/p>\n<hr \/>\n<table style=\"border-collapse: collapse; width: 100%;\">\n<tbody>\n<tr>\n<td style=\"width: 50%;\">\n<p style=\"text-align: center;\"><strong>Vous connaissez un candidat digne de ce prix ?<\/strong><\/p>\n<p style=\"text-align: center;\"><a class=\"green-btn\" href=\"https:\/\/services.cap.ca\/medal\/login.php\">Visitez le syst\u00e8me de candidature \u00e0 la distinction ACP<\/a><\/p>\n<p style=\"text-align: center;\">Toute question concernant la proc\u00e9dure de candidature doit \u00eatre adress\u00e9e \u00e0 l&#8217;ACP, \u00e0 l&#8217;adresse suivante <a href=\"mailto:programs@cap.ca\">: programs@cap.ca.<\/a><\/p>\n<\/td>\n<td style=\"width: 50%;\"><img loading=\"lazy\" decoding=\"async\" class=\"aligncenter size-50% wp-image-12249\" src=\"https:\/\/cap.ca\/wp-content\/uploads\/2019\/02\/capaward.jpg\" alt=\"\" width=\"125\" height=\"125\" \/><\/p>\n<h3 style=\"text-align: center;\">2024 Laur\u00e9at<\/h3>\n<p style=\"text-align: center;\"><strong>Julie Hlavacek-Larrondo<\/strong> | Universit\u00e9 de Montr\u00e9al<\/p>\n<p style=\"text-align: center;\"><a href=\"https:\/\/cap.ca\/programs\/recognitions\/post-graduate-physicists\/herzberg-medal\/previous-winners-hm\/\"><em>Voir les laur\u00e9ats pr\u00e9c\u00e9dents<\/em><\/a><\/p>\n<\/td>\n<\/tr>\n<\/tbody>\n<\/table>\n<hr \/>\n<h2 id=\"eval\">Crit\u00e8res d&#8217;\u00e9valuation<\/h2>\n<p>Les candidats seront \u00e9valu\u00e9s en fonction de leurs contributions scientifiques et techniques \u00e0 la recherche et au d\u00e9veloppement dans le domaine de la physique, qui les distinguent de leurs pairs. L&#8217;\u00e9valuation portera notamment sur les \u00e9l\u00e9ments suivants :<\/p>\n<ul class=\"content-list\">\n<li>Des lettres d&#8217;experts qui connaissent bien les travaux du candidat. Ces lettres doivent d\u00e9crire les r\u00e9alisations du candidat, ses contributions techniques et l&#8217;impact qu&#8217;il a sur le domaine de la physique et qui le distingue de ses pairs.<\/li>\n<li>L&#8217;\u00e9nonc\u00e9 des contributions importantes du candidat.<\/li>\n<li>La valeur et l&#8217;impact de tous les r\u00e9sultats de la recherche (y compris les ensembles de donn\u00e9es et les logiciels) en plus des publications de recherche ; il sera tenu compte d&#8217;un large \u00e9ventail de mesures d&#8217;impact, y compris d&#8217;indicateurs qualitatifs de l&#8217;impact de la recherche, tels que l&#8217;influence sur la politique et la pratique.<\/li>\n<li>Pr\u00e9sentations \u00e0 des conf\u00e9rences, colloques et s\u00e9minaires sur invitation.<\/li>\n<li>Honneurs, citations, certificats, prix et autres distinctions pour leurs recherches.<\/li>\n<li>Les contributions \u00e0 la formation de personnel hautement qualifi\u00e9, en particulier les r\u00e9alisations et les r\u00e9sultats du PHQ.<\/li>\n<\/ul>\n<h2 id=\"\u00ab\">P\u00e9riode d&#8217;\u00e9ligibilit\u00e9<\/h2>\n<p>Pour \u00eatre \u00e9ligible \u00e0 une candidature \u00e0 la m\u00e9daille ACP, la soutenance de th\u00e8se du candidat doit avoir eu lieu au cours des quatorze derni\u00e8res ann\u00e9es (comprenant la fen\u00eatre normale de 12 ans plus une extension automatique de 24 mois pour les d\u00e9lais de 2020 et 2021 de l&#8217;ACP), ce qui signifie que, pour l&#8217;ann\u00e9e de m\u00e9daille 2025, tant que la soutenance de th\u00e8se du candidat a eu lieu en janvier 2010 ou plus tard, il est automatiquement \u00e9ligible. Une prolongation suppl\u00e9mentaire est possible si le candidat a pris un cong\u00e9 admissible depuis sa soutenance de th\u00e8se, comme d\u00e9crit ci-dessous.<\/p>\n<p>L&#8217;\u00e9ligibilit\u00e9 peut \u00e9galement \u00eatre prolong\u00e9e pour d&#8217;autres cong\u00e9s officiels admissibles, tels qu&#8217;un cong\u00e9 de maternit\u00e9 ou parental, une maladie personnelle ou chronique, des probl\u00e8mes de sant\u00e9 mentale, un handicap, une maladie li\u00e9e \u00e0 la famille ou un deuil, ces cong\u00e9s \u00e9tant cr\u00e9dit\u00e9s au double de leur dur\u00e9e. Les cong\u00e9s professionnels, tels que les cong\u00e9s de formation, les cong\u00e9s sabbatiques ou les cong\u00e9s administratifs, ne donnent pas droit \u00e0 une prolongation.<\/p>\n<p>Le gestionnaire du programme ACP prendra contact avec le candidat pour v\u00e9rifier les dates du cong\u00e9 et fournir les documents n\u00e9cessaires. Le seuil d&#8217;\u00e9ligibilit\u00e9 final sera d\u00e9termin\u00e9 par l&#8217;ACP en fonction de tous les ajustements jug\u00e9s applicables. Si le candidat est jug\u00e9 in\u00e9ligible, le candidat et l&#8217;auteur de la candidature en seront inform\u00e9s avant le d\u00e9but du processus de s\u00e9lection. Pour toute question concernant l&#8217;\u00e9ligibilit\u00e9, veuillez contacter le gestionnaire du programme ACP \u00e0 l&#8217;adresse programs@cap.ca.<br \/>\n[vc_row][vc_column][vc_single_image image=&#8221;21572&#8243; img_size=&#8221;full&#8221; onclick=&#8221;custom_link&#8221; img_link_target=&#8221;_blank&#8221; link=&#8221;http:\/\/https:\/\/cap.ca\/fr\/edi\/&#8221;][\/vc_column][\/vc_row]<\/p>\n<\/div>","protected":false},"excerpt":{"rendered":"<p>Reconna\u00eet les contributions significatives dans n&#8217;importe quel domaine de recherche en physique effectu\u00e9es au Canada par un physicien qui a soutenu avec succ\u00e8s sa th\u00e8se de doctorat au cours des 12 derni\u00e8res ann\u00e9es et qui a pass\u00e9 la majeure partie de sa carri\u00e8re professionnelle au Canada. La p\u00e9riode peut \u00eatre \u00e9tendue \u00e0 plus de 12&#8230;  <a class=\"excerpt-read-more\" href=\"https:\/\/cap.ca\/fr\/activites\/programme-de-distinctions\/post-graduate-physicists\/medaille-herzberg\/\" title=\"LireM\u00e9daille Herzberg de l&#8217;ACP\">Lire la suite &raquo;<\/a><\/p>\n","protected":false},"author":10,"featured_media":0,"parent":23649,"menu_order":34,"comment_status":"closed","ping_status":"closed","template":"","meta":{"footnotes":""},"class_list":["post-3316","page","type-page","status-publish","hentry"],"_links":{"self":[{"href":"https:\/\/cap.ca\/fr\/wp-json\/wp\/v2\/pages\/3316","targetHints":{"allow":["GET"]}}],"collection":[{"href":"https:\/\/cap.ca\/fr\/wp-json\/wp\/v2\/pages"}],"about":[{"href":"https:\/\/cap.ca\/fr\/wp-json\/wp\/v2\/types\/page"}],"author":[{"embeddable":true,"href":"https:\/\/cap.ca\/fr\/wp-json\/wp\/v2\/users\/10"}],"replies":[{"embeddable":true,"href":"https:\/\/cap.ca\/fr\/wp-json\/wp\/v2\/comments?post=3316"}],"version-history":[{"count":50,"href":"https:\/\/cap.ca\/fr\/wp-json\/wp\/v2\/pages\/3316\/revisions"}],"predecessor-version":[{"id":25864,"href":"https:\/\/cap.ca\/fr\/wp-json\/wp\/v2\/pages\/3316\/revisions\/25864"}],"up":[{"embeddable":true,"href":"https:\/\/cap.ca\/fr\/wp-json\/wp\/v2\/pages\/23649"}],"wp:attachment":[{"href":"https:\/\/cap.ca\/fr\/wp-json\/wp\/v2\/media?parent=3316"}],"curies":[{"name":"wp","href":"https:\/\/api.w.org\/{rel}","templated":true}]}}