{"id":3315,"date":"2017-03-09T15:21:57","date_gmt":"2017-03-09T20:21:57","guid":{"rendered":"http:\/\/caph-02.eproofs.ca\/anciens-recipiendaire\/"},"modified":"2023-07-18T11:39:56","modified_gmt":"2023-07-18T15:39:56","slug":"anciens-recipiendaire","status":"publish","type":"page","link":"https:\/\/cap.ca\/fr\/activites\/programme-de-distinctions\/post-graduate-physicists\/medaille-brockhouse\/anciens-recipiendaire\/","title":{"rendered":"M\u00e9daille Brockhouse ACP\/DPMCM &#8211; R\u00e9cipiendaires actuels et anciennes"},"content":{"rendered":"<div class=\"wpb-content-wrapper\"><p>[vc_row][vc_column][vc_column_text]Les laur\u00e9ats de cette m\u00e9daille depuis 2008 figurent dans l&#8217;encadr\u00e9 ci-dessous.\u00a0 <a href=\"#pre2008\">Cliquez ici pour acc\u00e9der \u00e0 la liste des laur\u00e9ats depuis l&#8217;attribution inaugurale en 1999 jusqu&#8217;\u00e0 aujourd&#8217;hui<\/a>.[\/vc_column_text][\/vc_column][\/vc_row][vc_row][vc_column][vc_raw_html]JTNDaWZyYW1lJTIwaWQlM0QlMjJpZnJhbWUtbWVkYWxzJTIyJTIwY2xhc3MlM0QlMjIlMjBpZnJhbWUtZGVsdGEtMCUyMiUyMHNyYyUzRCUyMmh0dHBzJTNBJTJGJTJGc2VydmljZXMuY2FwLmNhJTJGbWVkYWwlMkZwdWJsaWNpdHklMkZyZWNpcGllbnRzLnBocCUzRm1lZGFsJTNEMyUyNmxhbmclM0RmciUyMiUyMG5hbWUlM0QlMjJpZnJhbWUtMCUyMiUyMHdpZHRoJTNEJTIyMTAwJTI1JTIyJTIwaGVpZ2h0JTNEJTIyNzAwJTIyJTIwZnJhbWVib3JkZXIlM0QlMjIwJTIyJTIwc2Nyb2xsaW5nJTNEJTIyYXV0byUyMiUzRVlvdXIlMjBicm93c2VyJTIwZG9lcyUyMG5vdCUyMHN1cHBvcnQlMjBpZnJhbWVzLiUyMEJ1dCUyMFlvdSUyMGNhbiUyMHVzZSUyMHRoZSUyMGZvbGxvd2luZyUyMGxpbmslM0ElMjBodHRwcyUzQSUyRiUyRnNlcnZpY2VzLmNhcC5jYSUyRm1lZGFsJTJGcHVibGljaXR5JTJGcmVjaXBpZW50cy5waHAlM0ZtZWRhbCUzRDMlMjZsYW5nJTNEZnIlM0MlMkZpZnJhbWUlM0U=[\/vc_raw_html][vc_column_text]<span style=\"font-size: medium;\"><strong><a id=\"pre2008\"><\/a>Les laur\u00e9ats de la m\u00e9daille, depuis la premi\u00e8re remise en 1999 jusqu&#8217;\u00e0 aujourd&#8217;hui.<\/strong><br \/>\n<\/span><span style=\"font-size: 10pt;\"><a href=\"#top\">Retour au d\u00e9but de la page.<\/a><\/span><\/p>\n<ul class=\"content-list\">\n<li>2023 &#8211; Hae-Young Kee, University of Toronto<\/li>\n<li>2022 &#8211; Federico Rosei, INRS-EMT<\/li>\n<li>2021 &#8211; Roger Melko, University of Waterloo\/Perimeter Institute<\/li>\n<li>2020 &#8211; Alexandre Blais, Universit\u00e9 de Sherbrooke<\/li>\n<li>2019 &#8211; Dr. Graeme Luke, McMaster University<\/li>\n<li>2018 &#8211; Dr. Andrea Damascelli, University of British Columbia<\/li>\n<li>2017 &#8211; Yong Baek Kim, University of Toronto<\/li>\n<li>2016 &#8211; Carlos Silva, Universit\u00e9 de Montr\u00e9al<\/li>\n<li>2015 &#8211; Dr. John Page, University of Manitoba<\/li>\n<li>2014 &#8211; Ian Affleck, University of British Columbia<\/li>\n<li>2013 &#8211; James Forrest &amp; Kari Dalnoki-Veress, University of Waterloo et McMaster University respectivement<\/li>\n<li>2012 &#8211; Dr. Douglas Bonn, University of British Columbia<\/li>\n<li>2011 &#8211; Bruce D. Gaulin, McMaster University<\/li>\n<li>2010 &#8211; Gordon W. Semenoff, University of British Columbia<\/li>\n<li>2009 &#8211; Michel Gingras, University of Waterloo<\/li>\n<li>2008 &#8211; Jess Brewer, University of British Columbia<\/li>\n<li>2007 &#8211; Sajeev John, University of Toronto<\/li>\n<li>2006 &#8211; <a href=\"https:\/\/services.cap.ca\/awards\/press\/2006-Guo-f.html\">Hong Guo<\/a>, McGill University<\/li>\n<li>2005 &#8211;\u00a0<a href=\"https:\/\/services.cap.ca\/awards\/press\/2005-Lockwood-f.html\">David Lockwood<\/a>, Conseil national de recherches du Canada<\/li>\n<li>2004 &#8211;\u00a0<a href=\"https:\/\/services.cap.ca\/awards\/press\/2004-thewalt-b-f.html\">Michael Thewalt<\/a>, Simon Fraser University<\/li>\n<li>2003 &#8211; <a href=\"https:\/\/services.cap.ca\/awards\/press\/2003-taillefer-f.html\">Louis Taillefer<\/a>, Universit\u00e9 de Sherbrooke<\/li>\n<li>2002 &#8211;\u00a0<a href=\"https:\/\/services.cap.ca\/awards\/press\/2002-hawrylak-f.html\" target=\"_blank\" rel=\"noopener noreferrer\">Pawel Hawrylak<\/a>, Conseil national de recherches du Canada<\/li>\n<li>2001 &#8211;\u00a0<a href=\"https:\/\/services.cap.ca\/awards\/press\/2001-Sutton-f.html\">Mark Sutton<\/a>, McGill University<\/li>\n<li>2000 &#8211;\u00a0<a href=\"https:\/\/services.cap.ca\/awards\/press\/2000-timusk-b-f.html\">Thomas Timusk<\/a>, McMaster University<\/li>\n<li>1999 &#8211;\u00a0<a href=\"https:\/\/services.cap.ca\/awards\/press\/1999-hardy-f.html\">Walter N. Hardy<\/a>, University of British Columbia (gagnant inaugural)<\/li>\n<\/ul>\n<p><span style=\"font-size: 10pt;\"><a href=\"#top\">Retour au d\u00e9but de la page.<\/a><\/span><\/p>\n<p>[\/vc_column_text][\/vc_column][\/vc_row]<\/p>\n<\/div>","protected":false},"excerpt":{"rendered":"<p>[vc_row][vc_column][vc_column_text]Les laur\u00e9ats de cette m\u00e9daille depuis 2008 figurent dans l&#8217;encadr\u00e9 ci-dessous.\u00a0 Cliquez ici pour acc\u00e9der \u00e0 la liste des laur\u00e9ats depuis l&#8217;attribution inaugurale en 1999 jusqu&#8217;\u00e0 aujourd&#8217;hui.[\/vc_column_text][\/vc_column][\/vc_row][vc_row][vc_column][vc_raw_html]JTNDaWZyYW1lJTIwaWQlM0QlMjJpZnJhbWUtbWVkYWxzJTIyJTIwY2xhc3MlM0QlMjIlMjBpZnJhbWUtZGVsdGEtMCUyMiUyMHNyYyUzRCUyMmh0dHBzJTNBJTJGJTJGc2VydmljZXMuY2FwLmNhJTJGbWVkYWwlMkZwdWJsaWNpdHklMkZyZWNpcGllbnRzLnBocCUzRm1lZGFsJTNEMyUyNmxhbmclM0RmciUyMiUyMG5hbWUlM0QlMjJpZnJhbWUtMCUyMiUyMHdpZHRoJTNEJTIyMTAwJTI1JTIyJTIwaGVpZ2h0JTNEJTIyNzAwJTIyJTIwZnJhbWVib3JkZXIlM0QlMjIwJTIyJTIwc2Nyb2xsaW5nJTNEJTIyYXV0byUyMiUzRVlvdXIlMjBicm93c2VyJTIwZG9lcyUyMG5vdCUyMHN1cHBvcnQlMjBpZnJhbWVzLiUyMEJ1dCUyMFlvdSUyMGNhbiUyMHVzZSUyMHRoZSUyMGZvbGxvd2luZyUyMGxpbmslM0ElMjBodHRwcyUzQSUyRiUyRnNlcnZpY2VzLmNhcC5jYSUyRm1lZGFsJTJGcHVibGljaXR5JTJGcmVjaXBpZW50cy5waHAlM0ZtZWRhbCUzRDMlMjZsYW5nJTNEZnIlM0MlMkZpZnJhbWUlM0U=[\/vc_raw_html][vc_column_text]Les laur\u00e9ats de la m\u00e9daille, depuis la premi\u00e8re remise en 1999 jusqu&#8217;\u00e0 aujourd&#8217;hui. Retour au d\u00e9but de la page. 2023 &#8211; Hae-Young Kee, University of Toronto 2022 &#8211; Federico&#8230;  <a class=\"excerpt-read-more\" href=\"https:\/\/cap.ca\/fr\/activites\/programme-de-distinctions\/post-graduate-physicists\/medaille-brockhouse\/anciens-recipiendaire\/\" title=\"LireM\u00e9daille Brockhouse ACP\/DPMCM &#8211; R\u00e9cipiendaires actuels et anciennes\">Lire la suite &raquo;<\/a><\/p>\n","protected":false},"author":10,"featured_media":0,"parent":3313,"menu_order":8267,"comment_status":"closed","ping_status":"closed","template":"","meta":{"footnotes":""},"class_list":["post-3315","page","type-page","status-publish","hentry"],"_links":{"self":[{"href":"https:\/\/cap.ca\/fr\/wp-json\/wp\/v2\/pages\/3315","targetHints":{"allow":["GET"]}}],"collection":[{"href":"https:\/\/cap.ca\/fr\/wp-json\/wp\/v2\/pages"}],"about":[{"href":"https:\/\/cap.ca\/fr\/wp-json\/wp\/v2\/types\/page"}],"author":[{"embeddable":true,"href":"https:\/\/cap.ca\/fr\/wp-json\/wp\/v2\/users\/10"}],"replies":[{"embeddable":true,"href":"https:\/\/cap.ca\/fr\/wp-json\/wp\/v2\/comments?post=3315"}],"version-history":[{"count":20,"href":"https:\/\/cap.ca\/fr\/wp-json\/wp\/v2\/pages\/3315\/revisions"}],"predecessor-version":[{"id":23352,"href":"https:\/\/cap.ca\/fr\/wp-json\/wp\/v2\/pages\/3315\/revisions\/23352"}],"up":[{"embeddable":true,"href":"https:\/\/cap.ca\/fr\/wp-json\/wp\/v2\/pages\/3313"}],"wp:attachment":[{"href":"https:\/\/cap.ca\/fr\/wp-json\/wp\/v2\/media?parent=3315"}],"curies":[{"name":"wp","href":"https:\/\/api.w.org\/{rel}","templated":true}]}}