{"id":3314,"date":"2017-03-09T15:21:54","date_gmt":"2017-03-09T20:21:54","guid":{"rendered":"http:\/\/caph-02.eproofs.ca\/procedures-nomination-bm\/"},"modified":"2021-03-08T01:21:54","modified_gmt":"2021-03-08T06:21:54","slug":"procedures-nomination-bm","status":"publish","type":"page","link":"https:\/\/cap.ca\/fr\/activites\/programme-de-distinctions\/post-graduate-physicists\/medaille-brockhouse\/procedures-nomination-bm\/","title":{"rendered":"M\u00e9daille Brockhouse ACP\/DCMMP &#8211; Proc\u00e9dures de nomination"},"content":{"rendered":"<p>La candidature doit \u00eatre soumise en utilisant le processus de soumission de candidature en ligne de l\u2019ACP. Les membres peuvent soumettre les dossiers en se connectant aux services aux membres sur <a href=\"https:\/\/cap.ca\">www.cap.ca<\/a> ou au <a href=\"https:\/\/crm.cap.ca\">crm.cap.ca<\/a> et en s\u00e9lectionnant &#8220;Medal\/Scholarship System&#8221; sous la rubrique &#8220;CAP Services&#8221;.<strong> Les documents \u00e0 l\u2019appui doivent \u00eatre pr\u00e9sent\u00e9s en fichiers PDF.<\/strong><\/p>\n<p>Les r\u00e9sultats des recherches scientifiques sont nombreux et vari\u00e9s, comprenant des articles de recherche faisant \u00e9tat de nouvelles connaissances, de donn\u00e9es, de r\u00e9actifs ou de logiciels, ou traitant de la propri\u00e9t\u00e9 intellectuelle, ou citant la formation de jeunes scientifiques hautement qualifi\u00e9s. Les dossiers de candidature doivent d\u00e9crire l&#8217;impact et la qualit\u00e9 de la recherche, de la bourse et\/ou de l&#8217;innovation de la candidature.<\/p>\n<p>Voici ce que doit contenir une demande de mise en candidature pour \u00eatre compl\u00e8te :<\/p>\n<ol class=\"content-list\">\n<li>Le formulaire de mise en candidature et une lettre d&#8217;appui du pr\u00e9sentateur.<\/li>\n<li>Un curriculum vitae de 20 pages maximum sur le candidat ou la candidate, comprenant une liste des prix, des subventions et d&#8217;autres preuves d&#8217;un impact significatif sur le domaine. Si le c.v. comprend une liste de publications, l&#8217;accent doit \u00eatre mis sur le contenu scientifique des articles publi\u00e9s, pour renforcer la candidature en fournissant plus que les seuls param\u00e8tres de publication ou l&#8217;identit\u00e9 des revues dans lesquelles ils sont publi\u00e9s.<\/li>\n<li>Un bref r\u00e9sum\u00e9 (une page ou moins) des contributions significatives pour l&#8217;avancement de la physique th\u00e9orique ou exp\u00e9rimentale en mati\u00e8re condens\u00e9e et mat\u00e9riaux.<\/li>\n<li>Trois lettres d&#8217;examinateurs ayant une comp\u00e9tence reconnue dans le domaine du candidat(e). Les lettres doivent notamment faire \u00e9tat de la qualit\u00e9, de l&#8217;originalit\u00e9 et de l&#8217;importance des travaux, par des citations ou d&#8217;autres preuves d&#8217;impact similaires.<\/li>\n<li>Une br\u00e8ve description (2 pages ou moins) de l\u2019importance et de l\u2019impact d&#8217;un maximum de cinq (5) contributions significatives en rapport avec le travail pour lequel la candidature est propos\u00e9e.<\/li>\n<li>Une citation de 300 mots ou moins pouvant \u00eatre publi\u00e9e si la personne est s\u00e9lectionn\u00e9e comme laur\u00e9ate de la m\u00e9daille, commen\u00e7ant par un paragraphe de 25-50 mots expliquant la raison de la s\u00e9lection, qui peut \u00eatre utilis\u00e9 dans l&#8217;annonce des laur\u00e9ats de l\u2019ACP. REMARQUE : La citation doit \u00eatre soumise en format de texte simple en utilisant le copier-coller dans le formulaire de nomination en ligne.<\/li>\n<li>Une photographie de la personne mise en candidature (ce peut \u00eatre une photo \u00e0 faible r\u00e9solution, tir\u00e9e par exemple du site web de l&#8217;institution o\u00f9 la personne travaille; on lui demandera une meilleure photo si la m\u00e9daille lui est attribu\u00e9e). Veuillez noter que cette photo n&#8217;est pas requise pour que le dossier soit complet, mais cela acc\u00e9l\u00e8re l&#8217;annonce des r\u00e9cipiendaires de m\u00e9dailles. Si elle est fournie, la photographie ne sera PAS incluse dans le dossier de candidature envoy\u00e9 au comit\u00e9 de s\u00e9lection des m\u00e9dailles pour examen.<\/li>\n<\/ol>\n<p><strong>Les mises en candidature sont valides pour seulement trois (3) cycles de mise en candidature.\u00a0 Lors de la soumission, et chaque ann\u00e9e des deux ann\u00e9es restantes du cycle, les proposants DOIVENT v\u00e9rifier \/ valider que le dossier de candidature est complet et \u00e0 jour pour que la candidature soit soumise au comit\u00e9 de s\u00e9lection pour consid\u00e9ration.<\/strong><\/p>\n<p>La s\u00e9lection du laur\u00e9at du Prix de l&#8217;ACP-DPMCM sera faite par un comit\u00e9 form\u00e9 par l&#8217;ACP-DPMCM. Le laur\u00e9at sera invit\u00e9 \u00e0 prononcer une allocution lors d&#8217;une s\u00e9ance pl\u00e9ni\u00e8re du prochain congr\u00e8s annuel de l&#8217;ACP.<\/p>\n<p>La M\u00e9daille Brockhouse de l&#8217;ACP-DPMCM sera pr\u00e9sent\u00e9e par le pr\u00e9sident de l&#8217;ACP dans le cadre de son congr\u00e8s annuel.<\/p>\n","protected":false},"excerpt":{"rendered":"<p>La candidature doit \u00eatre soumise en utilisant le processus de soumission de candidature en ligne de l\u2019ACP. Les membres peuvent soumettre les dossiers en se connectant aux services aux membres sur www.cap.ca ou au crm.cap.ca et en s\u00e9lectionnant &#8220;Medal\/Scholarship System&#8221; sous la rubrique &#8220;CAP Services&#8221;. Les documents \u00e0 l\u2019appui doivent \u00eatre pr\u00e9sent\u00e9s en fichiers PDF&#8230;.  <a class=\"excerpt-read-more\" href=\"https:\/\/cap.ca\/fr\/activites\/programme-de-distinctions\/post-graduate-physicists\/medaille-brockhouse\/procedures-nomination-bm\/\" title=\"LireM\u00e9daille Brockhouse ACP\/DCMMP &#8211; Proc\u00e9dures de nomination\">Lire la suite &raquo;<\/a><\/p>\n","protected":false},"author":10,"featured_media":0,"parent":3313,"menu_order":8266,"comment_status":"closed","ping_status":"closed","template":"","meta":{"footnotes":""},"class_list":["post-3314","page","type-page","status-publish","hentry"],"_links":{"self":[{"href":"https:\/\/cap.ca\/fr\/wp-json\/wp\/v2\/pages\/3314","targetHints":{"allow":["GET"]}}],"collection":[{"href":"https:\/\/cap.ca\/fr\/wp-json\/wp\/v2\/pages"}],"about":[{"href":"https:\/\/cap.ca\/fr\/wp-json\/wp\/v2\/types\/page"}],"author":[{"embeddable":true,"href":"https:\/\/cap.ca\/fr\/wp-json\/wp\/v2\/users\/10"}],"replies":[{"embeddable":true,"href":"https:\/\/cap.ca\/fr\/wp-json\/wp\/v2\/comments?post=3314"}],"version-history":[{"count":7,"href":"https:\/\/cap.ca\/fr\/wp-json\/wp\/v2\/pages\/3314\/revisions"}],"predecessor-version":[{"id":17676,"href":"https:\/\/cap.ca\/fr\/wp-json\/wp\/v2\/pages\/3314\/revisions\/17676"}],"up":[{"embeddable":true,"href":"https:\/\/cap.ca\/fr\/wp-json\/wp\/v2\/pages\/3313"}],"wp:attachment":[{"href":"https:\/\/cap.ca\/fr\/wp-json\/wp\/v2\/media?parent=3314"}],"curies":[{"name":"wp","href":"https:\/\/api.w.org\/{rel}","templated":true}]}}