{"id":3313,"date":"2017-03-09T15:21:51","date_gmt":"2017-03-09T20:21:51","guid":{"rendered":"http:\/\/caph-02.eproofs.ca\/medaille-brockhouse\/"},"modified":"2024-10-03T15:08:30","modified_gmt":"2024-10-03T19:08:30","slug":"medaille-brockhouse","status":"publish","type":"page","link":"https:\/\/cap.ca\/fr\/activites\/programme-de-distinctions\/post-graduate-physicists\/medaille-brockhouse\/","title":{"rendered":"M\u00e9daille Brockhouse ACP\/DPMCM"},"content":{"rendered":"<div class=\"wpb-content-wrapper\"><p>Reconna\u00eet et encourage les contributions exp\u00e9rimentales ou th\u00e9oriques significatives \u00e0 la mati\u00e8re condens\u00e9e et \u00e0 la physique des mat\u00e9riaux.<\/p>\n<p><a href=\"#Back\">Description et contexte<\/a><br \/>\n<a href=\"#Eval\">Crit\u00e8res d&#8217;\u00e9valuation<\/a><br \/>\n<a href=\"https:\/\/cap.ca\/programs\/recognitions\/post-graduate-physicists\/cap-medal-nomination-procedures\/\">Proc\u00e9dures de candidature \u00e0 la m\u00e9daille ACP<\/a> (lien dans un nouvel onglet)<\/p>\n<table>\n<tbody>\n<tr>\n<td style=\"width: 50%; text-align: center;\">\n<p style=\"text-align: center;\"><strong>Vous connaissez un candidat digne de ce prix ?<\/strong><\/p>\n<p style=\"text-align: center;\"><a class=\"green-btn\" href=\"https:\/\/services.cap.ca\/medal\/login.php\">Visitez le syst\u00e8me de candidature \u00e0 la distinction ACP<\/a><\/p>\n<p>Toute question concernant la proc\u00e9dure de candidature doit \u00eatre adress\u00e9e \u00e0 l\u2019ACP, \u00e0 l\u2019adresse suivante\u00a0<a href=\"mailto:programs@cap.ca\">: programs@cap.ca.<\/a><\/td>\n<td style=\"width: 50%; text-align: center;\"><img loading=\"lazy\" decoding=\"async\" class=\"aligncenter size-50% wp-image-12249\" src=\"https:\/\/cap.ca\/wp-content\/uploads\/2019\/02\/capaward.jpg\" alt=\"\" width=\"125\" height=\"125\" \/><\/p>\n<h3>2024 Laur\u00e9at<\/h3>\n<p><strong>Marcel Franz | <\/strong>University of British Columbia<\/p>\n<p><a href=\"https:\/\/cap.ca\/programs\/recognitions\/post-graduate-physicists\/herzberg-medal\/previous-winners-hm\/\"><em>Voir les laur\u00e9ats pr\u00e9c\u00e9dents<\/em><\/a><\/td>\n<\/tr>\n<\/tbody>\n<\/table>\n<hr \/>\n<h2 id=\"back\">Description et contexte<\/h2>\n<p>L&#8217;objectif de cette r\u00e9compense est de reconna\u00eetre et d&#8217;encourager les contributions exp\u00e9rimentales ou th\u00e9oriques significatives \u00e0 la mati\u00e8re condens\u00e9e et \u00e0 la physique des mat\u00e9riaux. Bien que le principal crit\u00e8re d&#8217;attribution de la m\u00e9daille Brockhouse soit l&#8217;impact des r\u00e9alisations en mati\u00e8re de recherche, la pr\u00e9f\u00e9rence sera accord\u00e9e aux avanc\u00e9es r\u00e9centes et importantes dans le domaine de la mati\u00e8re condens\u00e9e et de la physique des mat\u00e9riaux.<\/p>\n<p>Les recherches du candidat doivent avoir \u00e9t\u00e9 men\u00e9es principalement au Canada ou en affiliation avec une universit\u00e9, une industrie ou un laboratoire gouvernemental canadien.<\/p>\n<p>La m\u00e9daille sera normalement d\u00e9cern\u00e9e \u00e0 une seule personne, mais elle pourra \u00eatre partag\u00e9e si plusieurs candidats ont contribu\u00e9 de mani\u00e8re significative aux m\u00eames travaux de recherche.<\/p>\n<h2 id=\"eval\">Crit\u00e8res d\u2019\u00e9valuation<\/h2>\n<p>Les candidats seront \u00e9valu\u00e9s sur la base de leurs contributions scientifiques et techniques \u00e0 la recherche et au d\u00e9veloppement en physique de la mati\u00e8re condens\u00e9e et en science des mat\u00e9riaux, qui les distinguent de leurs pairs. La pr\u00e9f\u00e9rence sera donn\u00e9e aux avanc\u00e9es r\u00e9centes et importantes dans le domaine de la physique de la mati\u00e8re condens\u00e9e. Cette \u00e9valuation se fondera sur les contributions du candidat, y compris, mais sans s&#8217;y limiter, les \u00e9l\u00e9ments suivants :<\/p>\n<ul class=\"content-list\">\n<li>Preuve de r\u00e9alisations scientifiques et techniques significatives dans le domaine de la recherche et du d\u00e9veloppement.<\/li>\n<li>Des lettres d&#8217;experts qui connaissent bien les travaux des candidats. Ces lettres doivent d\u00e9crire les r\u00e9alisations, les contributions techniques et l&#8217;impact sur le domaine de la physique qui distinguent le candidat de ses pairs.<\/li>\n<li>La valeur et l&#8217;impact de tous les r\u00e9sultats de la recherche (y compris les ensembles de donn\u00e9es et les logiciels) en plus des publications de recherche ; il sera tenu compte d&#8217;un large \u00e9ventail de mesures d&#8217;impact, y compris des indicateurs qualitatifs de l&#8217;impact de la recherche, tels que l&#8217;influence sur la politique et la pratique.<\/li>\n<li>Pr\u00e9sentations \u00e0 des conf\u00e9rences, colloques et s\u00e9minaires sur invitation.<\/li>\n<li>Distinctions, citations, certificats, prix et autres reconnaissances pour leurs travaux de recherche.<\/li>\n<li>Autres preuves des contributions \u00e0 la recherche et de l&#8217;impact qui distinguent le candidat de ses pairs.<\/li>\n<\/ul>\n<p>[vc_row][vc_column][vc_single_image image=&#8221;21572&#8243; img_size=&#8221;full&#8221; onclick=&#8221;custom_link&#8221; img_link_target=&#8221;_blank&#8221; link=&#8221;http:\/\/https:\/\/cap.ca\/fr\/edi\/&#8221;][\/vc_column][\/vc_row]<\/p>\n<p>&nbsp;<\/p>\n<\/div>","protected":false},"excerpt":{"rendered":"<p>Reconna\u00eet et encourage les contributions exp\u00e9rimentales ou th\u00e9oriques significatives \u00e0 la mati\u00e8re condens\u00e9e et \u00e0 la physique des mat\u00e9riaux. Description et contexte Crit\u00e8res d&#8217;\u00e9valuation Proc\u00e9dures de candidature \u00e0 la m\u00e9daille ACP (lien dans un nouvel onglet) Vous connaissez un candidat digne de ce prix ? Visitez le syst\u00e8me de candidature \u00e0 la distinction ACP Toute&#8230;  <a class=\"excerpt-read-more\" href=\"https:\/\/cap.ca\/fr\/activites\/programme-de-distinctions\/post-graduate-physicists\/medaille-brockhouse\/\" title=\"LireM\u00e9daille Brockhouse ACP\/DPMCM\">Lire la suite &raquo;<\/a><\/p>\n","protected":false},"author":10,"featured_media":0,"parent":23649,"menu_order":39,"comment_status":"closed","ping_status":"closed","template":"","meta":{"footnotes":""},"class_list":["post-3313","page","type-page","status-publish","hentry"],"_links":{"self":[{"href":"https:\/\/cap.ca\/fr\/wp-json\/wp\/v2\/pages\/3313","targetHints":{"allow":["GET"]}}],"collection":[{"href":"https:\/\/cap.ca\/fr\/wp-json\/wp\/v2\/pages"}],"about":[{"href":"https:\/\/cap.ca\/fr\/wp-json\/wp\/v2\/types\/page"}],"author":[{"embeddable":true,"href":"https:\/\/cap.ca\/fr\/wp-json\/wp\/v2\/users\/10"}],"replies":[{"embeddable":true,"href":"https:\/\/cap.ca\/fr\/wp-json\/wp\/v2\/comments?post=3313"}],"version-history":[{"count":52,"href":"https:\/\/cap.ca\/fr\/wp-json\/wp\/v2\/pages\/3313\/revisions"}],"predecessor-version":[{"id":25827,"href":"https:\/\/cap.ca\/fr\/wp-json\/wp\/v2\/pages\/3313\/revisions\/25827"}],"up":[{"embeddable":true,"href":"https:\/\/cap.ca\/fr\/wp-json\/wp\/v2\/pages\/23649"}],"wp:attachment":[{"href":"https:\/\/cap.ca\/fr\/wp-json\/wp\/v2\/media?parent=3313"}],"curies":[{"name":"wp","href":"https:\/\/api.w.org\/{rel}","templated":true}]}}