{"id":3312,"date":"2017-03-09T15:21:48","date_gmt":"2017-03-09T20:21:48","guid":{"rendered":"http:\/\/caph-02.eproofs.ca\/anciens-recip\/"},"modified":"2023-07-26T11:38:04","modified_gmt":"2023-07-26T15:38:04","slug":"anciens-recip","status":"publish","type":"page","link":"https:\/\/cap.ca\/fr\/activites\/programme-de-distinctions\/post-graduate-physicists\/contributions-carriere-physique\/anciens-recip\/","title":{"rendered":"M\u00e9daille de l&#8217;ACP pour contributions exceptionnelles de carri\u00e8re \u00e0 la physique &#8211; Anciens r\u00e9cipiendaires"},"content":{"rendered":"<div class=\"wpb-content-wrapper\"><p>[vc_row][vc_column][vc_column_text]<a id=\"Top\"><\/a>Les laur\u00e9ats de cette m\u00e9daille depuis 2008 figurent dans l&#8217;encadr\u00e9 ci-dessous.\u00a0 <a href=\"#pre2008\">Cliquez ici pour acc\u00e9der \u00e0 la liste des laur\u00e9ats depuis la premi\u00e8re m\u00e9daille en 1956 jusqu&#8217;\u00e0 aujourd&#8217;hui<\/a>[\/vc_column_text][vc_raw_html]JTNDaWZyYW1lJTIwaWQlM0QlMjJpZnJhbWUtbWVkYWxzJTIyJTIwY2xhc3MlM0QlMjIlMjBpZnJhbWUtZGVsdGEtMCUyMiUyMHNyYyUzRCUyMmh0dHBzJTNBJTJGJTJGc2VydmljZXMuY2FwLmNhJTJGbWVkYWwlMkZwdWJsaWNpdHklMkZyZWNpcGllbnRzLnBocCUzRm1lZGFsJTNENSUyNmxhbmclM0RmciUyMiUyMG5hbWUlM0QlMjJpZnJhbWUtMCUyMiUyMHdpZHRoJTNEJTIyMTAwJTI1JTIyJTIwaGVpZ2h0JTNEJTIyNzAwJTIyJTIwZnJhbWVib3JkZXIlM0QlMjIwJTIyJTIwc2Nyb2xsaW5nJTNEJTIyYXV0byUyMiUzRVlvdXIlMjBicm93c2VyJTIwZG9lcyUyMG5vdCUyMHN1cHBvcnQlMjBpZnJhbWVzLiUyMEJ1dCUyMFlvdSUyMGNhbiUyMHVzZSUyMHRoZSUyMGZvbGxvd2luZyUyMGxpbmslM0ElMjBodHRwcyUzQSUyRiUyRnNlcnZpY2VzLmNhcC5jYSUyRm1lZGFsJTJGcHVibGljaXR5JTJGcmVjaXBpZW50cy5waHAlM0ZtZWRhbCUzRDUlM0ZsYW5nJTNEZnIlM0MlMkZpZnJhbWUlM0U=[\/vc_raw_html][vc_column_text]<strong>Les m\u00e9daill\u00e9s de 2008 \u00e0 aujourd&#8217;hui sont \u00e9num\u00e9r\u00e9s dans l&#8217;encadr\u00e9 ci-dessus.\u00a0 Les laur\u00e9ats de la m\u00e9daille inaugurale de 1956 \u00e0 aujourd&#8217;hui sont \u00e9num\u00e9r\u00e9s ci-dessous.\u00a0<\/strong><br \/>\n<a href=\"https:\/\/cap.ca\/fr\/activites\/medailles-bourses\/medailles-recherche\/contributions-carriere-physique\/anciens-recip\/\/#top\">Retour au haut de la page.<\/a><\/p>\n<ul class=\"content-list\">\n<li>2023,\u00a0<a href=\"https:\/\/services.cap.ca\/medal\/publicity\/press.php?year=2023&amp;medal_id=5&amp;num=\">Robert Myers<\/a>, Institut Perimeter pour la physique th\u00e9orique<\/li>\n<li>2022,\u00a0<a href=\"https:\/\/services.cap.ca\/medal\/publicity\/press.php?year=2022&amp;medal_id=5&amp;num=\"><span class=\"name\">Charles Gale<\/span><\/a>, Universit\u00e9 McGill<\/li>\n<li>2021,\u00a0<a href=\"https:\/\/services.cap.ca\/medal\/publicity\/press.php?year=2021&amp;medal_id=5&amp;num=\"><span class=\"name\">Robert Brandenberger<\/span><\/a>, Universit\u00e9 McGill<\/li>\n<li>2020,\u00a0<a href=\"https:\/\/services.cap.ca\/medal\/publicity\/press.php?year=2020&amp;medal_id=5&amp;num=\"><span class=\"name\">Eric Hessels<\/span><\/a>, Universit\u00e9 de York<\/li>\n<li>2019,\u00a0<a href=\"https:\/\/services.cap.ca\/medal\/publicity\/press.php?year=2019&amp;medal_id=5&amp;num=\"><span class=\"name\">Douglas Bonn<\/span><\/a>, Universit\u00e9 de la Colombie-Britannique<\/li>\n<li>2018,\u00a0<a href=\"https:\/\/services.cap.ca\/medal\/publicity\/press.php?year=2018&amp;medal_id=5&amp;num=\"><span class=\"name\">Jean-Michel Poutissou<\/span><\/a>,\u00a0<span class=\"institute\">TRIUMF<\/span><\/li>\n<li>2017,\u00a0<a href=\"https:\/\/services.cap.ca\/medal\/publicity\/press.php?year=2017&amp;medal_id=5&amp;num=\"><span class=\"name\">Mark Sutton<\/span><\/a>, Universit\u00e9 McGill<\/li>\n<li>2016,\u00a0<a href=\"https:\/\/services.cap.ca\/medal\/publicity\/press.php?year=2016&amp;medal_id=5&amp;num=\"><span class=\"name\">Gilles Fontaine<\/span><\/a>,\u00a0<span class=\"institute\">Universit\u00e9 de Montr\u00e9al<\/span><\/li>\n<li>2015,\u00a0<a href=\"https:\/\/services.cap.ca\/medal\/publicity\/press.php?year=2015&amp;medal_id=5&amp;num=\"><span class=\"name\">John F. Martin<\/span><\/a>, Universit\u00e9 de Toronto<span class=\"institute\">\u00a0\/ IPP<\/span><\/li>\n<li>2014,\u00a0<a href=\"https:\/\/services.cap.ca\/medal\/publicity\/press.php?year=2014&amp;medal_id=5&amp;num=\"><span class=\"name\">Andr\u00e9-Marie Tremblay<\/span><\/a>,\u00a0<span class=\"institute\">Universit\u00e9 de Sherbrooke<\/span><\/li>\n<li>2013,\u00a0<a href=\"https:\/\/services.cap.ca\/medal\/publicity\/press.php?year=2013&amp;medal_id=5&amp;num=\"><span class=\"name\">David John Lockwood<\/span><\/a>, Conseil national de la recherche<\/li>\n<li>2012,\u00a0<a href=\"https:\/\/services.cap.ca\/medal\/publicity\/press.php?year=2012&amp;medal_id=5&amp;num=\">Gordon W. Semenoff<\/a>, Universit\u00e9 de la Colombie-Britannique<\/li>\n<li>2011,\u00a0<a href=\"https:\/\/services.cap.ca\/medal\/publicity\/press.php?year=2011&amp;medal_id=5&amp;num=\"><span class=\"name\">L. Chin<\/span><\/a>,\u00a0<span class=\"institute\">Universit\u00e9 Laval<\/span><\/li>\n<li>2010,\u00a0<a href=\"https:\/\/services.cap.ca\/medal\/publicity\/press.php?year=2010&amp;medal_id=5&amp;num=\">J. Richard Bond<\/a>, Institut canadien d&#8217;astrophysique th\u00e9orique<\/li>\n<li>2009,\u00a0<a href=\"https:\/\/services.cap.ca\/medal\/publicity\/press.php?year=2009&amp;medal_id=5&amp;num=\"><span class=\"name\">Richard Peltier<\/span><\/a>, Universit\u00e9 de Toronto<\/li>\n<li><span class=\"name\">2008,\u00a0<a href=\"https:\/\/services.cap.ca\/medal\/publicity\/press.php?year=2008&amp;medal_id=5&amp;num=\">Louis Taillefer<\/a><\/span>, Universit\u00e9 de Sherbrooke<\/li>\n<li>2007, <a href=\"https:\/\/services.cap.ca\/awards\/press\/2007-Dunlop-f.html\">David J. Dunlop<\/a>, Universit\u00e9 de Toronto \u00e0 Mississauga<\/li>\n<li>2006, <a href=\"https:\/\/services.cap.ca\/awards\/press\/2006-Affleck-f.html\">Ian Affleck<\/a>, Universit\u00e9 de la Colombie-Britannique<\/li>\n<li>2005, <a href=\"https:\/\/services.cap.ca\/awards\/press\/2005-york-f.html\">Derek York<\/a>, Universit\u00e9 de Toronto<\/li>\n<li>2004, <a href=\"https:\/\/services.cap.ca\/awards\/press\/2004-thewalt-a-f.html\">Michael Thewalt<\/a>, Universit\u00e9 Simon Fraser<\/li>\n<li>2003, <a href=\"https:\/\/services.cap.ca\/awards\/press\/2003-mcdonald-f.html\">Arthur B. (Art) McDonald<\/a>, Universit\u00e9 Queen&#8217;s\/SNO<\/li>\n<li>2002, <a href=\"https:\/\/services.cap.ca\/awards\/press\/2002-astbury-f.html\">Alan Astbury<\/a>, Universit\u00e9 de Victoria\/TRIUMF<\/li>\n<li>2001, <a href=\"https:\/\/services.cap.ca\/awards\/press\/2001-buyers-f.html\">William J.L. (Bill) Buyers<\/a>, Conseil national de recherches \u00e0 Chalk River<\/li>\n<li>2000, <a href=\"https:\/\/services.cap.ca\/awards\/press\/2000-timusk-a-f.html\">Thomas Timusk<\/a>, Universit\u00e9 McMaster<\/li>\n<li>1999, <a href=\"https:\/\/services.cap.ca\/awards\/press\/1999-mcconkey-f.html\">John William (Bill) McConkey<\/a>, Universit\u00e9 de Windsor<\/li>\n<li>1998, <a href=\"https:\/\/services.cap.ca\/awards\/press\/1998-kanasewich-f.html\">Ernest R. Kanasewich<\/a>, Universit\u00e9 d&#8217;Alberta<\/li>\n<li>1997, Donald W.L. Sprung, Universit\u00e9 McMaster<\/li>\n<li>1996, Paul Corkum, Conseil national de recherches Canada<\/li>\n<li>1995, William Unruh, Universit\u00e9 de la Colombie-Britannique<\/li>\n<li>1994, Gordon W.F. Drake, Universit\u00e9 de Windsor<\/li>\n<li>1993, Walter N. Hardy, Universit\u00e9 de la Colombie-Britannique<\/li>\n<li>1992, Alec T. Stewart, Universit\u00e9 Queen&#8217;s<\/li>\n<li>1991, Gabriel Karl, Universit\u00e9 de Guelph<\/li>\n<li>1990, Robin L. Armstrong, Universit\u00e9 de Toronto<\/li>\n<li>1989, Paul A. Redhead, Conseil national de recherches Canada<\/li>\n<li>1988, Erich W. Vogt, TRIUMF<\/li>\n<li>1987, George Thomson Ewan, Universit\u00e9 Queen&#8217;s<\/li>\n<li>1986, Anthony Arrott, Universit\u00e9 Simon Fraser<\/li>\n<li>1985, Cecil C. Costain, Conseil national de recherches Canada<\/li>\n<li>1984, Morrel P. Bachynski, M.P.B. Technologies Inc.<\/li>\n<li>1983, Peter A. Egelstaff, Universit\u00e9 de Guelph<\/li>\n<li>1982, Rudolph Roland Haering, Universit\u00e9 de la Colombie-Britannique<\/li>\n<li>1981, Werner Israel, Universit\u00e9 d&#8217;Alberta<\/li>\n<li>1980, Bernard Margolis, Universit\u00e9 McGill<\/li>\n<li>1979, Jules P. Carbotte, Universit\u00e9 McMaster<\/li>\n<li>1978, John Michael Robson, Universit\u00e9 McGill<\/li>\n<li>1977, Allan Henry Morrish, Universit\u00e9 du Manitoba<\/li>\n<li>1976, Jan Van Kranendonk, Universit\u00e9 de Toronto<\/li>\n<li>1975, John Arthur Jacobs, Universit\u00e9 d&#8217;Alberta<\/li>\n<li>1974, Boris Peter Stoicheff, Universit\u00e9 de Toronto<\/li>\n<li>1973, Myer Bloom, Universit\u00e9 de la Colombie-Britannique<\/li>\n<li>1972, Edward P. Hincks, Univ. Carleton et CNRC<\/li>\n<li>1971, Albert Edward (Ted) Litherland, Universit\u00e9 de Toronto<\/li>\n<li>1970, Wilfred Bennett Lewis (Special award), \u00c9nergie atomique du Canada, lt\u00e9e<\/li>\n<li>1970, Alexander Edgar Douglas, Conseil national de recherches Canada<\/li>\n<li>1969, Larkin Kerwin, Universit\u00e9 Laval<\/li>\n<li>1968, Robert E. Bell, Universit\u00e9 McGill<\/li>\n<li>1967, Bertram Neville Brockhouse, Universit\u00e9 McMaster<\/li>\n<li>1966, George Craig Laurence, \u00c9nergie atomique du Canada, lt\u00e9e<\/li>\n<li>1965, Harold Elford Johns, Universit\u00e9 de Toronto<\/li>\n<li>1964, Henry Edmison Duckworth, Universit\u00e9 McMaster<\/li>\n<li>1964, David Arnold Keys, \u00c9nergie atomique du Canada, lt\u00e9e<\/li>\n<li>1963, Garnet Alexander Woonton, Universit\u00e9 McGill<\/li>\n<li>1962, Balfour Watson Currie, Universit\u00e9 de Saskatchewan<\/li>\n<li>1961, Harry Lambert Welsh, Universit\u00e9 de Toronto<\/li>\n<li>1960, David Keith Chalmers MacDonald, Conseil national de recherches Canada<\/li>\n<li>1959, Bernice Weldon Sargent, Universit\u00e9 Queen&#8217;s<\/li>\n<li>1958, John Stuart Foster, Universit\u00e9 McGill<\/li>\n<li>1957, Gerhard Herzberg, Conseil national de recherches Canada<\/li>\n<li>1956, Joseph Alexander Gray, Universit\u00e9 Queen&#8217;s (gagnant inaugural)<\/li>\n<\/ul>\n<p>[\/vc_column_text][\/vc_column][\/vc_row][vc_row][vc_column][\/vc_column][\/vc_row]<\/p>\n<\/div>","protected":false},"excerpt":{"rendered":"<p>[vc_row][vc_column][vc_column_text]Les laur\u00e9ats de cette m\u00e9daille depuis 2008 figurent dans l&#8217;encadr\u00e9 ci-dessous.\u00a0 Cliquez ici pour acc\u00e9der \u00e0 la liste des laur\u00e9ats depuis la premi\u00e8re m\u00e9daille en 1956 jusqu&#8217;\u00e0 aujourd&#8217;hui[\/vc_column_text][vc_raw_html]JTNDaWZyYW1lJTIwaWQlM0QlMjJpZnJhbWUtbWVkYWxzJTIyJTIwY2xhc3MlM0QlMjIlMjBpZnJhbWUtZGVsdGEtMCUyMiUyMHNyYyUzRCUyMmh0dHBzJTNBJTJGJTJGc2VydmljZXMuY2FwLmNhJTJGbWVkYWwlMkZwdWJsaWNpdHklMkZyZWNpcGllbnRzLnBocCUzRm1lZGFsJTNENSUyNmxhbmclM0RmciUyMiUyMG5hbWUlM0QlMjJpZnJhbWUtMCUyMiUyMHdpZHRoJTNEJTIyMTAwJTI1JTIyJTIwaGVpZ2h0JTNEJTIyNzAwJTIyJTIwZnJhbWVib3JkZXIlM0QlMjIwJTIyJTIwc2Nyb2xsaW5nJTNEJTIyYXV0byUyMiUzRVlvdXIlMjBicm93c2VyJTIwZG9lcyUyMG5vdCUyMHN1cHBvcnQlMjBpZnJhbWVzLiUyMEJ1dCUyMFlvdSUyMGNhbiUyMHVzZSUyMHRoZSUyMGZvbGxvd2luZyUyMGxpbmslM0ElMjBodHRwcyUzQSUyRiUyRnNlcnZpY2VzLmNhcC5jYSUyRm1lZGFsJTJGcHVibGljaXR5JTJGcmVjaXBpZW50cy5waHAlM0ZtZWRhbCUzRDUlM0ZsYW5nJTNEZnIlM0MlMkZpZnJhbWUlM0U=[\/vc_raw_html][vc_column_text]Les m\u00e9daill\u00e9s de 2008 \u00e0 aujourd&#8217;hui sont \u00e9num\u00e9r\u00e9s dans l&#8217;encadr\u00e9 ci-dessus.\u00a0 Les laur\u00e9ats de la m\u00e9daille inaugurale de 1956 \u00e0 aujourd&#8217;hui sont \u00e9num\u00e9r\u00e9s ci-dessous.\u00a0 Retour au haut de&#8230;  <a class=\"excerpt-read-more\" href=\"https:\/\/cap.ca\/fr\/activites\/programme-de-distinctions\/post-graduate-physicists\/contributions-carriere-physique\/anciens-recip\/\" title=\"LireM\u00e9daille de l&#8217;ACP pour contributions exceptionnelles de carri\u00e8re \u00e0 la physique &#8211; Anciens r\u00e9cipiendaires\">Lire la suite &raquo;<\/a><\/p>\n","protected":false},"author":10,"featured_media":0,"parent":23819,"menu_order":8257,"comment_status":"closed","ping_status":"closed","template":"","meta":{"footnotes":""},"class_list":["post-3312","page","type-page","status-publish","hentry"],"_links":{"self":[{"href":"https:\/\/cap.ca\/fr\/wp-json\/wp\/v2\/pages\/3312","targetHints":{"allow":["GET"]}}],"collection":[{"href":"https:\/\/cap.ca\/fr\/wp-json\/wp\/v2\/pages"}],"about":[{"href":"https:\/\/cap.ca\/fr\/wp-json\/wp\/v2\/types\/page"}],"author":[{"embeddable":true,"href":"https:\/\/cap.ca\/fr\/wp-json\/wp\/v2\/users\/10"}],"replies":[{"embeddable":true,"href":"https:\/\/cap.ca\/fr\/wp-json\/wp\/v2\/comments?post=3312"}],"version-history":[{"count":16,"href":"https:\/\/cap.ca\/fr\/wp-json\/wp\/v2\/pages\/3312\/revisions"}],"predecessor-version":[{"id":23434,"href":"https:\/\/cap.ca\/fr\/wp-json\/wp\/v2\/pages\/3312\/revisions\/23434"}],"up":[{"embeddable":true,"href":"https:\/\/cap.ca\/fr\/wp-json\/wp\/v2\/pages\/23819"}],"wp:attachment":[{"href":"https:\/\/cap.ca\/fr\/wp-json\/wp\/v2\/media?parent=3312"}],"curies":[{"name":"wp","href":"https:\/\/api.w.org\/{rel}","templated":true}]}}