{"id":3309,"date":"2017-03-09T15:21:41","date_gmt":"2017-03-09T20:21:41","guid":{"rendered":"http:\/\/caph-02.eproofs.ca\/medailles-recherche\/"},"modified":"2022-08-11T11:27:39","modified_gmt":"2022-08-11T15:27:39","slug":"medailles-recherche","status":"publish","type":"page","link":"https:\/\/cap.ca\/fr\/activites\/programme-de-distinctions\/medailles-recherche\/","title":{"rendered":"M\u00e9dailles pour la recherche"},"content":{"rendered":"<blockquote>\n<p class=\"p3\"><strong>REMARQUE : L&#8217;appel \u00e0 candidatures sera publi\u00e9 en ao\u00fbt 2022 et la date limite est le 1er octobre 2022.<\/strong><\/p>\n<p class=\"p3\">Pour en savoir plus sur l&#8217;appel \u00e0 candidatures 2022, <a href=\"https:\/\/cap.ca\/fr\/activites\/medailles-bourses\/annonce-de-lappel-a-candidatures-2021\/\"><span class=\"s3\">cliquez ici.\u00a0<\/span><\/a><\/p>\n<\/blockquote>\n<p>L&#8217;ACP souligne les accomplissements en recherche dans toutes les branches de la physique. Cliquez sur les liens ci-dessous pour en savoir plus sur les diff\u00e9rents prix remis par l&#8217;Association.<\/p>\n<ul class=\"content-list\">\n<li><a href=\"https:\/\/cap.ca\/fr\/activites\/medailles-bourses\/medailles-recherche\/medaille-brockhouse\/\">M\u00e9daille Brockhouse de l&#8217;ACP-DPMCM<\/a> (physique de la mati\u00e8re condens\u00e9e et mat\u00e9riaux)<\/li>\n<li><a href=\"https:\/\/cap.ca\/fr\/activites\/medailles-bourses\/medailles-recherche\/medaille-herzberg\/\">M\u00e9daille Herzberg de l&#8217;ACP<\/a><\/li>\n<li><a href=\"https:\/\/cap.ca\/fr\/activites\/medailles-bourses\/medailles-recherche\/contributions-exceptionnelles-physique\/\">M\u00e9daille de l&#8217;ACP pour contributions exceptionnelles de carri\u00e8re \u00e0 la physique<\/a><\/li>\n<li><a href=\"https:\/\/cap.ca\/fr\/activites\/medailles-bourses\/medailles-recherche\/theorique-mathematique\/\">Prix ACP-CRM<\/a> (physique th\u00e9orique et math\u00e9matique)<\/li>\n<li><a href=\"https:\/\/cap.ca\/fr\/activites\/medailles-bourses\/medailles-recherche\/vogt-physique-subatomique\/\">M\u00e9daille Vogt de l&#8217;ACP-TRIUMF<\/a> (physique subatomique)<\/li>\n<\/ul>\n","protected":false},"excerpt":{"rendered":"<p>REMARQUE : L&#8217;appel \u00e0 candidatures sera publi\u00e9 en ao\u00fbt 2022 et la date limite est le 1er octobre 2022. Pour en savoir plus sur l&#8217;appel \u00e0 candidatures 2022, cliquez ici.\u00a0 L&#8217;ACP souligne les accomplissements en recherche dans toutes les branches de la physique. Cliquez sur les liens ci-dessous pour en savoir plus sur les diff\u00e9rents&#8230;  <a class=\"excerpt-read-more\" href=\"https:\/\/cap.ca\/fr\/activites\/programme-de-distinctions\/medailles-recherche\/\" title=\"LireM\u00e9dailles pour la recherche\">Lire la suite &raquo;<\/a><\/p>\n","protected":false},"author":10,"featured_media":0,"parent":3308,"menu_order":236,"comment_status":"closed","ping_status":"closed","template":"","meta":{"footnotes":""},"class_list":["post-3309","page","type-page","status-publish","hentry"],"_links":{"self":[{"href":"https:\/\/cap.ca\/fr\/wp-json\/wp\/v2\/pages\/3309","targetHints":{"allow":["GET"]}}],"collection":[{"href":"https:\/\/cap.ca\/fr\/wp-json\/wp\/v2\/pages"}],"about":[{"href":"https:\/\/cap.ca\/fr\/wp-json\/wp\/v2\/types\/page"}],"author":[{"embeddable":true,"href":"https:\/\/cap.ca\/fr\/wp-json\/wp\/v2\/users\/10"}],"replies":[{"embeddable":true,"href":"https:\/\/cap.ca\/fr\/wp-json\/wp\/v2\/comments?post=3309"}],"version-history":[{"count":16,"href":"https:\/\/cap.ca\/fr\/wp-json\/wp\/v2\/pages\/3309\/revisions"}],"predecessor-version":[{"id":21597,"href":"https:\/\/cap.ca\/fr\/wp-json\/wp\/v2\/pages\/3309\/revisions\/21597"}],"up":[{"embeddable":true,"href":"https:\/\/cap.ca\/fr\/wp-json\/wp\/v2\/pages\/3308"}],"wp:attachment":[{"href":"https:\/\/cap.ca\/fr\/wp-json\/wp\/v2\/media?parent=3309"}],"curies":[{"name":"wp","href":"https:\/\/api.w.org\/{rel}","templated":true}]}}