{"id":3308,"date":"2017-03-09T15:21:38","date_gmt":"2017-03-09T20:21:38","guid":{"rendered":"http:\/\/caph-02.eproofs.ca\/medailles-bourses\/"},"modified":"2024-10-02T14:12:18","modified_gmt":"2024-10-02T18:12:18","slug":"programme-de-distinctions","status":"publish","type":"page","link":"https:\/\/cap.ca\/fr\/activites\/programme-de-distinctions\/","title":{"rendered":"Programme de distinctions"},"content":{"rendered":"<div class=\"wpb-content-wrapper\"><p>[vc_row][vc_column][vc_column_text]<\/p>\n<blockquote><p><a href=\"https:\/\/cap.ca\/fr\/activites\/programme-de-distinctions\/recipiendaires-des-medailles-par-annee\/\"><b>Cliquez ici pour voir les derniers laur\u00e9ats de nos distinctions<\/b><\/a><\/p><\/blockquote>\n<p>[\/vc_column_text][\/vc_column][\/vc_row][vc_row][vc_column][vc_column_text css=&#8221;&#8221;]Bienvenue au Programme de distinctions de l&#8217;Association canadienne des physiciens et physiciennes, o\u00f9 nous c\u00e9l\u00e9brons les r\u00e9alisations remarquables des physiciens \u00e0 chaque \u00e9tape de leur parcours, des enthousiastes de l&#8217;\u00e9cole secondaire aux professionnels chevronn\u00e9s. \u00c0 l&#8217;ACP, nous croyons qu&#8217;il faut reconna\u00eetre et inspirer l&#8217;excellence dans le monde de la physique. Notre gamme vari\u00e9e de distinctions honore les contributions et les innovations exceptionnelles dans ce domaine dynamique. Que vous soyez, ou que vous connaissiez, un jeune physicien passionn\u00e9 par la d\u00e9couverte, un \u00e9ducateur d\u00e9vou\u00e9 qui encadre et inspire nos futurs physiciens, ou un chercheur chevronn\u00e9 qui repousse les limites de la connaissance, l&#8217;ACP dispose d&#8217;un large \u00e9ventail de distinctions prestigieuses.<\/p>\n<p>Explorez nos cat\u00e9gories de reconnaissance et laissez-vous inspirer par les r\u00e9alisations incroyables des physiciens de tout le Canada ; puis joignez-vous \u00e0 nous pour distinguer et c\u00e9l\u00e9brer le brio, le d\u00e9vouement et les d\u00e9couvertes r\u00e9volutionnaires qui d\u00e9finissent le monde de la physique canadienne en proposant la candidature d&#8217;une personne m\u00e9ritante.<\/p>\n<h2>Calendrier des distinctions (les dates sont approximatives)<\/h2>\n<table style=\"border-collapse: collapse; width: 100%; height: 232px;\">\n<tbody>\n<tr style=\"height: 73px;\">\n<td style=\"width: 25%; height: 73px;\">\n<h5><strong>Distinction<\/strong><\/h5>\n<\/td>\n<td style=\"width: 25%; height: 73px;\">\n<h5><strong>Groupe cible<\/strong><\/h5>\n<\/td>\n<td style=\"width: 25%; height: 73px;\">\n<h5><strong>Ouverture des candidatures<\/strong><\/h5>\n<\/td>\n<td style=\"width: 25%; height: 73px;\">\n<h5><strong>Fin des candidatures<\/strong><\/h5>\n<\/td>\n<\/tr>\n<tr style=\"height: 81px;\">\n<td style=\"width: 25%; height: 81px;\"><a href=\"https:\/\/cap.ca\/fr\/activites\/programme-de-distinctions\/post-graduate-physicists\/\">M\u00e9dailles et Fellow de l&#8217;ACP<\/a><\/td>\n<td style=\"width: 25%; height: 81px;\">Physiciens dipl\u00f4m\u00e9s<\/td>\n<td style=\"width: 25%; height: 81px;\">1er octobre<\/td>\n<td style=\"width: 25%; height: 81px;\">1er d\u00e9cembre<\/td>\n<\/tr>\n<tr style=\"height: 39px;\">\n<td style=\"width: 25%; height: 39px;\"><a href=\"https:\/\/cap.ca\/fr\/activites\/programme-de-distinctions\/university-physics-students\/\">Bourses d&#8217;\u00e9tudes sup\u00e9rieures de l&#8217;ACP et de la FACP<\/a><\/td>\n<td style=\"width: 25%; height: 39px;\">\u00c9tudiants dipl\u00f4m\u00e9s<\/td>\n<td style=\"width: 25%; height: 39px;\">1er octobre<\/td>\n<td style=\"width: 25%; height: 39px;\">15 janvier<\/td>\n<\/tr>\n<tr style=\"height: 39px;\">\n<td style=\"width: 25%; height: 39px;\"><a href=\"https:\/\/cap.ca\/fr\/activites\/programme-de-distinctions\/high-school-cegep-physics-teachers\/\">Prix ACP pour l&#8217;excellence dans l&#8217;enseignement de la physique au lyc\u00e9e et au CEGEP<\/a><\/td>\n<td style=\"width: 25%; height: 39px;\">Enseignants de physique au lyc\u00e9e et au CEGEP<\/td>\n<td style=\"width: 25%; height: 39px;\">1er avril<\/td>\n<td style=\"width: 25%; height: 39px;\">30 juin<\/td>\n<\/tr>\n<\/tbody>\n<\/table>\n<h2><\/h2>\n<p>Pour plus d&#8217;informations sur les autres distinctions, y compris les concours de pr\u00e9sentation au congr\u00e8s et les examens de prix :<\/p>\n<p><a href=\"https:\/\/cap.ca\/fr\/activites\/programme-de-distinctions\/university-physics-students\/\">Distinctions pour les \u00e9tudiants en physique de l&#8217;universit\u00e9<\/a><\/p>\n<p><a href=\"https:\/\/cap.ca\/fr\/activites\/programme-de-distinctions\/high-school-students\/\">Distinctions pour les \u00e9l\u00e8ves du secondaire<\/a><\/p>\n<p>[\/vc_column_text][vc_btn title=&#8221;Cliquez ici pour acc\u00e9der au syst\u00e8me de candidature aux distinctions.&#8221; color=&#8221;green&#8221; size=&#8221;lg&#8221; align=&#8221;center&#8221; css=&#8221;&#8221; link=&#8221;url:https%3A%2F%2Fservices.cap.ca%2Fmedal%2Flogin.php&#8221;][\/vc_column][\/vc_row][vc_row][vc_column][vc_column_text]<br \/>\n[\/vc_column_text][\/vc_column][\/vc_row][vc_row][vc_column][vc_single_image image=&#8221;21572&#8243; img_size=&#8221;full&#8221; onclick=&#8221;custom_link&#8221; img_link_target=&#8221;_blank&#8221; css=&#8221;&#8221; link=&#8221;http:\/\/https:\/\/cap.ca\/fr\/edi\/&#8221;][\/vc_column][\/vc_row]<\/p>\n<\/div>","protected":false},"excerpt":{"rendered":"<p>[vc_row][vc_column][vc_column_text] Cliquez ici pour voir les derniers laur\u00e9ats de nos distinctions [\/vc_column_text][\/vc_column][\/vc_row][vc_row][vc_column][vc_column_text css=&#8221;&#8221;]Bienvenue au Programme de distinctions de l&#8217;Association canadienne des physiciens et physiciennes, o\u00f9 nous c\u00e9l\u00e9brons les r\u00e9alisations remarquables des physiciens \u00e0 chaque \u00e9tape de leur parcours, des enthousiastes de l&#8217;\u00e9cole secondaire aux professionnels chevronn\u00e9s. \u00c0 l&#8217;ACP, nous croyons qu&#8217;il faut reconna\u00eetre et inspirer&#8230;  <a class=\"excerpt-read-more\" href=\"https:\/\/cap.ca\/fr\/activites\/programme-de-distinctions\/\" title=\"LireProgramme de distinctions\">Lire la suite &raquo;<\/a><\/p>\n","protected":false},"author":10,"featured_media":0,"parent":3277,"menu_order":140,"comment_status":"closed","ping_status":"closed","template":"","meta":{"footnotes":""},"class_list":["post-3308","page","type-page","status-publish","hentry"],"_links":{"self":[{"href":"https:\/\/cap.ca\/fr\/wp-json\/wp\/v2\/pages\/3308","targetHints":{"allow":["GET"]}}],"collection":[{"href":"https:\/\/cap.ca\/fr\/wp-json\/wp\/v2\/pages"}],"about":[{"href":"https:\/\/cap.ca\/fr\/wp-json\/wp\/v2\/types\/page"}],"author":[{"embeddable":true,"href":"https:\/\/cap.ca\/fr\/wp-json\/wp\/v2\/users\/10"}],"replies":[{"embeddable":true,"href":"https:\/\/cap.ca\/fr\/wp-json\/wp\/v2\/comments?post=3308"}],"version-history":[{"count":59,"href":"https:\/\/cap.ca\/fr\/wp-json\/wp\/v2\/pages\/3308\/revisions"}],"predecessor-version":[{"id":25820,"href":"https:\/\/cap.ca\/fr\/wp-json\/wp\/v2\/pages\/3308\/revisions\/25820"}],"up":[{"embeddable":true,"href":"https:\/\/cap.ca\/fr\/wp-json\/wp\/v2\/pages\/3277"}],"wp:attachment":[{"href":"https:\/\/cap.ca\/fr\/wp-json\/wp\/v2\/media?parent=3308"}],"curies":[{"name":"wp","href":"https:\/\/api.w.org\/{rel}","templated":true}]}}