{"id":3306,"date":"2017-03-09T15:21:31","date_gmt":"2017-03-09T20:21:31","guid":{"rendered":"http:\/\/caph-02.eproofs.ca\/outreachf\/"},"modified":"2017-10-02T11:30:29","modified_gmt":"2017-10-02T15:30:29","slug":"outreachf","status":"publish","type":"page","link":"https:\/\/cap.ca\/fr\/activites\/ressources-enseignants-physique\/outreachf\/","title":{"rendered":"Ressources en enseignement\/apprentissage pour les \u00e9tudiants en physique"},"content":{"rendered":"<p>Les liens et renseignements qui suivent offrent aux professeurs de physique des ressources pr\u00e9cieuses pour appuyer et am\u00e9liorer les activit\u00e9s entourant les \u00e9tudes en physique \u00e0 tous les niveaux.<\/p>\n<h5>Expos\u00e9s et articles<strong>\u00a0<\/strong><\/h5>\n<ul class=\"content-list\">\n<li><a href=\"https:\/\/store.perimeterinstitute.ca\/#\">Ressources \u00c9ducationnelles par l&#8217;Institut P\u00e9rim\u00e8tre<\/a><\/li>\n<li><a href=\"https:\/\/ed.ted.com\/series\/before-and-after-einstein\">TedEd &#8211; Before and After Einstein<\/a>\n<p style=\"padding-left: 60px;\"><em><span class=\"st\">TED&#8217;s education initiative \u2014 short customizable video lessons about physics and science worth sharing, aimed at educators and students (Anglais seulement)<br \/>\n<\/span><\/em><\/p>\n<\/li>\n<\/ul>\n<ul class=\"content-list\">\n<li>Physique des neutrinos et Prix Nobel<\/li>\n<\/ul>\n<p style=\"padding-left: 60px;\"><em>Le 6 octobre 2015, le Prix Nobel de physique 2015 a \u00e9t\u00e9 attribu\u00e9 conjointement \u00e0 Takaaki Kajita, de la Super-Kamiokande au Japon, et \u00e0 Arthur B. McDonald de la Collaboration de l&#8217;Observatoire de neutrinos de Sudbury, au Canada. Au cours des \u00e9changes, ce jour-l\u00e0, les membres du googlegroup DPE ont accept\u00e9 avec plaisir l&#8217;offre de Jason Donev de partager ses diapositives sur ce sujet, car elles pouvaient fournir une excellente ressource aux enseignants en physique pour discuter de la physique des laur\u00e9ats de Prix Nobel avec leurs \u00e9tudiants.<\/em><\/p>\n<ul class=\"content-list\">\n<li><a href=\"https:\/\/cap.ca\/wp-content\/uploads\/2017\/03\/Expert_Sci_Am_Aug06-1.pdf\">The Expert Mind, de Philip E. Ross<\/a> (pdf), publi\u00e9 dans le num\u00e9ro d&#8217;ao\u00fbt 2006 de Scientific American<\/li>\n<li><a href=\"https:\/\/pic-pac.cap.ca\/index.php\/Issues\/index?lang=fr-ca\">Le coin de l&#8217;information sur La physique au Canada<\/a><\/li>\n<li><a href=\"http:\/\/www.sciencerendezvous.ca\/\">Science Rendezvous<\/a><\/li>\n<li><a href=\"http:\/\/www.real-world-physics-problems.com\/physics-of-hockey.html\">La physique du hockey<\/a><\/li>\n<li><a href=\"http:\/\/www.aps.org\/programs\/education\/index.cfm\">\u00c9tudes en physique \u00e0 l&#8217;APS<\/a><\/li>\n<li><a href=\"http:\/\/pbl.ccdmd.qc.ca\/fr\/resultat.php?action=prob_tous&amp;he=1024\">Apprentissage par probl\u00e8mes en physique au coll\u00e9gial<\/a><\/li>\n<li><a href=\"https:\/\/cap.ca\/fr\/activites\/ressources-enseignants-physique\/outreachf\/acp-curriculum-physique-au-premier-cycle\/\">Projet DEP\/ACP pour curriculum de physique<\/a><\/li>\n<li><a href=\"https:\/\/www.youtube.com\/watch?v=PiYlioobAhM\">Slice of Pi<\/a><\/li>\n<li><a href=\"https:\/\/www.youtube.com\/user\/destinws2\">Smarter Every Day<\/a><\/li>\n<li><a href=\"https:\/\/www.youtube.com\/user\/1veritasium\">Veritasium<\/a><\/li>\n<\/ul>\n<p>&nbsp;<\/p>\n","protected":false},"excerpt":{"rendered":"<p>Les liens et renseignements qui suivent offrent aux professeurs de physique des ressources pr\u00e9cieuses pour appuyer et am\u00e9liorer les activit\u00e9s entourant les \u00e9tudes en physique \u00e0 tous les niveaux. Expos\u00e9s et articles\u00a0 Ressources \u00c9ducationnelles par l&#8217;Institut P\u00e9rim\u00e8tre TedEd &#8211; Before and After Einstein TED&#8217;s education initiative \u2014 short customizable video lessons about physics and science&#8230;  <a class=\"excerpt-read-more\" href=\"https:\/\/cap.ca\/fr\/activites\/ressources-enseignants-physique\/outreachf\/\" title=\"LireRessources en enseignement\/apprentissage pour les \u00e9tudiants en physique\">Lire la suite &raquo;<\/a><\/p>\n","protected":false},"author":10,"featured_media":0,"parent":3305,"menu_order":21,"comment_status":"closed","ping_status":"closed","template":"","meta":{"footnotes":""},"class_list":["post-3306","page","type-page","status-publish","hentry"],"_links":{"self":[{"href":"https:\/\/cap.ca\/fr\/wp-json\/wp\/v2\/pages\/3306","targetHints":{"allow":["GET"]}}],"collection":[{"href":"https:\/\/cap.ca\/fr\/wp-json\/wp\/v2\/pages"}],"about":[{"href":"https:\/\/cap.ca\/fr\/wp-json\/wp\/v2\/types\/page"}],"author":[{"embeddable":true,"href":"https:\/\/cap.ca\/fr\/wp-json\/wp\/v2\/users\/10"}],"replies":[{"embeddable":true,"href":"https:\/\/cap.ca\/fr\/wp-json\/wp\/v2\/comments?post=3306"}],"version-history":[{"count":15,"href":"https:\/\/cap.ca\/fr\/wp-json\/wp\/v2\/pages\/3306\/revisions"}],"predecessor-version":[{"id":8342,"href":"https:\/\/cap.ca\/fr\/wp-json\/wp\/v2\/pages\/3306\/revisions\/8342"}],"up":[{"embeddable":true,"href":"https:\/\/cap.ca\/fr\/wp-json\/wp\/v2\/pages\/3305"}],"wp:attachment":[{"href":"https:\/\/cap.ca\/fr\/wp-json\/wp\/v2\/media?parent=3306"}],"curies":[{"name":"wp","href":"https:\/\/api.w.org\/{rel}","templated":true}]}}