{"id":3305,"date":"2017-03-09T15:21:28","date_gmt":"2017-03-09T20:21:28","guid":{"rendered":"http:\/\/caph-02.eproofs.ca\/ressources-enseignants-physique\/"},"modified":"2025-12-15T15:30:09","modified_gmt":"2025-12-15T20:30:09","slug":"ressources-enseignants-physique","status":"publish","type":"page","link":"https:\/\/cap.ca\/fr\/activites\/ressources-enseignants-physique\/","title":{"rendered":"Ressources pour les enseignants en physique"},"content":{"rendered":"<blockquote>\n<h3><a href=\"https:\/\/canadianassocofphys.wufoo.eu\/forms\/s1rhx6oo1i9jlui\/\"><strong>Inscrivez-vous avec l&#8217;ACP pour recevoir GRATUIT des ressources en classe ainsi que des information sur nos comp\u00e9titions et \u00e9v\u00e9nements \u00e0 l&#8217;\u00e9chelle nationale pour les \u00e9tudiants et les enseignants au secondaire\u00a0\u00a0\u00a0\u00a0\u00a0\u00a0\u00a0 <\/strong><\/a><\/h3>\n<h3><a class=\"green-btn\" href=\"https:\/\/canadianassocofphys.wufoo.eu\/forms\/s1rhx6oo1i9jlui\/\">CLIQUEZ ICI<\/a><\/h3>\n<\/blockquote>\n<h2><\/h2>\n<h2>Affiche \u00ab Trouve le\/la physicien(ne) \u00bb : (t\u00e9l\u00e9chargeable)<\/h2>\n<table style=\"width: 731px;\">\n<tbody>\n<tr>\n<td style=\"text-align: center; width: 357.85px;\"><a href=\"https:\/\/forms.cap.ca\/download\/web-linked\/2017CAP_HS_Poster-2_Fr.pdf\"><img loading=\"lazy\" decoding=\"async\" class=\"alignnone wp-image-8760 size-medium\" src=\"https:\/\/cap.ca\/wp-content\/uploads\/2017\/03\/CAP_HS_Poster_2_Fr_webonly-pdf-200x300.jpg\" alt=\"\" width=\"200\" height=\"300\" \/><\/a><\/td>\n<td style=\"width: 371.15px;\"><\/td>\n<\/tr>\n<\/tbody>\n<\/table>\n<h2>Vid\u00e9os des physicien(ne)s parmi nous (cliquez pour jouer) :<\/h2>\n<table style=\"width: 731px;\">\n<tbody>\n<tr>\n<td style=\"width: 260px; text-align: center;\">\n<h6><a href=\"https:\/\/www.youtube.com\/watch?v=lWnfJ_RZKPY\"><img loading=\"lazy\" decoding=\"async\" class=\"wp-image-7607 aligncenter\" src=\"https:\/\/cap.ca\/wp-content\/uploads\/2017\/06\/1-Physics-video-thumbnail-for-web-e1498588554746.jpg\" alt=\"\" width=\"234\" height=\"134\" \/><\/a>Irene Vavasour, chercheuse au MRI, et Jeff Vavasour, concepteur de jeux vid\u00e9o, qui expliquent comment la physique leur a valu des carri\u00e8res enrichissantes et stimulantes (anglais seulement)<\/h6>\n<\/td>\n<td style=\"width: 223.9px;\">\n<h6 style=\"text-align: center;\"><a href=\"https:\/\/youtu.be\/mBXIR56I504\"><img loading=\"lazy\" decoding=\"async\" class=\"size-medium wp-image-8699 aligncenter\" src=\"https:\/\/cap.ca\/wp-content\/uploads\/2017\/03\/hqdefault.jpg\" alt=\"\" width=\"246\" height=\"138\" \/><\/a>Laura-Isabelle Dion-Bertrand,\u00a0 y explique ce que fait un scientifique des applications, les possibilit\u00e9s passionnantes de voyage et de collaboration que lui offre son travail, et ses exp\u00e9riences comme femme scientifique.<\/h6>\n<\/td>\n<\/tr>\n<tr>\n<td style=\"width: 260px;\">\n<h6 style=\"text-align: center;\">\u00a0<a href=\"https:\/\/www.youtube.com\/watch?v=KXQL5D9KRcc&amp;t=4s\"><img loading=\"lazy\" decoding=\"async\" class=\"wp-image-8495 aligncenter\" src=\"https:\/\/cap.ca\/wp-content\/uploads\/2017\/06\/Picture2-300x213.png\" alt=\"\" width=\"183\" height=\"127\" \/><\/a>Ken Iliadis et montre comment il applique son dipl\u00f4me en physique au travail en criminalistique dans sa carri\u00e8re d&#8217;expert en reconstitution de sc\u00e8nes de crime chez MEA Forensic Engineers and Scientists. (anglais seulement)<\/h6>\n<\/td>\n<td style=\"width: 223.9px;\">\n<h6 style=\"text-align: center;\">\u00a0<a href=\"https:\/\/youtu.be\/P--rGVOglWU\"><img loading=\"lazy\" decoding=\"async\" class=\"wp-image-8649 aligncenter\" src=\"https:\/\/cap.ca\/wp-content\/uploads\/2017\/06\/Imagen1-300x191.png\" alt=\"\" width=\"198\" height=\"120\" \/><\/a>En qualit\u00e9 de physicienne, la capacit\u00e9 de LeeAnn \u00e0 reconna\u00eetre et \u00e0 analyser les sch\u00e9mas de donn\u00e9es l&#8217;ont outill\u00e9e pour les march\u00e9s financiers et son amour de l&#8217;espace a inspir\u00e9 son expression artistique.(anglais seulement)<\/h6>\n<\/td>\n<\/tr>\n<\/tbody>\n<\/table>\n<h2><\/h2>\n<h2>\u00c0 l&#8217;ACP, nous appuyons vos efforts \u00e0 engager la prochaine g\u00e9n\u00e9ration de physiciens\u00a0:<\/h2>\n<img loading=\"lazy\" decoding=\"async\" class=\"size-medium wp-image-6029 alignright\" src=\"https:\/\/cap.ca\/wp-content\/uploads\/2017\/03\/Home-bucket-Resources-for-HS-Parents-Students-300x165.jpg\" alt=\"\" width=\"300\" height=\"165\" srcset=\"https:\/\/cap.ca\/wp-content\/uploads\/2017\/03\/Home-bucket-Resources-for-HS-Parents-Students-300x165.jpg 300w, https:\/\/cap.ca\/wp-content\/uploads\/2017\/03\/Home-bucket-Resources-for-HS-Parents-Students.jpg 500w\" sizes=\"auto, (max-width: 300px) 100vw, 300px\" \/>\n<p>L&#8217;ACP soutient les professeurs de physique actuels et futurs par des programmes, des ressources ainsi que des programmes de perfectionnement professionnel et de reconnaissance professionnelle.<\/p>\n<p>L&#8217;ACP fournit aux enseignants les toutes derni\u00e8res informations sur la recherche en physique et ses applications, un r\u00e9seau d&#8217;enseignants dans tout le Canada pour partager et explorer les pratiques exemplaires ainsi que des ateliers sp\u00e9cialis\u00e9s et des ressources pour aider \u00e0 la planification de carri\u00e8re et \u00e0 sa r\u00e9alisation.<\/p>\n<p>Des taux sp\u00e9ciaux d&#8217;adh\u00e9sion et d&#8217;inscription aux conf\u00e9rences sont offerts aux enseignants des niveaux secondaire\/c\u00e9gep et coll\u00e9gial. <a href=\"https:\/\/cap.ca\/fr\/adhesion\/corps-professoral-ecole-secondaire-college\/\">Les membres qui enseignent la physique<\/a>, \u00e0 n&#8217;importe quel niveau, sont invit\u00e9s \u00e0 adh\u00e9rer \u00e0 la <a href=\"https:\/\/cap.ca\/fr\/divisions\/dep\/\">Division de l&#8217;enseignement de la physique.<\/a><\/p>\n<p>Veuillez cliquer sur les liens qui suivent pour un compl\u00e9ment d&#8217;information sur les sujets suivants :<\/p>\n<ul class=\"content-list\">\n<li><a href=\"https:\/\/cap.ca\/fr\/activites\/ressources-enseignants-physique\/outreachf\/\">Ressources en enseignement\/apprentissage pour les \u00e9tudes en physique<\/a><\/li>\n<li><a href=\"https:\/\/cap.ca\/fr\/activites\/ressources-enseignants-physique\/liens-pour-enseignementapprentissage\/\">Liens pour enseignement\/apprentissage pour les \u00e9tudes en physique<\/a><\/li>\n<li><a href=\"https:\/\/cap.ca\/fr\/activites\/ressources-enseignants-physique\/organisations-denseignants-au-canada\/\">Organisations d\u2019enseignants au Canada<\/a><\/li>\n<li><a href=\"https:\/\/cap.ca\/fr\/activites\/careers-and-employment\/\">Carri\u00e8res et emploi<\/a><\/li>\n<li><a href=\"https:\/\/pic-pac.cap.ca\/?lang=fr-ca\" target=\"_blank\" rel=\"noopener noreferrer\"><em>La Physique au Canada<\/em><\/a><\/li>\n<li><a href=\"https:\/\/cap.ca\/fr\/congres-de-lacp\/congres-2026\/2026-high-school-teacher-workshop\/\">Atelier de l&#8217;ACP pour les enseignants<\/a><\/li>\n<li><a href=\"\/fr\/activites\/medailles-bourses\/medailles-enseignement\">M\u00e9dailles et prix de l&#8217;ACP en enseignement<\/a><\/li>\n<li><a href=\"\/fr\/activites\/medailles-bourses\/prix-etudiants\">Prix et bourses aux universitaires\/\u00e9tudiants de cycles sup\u00e9rieurs<\/a><\/li>\n<li><a href=\"https:\/\/cap.ca\/fr\/activites\/medailles-bourses\/prix-etudiants\/prix-secondaire-du-collrgial\">Prix aux \u00e9tudiants du secondaire\/c\u00e9gep<\/a><\/li>\n<\/ul>\n<blockquote><p>Ajoutez ces page \u00e0 vos favorits et revenez nous visitez pour rester \u00e0 l&#8217;aff\u00fbt des nouvelles ressources. Si vous avez des suggestions de ressources \u00e0 nous proposer,\u00a0contactez l&#8217;ACP au <a href=\"mailto:programs@cap.ca\" target=\"_top\" rel=\"noopener noreferrer\">programs@cap.ca<\/a>.<\/p><\/blockquote>\n<p>&nbsp;<\/p>\n<p>&nbsp;<\/p>\n","protected":false},"excerpt":{"rendered":"<p>Inscrivez-vous avec l&#8217;ACP pour recevoir GRATUIT des ressources en classe ainsi que des information sur nos comp\u00e9titions et \u00e9v\u00e9nements \u00e0 l&#8217;\u00e9chelle nationale pour les \u00e9tudiants et les enseignants au secondaire\u00a0\u00a0\u00a0\u00a0\u00a0\u00a0\u00a0 CLIQUEZ ICI Affiche \u00ab Trouve le\/la physicien(ne) \u00bb : (t\u00e9l\u00e9chargeable) Vid\u00e9os des physicien(ne)s parmi nous (cliquez pour jouer) : Irene Vavasour, chercheuse au MRI, et&#8230;  <a class=\"excerpt-read-more\" href=\"https:\/\/cap.ca\/fr\/activites\/ressources-enseignants-physique\/\" title=\"LireRessources pour les enseignants en physique\">Lire la suite &raquo;<\/a><\/p>\n","protected":false},"author":10,"featured_media":0,"parent":3277,"menu_order":146,"comment_status":"closed","ping_status":"closed","template":"","meta":{"footnotes":""},"class_list":["post-3305","page","type-page","status-publish","hentry"],"_links":{"self":[{"href":"https:\/\/cap.ca\/fr\/wp-json\/wp\/v2\/pages\/3305","targetHints":{"allow":["GET"]}}],"collection":[{"href":"https:\/\/cap.ca\/fr\/wp-json\/wp\/v2\/pages"}],"about":[{"href":"https:\/\/cap.ca\/fr\/wp-json\/wp\/v2\/types\/page"}],"author":[{"embeddable":true,"href":"https:\/\/cap.ca\/fr\/wp-json\/wp\/v2\/users\/10"}],"replies":[{"embeddable":true,"href":"https:\/\/cap.ca\/fr\/wp-json\/wp\/v2\/comments?post=3305"}],"version-history":[{"count":41,"href":"https:\/\/cap.ca\/fr\/wp-json\/wp\/v2\/pages\/3305\/revisions"}],"predecessor-version":[{"id":28456,"href":"https:\/\/cap.ca\/fr\/wp-json\/wp\/v2\/pages\/3305\/revisions\/28456"}],"up":[{"embeddable":true,"href":"https:\/\/cap.ca\/fr\/wp-json\/wp\/v2\/pages\/3277"}],"wp:attachment":[{"href":"https:\/\/cap.ca\/fr\/wp-json\/wp\/v2\/media?parent=3305"}],"curies":[{"name":"wp","href":"https:\/\/api.w.org\/{rel}","templated":true}]}}