{"id":3304,"date":"2017-03-09T15:21:24","date_gmt":"2017-03-09T20:21:24","guid":{"rendered":"http:\/\/caph-02.eproofs.ca\/prix-publicites\/"},"modified":"2020-05-28T21:00:01","modified_gmt":"2020-05-29T01:00:01","slug":"prix-publicites","status":"publish","type":"page","link":"https:\/\/cap.ca\/fr\/activites\/careers-and-employment\/offres-demploi\/prix-publicites\/","title":{"rendered":"Prix pour les publicit\u00e9s"},"content":{"rendered":"<p><strong>Ces taux sont valables pour 2020 (TVH\/TPS extra)<\/strong><\/p>\n<p><strong>***Les publicit\u00e9s pour le web doivent \u00eatre soumises au moins 2 jours avant la date d&#8217;affichage demand\u00e9e.****<\/strong><\/p>\n<h2>Fran\u00e7ais ou anglais seulement<\/h2>\n<table>\n<tbody>\n<tr>\n<th>Type de poste<\/th>\n<th>Co\u00fbt pour 1er mois<\/th>\n<th>Co\u00fbt pour mois suppl\u00e9mentaires<\/th>\n<\/tr>\n<tr>\n<td>Postes vacants 1er cycle\/cycles sup\u00e9rieurs<\/p>\n<p>(postes pour \u00e9tudiants pendant leurs \u00e9tudes)<\/td>\n<td>65 $<\/td>\n<td>0 $<\/p>\n<p>(affich\u00e9 pour maximum 6 mois,<\/p>\n<p>sans frais supppl\u00e9mentaires)<\/td>\n<\/tr>\n<tr>\n<td>PDF\/RA<\/p>\n<p>(bourse postdoctorale, adjoint de recherche, associ\u00e9 de recherche<\/p>\n<p>et autres postes d\u00e9di\u00e9s aux personnes ayant obtenu<\/p>\n<p>leur dipl\u00f4me depuis moins de un \u00e0 quatre ans)<\/td>\n<td>90 $<\/td>\n<td>0 $<\/p>\n<p>(affich\u00e9 pour maximum 6 mois,<\/p>\n<p>sans frais supppl\u00e9mentaires)<\/td>\n<\/tr>\n<tr>\n<td>Tous les autres postes<\/td>\n<td>150 $<\/td>\n<td>75 $ par mois<\/td>\n<\/tr>\n<tr>\n<td>Commercial (annonces de produits)<\/td>\n<td>805 $<\/td>\n<td>805 $ par mois<\/td>\n<\/tr>\n<\/tbody>\n<\/table>\n<p>Postes affich\u00e9s en fran\u00e7ais et en anglais<\/p>\n<table>\n<tbody>\n<tr>\n<th>Type de poste<\/th>\n<th>Co\u00fbt pour 1er mois<\/th>\n<th>Co\u00fbt pour mois suppl\u00e9mentaires<\/th>\n<\/tr>\n<tr>\n<td>Postes vacants 1er cycle\/cycles sup\u00e9rieurs<\/p>\n<p>(postes pour \u00e9tudiants pendant leurs \u00e9tudes)<\/td>\n<td>90 $<\/td>\n<td>0 $<\/p>\n<p>(affich\u00e9 pour maximum 6 mois, sans frais supppl\u00e9mentaires)<\/td>\n<\/tr>\n<tr>\n<td>PDF\/RA<\/p>\n<p>(bourse postdoctorale, adjoint de recherche, associ\u00e9 de recherche<\/p>\n<p>et autres postes d\u00e9di\u00e9s aux personnes ayant obtenu<\/p>\n<p>leur dipl\u00f4me depuis moins de cinq ans)<\/td>\n<td>130 $<\/td>\n<td>0 $<\/p>\n<p>(affich\u00e9 pour maximum 6 mois, sans frais supppl\u00e9mentaires)<\/td>\n<\/tr>\n<tr>\n<td>Tous les autres postes<\/td>\n<td>210 $<\/td>\n<td>105 $ par mois<\/td>\n<\/tr>\n<tr>\n<td>Commercial (annonces de produits)<\/td>\n<td>805 $<\/td>\n<td>805 $ par mois<\/td>\n<\/tr>\n<\/tbody>\n<\/table>\n<p>&nbsp;<\/p>\n","protected":false},"excerpt":{"rendered":"<p>Ces taux sont valables pour 2020 (TVH\/TPS extra) ***Les publicit\u00e9s pour le web doivent \u00eatre soumises au moins 2 jours avant la date d&#8217;affichage demand\u00e9e.**** Fran\u00e7ais ou anglais seulement Type de poste Co\u00fbt pour 1er mois Co\u00fbt pour mois suppl\u00e9mentaires Postes vacants 1er cycle\/cycles sup\u00e9rieurs (postes pour \u00e9tudiants pendant leurs \u00e9tudes) 65 $ 0 $&#8230;  <a class=\"excerpt-read-more\" href=\"https:\/\/cap.ca\/fr\/activites\/careers-and-employment\/offres-demploi\/prix-publicites\/\" title=\"LirePrix pour les publicit\u00e9s\">Lire la suite &raquo;<\/a><\/p>\n","protected":false},"author":10,"featured_media":0,"parent":18547,"menu_order":80,"comment_status":"closed","ping_status":"closed","template":"","meta":{"footnotes":""},"class_list":["post-3304","page","type-page","status-publish","hentry"],"_links":{"self":[{"href":"https:\/\/cap.ca\/fr\/wp-json\/wp\/v2\/pages\/3304","targetHints":{"allow":["GET"]}}],"collection":[{"href":"https:\/\/cap.ca\/fr\/wp-json\/wp\/v2\/pages"}],"about":[{"href":"https:\/\/cap.ca\/fr\/wp-json\/wp\/v2\/types\/page"}],"author":[{"embeddable":true,"href":"https:\/\/cap.ca\/fr\/wp-json\/wp\/v2\/users\/10"}],"replies":[{"embeddable":true,"href":"https:\/\/cap.ca\/fr\/wp-json\/wp\/v2\/comments?post=3304"}],"version-history":[{"count":7,"href":"https:\/\/cap.ca\/fr\/wp-json\/wp\/v2\/pages\/3304\/revisions"}],"predecessor-version":[{"id":15315,"href":"https:\/\/cap.ca\/fr\/wp-json\/wp\/v2\/pages\/3304\/revisions\/15315"}],"up":[{"embeddable":true,"href":"https:\/\/cap.ca\/fr\/wp-json\/wp\/v2\/pages\/18547"}],"wp:attachment":[{"href":"https:\/\/cap.ca\/fr\/wp-json\/wp\/v2\/media?parent=3304"}],"curies":[{"name":"wp","href":"https:\/\/api.w.org\/{rel}","templated":true}]}}