{"id":3303,"date":"2017-03-09T15:21:20","date_gmt":"2017-03-09T20:21:20","guid":{"rendered":"http:\/\/caph-02.eproofs.ca\/soumettre-publicite-pour-site-web\/"},"modified":"2021-12-09T11:40:19","modified_gmt":"2021-12-09T16:40:19","slug":"soumettre-publicite-pour-site-web","status":"publish","type":"page","link":"https:\/\/cap.ca\/fr\/activites\/careers-and-employment\/offres-demploi\/soumettre-publicite-pour-site-web\/","title":{"rendered":"Soumettre une publicit\u00e9 pour le site web"},"content":{"rendered":"<blockquote><p>REMARQUE : Notre syst\u00e8me actuel de site Web est en cours de mise \u00e0 niveau. Veuillez remplir et soumettre le formulaire ci-dessous pour les annonces sur le Web.<\/p><\/blockquote>\n<p>Nous appr\u00e9cions l&#8217;int\u00e9r\u00eat que vous portez \u00e0 la publication d&#8217;une annonce sur le site Web du ACP. Vous pouvez soumettre des annonces dans une seule langue, ou dans les deux langues officielles. Notre processus de demande en ligne vous permet de d\u00e9finir exactement quand vous voulez que l&#8217;annonce commence \u00e0 appara\u00eetre sur notre site Web, et quand vous voulez qu&#8217;elle soit retir\u00e9e.<\/p>\n<p>La p\u00e9riode minimale facturable est d&#8217;un mois (la publicit\u00e9 dans PaC inclut deux mois sur le web). Veuillez noter que nous demandons que toutes les annonces soient soumises en format PDF.<\/p>\n<p>Pour toute question ou pr\u00e9occupation concernant votre annonce et\/ou le site web, veuillez contacter Brooklyn \u00e0 <a href=\"mailto:communications@cap.ca\">communications@cap.ca<\/a>. Pour toute question concernant votre compte ou la facturation, veuillez contacter Paola \u00e0 <a href=\"mailto:membership@cap.ca\">membership@cap.ca<\/a>.<\/p>\n<p>&nbsp;<\/p>\n<h3><span style=\"font-size: 14pt;\">Cat\u00e9gories d&#8217;emploi :<\/span><\/h3>\n<p><strong>Ouverture aux \u00e9tudiants de premier cycle ou dipl\u00f4m\u00e9s<\/strong><br \/>\nPostes pour les \u00e9tudiants pendant qu&#8217;ils sont \u00e9tudiants de premier cycle ou dipl\u00f4m\u00e9s<\/p>\n<p><strong>Post-doctorales<\/strong><br \/>\nPostes destin\u00e9s \u00e0 des personnes dans un d\u00e9lai de 1 \u00e0 4 ans apr\u00e8s l&#8217;obtention de leur dipl\u00f4me, g\u00e9n\u00e9ralement sous le mentorat d&#8217;un chercheur exp\u00e9riment\u00e9.<\/p>\n<p><strong>Assistant\/associ\u00e9 de recherche<\/strong><br \/>\nPostes destin\u00e9s \u00e0 des personnes ayant entre 1 et 4 ans d&#8217;anciennet\u00e9, dans le but d&#8217;aider \u00e0 la recherche.<\/p>\n<p><strong>D\u00e9but de carri\u00e8re<\/strong><br \/>\nPostes destin\u00e9s \u00e0 des personnes ayant obtenu leur dipl\u00f4me dans un d\u00e9lai de 1 \u00e0 4 ans et n&#8217;entrant pas dans les deux cat\u00e9gories pr\u00e9c\u00e9dentes.<\/p>\n<p><strong>Facult\u00e9<\/strong><br \/>\nPostes au sein d&#8217;un \u00e9tablissement universitaire, tels que des postes d&#8217;enseignant, de doyen, etc.<\/p>\n<p><strong>Autre<\/strong><br \/>\nTout autre poste qui n&#8217;entre pas dans l&#8217;une des cat\u00e9gories pr\u00e9c\u00e9dentes ; cela s&#8217;applique g\u00e9n\u00e9ralement aux institutions priv\u00e9es avec des postes qui ne sont pas destin\u00e9s aux bourses, \u00e0 l&#8217;aide \u00e0 la recherche ou au d\u00e9but de carri\u00e8re.<\/p>\n<p>&nbsp;<\/p>\n<h3><span style=\"font-size: 14pt;\">Diff\u00e9rence entre les affichages unilingues et bilingues :\u00a0<\/span><\/h3>\n<p><strong>En choisissant de soumettre une annonce unilingue,<\/strong> vous souhaitez que votre annonce soit publi\u00e9e dans une seule de nos langues officielles &#8211; le fran\u00e7ais ou l&#8217;anglais. Cela s&#8217;applique au titre de l&#8217;annonce, \u00e0 sa description et au fichier PDF joint.<\/p>\n<p><strong>En choisissant de soumettre une annonce bilingue,<\/strong> vous souhaitez que votre annonce soit publi\u00e9e dans nos deux langues officielles &#8211; le fran\u00e7ais et l&#8217;anglais. Cela signifie que le titre de l&#8217;annonce, la description et le fichier PDF joint sont affich\u00e9s dans les deux langues.<\/p>\n<p>Ces options ne s&#8217;appliquent qu&#8217;\u00e0 la fa\u00e7on dont votre annonce appara\u00eetra sur le tableau d&#8217;affichage des offres d&#8217;emploi de ACP.<br \/>\nLes exigences linguistiques du poste en question ne devraient pas influencer votre choix.<\/p>\n<p>&nbsp;<\/p>\n<h3><span style=\"font-size: 14pt;\">Remarques :<\/span><\/h3>\n<ul class=\"content-list\">\n<li>Les annonces doivent \u00eatre soumises au moins 3 jours ouvrables avant la date de publication souhait\u00e9e.<\/li>\n<li>Une facture sera envoy\u00e9e \u00e0 l&#8217;adresse \u00e9lectronique fournie dans votre formulaire de soumission.<\/li>\n<li>Les annonces seront publi\u00e9es gratuitement pendant un maximum de 5 jours ouvrables avant la r\u00e9ception du paiement, apr\u00e8s quoi votre annonce sera retir\u00e9e jusqu&#8217;\u00e0 la r\u00e9ception du paiement.<\/li>\n<li>Pour toute question relative \u00e0 la facturation, vous pouvez contacter Paola \u00e0 l&#8217;adresse <a href=\"mailto:membership@cap.ca\">membership@cap.ca<\/a><\/li>\n<li>Vous pouvez consulter le prix des annonces sur le <a href=\"https:\/\/cap.ca\/fr\/activites\/careers-and-employment\/possibilites-demploi\/prix-publicites\/\">Web ici.<\/a><\/li>\n<li>Veuillez envoyer un courriel \u00e0 Brooklyn \u00e0 <a href=\"mailto:communications@cap.ca\">communications@cap.ca<\/a> si votre poste est pourvu avant la date d&#8217;expiration de votre annonce<\/li>\n<\/ul>\n<hr \/>\n<p>&nbsp;<\/p>\n<p style=\"text-align: center;\"><strong><a href=\"https:\/\/cap.ca\/programs\/careers-and-employment\/jobs\/submit-web-advertisement\/single-language-web-advertisement-submission-form\/\">SOUMETTRE UNE ANNONCE D&#8217;EMPLOI UNILINGUE ICI<\/a><\/strong><\/p>\n<p style=\"text-align: center;\"><strong><a href=\"https:\/\/cap.ca\/programs\/careers-and-employment\/jobs\/submit-web-advertisement\/bilingual-web-advertisement-submission-form\/\">SOUMETTRE UNE ANNONCE D&#8217;EMPLOI BILINGUE ICI\u00a0<\/a><\/strong><\/p>\n<p>&nbsp;<\/p>\n<hr \/>\n<p>&nbsp;<\/p>\n<h3><span style=\"font-size: 14pt;\"><strong>Services sp\u00e9ciaux<\/strong><\/span><\/h3>\n<ul class=\"content-list\">\n<li>La publication d&#8217;une annonce dans le journal de l&#8217;Association canadienne des physiciens et physiciennes, appel\u00e9 Physique au Canada (PaC), comprend l&#8217;affichage de votre annonce sur notre service de liste d&#8217;emplois pour une p\u00e9riode de 2 mois (12 mois pour un contrat d&#8217;un an). (<a href=\"https:\/\/cap.ca\/fr\/publications\/physique-au-canada\/publicite-pac\/tarifs-publicitaires\/\">Voir la tarification de PaC<\/a>.)<\/li>\n<li>Le PaC offre \u00e9galement le service d&#8217;envoi, par courriel, d&#8217;une copie de votre annonce \u00e0 toutes les personnes figurant dans le R\u00e9pertoire des femmes physiciennes. Le co\u00fbt de ce service est de 35.<\/li>\n<\/ul>\n","protected":false},"excerpt":{"rendered":"<p>REMARQUE : Notre syst\u00e8me actuel de site Web est en cours de mise \u00e0 niveau. Veuillez remplir et soumettre le formulaire ci-dessous pour les annonces sur le Web. Nous appr\u00e9cions l&#8217;int\u00e9r\u00eat que vous portez \u00e0 la publication d&#8217;une annonce sur le site Web du ACP. Vous pouvez soumettre des annonces dans une seule langue, ou&#8230;  <a class=\"excerpt-read-more\" href=\"https:\/\/cap.ca\/fr\/activites\/careers-and-employment\/offres-demploi\/soumettre-publicite-pour-site-web\/\" title=\"LireSoumettre une publicit\u00e9 pour le site web\">Lire la suite &raquo;<\/a><\/p>\n","protected":false},"author":10,"featured_media":0,"parent":18547,"menu_order":82,"comment_status":"closed","ping_status":"closed","template":"","meta":{"footnotes":""},"class_list":["post-3303","page","type-page","status-publish","hentry"],"_links":{"self":[{"href":"https:\/\/cap.ca\/fr\/wp-json\/wp\/v2\/pages\/3303","targetHints":{"allow":["GET"]}}],"collection":[{"href":"https:\/\/cap.ca\/fr\/wp-json\/wp\/v2\/pages"}],"about":[{"href":"https:\/\/cap.ca\/fr\/wp-json\/wp\/v2\/types\/page"}],"author":[{"embeddable":true,"href":"https:\/\/cap.ca\/fr\/wp-json\/wp\/v2\/users\/10"}],"replies":[{"embeddable":true,"href":"https:\/\/cap.ca\/fr\/wp-json\/wp\/v2\/comments?post=3303"}],"version-history":[{"count":11,"href":"https:\/\/cap.ca\/fr\/wp-json\/wp\/v2\/pages\/3303\/revisions"}],"predecessor-version":[{"id":19275,"href":"https:\/\/cap.ca\/fr\/wp-json\/wp\/v2\/pages\/3303\/revisions\/19275"}],"up":[{"embeddable":true,"href":"https:\/\/cap.ca\/fr\/wp-json\/wp\/v2\/pages\/18547"}],"wp:attachment":[{"href":"https:\/\/cap.ca\/fr\/wp-json\/wp\/v2\/media?parent=3303"}],"curies":[{"name":"wp","href":"https:\/\/api.w.org\/{rel}","templated":true}]}}