{"id":3300,"date":"2017-03-09T15:21:10","date_gmt":"2017-03-09T20:21:10","guid":{"rendered":"http:\/\/caph-02.eproofs.ca\/ressources-etudiants-universitaires\/"},"modified":"2025-08-29T13:29:51","modified_gmt":"2025-08-29T17:29:51","slug":"ressources-etudiants-universitaires","status":"publish","type":"page","link":"https:\/\/cap.ca\/fr\/activites\/ressources-etudiants-universitaires\/","title":{"rendered":"Ressources pour les \u00e9tudiants universitaires en physique"},"content":{"rendered":"<p>L&#8217;ACP fournit un \u00e9ventail de ressources pour les \u00e9tudiants universitaires afin de leur permettre de trouver un programme de premier cycle ou de cycles sup\u00e9rieurs, d&#8217;appuyer leurs \u00e9tudes et leurs recherches et de s&#8217;y retrouver sur le march\u00e9 de l&#8217;emploi une fois dipl\u00f4m\u00e9s.<\/p>\n<p><a href=\"https:\/\/cap.ca\/fr\/adhesion\/etudiant-premier-cycle-affilie\/\">Les \u00e9tudiants de premier cycle sont invit\u00e9s \u00e0 adh\u00e9rer sans frais \u00e0 l&#8217;ACP \u00e0 titre de membres affili\u00e9s<\/a>. <a href=\"https:\/\/cap.ca\/fr\/adhesion\/etudiant-diplome-membre\/\">Les \u00e9tudiants de cycles sup\u00e9rieurs peuvent jouir des avantages des membres<\/a> titulaires \u00e0 un taux beaucoup moindre.<\/p>\n<p>Bon nombre de ces activit\u00e9s importantes sont financ\u00e9es par les dons \u00e0 la <a href=\"https:\/\/cap.ca\/fr\/facp\/\">Fondation de l&#8217;ACP<\/a>, son organisme caritatif, et par d&#8217;autres fonds venant des collectes cibl\u00e9es que m\u00e8ne l&#8217;ACP pour les projets sp\u00e9ciaux.<\/p>\n<p><strong>Veuillez cliquer sur les liens qui suivent pour un compl\u00e9ment d&#8217;information sur les sujets suivants :<\/strong><\/p>\n<ul class=\"content-list\">\n<li><a href=\"https:\/\/sac.cap.ca\">Conseil \u00e9tudiant de l\u2019ACP<\/a><\/li>\n<li><a href=\"https:\/\/cap.ca\/fr\/facp\/bourses\/\">Bourses \u00e9tudiant(e)s<\/a><\/li>\n<li>Programmes de cycles sup\u00e9rieurs au Canada\u00a0 (lien \u00e0 venir)<\/li>\n<li><a href=\"http:\/\/dunlap.utoronto.ca\/summer-school\">\u00c9cole d&#8217;\u00e9t\u00e9 Institut Dunlap 2018<\/a><\/li>\n<li><a href=\"https:\/\/cap.ca\/programs\/careers-and-employment\/\"><u>Carri\u00e8res en physique<\/u><\/a><\/li>\n<li><a href=\"\/fr\/activites\/ressources-etudiants-universitaires\/possibilites-demplois\">Possibilit\u00e9s d&#8217;emploi<\/a><\/li>\n<li><a href=\"https:\/\/pic-pac.cap.ca\/?lang=fr-ca\" target=\"_blank\" rel=\"noopener noreferrer\"><em>La Physique au Canada<\/em><\/a><\/li>\n<li><a href=\"\/fr\/activites\/tournee-de-lacp\">Tourn\u00e9e de conf\u00e9renciers de l&#8217;ACP<\/a><\/li>\n<li><a href=\"\/fr\/activites\/lart-de-physique\">Concours l&#8217;Art de la physique<\/a><\/li>\n<li><a href=\"\/fr\/activites\/certification-professionnelle-phys\">D\u00e9signation professionnelle \u00ab phys.\u00bb<\/a><\/li>\n<li><a href=\"\/fr\/activites\/medailles-bourses\/prix-etudiants\">Prix et bourses aux universitaires\/\u00e9tudiants de cycles sup\u00e9rieurs<\/a><\/li>\n<li><a href=\"https:\/\/cap.ca\/fr\/activites\/medailles-bourses\/prix-etudiants\/acp-prix-manuscrit-eleves\/\">Congres de l&#8217;ACP prix pour la meilleure communication \u00e9tudiante<\/a><\/li>\n<li><a href=\"\/fr\/congres-de-lacp\/ccep\">Conf\u00e9rence canadienne des \u00e9tudiants en physique<\/a>\u00a0(CCEP)<\/li>\n<li><a href=\"https:\/\/ccuwip.cap.ca\">Conf\u00e9rence canadienne pour les \u00e9tudiantes de premier cycle en physique<\/a>\u00a0(CCUWiP) &#8211; anglais seulement<\/li>\n<li><a href=\"\/fr\/congres-de-lacp\/camf\">Conf\u00e9rence d&#8217;\u00e9tudiants dipl\u00f4m\u00e9s en physique Canada-\u00c9tats-Unis-Mexique<\/a><\/li>\n<\/ul>\n","protected":false},"excerpt":{"rendered":"<p>L&#8217;ACP fournit un \u00e9ventail de ressources pour les \u00e9tudiants universitaires afin de leur permettre de trouver un programme de premier cycle ou de cycles sup\u00e9rieurs, d&#8217;appuyer leurs \u00e9tudes et leurs recherches et de s&#8217;y retrouver sur le march\u00e9 de l&#8217;emploi une fois dipl\u00f4m\u00e9s. Les \u00e9tudiants de premier cycle sont invit\u00e9s \u00e0 adh\u00e9rer sans frais \u00e0&#8230;  <a class=\"excerpt-read-more\" href=\"https:\/\/cap.ca\/fr\/activites\/ressources-etudiants-universitaires\/\" title=\"LireRessources pour les \u00e9tudiants universitaires en physique\">Lire la suite &raquo;<\/a><\/p>\n","protected":false},"author":10,"featured_media":0,"parent":3277,"menu_order":143,"comment_status":"closed","ping_status":"closed","template":"","meta":{"footnotes":""},"class_list":["post-3300","page","type-page","status-publish","hentry"],"_links":{"self":[{"href":"https:\/\/cap.ca\/fr\/wp-json\/wp\/v2\/pages\/3300","targetHints":{"allow":["GET"]}}],"collection":[{"href":"https:\/\/cap.ca\/fr\/wp-json\/wp\/v2\/pages"}],"about":[{"href":"https:\/\/cap.ca\/fr\/wp-json\/wp\/v2\/types\/page"}],"author":[{"embeddable":true,"href":"https:\/\/cap.ca\/fr\/wp-json\/wp\/v2\/users\/10"}],"replies":[{"embeddable":true,"href":"https:\/\/cap.ca\/fr\/wp-json\/wp\/v2\/comments?post=3300"}],"version-history":[{"count":16,"href":"https:\/\/cap.ca\/fr\/wp-json\/wp\/v2\/pages\/3300\/revisions"}],"predecessor-version":[{"id":27688,"href":"https:\/\/cap.ca\/fr\/wp-json\/wp\/v2\/pages\/3300\/revisions\/27688"}],"up":[{"embeddable":true,"href":"https:\/\/cap.ca\/fr\/wp-json\/wp\/v2\/pages\/3277"}],"wp:attachment":[{"href":"https:\/\/cap.ca\/fr\/wp-json\/wp\/v2\/media?parent=3300"}],"curies":[{"name":"wp","href":"https:\/\/api.w.org\/{rel}","templated":true}]}}