{"id":3299,"date":"2017-03-09T15:21:07","date_gmt":"2017-03-09T20:21:07","guid":{"rendered":"http:\/\/caph-02.eproofs.ca\/ressources-etudiants-secondaire-parents\/"},"modified":"2021-12-06T10:43:21","modified_gmt":"2021-12-06T15:43:21","slug":"ressources-etudiants-secondaire-parents","status":"publish","type":"page","link":"https:\/\/cap.ca\/fr\/activites\/ressources-etudiants-secondaire-parents\/","title":{"rendered":"Ressources pour les \u00e9tudiants du secondaire et les parents"},"content":{"rendered":"<p>L&#8217;amour de la science et l&#8217;\u00e9merveillement de la physique commencent t\u00f4t dans la vie. L&#8217;ACP encourage les \u00e9tudiants du secondaire et les parents \u00e0 explorer les incidences de la physique sur notre monde, les possibilit\u00e9s qu&#8217;ouvrent des \u00e9tudes en physique et les programmes qu&#8217;offre l&#8217;ACP pour aider les \u00e9tudiants du secondaire\/c\u00e9gep dans leurs \u00e9tudes actuelles et futures.<\/p>\n<p>Veuillez cliquer sur les liens qui suivent pour un compl\u00e9ment d&#8217;information sur les sujets suivants :<\/p>\n<ul class=\"content-list\">\n<li><a href=\"https:\/\/careers.cap.ca\/careers.html\"><u>Carri\u00e8res en physique<\/u><\/a><\/li>\n<li><a href=\"https:\/\/cap.ca\/fr\/activites\/ressources-enseignants-physique\/outreachf\"><u>Ressources en enseignement\/apprentissage pour les \u00e9tudes en physique<\/u><\/a><\/li>\n<li><a href=\"https:\/\/pic-pac.cap.ca\/?lang=fr-ca\" target=\"_blank\" rel=\"noopener noreferrer\"><span style=\"text-decoration: underline;\"><em>La Physique au Canada<\/em><\/span><\/a><\/li>\n<li><u><a href=\"https:\/\/cap.ca\/fr\/activites\/medailles-bourses\/prix-etudiants\/prix-secondaire-du-collrgial\">Prix aux \u00e9tudiants du secondaire\/c\u00e9gep<\/a><\/u><\/li>\n<li><u><\/u><a href=\"https:\/\/cap.ca\/fr\/activites\/lart-de-physique\"><u>Concours l&#8217;Art de la physique<\/u><\/a><\/li>\n<\/ul>\n<h2>Affiche \u00ab Trouve le\/la physicien(ne) \u00bb : (t\u00e9l\u00e9chargeable)<\/h2>\n<table style=\"width: 731px;\">\n<tbody>\n<tr>\n<td style=\"text-align: center; width: 357.85px;\"><a href=\"https:\/\/cap.ca\/wp-content\/uploads\/2019\/09\/2017CAP_Poster-2_Fr.jpg\"><img loading=\"lazy\" decoding=\"async\" class=\"alignnone wp-image-8760 size-medium\" src=\"https:\/\/cap.ca\/wp-content\/uploads\/2017\/03\/CAP_HS_Poster_2_Fr_webonly-pdf-200x300.jpg\" alt=\"\" width=\"200\" height=\"300\" \/><\/a><\/td>\n<td style=\"width: 371.15px; text-align: center;\"><\/td>\n<\/tr>\n<\/tbody>\n<\/table>\n<h2>Vid\u00e9os des physicien(ne)s parmi nous (cliquez pour jouer) :<\/h2>\n<table style=\"width: 731px;\">\n<tbody>\n<tr>\n<td style=\"width: 260px; text-align: center;\">\n<h6><a href=\"https:\/\/www.youtube.com\/watch?v=lWnfJ_RZKPY\"><img loading=\"lazy\" decoding=\"async\" class=\"wp-image-7607 aligncenter\" src=\"https:\/\/cap.ca\/wp-content\/uploads\/2017\/06\/1-Physics-video-thumbnail-for-web-e1498588554746.jpg\" alt=\"\" width=\"234\" height=\"134\" \/><\/a>Irene Vavasour, chercheuse au MRI, et Jeff Vavasour, concepteur de jeux vid\u00e9o, qui expliquent comment la physique leur a valu des carri\u00e8res enrichissantes et stimulantes (anglais seulement)<\/h6>\n<\/td>\n<td style=\"width: 223.9px;\">\n<h6 style=\"text-align: center;\"><a href=\"https:\/\/youtu.be\/mBXIR56I504\"><img loading=\"lazy\" decoding=\"async\" class=\"size-medium wp-image-8699 aligncenter\" src=\"https:\/\/cap.ca\/wp-content\/uploads\/2017\/03\/hqdefault.jpg\" alt=\"\" width=\"246\" height=\"138\" \/><\/a>Laura-Isabelle Dion-Bertrand,\u00a0 y explique ce que fait un scientifique des applications, les possibilit\u00e9s passionnantes de voyage et de collaboration que lui offre son travail, et ses exp\u00e9riences comme femme scientifique.<\/h6>\n<\/td>\n<\/tr>\n<tr>\n<td style=\"width: 260px;\">\n<h6 style=\"text-align: center;\">\u00a0<a href=\"https:\/\/www.youtube.com\/watch?v=KXQL5D9KRcc&amp;t=4s\"><img loading=\"lazy\" decoding=\"async\" class=\"wp-image-8495 aligncenter\" src=\"https:\/\/cap.ca\/wp-content\/uploads\/2017\/06\/Picture2-300x213.png\" alt=\"\" width=\"183\" height=\"127\" \/><\/a>Ken Iliadis et montre comment il applique son dipl\u00f4me en physique au travail en criminalistique dans sa carri\u00e8re d&#8217;expert en reconstitution de sc\u00e8nes de crime chez MEA Forensic Engineers and Scientists. (anglais seulement)<\/h6>\n<\/td>\n<td style=\"width: 223.9px;\">\n<h6 style=\"text-align: center;\">\u00a0<a href=\"https:\/\/youtu.be\/P--rGVOglWU\"><img loading=\"lazy\" decoding=\"async\" class=\"wp-image-8649 aligncenter\" src=\"https:\/\/cap.ca\/wp-content\/uploads\/2017\/06\/Imagen1-300x191.png\" alt=\"\" width=\"198\" height=\"120\" \/><\/a>En qualit\u00e9 de physicienne, la capacit\u00e9 de LeeAnn \u00e0 reconna\u00eetre et \u00e0 analyser les sch\u00e9mas de donn\u00e9es l&#8217;ont outill\u00e9e pour les march\u00e9s financiers et son amour de l&#8217;espace a inspir\u00e9 son expression artistique.(anglais seulement)<\/h6>\n<\/td>\n<\/tr>\n<\/tbody>\n<\/table>\n<p>&nbsp;<\/p>\n","protected":false},"excerpt":{"rendered":"<p>L&#8217;amour de la science et l&#8217;\u00e9merveillement de la physique commencent t\u00f4t dans la vie. L&#8217;ACP encourage les \u00e9tudiants du secondaire et les parents \u00e0 explorer les incidences de la physique sur notre monde, les possibilit\u00e9s qu&#8217;ouvrent des \u00e9tudes en physique et les programmes qu&#8217;offre l&#8217;ACP pour aider les \u00e9tudiants du secondaire\/c\u00e9gep dans leurs \u00e9tudes actuelles&#8230;  <a class=\"excerpt-read-more\" href=\"https:\/\/cap.ca\/fr\/activites\/ressources-etudiants-secondaire-parents\/\" title=\"LireRessources pour les \u00e9tudiants du secondaire et les parents\">Lire la suite &raquo;<\/a><\/p>\n","protected":false},"author":10,"featured_media":0,"parent":3277,"menu_order":142,"comment_status":"closed","ping_status":"closed","template":"","meta":{"footnotes":""},"class_list":["post-3299","page","type-page","status-publish","hentry"],"_links":{"self":[{"href":"https:\/\/cap.ca\/fr\/wp-json\/wp\/v2\/pages\/3299","targetHints":{"allow":["GET"]}}],"collection":[{"href":"https:\/\/cap.ca\/fr\/wp-json\/wp\/v2\/pages"}],"about":[{"href":"https:\/\/cap.ca\/fr\/wp-json\/wp\/v2\/types\/page"}],"author":[{"embeddable":true,"href":"https:\/\/cap.ca\/fr\/wp-json\/wp\/v2\/users\/10"}],"replies":[{"embeddable":true,"href":"https:\/\/cap.ca\/fr\/wp-json\/wp\/v2\/comments?post=3299"}],"version-history":[{"count":14,"href":"https:\/\/cap.ca\/fr\/wp-json\/wp\/v2\/pages\/3299\/revisions"}],"predecessor-version":[{"id":19220,"href":"https:\/\/cap.ca\/fr\/wp-json\/wp\/v2\/pages\/3299\/revisions\/19220"}],"up":[{"embeddable":true,"href":"https:\/\/cap.ca\/fr\/wp-json\/wp\/v2\/pages\/3277"}],"wp:attachment":[{"href":"https:\/\/cap.ca\/fr\/wp-json\/wp\/v2\/media?parent=3299"}],"curies":[{"name":"wp","href":"https:\/\/api.w.org\/{rel}","templated":true}]}}