{"id":3294,"date":"2017-03-09T15:19:45","date_gmt":"2017-03-09T20:19:45","guid":{"rendered":"http:\/\/caph-02.eproofs.ca\/coordonnateurs-2017\/"},"modified":"2017-06-09T10:14:38","modified_gmt":"2017-06-09T14:14:38","slug":"coordonnateurs-2017","status":"publish","type":"page","link":"https:\/\/cap.ca\/fr\/tournee-2017\/coordonnateurs-2017\/","title":{"rendered":"Tourn\u00e9e de conf\u00e9renciers 2017 &#8211; Coordonnateurs"},"content":{"rendered":"<p>La tourn\u00e9e est organis\u00e9e sur une base r\u00e9gionale. Les r\u00e9gions, les coordonnateurs et les d\u00e9partements membres du l&#8217;ACP sont indiqu\u00e9s dans le tableau ci-dessous.<\/p>\n<table style=\"width: 731px;\" cellspacing=\"1\" cellpadding=\"2\">\n<tbody>\n<tr>\n<th style=\"width: 292px;\">Coordonnateurs<\/th>\n<th style=\"width: 438px;\">Universit\u00e9s participantes<\/th>\n<\/tr>\n<tr>\n<td style=\"width: 292px;\">\n<h4>National<\/h4>\n<p>Bruce Gaulin, Universit\u00e9 McMaster<\/p>\n<p>T\u00e9l: 905-525-9140, poste 24362<\/p>\n<p>Courriel:\u00a0bruce.gaulin@gmail.com<\/td>\n<td style=\"width: 438px;\">Tous les <a href=\"https:\/\/cap.ca\/fr\/adhesion\/adhesions-departementales\/repertoire-des-membres-departementaux\/\"><u>membres<\/u> <u>d\u00e9partementaux<\/u><\/a> de l&#8217;ACP. (Les d\u00e9partements qui souhaitent participer \u00e0 la tourn\u00e9e qui ne sont pas actuellement membres de l&#8217;ACP sont encourag\u00e9s \u00e0 communiquer avec le <a href=\"mailto:cap%40uottawa.ca\">bureau de l&#8217;ACP<\/a> pour une demande d&#8217;adh\u00e9sion.)<\/td>\n<\/tr>\n<tr>\n<td style=\"width: 292px;\">\n<h4>C.B. &amp; Alberta<\/h4>\n<p>Matthew Reid, Univ. of Northern BC<\/p>\n<p>T\u00e9l: 250-960-6622<\/p>\n<p>Courriel:\u00a0mreid@unbc.ca<\/td>\n<td style=\"width: 438px;\">U. Victoria, UBC, SFU, U. Northern BC, U. Fraser Valley, Okanagan College, Trinity Western U., U. Alberta, U. Calgary, U. Lethbridge, Thompson Rivers U., UBC Okanagan Campus, Kwantlen Polytechnic U.<\/td>\n<\/tr>\n<tr>\n<td style=\"width: 292px;\">\n<h4>Prairies &amp; Lakehead<\/h4>\n<p>Gap Soo Chang, Univ. de la Saskatchewan<\/p>\n<p>T\u00e9l: 306-966-2768<\/p>\n<p>Courriel:\u00a0gapsoo.chang@usask.ca<\/td>\n<td style=\"width: 438px;\">U. Saskatchewan, U. Regina, Brandon U., U. Winnipeg, U. Manitoba, Lakehead U.<\/td>\n<\/tr>\n<tr>\n<td style=\"width: 292px;\">\n<h4>Ontario \/ Sud-ouest<\/h4>\n<p>Gordon Drake, Univ. de Windsor<\/p>\n<p>T\u00e9l: 519-253-4232, poste 5041<\/p>\n<p>Courriel:\u00a0gdrake@uwindsor.ca<\/p>\n<p>Assistante: Shaun Steven<\/p>\n<p>Courriel:\u00a0shaun@uwindsor.ca<\/td>\n<td style=\"width: 438px;\">U. Windsor, U. Western Ont., U. Waterloo, Wilfrid Laurier U., U. Guelph, McMaster U., Brock U., U. Toronto, Ryerson U., York U., U. Ont. Inst. Tech., U. Toronto Mississauga<\/td>\n<\/tr>\n<tr>\n<td style=\"width: 292px;\">\n<h4>Ontario Est\/ Qu\u00e9bec (anglais)<\/h4>\n<p>Kevin Graham, Univ. Carleton<\/p>\n<p>T\u00e9l: 613-520-2600, poste 4373<\/p>\n<p>Courriel:\u00a0kevin_graham@carleton.ca<\/td>\n<td style=\"width: 438px;\">Trent U., Queen&#8217;s U., Royal Military College, U. Ottawa, Carleton U., McGill U., Concordia U., Bishop&#8217;s U. Laurentian U.<\/td>\n<\/tr>\n<tr>\n<td style=\"width: 292px;\">\n<h4>Qu\u00e9bec(fran\u00e7ais)<\/h4>\n<p>Nicolas Doiron-Leyraud, Univ. de Sherbrooke<\/p>\n<p>T\u00e9l: 819-821-8000, poste 66485<\/p>\n<p>Courriel:\u00a0nicolas.doiron-leyraud@usherbrooke.ca<\/td>\n<td style=\"width: 438px;\">Coll. Montmorency, Coll. Edouard-Montpetit, U. Montr\u00e9al, U. Sherbrooke, U. Qu\u00e9bec \u00e0 Trois-Rivi\u00e8res, U. Laval, Coll. Fr.-X. Garneau, Coll. Ahuntsic, \u00c9cole Polytechnique Montr\u00e9al, Centre matap\u00e9dien d&#8217;\u00e9tudes coll\u00e9giales<\/td>\n<\/tr>\n<tr>\n<td style=\"width: 292px;\">\n<h4>Atlantique<\/h4>\n<p>David Hornidge, Mount Allison University<\/p>\n<p>T\u00e9l: 506-364-2586<\/p>\n<p>Courriel:\u00a0dhornidg@mta.ca<\/td>\n<td style=\"width: 438px;\">U. Moncton, UNB Fredericton, U. PEI, Mt. Allison U., Acadia U., Dalhousie U., St. Mary&#8217;s U., St. Francis Xavier U., Memorial U.<\/td>\n<\/tr>\n<\/tbody>\n<\/table>\n","protected":false},"excerpt":{"rendered":"<p>La tourn\u00e9e est organis\u00e9e sur une base r\u00e9gionale. Les r\u00e9gions, les coordonnateurs et les d\u00e9partements membres du l&#8217;ACP sont indiqu\u00e9s dans le tableau ci-dessous. Coordonnateurs Universit\u00e9s participantes National Bruce Gaulin, Universit\u00e9 McMaster T\u00e9l: 905-525-9140, poste 24362 Courriel:\u00a0bruce.gaulin@gmail.com Tous les membres d\u00e9partementaux de l&#8217;ACP. (Les d\u00e9partements qui souhaitent participer \u00e0 la tourn\u00e9e qui ne sont pas&#8230;  <a class=\"excerpt-read-more\" href=\"https:\/\/cap.ca\/fr\/tournee-2017\/coordonnateurs-2017\/\" title=\"LireTourn\u00e9e de conf\u00e9renciers 2017 &#8211; Coordonnateurs\">Lire la suite &raquo;<\/a><\/p>\n","protected":false},"author":10,"featured_media":0,"parent":3293,"menu_order":555,"comment_status":"closed","ping_status":"closed","template":"","meta":{"footnotes":""},"class_list":["post-3294","page","type-page","status-publish","hentry"],"_links":{"self":[{"href":"https:\/\/cap.ca\/fr\/wp-json\/wp\/v2\/pages\/3294","targetHints":{"allow":["GET"]}}],"collection":[{"href":"https:\/\/cap.ca\/fr\/wp-json\/wp\/v2\/pages"}],"about":[{"href":"https:\/\/cap.ca\/fr\/wp-json\/wp\/v2\/types\/page"}],"author":[{"embeddable":true,"href":"https:\/\/cap.ca\/fr\/wp-json\/wp\/v2\/users\/10"}],"replies":[{"embeddable":true,"href":"https:\/\/cap.ca\/fr\/wp-json\/wp\/v2\/comments?post=3294"}],"version-history":[{"count":7,"href":"https:\/\/cap.ca\/fr\/wp-json\/wp\/v2\/pages\/3294\/revisions"}],"predecessor-version":[{"id":7233,"href":"https:\/\/cap.ca\/fr\/wp-json\/wp\/v2\/pages\/3294\/revisions\/7233"}],"up":[{"embeddable":true,"href":"https:\/\/cap.ca\/fr\/wp-json\/wp\/v2\/pages\/3293"}],"wp:attachment":[{"href":"https:\/\/cap.ca\/fr\/wp-json\/wp\/v2\/media?parent=3294"}],"curies":[{"name":"wp","href":"https:\/\/api.w.org\/{rel}","templated":true}]}}