{"id":3292,"date":"2017-03-09T15:19:36","date_gmt":"2017-03-09T20:19:36","guid":{"rendered":"http:\/\/caph-02.eproofs.ca\/tournee-de-lacp\/"},"modified":"2025-12-12T11:22:25","modified_gmt":"2025-12-12T16:22:25","slug":"tournee-de-lacp","status":"publish","type":"page","link":"https:\/\/cap.ca\/fr\/activites\/tournee-de-lacp\/","title":{"rendered":"Tourn\u00e9e des conf\u00e9renciers de l&#8217;ACP"},"content":{"rendered":"<p>La tourn\u00e9e de conf\u00e9rences de l\u2019ACP est un \u00e9v\u00e9nement influent et stimulant pour les \u00e9tudiants de premier cycle des d\u00e9partements de physique \u00e0 travers le Canada. La tourn\u00e9e comprend des pr\u00e9sentations qui couvrent un large \u00e9ventail de sujets d\u2019actualit\u00e9 en physique. Il est soutenu par une g\u00e9n\u00e9reuse dotation g\u00e9r\u00e9e par la Fondation de l&#8217;ACP, ainsi que par les d\u00e9partements de physique participants. Cette activit\u00e9 consiste en conf\u00e9rences sp\u00e9ciales pr\u00e9sent\u00e9es partout dans les universit\u00e9s canadiennes, de janvier \u00e0 avril chaque ann\u00e9e.<\/p>\n<p>La tourn\u00e9e des conf\u00e9renciers a pour but de partager avec les \u00e9tudiantes et \u00e9tudiants de premier cycle l&#8217;enthousiasme engendr\u00e9 par les progr\u00e8s actuels de la physique, de promouvoir et de c\u00e9l\u00e9brer l&#8217;\u00e9tude de la physique au Canada, d&#8217;am\u00e9liorer la collaboration entre l&#8217;ACP et les d\u00e9partements de physique des universit\u00e9s canadiennes, d&#8217;accro\u00eetre la visibilit\u00e9 de l&#8217;ACP dans la communaut\u00e9 universitaire canadienne et d&#8217;inciter les \u00e9tudiants et \u00e9tudiantes \u00e0 adh\u00e9rer \u00e0 l&#8217;ACP.<\/p>\n<p>Les conf\u00e9renciers et conf\u00e9renci\u00e8res sont des membres de l\u2019ACP propos\u00e9s par la direction de leur d\u00e9partement ou par leurs coll\u00e8gues en raison de leur habilet\u00e9 exceptionnelle \u00e0 pr\u00e9senter aux \u00e9tudiants et \u00e9tudiantes de 1er cycle un volet palpitant de la physique avec enthousiasme et clart\u00e9. Chaque ann\u00e9e \u00e0 l\u2019automne, l\u2019ACP lance un appel \u00e0 candidatures et publie une liste de titres et de r\u00e9sum\u00e9s sur son site Web. Les \u00e9tudiantes et \u00e9tudiants des d\u00e9partements participants choisissent les conf\u00e9renciers et conf\u00e9renci\u00e8res qu\u2019ils souhaitent entendre. La tourn\u00e9e est organis\u00e9e sur une base r\u00e9gionale, sous la supervision d\u2019un coordonnateur national, qui rel\u00e8ve du bureau de l\u2019ACP.<\/p>\n<p><a href=\"https:\/\/cap.ca\/fr\/activites\/tournee-de-lacp\/2026-cap-lecture-tour\/\"><span style=\"color: #000000; font-family: 'Open Sans', Georgia, Cambria, 'Times New Roman', Times, serif; font-size: 25px;\">Tourn\u00e9e de conf\u00e9rences de l&#8217;ACP 2026<\/span><\/a><\/p>\n<header>\n<h2>Anciennes tourn\u00e9es de conf\u00e9rences de l&#8217;ACP<\/h2>\n<\/header>\n<p>&nbsp;<\/p>\n","protected":false},"excerpt":{"rendered":"<p>La tourn\u00e9e de conf\u00e9rences de l\u2019ACP est un \u00e9v\u00e9nement influent et stimulant pour les \u00e9tudiants de premier cycle des d\u00e9partements de physique \u00e0 travers le Canada. La tourn\u00e9e comprend des pr\u00e9sentations qui couvrent un large \u00e9ventail de sujets d\u2019actualit\u00e9 en physique. Il est soutenu par une g\u00e9n\u00e9reuse dotation g\u00e9r\u00e9e par la Fondation de l&#8217;ACP, ainsi&#8230;  <a class=\"excerpt-read-more\" href=\"https:\/\/cap.ca\/fr\/activites\/tournee-de-lacp\/\" title=\"LireTourn\u00e9e des conf\u00e9renciers de l&#8217;ACP\">Lire la suite &raquo;<\/a><\/p>\n","protected":false},"author":10,"featured_media":0,"parent":3277,"menu_order":135,"comment_status":"closed","ping_status":"closed","template":"","meta":{"footnotes":""},"class_list":["post-3292","page","type-page","status-publish","hentry"],"_links":{"self":[{"href":"https:\/\/cap.ca\/fr\/wp-json\/wp\/v2\/pages\/3292","targetHints":{"allow":["GET"]}}],"collection":[{"href":"https:\/\/cap.ca\/fr\/wp-json\/wp\/v2\/pages"}],"about":[{"href":"https:\/\/cap.ca\/fr\/wp-json\/wp\/v2\/types\/page"}],"author":[{"embeddable":true,"href":"https:\/\/cap.ca\/fr\/wp-json\/wp\/v2\/users\/10"}],"replies":[{"embeddable":true,"href":"https:\/\/cap.ca\/fr\/wp-json\/wp\/v2\/comments?post=3292"}],"version-history":[{"count":33,"href":"https:\/\/cap.ca\/fr\/wp-json\/wp\/v2\/pages\/3292\/revisions"}],"predecessor-version":[{"id":28408,"href":"https:\/\/cap.ca\/fr\/wp-json\/wp\/v2\/pages\/3292\/revisions\/28408"}],"up":[{"embeddable":true,"href":"https:\/\/cap.ca\/fr\/wp-json\/wp\/v2\/pages\/3277"}],"wp:attachment":[{"href":"https:\/\/cap.ca\/fr\/wp-json\/wp\/v2\/media?parent=3292"}],"curies":[{"name":"wp","href":"https:\/\/api.w.org\/{rel}","templated":true}]}}