{"id":3291,"date":"2017-03-09T15:19:33","date_gmt":"2017-03-09T20:19:33","guid":{"rendered":"http:\/\/caph-02.eproofs.ca\/lignes-directrices-photos\/"},"modified":"2017-03-21T14:10:26","modified_gmt":"2017-03-21T18:10:26","slug":"lignes-directrices-photos","status":"publish","type":"page","link":"https:\/\/cap.ca\/fr\/activites\/certification-professionnelle-phys\/photographies-des-licencies\/lignes-directrices-photos\/","title":{"rendered":"Lignes directrices pour les photographies des licenci\u00e9s"},"content":{"rendered":"<p>Attention licenci\u00e9s &#8211; Si vous voulez soumettre une photographie de vous pour le galerie photographique, ou rafra\u00eechir une photo qui est d\u00e9j\u00e0 l\u00e0, n&#8217;h\u00e9sitez pas \u00e0 nous faire parvenir <a href=\"mailto:capmgr%40uottawa.ca\">par courriel<\/a> une photo r\u00e9cente.<\/p>\n<h2>Conseils Pour Optimiser La Qualit\u00e9 Des Photos<\/h2>\n<p>Il n&#8217;est pas n\u00e9cessaire que votre photo ressemble ici \u00e0 celle de votre permis de conduire ! Si vous suivez ces conseils, nous serons en mesure de pr\u00e9senter une photographie claire et nette :<\/p>\n<ul class=\"content-list\">\n<li>Assurez-vous que la photo soit suffisamment <strong>grande<\/strong>.\n<ul class=\"content-list\">\n<li>De pr\u00e9f\u00e9rence, 640 X 480 pixels ou <strong>davantage<\/strong>.<\/li>\n<li>La r\u00e9solution ne doit pas exc\u00e9der 72 dpi ! Oui, c&#8217;est le contraire de ce qu&#8217;on demande pour l&#8217;impression d&#8217;une photo, o\u00f9 un plus grand dpi est meilleur.<\/li>\n<\/ul>\n<\/li>\n<li>JPG est le format pr\u00e9f\u00e9r\u00e9, avec couleur en format RGB. \u00c9vitez GIF si possible (GIF ne supporte que 256 couleurs).<\/li>\n<li>Assurez-vous <strong>qu&#8217;aucune partie<\/strong> de votre visage ne soit cach\u00e9e dans la photo.<\/li>\n<li>Pour de meilleurs r\u00e9sultats, la lumi\u00e8re doit \u00e9clairer votre visage, plut\u00f4t que venir de l&#8217;arri\u00e8re.<\/li>\n<\/ul>\n","protected":false},"excerpt":{"rendered":"<p>Attention licenci\u00e9s &#8211; Si vous voulez soumettre une photographie de vous pour le galerie photographique, ou rafra\u00eechir une photo qui est d\u00e9j\u00e0 l\u00e0, n&#8217;h\u00e9sitez pas \u00e0 nous faire parvenir par courriel une photo r\u00e9cente. Conseils Pour Optimiser La Qualit\u00e9 Des Photos Il n&#8217;est pas n\u00e9cessaire que votre photo ressemble ici \u00e0 celle de votre permis&#8230;  <a class=\"excerpt-read-more\" href=\"https:\/\/cap.ca\/fr\/activites\/certification-professionnelle-phys\/photographies-des-licencies\/lignes-directrices-photos\/\" title=\"LireLignes directrices pour les photographies des licenci\u00e9s\">Lire la suite &raquo;<\/a><\/p>\n","protected":false},"author":10,"featured_media":0,"parent":3290,"menu_order":4076,"comment_status":"open","ping_status":"closed","template":"","meta":{"footnotes":""},"class_list":["post-3291","page","type-page","status-publish","hentry"],"_links":{"self":[{"href":"https:\/\/cap.ca\/fr\/wp-json\/wp\/v2\/pages\/3291","targetHints":{"allow":["GET"]}}],"collection":[{"href":"https:\/\/cap.ca\/fr\/wp-json\/wp\/v2\/pages"}],"about":[{"href":"https:\/\/cap.ca\/fr\/wp-json\/wp\/v2\/types\/page"}],"author":[{"embeddable":true,"href":"https:\/\/cap.ca\/fr\/wp-json\/wp\/v2\/users\/10"}],"replies":[{"embeddable":true,"href":"https:\/\/cap.ca\/fr\/wp-json\/wp\/v2\/comments?post=3291"}],"version-history":[{"count":2,"href":"https:\/\/cap.ca\/fr\/wp-json\/wp\/v2\/pages\/3291\/revisions"}],"predecessor-version":[{"id":5696,"href":"https:\/\/cap.ca\/fr\/wp-json\/wp\/v2\/pages\/3291\/revisions\/5696"}],"up":[{"embeddable":true,"href":"https:\/\/cap.ca\/fr\/wp-json\/wp\/v2\/pages\/3290"}],"wp:attachment":[{"href":"https:\/\/cap.ca\/fr\/wp-json\/wp\/v2\/media?parent=3291"}],"curies":[{"name":"wp","href":"https:\/\/api.w.org\/{rel}","templated":true}]}}