{"id":3290,"date":"2017-03-09T15:19:29","date_gmt":"2017-03-09T20:19:29","guid":{"rendered":"http:\/\/caph-02.eproofs.ca\/photographies-des-licencies\/"},"modified":"2017-03-26T12:02:39","modified_gmt":"2017-03-26T16:02:39","slug":"photographies-des-licencies","status":"publish","type":"page","link":"https:\/\/cap.ca\/fr\/activites\/certification-professionnelle-phys\/photographies-des-licencies\/","title":{"rendered":"Licenci\u00e9s"},"content":{"rendered":"<p>L&#8217;ACP a officiellement lanc\u00e9 son programme de certification professionnelle pour physiciens et physiciennes \u00e0 son congr\u00e8s de 1999. Depuis, le Comit\u00e9 de certification professionnelle n&#8217;a pas cess\u00e9 de travailler. Il a trait\u00e9 les demandes provenant des membres int\u00e9ress\u00e9s, revu et am\u00e9lior\u00e9 le processus relatif \u00e0 la certification professionnelle, en plus de d\u00e9velopper l&#8217;examen d&#8217;exercice professionnel.<\/p>\n<p>Vous pouvez voir une galerie photographique des licenci\u00e9s en <a href=\"https:\/\/cap.ca\/fr\/activites\/certification-professionnelle-phys\/photographies-des-licencies\/licencies\/\">cliquant sur le lien ici<\/a>.<\/p>\n","protected":false},"excerpt":{"rendered":"<p>L&#8217;ACP a officiellement lanc\u00e9 son programme de certification professionnelle pour physiciens et physiciennes \u00e0 son congr\u00e8s de 1999. Depuis, le Comit\u00e9 de certification professionnelle n&#8217;a pas cess\u00e9 de travailler. Il a trait\u00e9 les demandes provenant des membres int\u00e9ress\u00e9s, revu et am\u00e9lior\u00e9 le processus relatif \u00e0 la certification professionnelle, en plus de d\u00e9velopper l&#8217;examen d&#8217;exercice professionnel&#8230;.  <a class=\"excerpt-read-more\" href=\"https:\/\/cap.ca\/fr\/activites\/certification-professionnelle-phys\/photographies-des-licencies\/\" title=\"LireLicenci\u00e9s\">Lire la suite &raquo;<\/a><\/p>\n","protected":false},"author":10,"featured_media":0,"parent":3278,"menu_order":4075,"comment_status":"closed","ping_status":"closed","template":"","meta":{"footnotes":""},"class_list":["post-3290","page","type-page","status-publish","hentry"],"_links":{"self":[{"href":"https:\/\/cap.ca\/fr\/wp-json\/wp\/v2\/pages\/3290","targetHints":{"allow":["GET"]}}],"collection":[{"href":"https:\/\/cap.ca\/fr\/wp-json\/wp\/v2\/pages"}],"about":[{"href":"https:\/\/cap.ca\/fr\/wp-json\/wp\/v2\/types\/page"}],"author":[{"embeddable":true,"href":"https:\/\/cap.ca\/fr\/wp-json\/wp\/v2\/users\/10"}],"replies":[{"embeddable":true,"href":"https:\/\/cap.ca\/fr\/wp-json\/wp\/v2\/comments?post=3290"}],"version-history":[{"count":2,"href":"https:\/\/cap.ca\/fr\/wp-json\/wp\/v2\/pages\/3290\/revisions"}],"predecessor-version":[{"id":6409,"href":"https:\/\/cap.ca\/fr\/wp-json\/wp\/v2\/pages\/3290\/revisions\/6409"}],"up":[{"embeddable":true,"href":"https:\/\/cap.ca\/fr\/wp-json\/wp\/v2\/pages\/3278"}],"wp:attachment":[{"href":"https:\/\/cap.ca\/fr\/wp-json\/wp\/v2\/media?parent=3290"}],"curies":[{"name":"wp","href":"https:\/\/api.w.org\/{rel}","templated":true}]}}