{"id":3288,"date":"2017-03-09T15:19:22","date_gmt":"2017-03-09T20:19:22","guid":{"rendered":"http:\/\/caph-02.eproofs.ca\/processus-d-appel\/"},"modified":"2017-03-09T15:19:22","modified_gmt":"2017-03-09T20:19:22","slug":"processus-d-appel","status":"publish","type":"page","link":"https:\/\/cap.ca\/fr\/activites\/certification-professionnelle-phys\/processus-d-appel\/","title":{"rendered":"Processus d&#8217;appel"},"content":{"rendered":"<p>Si votre demande de certification (ou d&#8217;exemption \u00e0 l&#8217;EEP) est rejet\u00e9e, l&#8217;ACP vous fera parvenir un avis \u00e9crit portant sur la d\u00e9cision et la ou les raisons du rejet de votre demande. Vous avez le droit d&#8217;interjeter appel de la d\u00e9cision dans les quatre-vingt-dix (90) jours suivant l&#8217;envoi de la d\u00e9cision. Un comit\u00e9 d&#8217;appel des demandes de certification de l&#8217;ACP (pr\u00e9sid\u00e9 par un directeur de l&#8217;ACP ou par un membre du conseil ex\u00e9cutif de l&#8217;ACP) examinera votre demande et pourrait vous demander de fournir des renseignements suppl\u00e9mentaires ou de pr\u00e9senter des d\u00e9clarations orales ou \u00e9crites. La d\u00e9cision du comit\u00e9 est finale.<\/p>\n<p>Lorsqu&#8217;il y a interjection d&#8217;appel \u00e0 la suite de la r\u00e9vocation d&#8217;une license, un comit\u00e9 d&#8217;appel des suspensions et r\u00e9vocations (CASR) constitu\u00e9 de fa\u00e7on ind\u00e9pendante \u00e9tudiera la d\u00e9cision du comit\u00e9 et pourrait demander au licenci\u00e9 de fournir davantage de renseignements ou de pr\u00e9senter des d\u00e9clarations orales ou \u00e9crites. La d\u00e9cision du CASR est finale.<\/p>\n","protected":false},"excerpt":{"rendered":"<p>Si votre demande de certification (ou d&#8217;exemption \u00e0 l&#8217;EEP) est rejet\u00e9e, l&#8217;ACP vous fera parvenir un avis \u00e9crit portant sur la d\u00e9cision et la ou les raisons du rejet de votre demande. Vous avez le droit d&#8217;interjeter appel de la d\u00e9cision dans les quatre-vingt-dix (90) jours suivant l&#8217;envoi de la d\u00e9cision. Un comit\u00e9 d&#8217;appel des&#8230;  <a class=\"excerpt-read-more\" href=\"https:\/\/cap.ca\/fr\/activites\/certification-professionnelle-phys\/processus-d-appel\/\" title=\"LireProcessus d&#8217;appel\">Lire la suite &raquo;<\/a><\/p>\n","protected":false},"author":10,"featured_media":0,"parent":3278,"menu_order":536,"comment_status":"open","ping_status":"open","template":"","meta":{"footnotes":""},"class_list":["post-3288","page","type-page","status-publish","hentry"],"_links":{"self":[{"href":"https:\/\/cap.ca\/fr\/wp-json\/wp\/v2\/pages\/3288","targetHints":{"allow":["GET"]}}],"collection":[{"href":"https:\/\/cap.ca\/fr\/wp-json\/wp\/v2\/pages"}],"about":[{"href":"https:\/\/cap.ca\/fr\/wp-json\/wp\/v2\/types\/page"}],"author":[{"embeddable":true,"href":"https:\/\/cap.ca\/fr\/wp-json\/wp\/v2\/users\/10"}],"replies":[{"embeddable":true,"href":"https:\/\/cap.ca\/fr\/wp-json\/wp\/v2\/comments?post=3288"}],"version-history":[{"count":1,"href":"https:\/\/cap.ca\/fr\/wp-json\/wp\/v2\/pages\/3288\/revisions"}],"predecessor-version":[{"id":3615,"href":"https:\/\/cap.ca\/fr\/wp-json\/wp\/v2\/pages\/3288\/revisions\/3615"}],"up":[{"embeddable":true,"href":"https:\/\/cap.ca\/fr\/wp-json\/wp\/v2\/pages\/3278"}],"wp:attachment":[{"href":"https:\/\/cap.ca\/fr\/wp-json\/wp\/v2\/media?parent=3288"}],"curies":[{"name":"wp","href":"https:\/\/api.w.org\/{rel}","templated":true}]}}