{"id":3287,"date":"2017-03-09T15:19:18","date_gmt":"2017-03-09T20:19:18","guid":{"rendered":"http:\/\/caph-02.eproofs.ca\/validite\/"},"modified":"2020-12-30T19:11:50","modified_gmt":"2020-12-31T00:11:50","slug":"validite","status":"publish","type":"page","link":"https:\/\/cap.ca\/fr\/activites\/certification-professionnelle-phys\/validite\/","title":{"rendered":"Validit\u00e9 de la licence"},"content":{"rendered":"<p>La licence d&#8217;utilisation de la d\u00e9signation est valide pour une p\u00e9riode de cinq ans, pourvu que vous demeuriez un membre en bonne et due forme de l&#8217;ACP et que vous payiez vos frais annuels de certification.<\/p>\n<p>Une recertification est obligatoire apr\u00e8s cinq ans. Trois mois avant la date d&#8217;expiration de la certification, vous devrez fournir \u00e0 l&#8217;ACP une preuve que vous d\u00e9tenez toujours un emploi reli\u00e9 \u00e0 la physique ou une exp\u00e9rience \u00e9quivalente.<\/p>\n<h2>Processus<\/h2>\n<p>Pour la recertification, vous devrez soumettre une demande de recertification (t\u00e9l\u00e9chargez le formulaire <a href=\"https:\/\/cap.ca\/wp-content\/uploads\/2020\/12\/ACP-formulaire-renouvellement-certification-phys-FillableFre-4.pdf\" target=\"_blank\" rel=\"noopener noreferrer\">en format pdf<\/a>). Les formulaires remplis doivent \u00eatre envoy\u00e9s au <a href=\"mailto:capmgr%40uottawa.ca?subject=P.Phys.%20Recertification\">bureau de l&#8217;ACP par courriel<\/a> en format pdf (format pr\u00e9f\u00e9r\u00e9) ou par la poste en copie papier (ACP, 555, ave. King Edward, 3e \u00e9tage, Ottawa, Ontario, Canada, K1N 7N5).<\/p>\n<p>Le bureau acheminera votre demande au <a href=\"https:\/\/cap.ca\/fr\/propos-lacp\/comites\/comite-de-certification\/\">Comit\u00e9 de certification professionnelle<\/a> pour examen. Veuillez noter, qu&#8217;\u00e0 la demande du comit\u00e9, vous pourriez avoir \u00e0 fournir d&#8217;autres informations pendant le processus. Si la certification est allou\u00e9e par le comit\u00e9, la licence sera prolong\u00e9e pour une p\u00e9riode additionnelle de cinq ans et un certificat r\u00e9vis\u00e9 vous sera envoy\u00e9.<\/p>\n<p style=\"text-align: center;\"><a class=\"green-btn\" href=\"https:\/\/cap.ca\/wp-content\/uploads\/2020\/12\/ACP-formulaire-renouvellement-certification-phys-FillableFre-4.pdf\">T\u00e9l\u00e9charger Fichier<\/a><\/p>\n","protected":false},"excerpt":{"rendered":"<p>La licence d&#8217;utilisation de la d\u00e9signation est valide pour une p\u00e9riode de cinq ans, pourvu que vous demeuriez un membre en bonne et due forme de l&#8217;ACP et que vous payiez vos frais annuels de certification. Une recertification est obligatoire apr\u00e8s cinq ans. Trois mois avant la date d&#8217;expiration de la certification, vous devrez fournir&#8230;  <a class=\"excerpt-read-more\" href=\"https:\/\/cap.ca\/fr\/activites\/certification-professionnelle-phys\/validite\/\" title=\"LireValidit\u00e9 de la licence\">Lire la suite &raquo;<\/a><\/p>\n","protected":false},"author":10,"featured_media":0,"parent":3278,"menu_order":175,"comment_status":"closed","ping_status":"closed","template":"","meta":{"footnotes":""},"class_list":["post-3287","page","type-page","status-publish","hentry"],"_links":{"self":[{"href":"https:\/\/cap.ca\/fr\/wp-json\/wp\/v2\/pages\/3287","targetHints":{"allow":["GET"]}}],"collection":[{"href":"https:\/\/cap.ca\/fr\/wp-json\/wp\/v2\/pages"}],"about":[{"href":"https:\/\/cap.ca\/fr\/wp-json\/wp\/v2\/types\/page"}],"author":[{"embeddable":true,"href":"https:\/\/cap.ca\/fr\/wp-json\/wp\/v2\/users\/10"}],"replies":[{"embeddable":true,"href":"https:\/\/cap.ca\/fr\/wp-json\/wp\/v2\/comments?post=3287"}],"version-history":[{"count":10,"href":"https:\/\/cap.ca\/fr\/wp-json\/wp\/v2\/pages\/3287\/revisions"}],"predecessor-version":[{"id":16937,"href":"https:\/\/cap.ca\/fr\/wp-json\/wp\/v2\/pages\/3287\/revisions\/16937"}],"up":[{"embeddable":true,"href":"https:\/\/cap.ca\/fr\/wp-json\/wp\/v2\/pages\/3278"}],"wp:attachment":[{"href":"https:\/\/cap.ca\/fr\/wp-json\/wp\/v2\/media?parent=3287"}],"curies":[{"name":"wp","href":"https:\/\/api.w.org\/{rel}","templated":true}]}}