{"id":3286,"date":"2017-03-09T15:19:13","date_gmt":"2017-03-09T20:19:13","guid":{"rendered":"http:\/\/caph-02.eproofs.ca\/frais\/"},"modified":"2017-03-09T15:19:13","modified_gmt":"2017-03-09T20:19:13","slug":"frais","status":"publish","type":"page","link":"https:\/\/cap.ca\/fr\/activites\/certification-professionnelle-phys\/frais\/","title":{"rendered":"Frais de certification"},"content":{"rendered":"<ul class=\"content-list\">\n<li>Frais d&#8217;inscription de 100 $, plus taxes, qui doivent \u00eatre inclus au formulaire de demande de certification.\n    <\/li>\n<li>Frais d&#8217;examen d&#8217;exercice professionnel de 50 $, plus taxes, qui doivent \u00eatre d\u00e9bours\u00e9s lors de la pr\u00e9sentation du formulaire d&#8217;inscription \u00e0 l&#8217;examen.*\n    <\/li>\n<li>Une fois certifi\u00e9, les frais annuels seront de 20 $, plus taxes.\n    <\/li>\n<\/ul>\n<p>* Il n&#8217;y a plus de frais pour l&#8217;examen d&#8217;exercice professionnel (EEP), pourvu que le candidat le passe durant la p\u00e9riode g\u00e9n\u00e9reusement offerte par les d\u00e9partements de physique des universit\u00e9s canadiennes aux \u00e9tudiants de derni\u00e8re ann\u00e9e du baccalaur\u00e9at ou de cycles sup\u00e9rieurs. L&#8217;examen a lieu normalement autour de la troisi\u00e8me semaine de janvier.<\/p>\n<p>Les frais mentionn\u00e9s ci-dessus ne comprennent pas les taxes applicables.<\/p>\n","protected":false},"excerpt":{"rendered":"<p>Frais d&#8217;inscription de 100 $, plus taxes, qui doivent \u00eatre inclus au formulaire de demande de certification. Frais d&#8217;examen d&#8217;exercice professionnel de 50 $, plus taxes, qui doivent \u00eatre d\u00e9bours\u00e9s lors de la pr\u00e9sentation du formulaire d&#8217;inscription \u00e0 l&#8217;examen.* Une fois certifi\u00e9, les frais annuels seront de 20 $, plus taxes. * Il n&#8217;y a&#8230;  <a class=\"excerpt-read-more\" href=\"https:\/\/cap.ca\/fr\/activites\/certification-professionnelle-phys\/frais\/\" title=\"LireFrais de certification\">Lire la suite &raquo;<\/a><\/p>\n","protected":false},"author":10,"featured_media":0,"parent":3278,"menu_order":174,"comment_status":"open","ping_status":"open","template":"","meta":{"footnotes":""},"class_list":["post-3286","page","type-page","status-publish","hentry"],"_links":{"self":[{"href":"https:\/\/cap.ca\/fr\/wp-json\/wp\/v2\/pages\/3286","targetHints":{"allow":["GET"]}}],"collection":[{"href":"https:\/\/cap.ca\/fr\/wp-json\/wp\/v2\/pages"}],"about":[{"href":"https:\/\/cap.ca\/fr\/wp-json\/wp\/v2\/types\/page"}],"author":[{"embeddable":true,"href":"https:\/\/cap.ca\/fr\/wp-json\/wp\/v2\/users\/10"}],"replies":[{"embeddable":true,"href":"https:\/\/cap.ca\/fr\/wp-json\/wp\/v2\/comments?post=3286"}],"version-history":[{"count":1,"href":"https:\/\/cap.ca\/fr\/wp-json\/wp\/v2\/pages\/3286\/revisions"}],"predecessor-version":[{"id":3613,"href":"https:\/\/cap.ca\/fr\/wp-json\/wp\/v2\/pages\/3286\/revisions\/3613"}],"up":[{"embeddable":true,"href":"https:\/\/cap.ca\/fr\/wp-json\/wp\/v2\/pages\/3278"}],"wp:attachment":[{"href":"https:\/\/cap.ca\/fr\/wp-json\/wp\/v2\/media?parent=3286"}],"curies":[{"name":"wp","href":"https:\/\/api.w.org\/{rel}","templated":true}]}}