{"id":3285,"date":"2017-03-09T15:19:09","date_gmt":"2017-03-09T20:19:09","guid":{"rendered":"http:\/\/caph-02.eproofs.ca\/professional-practice-exam-ppe\/"},"modified":"2022-01-19T13:29:51","modified_gmt":"2022-01-19T18:29:51","slug":"professional-practice-exam-ppe","status":"publish","type":"page","link":"https:\/\/cap.ca\/fr\/activites\/certification-professionnelle-phys\/professional-practice-exam-ppe\/","title":{"rendered":"Examen d&#8217;exercice professionnel (EEP)"},"content":{"rendered":"<blockquote><p><strong>L&#8217;examen 2022 a \u00e9t\u00e9 report\u00e9 en raison des incertitudes de la situation actuelle concernant la pr\u00e9sence en personne.\u00a0<\/strong><\/p><\/blockquote>\n<p>L\u2019examen peut \u00eatre pass\u00e9 par les \u00e9tudiants en derni\u00e8re ann\u00e9e du premier cycle et par les \u00e9tudiants de deuxi\u00e8me ou troisi\u00e8me cycles. Ils devront soumettre une preuve d\u2019exp\u00e9rience lorsque celle-ci sera acquise. Nous recommandons aux physiciens qui pratiquent de soumettre leur dossier acad\u00e9mique et d\u2019exp\u00e9rience avant de passer l\u2019examen. Cliquez ici pour un <a href=\"https:\/\/cap.ca\/wp-content\/uploads\/2017\/03\/ppe-example-fre.pdf\" target=\"_blank\" rel=\"noopener noreferrer\">exemplaire d&#8217;examen d&#8217;exercice professionnel<\/a> (en anglais seulement).<\/p>\n<p>Il n&#8217;y a pas de frais pour l&#8217;examen d&#8217;exercice professionnel (EEP), pourvu que le candidat le passe durant la p\u00e9riode g\u00e9n\u00e9reusement offerte par les d\u00e9partements de physique des universit\u00e9s canadiennes aux \u00e9tudiants de derni\u00e8re ann\u00e9e du baccalaur\u00e9at ou de cycles sup\u00e9rieurs. L&#8217;examen a lieu normalement autour de la troisi\u00e8me semaine de janvier. Un applicant qui d\u00e9sire passer l&#8217;examen \u00e0 un autre moment de l&#8217;ann\u00e9e doit compl\u00e9ter le <a href=\"https:\/\/cap.ca\/wp-content\/uploads\/2017\/03\/ppe_application-f.pdf\">formulaire d&#8217;application pour l&#8217;EEP<\/a> (des frais sont applicables). Malgr\u00e9 les efforts de l&#8217;ACP pour r\u00e9pondre \u00e0 ces demandes, il est impossible de garantir l&#8217;examen dans un d\u00e9lai pr\u00e9d\u00e9fini.<\/p>\n<p>Note: Il existe certaines bonnes ressources qui pourraient aider un requ\u00e9rant \u00e0 se pr\u00e9parer pour l\u2019EEP. Une ressource tr\u00e8s pratique pr\u00e9par\u00e9e par l\u2019<a href=\"http:\/\/www.nas.edu\/\" target=\"_blank\" rel=\"noopener noreferrer\">American National Academy of Sciences<\/a> est intitul\u00e9e \u00abOn Being a Scientist\u00bb. La version \u00e9lectronique de ce livret (en anglais seulement) est disponible \u00e0 <a href=\"http:\/\/books.nap.edu\/html\/obas\/\" target=\"_blank\" rel=\"noopener noreferrer\">http:\/\/books.nap.edu\/html\/obas\/<\/a>. Il est possible de se procurer \u00e0 frais minimes une copie papier directement de l\u2019Academy.<\/p>\n<p>Les \u00e9tudiants devraient connaitre le <a href=\"https:\/\/cap.ca\/fr\/activites\/certification-professionnelle-phys\/code-deontologie\/\" target=\"_blank\" rel=\"noopener noreferrer\">Code de conduite et de d\u00e9ontologie de l&#8217;ACP et des licenci\u00e9s de la certification professionnelle \u00ab phys \u00bb<\/a>. De plus, il est fortement conseill\u00e9 de consulter la politique EPTC 2 et le mat\u00e9riel didacticiel disponible au <a href=\"http:\/\/www.ger.ethique.gc.ca\/fra\/index\/\">http:\/\/www.ger.ethique.gc.ca\/fra\/index\/<\/a>.<\/p>\n<p>La vid\u00e9o interactive disponible en anglais seulement au <a href=\"http:\/\/ori.hhs.gov\/thelab\">http:\/\/ori.hhs.gov\/thelab<\/a> et le livre de Francis L. Macrina intitul\u00e9 \u00ab Scientific Integrity: Text &amp; Cases in Responsible Conduct of Research \u00bb. American Society Microbiology, 2005. ISBN-10: 1555813186 pourraient aussi \u00eatre utiles.<\/p>\n","protected":false},"excerpt":{"rendered":"<p>L&#8217;examen 2022 a \u00e9t\u00e9 report\u00e9 en raison des incertitudes de la situation actuelle concernant la pr\u00e9sence en personne.\u00a0 L\u2019examen peut \u00eatre pass\u00e9 par les \u00e9tudiants en derni\u00e8re ann\u00e9e du premier cycle et par les \u00e9tudiants de deuxi\u00e8me ou troisi\u00e8me cycles. Ils devront soumettre une preuve d\u2019exp\u00e9rience lorsque celle-ci sera acquise. Nous recommandons aux physiciens qui&#8230;  <a class=\"excerpt-read-more\" href=\"https:\/\/cap.ca\/fr\/activites\/certification-professionnelle-phys\/professional-practice-exam-ppe\/\" title=\"LireExamen d&#8217;exercice professionnel (EEP)\">Lire la suite &raquo;<\/a><\/p>\n","protected":false},"author":10,"featured_media":0,"parent":3278,"menu_order":172,"comment_status":"closed","ping_status":"closed","template":"","meta":{"footnotes":""},"class_list":["post-3285","page","type-page","status-publish","hentry"],"_links":{"self":[{"href":"https:\/\/cap.ca\/fr\/wp-json\/wp\/v2\/pages\/3285","targetHints":{"allow":["GET"]}}],"collection":[{"href":"https:\/\/cap.ca\/fr\/wp-json\/wp\/v2\/pages"}],"about":[{"href":"https:\/\/cap.ca\/fr\/wp-json\/wp\/v2\/types\/page"}],"author":[{"embeddable":true,"href":"https:\/\/cap.ca\/fr\/wp-json\/wp\/v2\/users\/10"}],"replies":[{"embeddable":true,"href":"https:\/\/cap.ca\/fr\/wp-json\/wp\/v2\/comments?post=3285"}],"version-history":[{"count":8,"href":"https:\/\/cap.ca\/fr\/wp-json\/wp\/v2\/pages\/3285\/revisions"}],"predecessor-version":[{"id":19657,"href":"https:\/\/cap.ca\/fr\/wp-json\/wp\/v2\/pages\/3285\/revisions\/19657"}],"up":[{"embeddable":true,"href":"https:\/\/cap.ca\/fr\/wp-json\/wp\/v2\/pages\/3278"}],"wp:attachment":[{"href":"https:\/\/cap.ca\/fr\/wp-json\/wp\/v2\/media?parent=3285"}],"curies":[{"name":"wp","href":"https:\/\/api.w.org\/{rel}","templated":true}]}}